{"id":100,"date":"2012-01-10T08:46:22","date_gmt":"2012-01-10T07:46:22","guid":{"rendered":"http:\/\/apodocinv.zeus.umh.es\/?page_id=100"},"modified":"2026-03-30T17:04:22","modified_gmt":"2026-03-30T15:04:22","slug":"servicios-prestados","status":"publish","type":"page","link":"https:\/\/satdi.umh.es\/ca\/servicios-prestados\/","title":{"rendered":"Servicis"},"content":{"rendered":"<p>&nbsp;<\/p>\n<table class=\"custom-table-4x1\" style=\"border: 0px solid white\" width=\"882\">\n<tbody>\n<tr>\n<td style=\"text-align: center;border: 1px double white\"><a href=\"https:\/\/satdi.umh.es\/servicios-prestados\/instrumentacioncientifica\/\"><img loading=\"lazy\" class=\"alignnone wp-image-10288 size-thumbnail\" src=\"https:\/\/satdi.umh.es\/files\/2025\/10\/IC_icono-150x150.png\" alt=\"\" width=\"150\" height=\"150\" srcset=\"https:\/\/satdi.umh.es\/files\/2025\/10\/IC_icono-150x150.png 150w, https:\/\/satdi.umh.es\/files\/2025\/10\/IC_icono-300x300.png 300w, https:\/\/satdi.umh.es\/files\/2025\/10\/IC_icono.png 600w\" sizes=\"(max-width: 150px) 100vw, 150px\" \/><\/a><\/p>\n<h4><strong><a class=\"custom-button\" href=\"https:\/\/satdi.umh.es\/ca\/servicios-prestados\/instrumentacioncientifica\/\" rel=\"noopener\"><span dir=\"auto\" style=\"vertical-align: inherit\"><span dir=\"auto\" style=\"vertical-align: inherit\">SATDI-IC<\/span><\/span><\/a><\/strong><\/h4>\n<\/td>\n<td style=\"text-align: center;border: 1px double white\"><a href=\"https:\/\/satdi.umh.es\/servicios-prestados\/reparaciones\/\"><img loading=\"lazy\" class=\"alignnone wp-image-10285 size-thumbnail\" src=\"https:\/\/satdi.umh.es\/files\/2025\/10\/rapara_icono-150x150.png\" alt=\"\" width=\"150\" height=\"150\" srcset=\"https:\/\/satdi.umh.es\/files\/2025\/10\/rapara_icono-150x150.png 150w, https:\/\/satdi.umh.es\/files\/2025\/10\/rapara_icono-300x300.png 300w, https:\/\/satdi.umh.es\/files\/2025\/10\/rapara_icono.png 600w\" sizes=\"(max-width: 150px) 100vw, 150px\" \/><\/a><\/p>\n<h4><strong><a class=\"custom-button\" href=\"https:\/\/satdi.umh.es\/ca\/servicios-prestados\/reparaciones\/\" rel=\"noopener\"><span dir=\"auto\" style=\"vertical-align: inherit\"><span dir=\"auto\" style=\"vertical-align: inherit\">REPARACIONS<\/span><\/span><\/a><\/strong><\/h4>\n<\/td>\n<td style=\"text-align: center;border: 1px double white\"><a href=\"https:\/\/satdi.umh.es\/servicios-prestados\/compras\/\"><img loading=\"lazy\" class=\"alignnone wp-image-10294 size-thumbnail\" src=\"https:\/\/satdi.umh.es\/files\/2025\/10\/compras_icono-150x150.png\" alt=\"\" width=\"150\" height=\"150\" srcset=\"https:\/\/satdi.umh.es\/files\/2025\/10\/compras_icono-150x150.png 150w, https:\/\/satdi.umh.es\/files\/2025\/10\/compras_icono-300x300.png 300w, https:\/\/satdi.umh.es\/files\/2025\/10\/compras_icono.png 600w\" sizes=\"(max-width: 150px) 100vw, 150px\" \/><\/a><\/p>\n<h4><strong><a class=\"custom-button\" href=\"https:\/\/satdi.umh.es\/ca\/servicios-prestados\/compras\/\" target=\"_blank\" rel=\"noopener\"><span dir=\"auto\" style=\"vertical-align: inherit\"><span dir=\"auto\" style=\"vertical-align: inherit\">COMPRES<\/span><\/span><\/a><\/strong><\/h4>\n<\/td>\n<td style=\"text-align: center;border: 1px double white\"><a href=\"https:\/\/satdi.umh.es\/servicios-prestados\/servicio-lavado-de-batas\/\"><img loading=\"lazy\" class=\"alignnone wp-image-10291 size-thumbnail\" src=\"https:\/\/satdi.umh.es\/files\/2025\/10\/batas_icono-150x150.png\" alt=\"\" width=\"150\" height=\"150\" srcset=\"https:\/\/satdi.umh.es\/files\/2025\/10\/batas_icono-150x150.png 150w, https:\/\/satdi.umh.es\/files\/2025\/10\/batas_icono-300x300.png 300w, https:\/\/satdi.umh.es\/files\/2025\/10\/batas_icono.png 600w\" sizes=\"(max-width: 150px) 100vw, 150px\" \/><\/a><\/p>\n<h4><a class=\"custom-button\" href=\"https:\/\/satdi.umh.es\/ca\/servicios-prestados\/servicio-lavado-de-batas\/\" rel=\"noopener\"><span dir=\"auto\" style=\"vertical-align: inherit\"><span dir=\"auto\" style=\"vertical-align: inherit\">RENTAT DE BATES<\/span><\/span><\/a><\/h4>\n<\/td>\n<\/tr>\n<\/tbody>\n<\/table>\n<p>&nbsp;<\/p>\n<p><span dir=\"auto\" style=\"vertical-align: inherit\"><span dir=\"auto\" style=\"vertical-align: inherit\">Els serveis prestats pel <\/span><\/span><strong><span dir=\"auto\" style=\"vertical-align: inherit\"><span dir=\"auto\" style=\"vertical-align: inherit\">Servei de Suport T\u00e8cnic a la Doc\u00e8ncia ia la Investigaci\u00f3<\/span><\/span><\/strong><span dir=\"auto\" style=\"vertical-align: inherit\"><span dir=\"auto\" style=\"vertical-align: inherit\"> es detallen a continuaci\u00f3:<\/span><\/span><\/p>\n<ol>\n<li><span dir=\"auto\" style=\"vertical-align: inherit\"><span dir=\"auto\" style=\"vertical-align: inherit\">Realitzar <\/span><\/span><strong><span dir=\"auto\" style=\"vertical-align: inherit\"><span dir=\"auto\" style=\"vertical-align: inherit\">estudis de necessitats de suport a la doc\u00e8ncia i investigaci\u00f3<\/span><\/span><\/strong><span dir=\"auto\" style=\"vertical-align: inherit\"><span dir=\"auto\" style=\"vertical-align: inherit\"> prenent com a base els criteris aprovats pel Consell de Govern.<\/span><\/span><\/li>\n<li><strong><span dir=\"auto\" style=\"vertical-align: inherit\"><span dir=\"auto\" style=\"vertical-align: inherit\">Assignar personal de suport a labors docents<\/span><\/span><\/strong><span dir=\"auto\" style=\"vertical-align: inherit\"><span dir=\"auto\" style=\"vertical-align: inherit\"> per a la preparaci\u00f3 de pr\u00e0ctiques en titulacions oficials de primer i segon cicle i graus.<\/span><\/span><\/li>\n<li><strong><span dir=\"auto\" style=\"vertical-align: inherit\"><span dir=\"auto\" style=\"vertical-align: inherit\">Assignar personal de suport a la investigaci\u00f3<\/span><\/span><\/strong><span dir=\"auto\" style=\"vertical-align: inherit\"><span dir=\"auto\" style=\"vertical-align: inherit\"> als investigadors principals de Projectes i Contractes de Recerca sobre la base dels criteris aprovats pel Consell de Govern.<\/span><\/span><\/li>\n<li><strong><span dir=\"auto\" style=\"vertical-align: inherit\"><span dir=\"auto\" style=\"vertical-align: inherit\">Assessorament t\u00e8cnic respecte del manteniment preventiu necessari d&#8217;instrumental de laboratori i procediments<\/span><\/span><\/strong><span dir=\"auto\" style=\"vertical-align: inherit\"><span dir=\"auto\" style=\"vertical-align: inherit\"> , de manera que se&#8217;n garanteixi el funcionament correcte.<\/span><\/span><\/li>\n<li><strong><span dir=\"auto\" style=\"vertical-align: inherit\"><span dir=\"auto\" style=\"vertical-align: inherit\">Assessorament sobre <\/span><\/span><\/strong><a href=\"https:\/\/satdi.umh.es\/ca\/servicios-prestados\/compras\/\"><strong><span dir=\"auto\" style=\"vertical-align: inherit\"><span dir=\"auto\" style=\"vertical-align: inherit\">compres<\/span><\/span><\/strong><span dir=\"auto\" style=\"vertical-align: inherit\"><span dir=\"auto\" style=\"vertical-align: inherit\"> de material fungible, equips i instrumental de laboratori<\/span><\/span><\/a><span dir=\"auto\" style=\"vertical-align: inherit\"><span dir=\"auto\" style=\"vertical-align: inherit\"> .<\/span><\/span><\/li>\n<li><strong><span dir=\"auto\" style=\"vertical-align: inherit\"><span dir=\"auto\" style=\"vertical-align: inherit\">Gesti\u00f3 de l&#8217;ocupaci\u00f3 i la disponibilitat dels laboratoris<\/span><\/span><\/strong><span dir=\"auto\" style=\"vertical-align: inherit\"><span dir=\"auto\" style=\"vertical-align: inherit\"> .<\/span><\/span><\/li>\n<li><strong><span dir=\"auto\" style=\"vertical-align: inherit\"><span dir=\"auto\" style=\"vertical-align: inherit\">Col\u00b7laborar amb el <\/span><\/span><a href=\"https:\/\/prevencion.umh.es\/ca\/\" target=\"_blank\" rel=\"noopener\"><span dir=\"auto\" style=\"vertical-align: inherit\"><span dir=\"auto\" style=\"vertical-align: inherit\">Servei de Prevenci\u00f3 de Riscos Laborals<\/span><\/span><\/a><span dir=\"auto\" style=\"vertical-align: inherit\"><span dir=\"auto\" style=\"vertical-align: inherit\"> .<\/span><\/span><\/strong><\/li>\n<li><span dir=\"auto\" style=\"vertical-align: inherit\"><span dir=\"auto\" style=\"vertical-align: inherit\">Gesti\u00f3 t\u00e8cnica i control de la implementaci\u00f3 dels <\/span><\/span><strong><span dir=\"auto\" style=\"vertical-align: inherit\"><span dir=\"auto\" style=\"vertical-align: inherit\">Acords Marc relatius a <\/span><\/span><a href=\"https:\/\/satdi.umh.es\/ca\/servicios-prestados\/compras\/gases\/\"><span dir=\"auto\" style=\"vertical-align: inherit\"><span dir=\"auto\" style=\"vertical-align: inherit\">gasos<\/span><\/span><\/a><span dir=\"auto\" style=\"vertical-align: inherit\"><span dir=\"auto\" style=\"vertical-align: inherit\"> , <\/span><\/span><a href=\"https:\/\/satdi.umh.es\/ca\/servicios-prestados\/compras\/reactivos-material-fungible-y-pequeno-equipamiento\/\"><span dir=\"auto\" style=\"vertical-align: inherit\"><span dir=\"auto\" style=\"vertical-align: inherit\">reactius, material fungible i petit equipament de laboratori.<\/span><\/span><\/a><\/strong><\/li>\n<li><span dir=\"auto\" style=\"vertical-align: inherit\"><span dir=\"auto\" style=\"vertical-align: inherit\">Col\u00b7laborar amb l&#8217; <\/span><\/span><a href=\"https:\/\/oficinaambiental.umh.es\/\" target=\"_blank\" rel=\"noopener\"><span dir=\"auto\" style=\"vertical-align: inherit\"><span dir=\"auto\" style=\"vertical-align: inherit\">Oficina Ambiental<\/span><\/span><\/a><span dir=\"auto\" style=\"vertical-align: inherit\"><span dir=\"auto\" style=\"vertical-align: inherit\"> en la <\/span><\/span><strong><span dir=\"auto\" style=\"vertical-align: inherit\"><span dir=\"auto\" style=\"vertical-align: inherit\">gesti\u00f3 dels residus generats als laboratoris.<\/span><\/span><\/strong><\/li>\n<li><strong><a href=\"https:\/\/satdi.umh.es\/ca\/servicios-prestados\/reparaciones\/\"><span dir=\"auto\" style=\"vertical-align: inherit\"><span dir=\"auto\" style=\"vertical-align: inherit\">Reparaci\u00f3<\/span><\/span><\/a><span dir=\"auto\" style=\"vertical-align: inherit\"><span dir=\"auto\" style=\"vertical-align: inherit\"> d&#8217;equips<\/span><\/span><\/strong><span dir=\"auto\" style=\"vertical-align: inherit\"><span dir=\"auto\" style=\"vertical-align: inherit\"> de doc\u00e8ncia i investigaci\u00f3.<\/span><\/span><\/li>\n<li><a href=\"https:\/\/prestamos-fccssjjelx.umh.es\/\" target=\"_blank\" rel=\"noopener\"><strong><span dir=\"auto\" style=\"vertical-align: inherit\"><span dir=\"auto\" style=\"vertical-align: inherit\">Pr\u00e9stec de material audiovisual<\/span><\/span><\/strong><\/a><strong><span dir=\"auto\" style=\"vertical-align: inherit\"><span dir=\"auto\" style=\"vertical-align: inherit\"> .<\/span><\/span><\/strong><\/li>\n<li><strong><span dir=\"auto\" style=\"vertical-align: inherit\"><span dir=\"auto\" style=\"vertical-align: inherit\">Gesti\u00f3 del <\/span><\/span><a href=\"https:\/\/satdi.umh.es\/ca\/servicios-prestados\/instrumentacioncientifica\/\"><span dir=\"auto\" style=\"vertical-align: inherit\"><span dir=\"auto\" style=\"vertical-align: inherit\">Servei d&#8217;Instrumentaci\u00f3 Cient\u00edfica<\/span><\/span><\/a><span dir=\"auto\" style=\"vertical-align: inherit\"><span dir=\"auto\" style=\"vertical-align: inherit\"> .<\/span><\/span><\/strong><\/li>\n<li><strong><span dir=\"auto\" style=\"vertical-align: inherit\"><span dir=\"auto\" style=\"vertical-align: inherit\">Divulgaci\u00f3 i promoci\u00f3<\/span><\/span><\/strong><span dir=\"auto\" style=\"vertical-align: inherit\"><span dir=\"auto\" style=\"vertical-align: inherit\"> de les activitats del SATDI.<\/span><\/span><\/li>\n<li><strong><span dir=\"auto\" style=\"vertical-align: inherit\"><span dir=\"auto\" style=\"vertical-align: inherit\">Supervisi\u00f3 de les instal\u00b7lacions radioactives<\/span><\/span><\/strong><span dir=\"auto\" style=\"vertical-align: inherit\"><span dir=\"auto\" style=\"vertical-align: inherit\"> de fonts no encapsulades.<\/span><\/span><\/li>\n<\/ol>\n<p>&nbsp;<\/p>\n<p><a href=\"https:\/\/satdi.umh.es\/files\/2025\/09\/TALLER-8.jpg\"><img loading=\"lazy\" class=\"alignnone wp-image-10031 size-medium\" src=\"https:\/\/satdi.umh.es\/files\/2025\/09\/TALLER-8-300x300.jpg\" alt=\"\" width=\"300\" height=\"300\" srcset=\"https:\/\/satdi.umh.es\/files\/2025\/09\/TALLER-8-300x300.jpg 300w, https:\/\/satdi.umh.es\/files\/2025\/09\/TALLER-8-150x150.jpg 150w, https:\/\/satdi.umh.es\/files\/2025\/09\/TALLER-8.jpg 600w\" sizes=\"(max-width: 300px) 100vw, 300px\" \/><\/a> <a href=\"https:\/\/satdi.umh.es\/files\/2025\/09\/A7304809.jpg\"><img loading=\"lazy\" class=\"alignnone wp-image-10034 size-medium\" src=\"https:\/\/satdi.umh.es\/files\/2025\/09\/A7304809-300x300.jpg\" alt=\"\" width=\"300\" height=\"300\" srcset=\"https:\/\/satdi.umh.es\/files\/2025\/09\/A7304809-300x300.jpg 300w, https:\/\/satdi.umh.es\/files\/2025\/09\/A7304809-150x150.jpg 150w, https:\/\/satdi.umh.es\/files\/2025\/09\/A7304809.jpg 600w\" sizes=\"(max-width: 300px) 100vw, 300px\" \/><\/a> <a href=\"https:\/\/satdi.umh.es\/files\/2025\/09\/RUFETE.jpg\"><img loading=\"lazy\" class=\"alignnone size-medium wp-image-10043\" src=\"https:\/\/satdi.umh.es\/files\/2025\/09\/RUFETE-300x300.jpg\" alt=\"\" width=\"300\" height=\"300\" srcset=\"https:\/\/satdi.umh.es\/files\/2025\/09\/RUFETE-300x300.jpg 300w, https:\/\/satdi.umh.es\/files\/2025\/09\/RUFETE-150x150.jpg 150w, https:\/\/satdi.umh.es\/files\/2025\/09\/RUFETE.jpg 600w\" sizes=\"(max-width: 300px) 100vw, 300px\" \/><\/a><\/p>\n<p><a href=\"https:\/\/satdi.umh.es\/files\/2025\/09\/hall-torrepinet.jpg\"><img loading=\"lazy\" class=\"alignnone wp-image-10040 size-medium\" src=\"https:\/\/satdi.umh.es\/files\/2025\/09\/hall-torrepinet-300x300.jpg\" alt=\"\" width=\"300\" height=\"300\" srcset=\"https:\/\/satdi.umh.es\/files\/2025\/09\/hall-torrepinet-300x300.jpg 300w, https:\/\/satdi.umh.es\/files\/2025\/09\/hall-torrepinet-150x150.jpg 150w, https:\/\/satdi.umh.es\/files\/2025\/09\/hall-torrepinet.jpg 600w\" sizes=\"(max-width: 300px) 100vw, 300px\" \/><\/a> <a href=\"https:\/\/satdi.umh.es\/files\/2025\/09\/DSC02639.jpg\"><img loading=\"lazy\" class=\"alignnone wp-image-10037 size-medium\" src=\"https:\/\/satdi.umh.es\/files\/2025\/09\/DSC02639-300x300.jpg\" alt=\"\" width=\"300\" height=\"300\" srcset=\"https:\/\/satdi.umh.es\/files\/2025\/09\/DSC02639-300x300.jpg 300w, https:\/\/satdi.umh.es\/files\/2025\/09\/DSC02639-150x150.jpg 150w, https:\/\/satdi.umh.es\/files\/2025\/09\/DSC02639.jpg 600w\" sizes=\"(max-width: 300px) 100vw, 300px\" \/><\/a> <a href=\"https:\/\/satdi.umh.es\/files\/2025\/09\/tecnicos-satdi_3.jpg\"><img loading=\"lazy\" class=\"alignnone wp-image-10046 size-medium\" src=\"https:\/\/satdi.umh.es\/files\/2025\/09\/tecnicos-satdi_3-300x300.jpg\" alt=\"\" width=\"300\" height=\"300\" srcset=\"https:\/\/satdi.umh.es\/files\/2025\/09\/tecnicos-satdi_3-300x300.jpg 300w, https:\/\/satdi.umh.es\/files\/2025\/09\/tecnicos-satdi_3-150x150.jpg 150w, https:\/\/satdi.umh.es\/files\/2025\/09\/tecnicos-satdi_3.jpg 600w\" sizes=\"(max-width: 300px) 100vw, 300px\" \/><\/a><\/p>\n<p>&nbsp;<\/p>\n<p><img class=\"wp-image-1998 aligncenter\" src=\"https:\/\/satdi.umh.es\/files\/2022\/03\/Logo-SATDI-2021.png\" alt=\"\" width=\"300\" \/><\/p>","protected":false},"excerpt":{"rendered":"<p>&nbsp;<\/p>\n<p>SATDI-IC<\/p>\n<p>REPARACIONS<\/p>\n<p>COMPRES<\/p>\n<p>RENTAT DE BATES<\/p>\n<p>&nbsp;<br \/>\nEls serveis prestats pel Servei de Suport T\u00e8cnic a la Doc\u00e8ncia ia la Investigaci\u00f3 es detallen a continuaci\u00f3:<\/p>\n<p>Realitzar estudis de necessitats de suport a la doc\u00e8ncia i investigaci\u00f3 prenent com a base els criteris aprovats pel Consell de Govern.<br \/>\nAssignar personal de suport a labors docents per a la preparaci\u00f3 de pr\u00e0ctiques en titulacions [&#8230;]<\/p>\n","protected":false},"author":149,"featured_media":0,"parent":0,"menu_order":1,"comment_status":"closed","ping_status":"closed","template":"","meta":{"_links_to":"","_links_to_target":""},"_links":{"self":[{"href":"https:\/\/satdi.umh.es\/ca\/wp-json\/wp\/v2\/pages\/100"}],"collection":[{"href":"https:\/\/satdi.umh.es\/ca\/wp-json\/wp\/v2\/pages"}],"about":[{"href":"https:\/\/satdi.umh.es\/ca\/wp-json\/wp\/v2\/types\/page"}],"author":[{"embeddable":true,"href":"https:\/\/satdi.umh.es\/ca\/wp-json\/wp\/v2\/users\/149"}],"replies":[{"embeddable":true,"href":"https:\/\/satdi.umh.es\/ca\/wp-json\/wp\/v2\/comments?post=100"}],"version-history":[{"count":0,"href":"https:\/\/satdi.umh.es\/ca\/wp-json\/wp\/v2\/pages\/100\/revisions"}],"wp:attachment":[{"href":"https:\/\/satdi.umh.es\/ca\/wp-json\/wp\/v2\/media?parent=100"}],"curies":[{"name":"wp","href":"https:\/\/api.w.org\/{rel}","templated":true}]}}