{"id":104,"date":"2022-03-16T10:47:05","date_gmt":"2022-03-16T09:47:05","guid":{"rendered":"http:\/\/apodocinv.zeus.umh.es\/?page_id=3"},"modified":"2026-02-04T20:09:47","modified_gmt":"2026-02-04T19:09:47","slug":"presentacion","status":"publish","type":"page","link":"https:\/\/satdi.umh.es\/ca\/presentacion\/","title":{"rendered":"Presentaci\u00f3"},"content":{"rendered":"<p><div style=\"width: 1034px\" class=\"wp-caption aligncenter\"><a href=\"https:\/\/satdi.umh.es\/files\/2025\/09\/Satdi-OrihuelaPREB8849-Editar_GRUPO-scaled.jpg\"><img loading=\"lazy\" class=\"wp-image-10028 size-large\" src=\"https:\/\/satdi.umh.es\/files\/2025\/09\/Satdi-OrihuelaPREB8849-Editar_GRUPO-1024x369.jpg\" alt=\"Convivencia del Servicio en el Campus de Orihuela en 2025\" width=\"1024\" height=\"369\" srcset=\"https:\/\/satdi.umh.es\/files\/2025\/09\/Satdi-OrihuelaPREB8849-Editar_GRUPO-1024x369.jpg 1024w, https:\/\/satdi.umh.es\/files\/2025\/09\/Satdi-OrihuelaPREB8849-Editar_GRUPO-300x108.jpg 300w, https:\/\/satdi.umh.es\/files\/2025\/09\/Satdi-OrihuelaPREB8849-Editar_GRUPO-768x277.jpg 768w, https:\/\/satdi.umh.es\/files\/2025\/09\/Satdi-OrihuelaPREB8849-Editar_GRUPO-1536x554.jpg 1536w, https:\/\/satdi.umh.es\/files\/2025\/09\/Satdi-OrihuelaPREB8849-Editar_GRUPO-2048x738.jpg 2048w\" sizes=\"(max-width: 1024px) 100vw, 1024px\" \/><\/a><p class=\"wp-caption-text\">Conviv\u00e8ncia del Servei al Campus d&#8217;Oriola el 2025<\/p><\/div><\/p>\n<p style=\"text-align: justify\">El <strong>Servei de Suport T\u00e8cnic a la Doc\u00e8ncia i a la Investigaci\u00f3<\/strong> <strong>(SATDI)<\/strong> t\u00e9 com a objectiu fonamental col\u00b7laborar, mitjan\u00e7ant l&#8217;assignaci\u00f3 de personal t\u00e8cnic qualificat, en l&#8217;activitat docent i investigadora que es desenvolupa en la Universitat Miguel Hern\u00e1ndez d&#8217;Elx. El SATDI presta suport t\u00e8cnic en tasques docents i d&#8217;investigaci\u00f3 en els quatre campus que integren la Universitat, fent costat als diferents Instituts d&#8217;Investigaci\u00f3, Departaments, Facultats i Escoles, aix\u00f2 fa que siga un servei multidisciplinari que engloba t\u00e8cnics de diferents perfils amb la finalitat d&#8217;atendre les especificitats i peculiaritats dels diferents llocs que ocupen (Mec\u00e0nic, El\u00e8ctric\/ Electr\u00f2nic, Inform\u00e0tic, Biosanitari, Qu\u00edmic, Audiovisual, Comunicaci\u00f3 i Belles arts i Producci\u00f3 Animal).<\/p>\n<p style=\"text-align: center\"><iframe  style=\"display: block; margin: 0px auto;\"  id=\"_ytid_40405\"  width=\"480\" height=\"270\"  data-origwidth=\"480\" data-origheight=\"270\"  data-relstop=\"1\" src=\"https:\/\/www.youtube.com\/embed\/7yDrtWI29Do?enablejsapi=1&autoplay=0&cc_load_policy=1&iv_load_policy=1&loop=0&modestbranding=0&fs=1&playsinline=1&controls=1&color=red&cc_lang_pref=&rel=0&autohide=2&theme=dark&\" class=\"__youtube_prefs__  no-lazyload\" title=\"YouTube player\"  allow=\"accelerometer; autoplay; clipboard-write; encrypted-media; gyroscope; picture-in-picture\" allowfullscreen data-no-lazy=\"1\" data-skipgform_ajax_framebjll=\"\"><\/iframe><\/p>\n<p style=\"text-align: justify\">En el SATDI s&#8217;integra el <a href=\"https:\/\/satdi.umh.es\/ca\/servicios-prestados\/instrumentacioncientifica\/\"><strong>Servei d&#8217;Instrumentaci\u00f3 Cient\u00edfica (SIC)<\/strong><\/a> que ajuda a optimitzar els recursos cient\u00edfics existents en la Universitat. Des del SIC es presta assessorament t\u00e8cnic sobre l&#8217;equipament del qual disposa la *UMH i es coordina l&#8217;optimitzaci\u00f3 del seu \u00fas, posant-lo a la disposici\u00f3 de tota la comunitat universit\u00e0ria, aix\u00ed com d&#8217;altres institucions p\u00fabliques o privades amb la finalitat d&#8217;obtindre el m\u00e0xim rendiment dels mitjans dels quals disposa la Universitat i potenciant aix\u00ed l&#8217;activitat investigadora que en ella es desenvolupa.<\/p>\n<p style=\"text-align: justify\">El Servei compta amb un <a href=\"https:\/\/satdi.umh.es\/ca\/servicios-prestados\/reparaciones\/\"><strong>Taller de Reparacions<\/strong><\/a> des d&#8217;on t\u00e8cnics especialitzats en electr\u00f2nica, mec\u00e0nica i inform\u00e0tica col\u00b7laboren en el manteniment i reparaci\u00f3 d&#8217;equipament cient\u00edfic utilitzat tant en activitats docents com d&#8217;investigaci\u00f3. L&#8217;\u00e8xit d&#8217;aquest servei ha portat a l&#8217;augment del nombre de t\u00e8cnics que l&#8217;integren amb la finalitat d&#8217;atendre totes les peticions de servei en els quatre campus de la Universitat.<\/p>\n<p style=\"text-align: justify\">El SATDI col\u00b7labora molt estretament en la implantaci\u00f3, gesti\u00f3 i supervisi\u00f3 d&#8217;acords marc amb la finalitat d&#8217;optimitzar l&#8217;adquisici\u00f3 de reactius, material fungible i xicotet equipament des dels laboratoris de doc\u00e8ncia i investigaci\u00f3 de la Universitat, aix\u00ed com gasos envasats i l\u00edquids criog\u00e8nics.<\/p>\n<p style=\"text-align: justify\">Tots els objectius del servei es basen en el comprom\u00eds de millora cont\u00ednua, adaptant-se als constants canvis en mat\u00e8ria de doc\u00e8ncia i investigaci\u00f3 i buscant el perfeccionament a trav\u00e9s del comprom\u00eds i l&#8217;efici\u00e8ncia. Per aix\u00f2, ser\u00e0 un objectiu permanent l&#8217;aplicaci\u00f3 de directrius en mat\u00e8ria de qualitat establides pels \u00f2rgans de govern de la Universitat, aix\u00ed com el compliment dels objectius proposats a l&#8217;hora de definir estrat\u00e8gies d&#8217;aquest servei.<\/p>\n<p><\/p>","protected":false},"excerpt":{"rendered":"<p>Conviv\u00e8ncia del Servei al Campus d&#8217;Oriola el 2025<br \/>\nEl Servei de Suport T\u00e8cnic a la Doc\u00e8ncia i a la Investigaci\u00f3 (SATDI) t\u00e9 com a objectiu fonamental col\u00b7laborar, mitjan\u00e7ant l&#8217;assignaci\u00f3 de personal t\u00e8cnic qualificat, en l&#8217;activitat docent i investigadora que es desenvolupa en la Universitat Miguel Hern\u00e1ndez d&#8217;Elx. El SATDI presta suport t\u00e8cnic en tasques docents i [&#8230;]<\/p>\n","protected":false},"author":1595,"featured_media":0,"parent":0,"menu_order":0,"comment_status":"closed","ping_status":"closed","template":"","meta":{"_links_to":"","_links_to_target":""},"_links":{"self":[{"href":"https:\/\/satdi.umh.es\/ca\/wp-json\/wp\/v2\/pages\/104"}],"collection":[{"href":"https:\/\/satdi.umh.es\/ca\/wp-json\/wp\/v2\/pages"}],"about":[{"href":"https:\/\/satdi.umh.es\/ca\/wp-json\/wp\/v2\/types\/page"}],"author":[{"embeddable":true,"href":"https:\/\/satdi.umh.es\/ca\/wp-json\/wp\/v2\/users\/1595"}],"replies":[{"embeddable":true,"href":"https:\/\/satdi.umh.es\/ca\/wp-json\/wp\/v2\/comments?post=104"}],"version-history":[{"count":0,"href":"https:\/\/satdi.umh.es\/ca\/wp-json\/wp\/v2\/pages\/104\/revisions"}],"wp:attachment":[{"href":"https:\/\/satdi.umh.es\/ca\/wp-json\/wp\/v2\/media?parent=104"}],"curies":[{"name":"wp","href":"https:\/\/api.w.org\/{rel}","templated":true}]}}