{"id":10579,"date":"2025-11-14T09:42:45","date_gmt":"2025-11-14T08:42:45","guid":{"rendered":"https:\/\/satdi.umh.es\/?page_id=10579"},"modified":"2026-04-30T12:45:53","modified_gmt":"2026-04-30T10:45:53","slug":"satdi-ic-minisecador-de-pulverizacion-spray-dryer-b-290-buchi-oric","status":"publish","type":"page","link":"https:\/\/satdi.umh.es\/ca\/servicios-prestados\/instrumentacioncientifica\/servicios_ofertados\/servicios_ofertados-satdi-ic-equipamiento-auxiliar\/satdi-ic-minisecador-de-pulverizacion-spray-dryer-b-290-buchi-oric\/","title":{"rendered":"SATDI-IC: Minisecador de polvoritzaci\u00f3 (spray-dryer) (B-290, Buchi)"},"content":{"rendered":"<p>    <!-- DIV 0 - CONTENEDOR PRINCIPAL - INICIO --><\/p>\n<div style=\"border: 0px solid #CCC;padding-top: 0em;margin: 0em 0em 0em 0em;width: 100%;float: left\">\n<p>    <!--**********************************************************--><\/p>\n<p>    <!-- DIV 1 - CONTENEDOR CONTENIDO - INICIO --><\/p>\n<div style=\"border: 0px solid #111;padding-top: 0em;margin: 0em 0em 0em 0em;width: 100%;float: left\">\n<p>    <!--**********************************************************--><\/p>\n<p>    <!-- DIV 2 - EQUIPAMIENTO - INICIO--><\/p>\n<div style=\"border: 0px solid #CCC;background-color: none;padding: 0em;margin: 0em 0em 0em 0em;float: left;width: 100%;vertical-align: top\">\n<p>    <!-- DIV EQUIPAMIENTO - NOMBRE - INICIO --><\/p>\n<div style=\"border: 0px solid #CCC;padding-left: 1.5em;margin: 0em 0em 0em 0em;float: left;width: 100%;vertical-align: middle\">\n<p style=\"color: #666666;font-size: 1.5em\" align=\"justify\"><strong>Equipamiento<\/strong><\/p>\n<\/p><\/div>\n<p>    <!-- DIV EQUIPAMIENTO - NOMBRE - FIN --><\/p>\n<p>    <!-- TABLA - EQUIPAMIENTO - INICIO --><\/p>\n<table style=\"border: 0px solid #CCC;background-color: #ddd;float: left;width: 100%;text-align: center\">\n<tbody>\n<tr style=\"border: 0px solid #FFF\">\n<td style=\"border: 0px solid #CCC;padding: 0.5em;width: 40%\" colspan=\"1\">\n<p align=\"justify\"><strong>Minisecador de pulverizaci\u00f3n (Spray-Dryer)<br \/>\n    <\/strong><\/p>\n<p style=\"color: #666666\" align=\"justify\"><strong>B-290 (Buchi)<\/strong><\/p>\n<\/td>\n<td style=\"border: 0px solid #CCC;padding: 0.5em;width: 52.5%\" colspan=\"1\" valign=\"center\">\n<p align=\"right\"><span style=\"color: #a31c19\"><strong>Campus de ORIHUELA<\/strong><\/span><\/p>\n<\/td>\n<td style=\"border: 0px solid #CCC;padding: 0.5em;width: 7.5%;text-align: right\" colspan=\"1\" valign=\"top\"><img src=\"https:\/\/satdi.umh.es\/files\/2024\/01\/Imagen_LogoSATDI-IC.png\" alt=\"Logo SATDI-IC\" width=\"90%\" \/><\/td>\n<\/tr>\n<tr style=\"border: 0px solid #FFF;height: auto\">\n<td style=\"border: 0px solid #CCC;padding: 0.5em;vertical-align: top;width: 35%\" rowspan=\"2\"><img loading=\"lazy\" src=\"https:\/\/satdi.umh.es\/files\/2025\/11\/imagen_SprayDryer_B-290_Buchi_campusOrihuela.jpg\" alt=\"Imagen Minisecador de pulverizaci\u00f3n Spray Dryer (B-290, Buchi)\" width=\"100%\" height=\"100%\" \/><\/td>\n<td style=\"border: 0px solid #CCC;padding: 0.5em;vertical-align: top;width: 65%\" colspan=\"2\">\n<p align=\"justify\">Equipo de secado por aspersi\u00f3n que permite secar muestras l\u00edquidas (soluciones y dispersiones) de diferente naturaleza. Tambi\u00e9n permite la modificaci\u00f3n del tama\u00f1o de part\u00edcula, la aglomeraci\u00f3n de nanopart\u00edculas, el secado de disoluciones, recubrimiento de part\u00edculas, la microencapsulaci\u00f3n de activos empleando diferentes aditivos, etc\u00e9tera.<\/p>\n<\/td>\n<\/tr>\n<tr style=\"border: 0px solid #FFF\">\n<td style=\"border: 0px solid #EEE;padding: 0.5em;height: 10%;width: 65%\" colspan=\"2\" valign=\"center\">\n<p align=\"left\"><span><strong>&nbsp;<\/strong><\/span><\/p>\n<\/td>\n<\/tr>\n<\/tbody>\n<\/table>\n<p>    <!-- TABLA - EQUIPAMIENTO - FIN --><\/p><\/div>\n<p>    <!-- DIV 2 - EQUIPAMIENTO - FIN--><\/p>\n<p>    <!--**********************************************************--><br \/>\n    <!--**********************************************************--><\/p>\n<p>    <!-- DIV SEPARADOR - INICIO --><\/p>\n<div style=\"border: 0px solid #CCC;padding: 0em;margin: 0em 0em 0em 0em;float: left;width: 100%;height: 5em;vertical-align: top\"> <\/div>\n<p>    <!-- DIV SEPARADOR - FIN --><\/p>\n<p>    <!--**********************************************************--><\/p>\n<p>    <!-- DIV BARRA GRIS IZQUIERDA - INICIO --><\/p>\n<div style=\"border: 2px solid #CCC;padding: 0em;margin: 0em 0em 0em 0em;float: left;width: 30%;height: 0em;vertical-align: top\"> <\/div>\n<p>    <!-- DIV BARRA GRIS IZQUIERDA - FIN --><\/p>\n<p>    <!--**********************************************************--><\/p>\n<p>    <!-- DIV 3 - CONTACTO - INICIO--><\/p>\n<div style=\"border: 0px solid #CCC;background-color: none;padding: 0em;margin: 0em 0em 0em 0em;float: left;width: 100%;vertical-align: top\">\n<p>    <!-- DIV CONTACTO - NOMBRE - INICIO --><\/p>\n<div style=\"border: 0px solid #CCC;padding-left: 1.5em;margin: 0em 0em 0em 0em;float: left;width: 100%;vertical-align: middle\">\n<p style=\"color: #666666;font-size: 1.5em\" align=\"justify\"><strong>Contacto<\/strong><\/p>\n<\/p><\/div>\n<p>    <!-- DIV CONTACTO - NOMBRE - FIN --><\/p>\n<p>    <!-- TABLA - CONTACTO - INICIO --><\/p>\n<table style=\"border: 0px solid #CCC;float: left;width: 100%;text-align: center\">\n<tbody>\n<tr style=\"border: 0px solid #CCC\">\n<td style=\"border: 0px solid #CCC;padding: 0.5em\" colspan=\"1\" rowspan=\"1\">\n<p align=\"justify\"><strong>Campus de ORIHUELA<\/strong><\/p>\n<p align=\"justify\">Edificio SATDI-IC<br \/>\n    (C\u00f3digo GIS: O07P0004)<\/p>\n<\/td>\n<td style=\"border: 0px solid #eeeeee;padding: 0.5em;text-align: center\" colspan=\"1\" valign=\"center\">Ver ubicaci\u00f3n<a href=\"http:\/\/universite.umh.es\/localizaciones\/?selT=edificios&amp;selI=O07P0004\" target=\"_blank\" rel=\"noopener\"><img loading=\"lazy\" class=\"aligncenter\" src=\"https:\/\/satdi.umh.es\/files\/2024\/01\/ICONO_UBICACION-1.png\" alt=\"Icono de la ubicaci\u00f3n\" width=\"25px\" height=\"auto\" \/><\/a><\/td>\n<td style=\"border: 0px solid #CCC;padding: 0.5em\" colspan=\"1\" rowspan=\"1\"><\/td>\n<td style=\"border: 0px solid #CCC;padding: 0.5em\" colspan=\"1\" rowspan=\"1\">\n<ul style=\"float: left;text-align: justify\">\n<li style=\"color: #666666\"><strong> Ballester Costa, Carmen<\/strong><\/li>\n<li>+34 966 74 9663<\/li>\n<li>carmen.ballester@umh.es<\/li>\n<\/ul>\n<\/td>\n<\/tr>\n<\/tbody>\n<\/table>\n<p>    <!-- TABLA - CONTACTO - FIN --><\/p><\/div>\n<p>    <!-- DIV 3 - CONTACTO - FIN--><\/p>\n<p>    <!--**********************************************************--><br \/>\n    <!--**********************************************************--><\/p>\n<p>    <!-- DIV SEPARADOR - INICIO --><\/p>\n<div style=\"border: 0px solid #CCC;padding: 0em;margin: 0em 0em 0em 0em;float: left;width: 100%;height: 5em;vertical-align: top\"> <\/div>\n<p>    <!-- DIV SEPARADOR - FIN --><\/p>\n<p>    <!--**********************************************************--><\/p>\n<p>    <!-- DIV BARRA GRIS IZQUIERDA - INICIO --><\/p>\n<div style=\"border: 2px solid #CCC;padding: 0em;margin: 0em 0em 0em 0em;float: left;width: 30%;height: 0em;vertical-align: top\"> <\/div>\n<p>    <!-- DIV BARRA GRIS IZQUIERDA - FIN --><\/p>\n<p>    <!--**********************************************************--><\/p>\n<p>    <!-- DIV 3 - TARIFAS - INICIO--><\/p>\n<div style=\"border: 0px solid #CCC;background-color: none;padding: 0em;margin: 0em 0em 0em 0em;float: left;width: 100%;vertical-align: top\">\n<p>    <!-- DIV TARIFAS - NOMBRE - INICIO --><\/p>\n<div style=\"border: 0px solid #CCC;padding-left: 1.5em;margin: 0em 0em 0em 0em;float: left;width: 100%;vertical-align: middle\">\n<p style=\"color: #666666;font-size: 1.5em\" align=\"justify\"><strong>Tarifas vigentes (2026)<\/strong><\/p>\n<\/p><\/div>\n<p>    <!-- DIV TARIFAS - NOMBRE - FIN --><\/p>\n<div style=\"border: 0px solid #CCC;padding: 0em;margin: 0em 0em 0em 0em;float: left;width: 100%\">\n<table style=\"border: 0px solid #CCC;float: left;width: 100%;text-align: center\">\n<tbody>\n<tr style=\"border: 0px solid #CCC\">\n<td style=\"border: 0px solid #CCC;background-color: #ccc;padding: 0.5em;width: 10%\" colspan=\"1\" rowspan=\"1\">\n<p align=\"center\"><strong>Referencia<\/strong><\/p>\n<\/td>\n<td style=\"border: 0px solid #CCC;background-color: #ccc;padding: 0.5em;width: 50%\" colspan=\"1\" rowspan=\"1\">\n<p align=\"center\"><strong>Descripci\u00f3n<\/strong><\/p>\n<\/td>\n<td style=\"border: 0px solid #CCC;background-color: #ccc;padding: 0.5em;width: 10%\" colspan=\"1\" rowspan=\"1\">\n<p align=\"center\"><strong>Unidad<br \/>\n    de<br \/>\n    medida<\/strong><\/p>\n<\/td>\n<td style=\"border: 0px solid #CCC;background-color: #ccc;padding: 0.5em;width: 10%\" colspan=\"1\" rowspan=\"1\">\n<p align=\"center\"><strong>Precio unitario UMH (\u20ac)<\/strong><\/p>\n<\/td>\n<td style=\"border: 0px solid #CCC;background-color: #ccc;padding: 0.5em;width: 10%\" colspan=\"1\" rowspan=\"1\">\n<p align=\"center\"><strong>Precio unitario Entidades P\u00fablicas (\u20ac)<\/strong><\/p>\n<\/td>\n<td style=\"border: 0px solid #CCC;background-color: #ccc;padding: 0.5em;width: 10%\" colspan=\"1\" rowspan=\"1\">\n<p align=\"center\"><strong>Precio unitario Entidades Privadas (\u20ac)<\/strong><\/p>\n<\/td>\n<\/tr>\n<tr style=\"border: 0px solid #CCC\">\n<td style=\"border: 0px solid #CCC;background-color: #e0e0e0;padding: 0.5em;width: 10%\" colspan=\"1\" rowspan=\"1\">\n<p align=\"center\">T-ORIC-11<\/p>\n<\/td>\n<td style=\"border: 0px solid #CCC;background-color: #e0e0e0;padding: 0.5em;width: 50%\" colspan=\"1\" rowspan=\"1\">\n<p align=\"justify\">Uso de Spray drier Buchi 290<\/p>\n<\/td>\n<td style=\"border: 0px solid #CCC;background-color: #e0e0e0;padding: 0.5em;width: 10%\" colspan=\"1\" rowspan=\"1\">\n<p align=\"center\">hora<\/p>\n<\/td>\n<td style=\"border: 0px solid #CCC;background-color: #e0e0e0;padding: 0.5em;width: 10%\" colspan=\"1\" rowspan=\"1\">\n<p align=\"center\">17.11<\/p>\n<\/td>\n<td style=\"border: 0px solid #CCC;background-color: #e0e0e0;padding: 0.5em;width: 10%\" colspan=\"1\" rowspan=\"1\">\n<p align=\"center\">19.8<\/p>\n<\/td>\n<td style=\"border: 0px solid #CCC;background-color: #e0e0e0;padding: 0.5em;width: 10%\" colspan=\"1\" rowspan=\"1\">\n<p align=\"center\">20.98<\/p>\n<\/td>\n<\/tr>\n<\/tbody>\n<\/table><\/div>\n<\/p><\/div>\n<p>    <!-- DIV 3 - TARIFAS - FIN --><\/p>\n<p>    <!--**********************************************************--><br \/>\n    <!--**********************************************************--><\/p>\n<p>    <!-- DIV SEPARADOR - INICIO --><\/p>\n<div style=\"border: 0px solid #CCC;padding: 0em;margin: 0em 0em 0em 0em;float: left;width: 100%;height: 5em;vertical-align: top\"> <\/div>\n<p>    <!-- DIV SEPARADOR - FIN --><\/p>\n<p>    <!--**********************************************************--><\/p>\n<p>    <!-- DIV BARRA GRIS IZQUIERDA - INICIO --><\/p>\n<div style=\"border: 2px solid #CCC;padding: 0em;margin: 0em 0em 0em 0em;float: left;width: 30%;height: 0em;vertical-align: top\"> <\/div>\n<p>    <!-- DIV BARRA GRIS IZQUIERDA - FIN --><\/p>\n<p>    <!--**********************************************************--><\/p>\n<p>    <!-- DIV 6 - FINANCIACION - INICIO--><\/p>\n<div style=\"border: 0px solid #CCC;background-color: none;padding: 0em;margin: 0em 0em 0em 0em;float: left;width: 100%;vertical-align: top\">\n<p>    <!-- DIV FINANCIACION - NOMBRE - INICIO --><\/p>\n<div style=\"border: 0px solid #CCC;padding-left: 1.5em;margin: 0em 0em 0em 0em;float: left;width: 100%;vertical-align: middle\">\n<p style=\"color: #666666;font-size: 1.5em\" align=\"justify\"><strong>Financiaci\u00f3n<\/strong><\/p>\n<\/p><\/div>\n<p>    <!-- DIV FINANCIACION - NOMBRE - FIN --><\/p>\n<p>    <!-- TABLA - FINANCIACION - INICIO --><\/p>\n<table style=\"border: 0px solid #CCC;background-color: #ddd;float: left;width: 100%;text-align: center\">\n<tbody>\n<tr style=\"border: 0px solid #FFF;height: auto\">\n<td style=\"border: 0px solid #CCC;padding: 0.5em;vertical-align: top;width: 55%\" colspan=\"1\">\n<p align=\"justify\">Este equipo ha sido financiado con fondos provenientes de la Uni\u00f3n Europea (P. O. FEDER 2007 \/ 2013), con la gesti\u00f3n de la Generalitat Valenciana.<\/p>\n<p>La misi\u00f3n de la cofinanciaci\u00f3n de la Uni\u00f3n Europea, a trav\u00e9s del Fondo Europeo de Desarrollo Regional, consiste en:<br \/>\n\u25cf Contribuir a la reducci\u00f3n de las diferencias de desarrollo y nivel de vida entre las distintas regiones y a la reducci\u00f3n del retraso de las regiones menos favorecidas.<br \/>\n\u25cf Contribuir a la correcci\u00f3n de los principales desequilibrios regionales de la comunidad mediante la participaci\u00f3n en el desarrollo y el ajuste estructural de las regiones menos desarrolladas y en la reconversi\u00f3n socioecon\u00f3mica de las regiones.<\/p>\n<\/td>\n<td style=\"border: 0px solid #CCC;padding: 0.5em;vertical-align: top;width: 45%\" colspan=\"1\"><img loading=\"lazy\" src=\"https:\/\/satdi.umh.es\/files\/2025\/11\/imagen_Placa_SprayDryer_B-290_Buchi_CampusOrihuela.png\" alt=\"Imagen Placa FEDER Minisecador de pulverizaci\u00f3n Spray Dryer (B-290, Buchi)\" width=\"100%\" height=\"100%\" \/><\/td>\n<\/tr>\n<\/tbody>\n<\/table>\n<p>    <!-- TABLA - FINANCIACION - FIN --><\/p><\/div>\n<p>    <!-- DIV 6 - FINANCIACION - FIN--><\/p>\n<p>    <!--**********************************************************--><br \/>\n    <!--**********************************************************--><\/p>\n<p>    <!--**********************************************************--><\/p>\n<p>    <!-- DIV SEPARADOR - INICIO --><\/p>\n<div style=\"border: 0px solid #CCC;padding: 0em;margin: 0em 0em 0em 0em;float: left;width: 100%;height: 5em;vertical-align: top\"> <\/div>\n<p>    <!-- DIV SEPARADOR - FIN --><\/p>\n<p>    <!--**********************************************************--><\/p><\/div>\n<p>    <!-- DIV 1 - CONTENEDOR CONTENIDO - FIN --><\/p>\n<p>    <!--**********************************************************--><\/p><\/div>\n<p>    <!-- DIV 0 - CONTENEDOR PRINCIPAL - FIN --><\/p>\n","protected":false},"excerpt":{"rendered":"\n<p>Equipamiento<\/p>\n<p>Minisecador de pulverizaci\u00f3n (Spray-Dryer)<\/p>\n<p>B-290 (Buchi)<\/p>\n<p>Campus de ORIHUELA<\/p>\n<p>Equipo de secado por aspersi\u00f3n que permite secar muestras l\u00edquidas (soluciones y dispersiones) [&#8230;]<\/p>\n","protected":false},"author":5414,"featured_media":0,"parent":6117,"menu_order":0,"comment_status":"closed","ping_status":"closed","template":"","meta":{"_links_to":"","_links_to_target":""},"_links":{"self":[{"href":"https:\/\/satdi.umh.es\/ca\/wp-json\/wp\/v2\/pages\/10579"}],"collection":[{"href":"https:\/\/satdi.umh.es\/ca\/wp-json\/wp\/v2\/pages"}],"about":[{"href":"https:\/\/satdi.umh.es\/ca\/wp-json\/wp\/v2\/types\/page"}],"author":[{"embeddable":true,"href":"https:\/\/satdi.umh.es\/ca\/wp-json\/wp\/v2\/users\/5414"}],"replies":[{"embeddable":true,"href":"https:\/\/satdi.umh.es\/ca\/wp-json\/wp\/v2\/comments?post=10579"}],"version-history":[{"count":0,"href":"https:\/\/satdi.umh.es\/ca\/wp-json\/wp\/v2\/pages\/10579\/revisions"}],"up":[{"embeddable":true,"href":"https:\/\/satdi.umh.es\/ca\/wp-json\/wp\/v2\/pages\/6117"}],"wp:attachment":[{"href":"https:\/\/satdi.umh.es\/ca\/wp-json\/wp\/v2\/media?parent=10579"}],"curies":[{"name":"wp","href":"https:\/\/api.w.org\/{rel}","templated":true}]}}