{"id":10792,"date":"2025-12-19T10:00:04","date_gmt":"2025-12-19T09:00:04","guid":{"rendered":"https:\/\/satdi.umh.es\/?page_id=10792"},"modified":"2026-02-04T19:58:35","modified_gmt":"2026-02-04T18:58:35","slug":"paseos-saludables","status":"publish","type":"page","link":"https:\/\/satdi.umh.es\/ca\/informacion-ambiental\/objetivos-ambientales-satdi\/paseos-saludables\/","title":{"rendered":"Passejades saludables"},"content":{"rendered":"<p><\/p>\n<p style=\"text-align: justify\"><span dir=\"auto\" style=\"vertical-align: inherit\"><span dir=\"auto\" style=\"vertical-align: inherit\">El passeig saludable \u00e9s una iniciativa que el nostre servei va posar en marxa des de ja fa uns quants anys; amb l&#8217;objectiu d&#8217;implementar h\u00e0bits saludables, fomentar la companyonia, lluitar contra la monotonia i l&#8217;estr\u00e8s diari i millorar la qualitat de vida de la comunitat universit\u00e0ria. Aquesta activitat est\u00e0 directament alineada amb l&#8217; <\/span><\/span><strong class=\"Yjhzub\" data-processed=\"true\"><a href=\"https:\/\/www.un.org\/sustainabledevelopment\/es\/2015\/09\/la-asamblea-general-adopta-la-agenda-2030-para-el-desarrollo-sostenible\/\"><span dir=\"auto\" style=\"vertical-align: inherit\"><span dir=\"auto\" style=\"vertical-align: inherit\">Agenda 2030 i els seus Objectius de Desenvolupament Sostenible (ODS)<\/span><\/span><\/a><span dir=\"auto\" style=\"vertical-align: inherit\"><span dir=\"auto\" style=\"vertical-align: inherit\"> .<\/span><\/span><\/strong><span dir=\"auto\" style=\"vertical-align: inherit\"><span dir=\"auto\" style=\"vertical-align: inherit\"> Punxa a la imatge de cada campus per comprovar les diferents accions que s&#8217;han anat desenvolupant fins ara.<\/span><\/span><\/p>\n<p><a href=\"https:\/\/satdi.umh.es\/informacion-ambiental\/objetivos-ambientales-satdi\/paseos-saludables\/campus-de-altea\/\"><img loading=\"lazy\" class=\"alignnone wp-image-10795\" src=\"https:\/\/satdi.umh.es\/files\/2026\/01\/Portada-Altea-300x300.jpg\" alt=\"Campus d'Altea\" width=\"200\" height=\"200\" srcset=\"https:\/\/satdi.umh.es\/files\/2026\/01\/Portada-Altea-300x300.jpg 300w, https:\/\/satdi.umh.es\/files\/2026\/01\/Portada-Altea-150x150.jpg 150w, https:\/\/satdi.umh.es\/files\/2026\/01\/Portada-Altea.jpg 500w\" sizes=\"(max-width: 200px) 100vw, 200px\" \/><\/a>\u00a0 \u00a0 \u00a0<a href=\"https:\/\/satdi.umh.es\/informacion-ambiental\/objetivos-ambientales-satdi\/paseos-saludables\/campus-de-sant-joan\/\"><img loading=\"lazy\" class=\"alignnone wp-image-10798\" src=\"https:\/\/satdi.umh.es\/files\/2026\/01\/Portada-Sant-Joan-300x300.jpg\" alt=\"Campus de Sant Joan\" width=\"200\" height=\"200\" srcset=\"https:\/\/satdi.umh.es\/files\/2026\/01\/Portada-Sant-Joan-300x300.jpg 300w, https:\/\/satdi.umh.es\/files\/2026\/01\/Portada-Sant-Joan-150x150.jpg 150w, https:\/\/satdi.umh.es\/files\/2026\/01\/Portada-Sant-Joan.jpg 500w\" sizes=\"(max-width: 200px) 100vw, 200px\" \/><\/a>\u00a0 \u00a0 \u00a0<a href=\"https:\/\/satdi.umh.es\/informacion-ambiental\/objetivos-ambientales-satdi\/paseos-saludables\/campus-de-elche\/\"><img loading=\"lazy\" class=\"alignnone wp-image-10801\" src=\"https:\/\/satdi.umh.es\/files\/2026\/01\/Portada-Elche-300x300.jpg\" alt=\"Campus d'Elx\" width=\"200\" height=\"200\" srcset=\"https:\/\/satdi.umh.es\/files\/2026\/01\/Portada-Elche-300x300.jpg 300w, https:\/\/satdi.umh.es\/files\/2026\/01\/Portada-Elche-150x150.jpg 150w, https:\/\/satdi.umh.es\/files\/2026\/01\/Portada-Elche.jpg 500w\" sizes=\"(max-width: 200px) 100vw, 200px\" \/><\/a>\u00a0\u00a0\u00a0\u00a0 <a href=\"https:\/\/satdi.umh.es\/informacion-ambiental\/objetivos-ambientales-satdi\/paseos-saludables\/campus-de-orihuela\/\"><img loading=\"lazy\" class=\"alignnone wp-image-10804\" src=\"https:\/\/satdi.umh.es\/files\/2026\/01\/Portada-Orihuela-300x300.jpg\" alt=\"Campus d'Oriola\" width=\"200\" height=\"200\" srcset=\"https:\/\/satdi.umh.es\/files\/2026\/01\/Portada-Orihuela-300x300.jpg 300w, https:\/\/satdi.umh.es\/files\/2026\/01\/Portada-Orihuela-150x150.jpg 150w, https:\/\/satdi.umh.es\/files\/2026\/01\/Portada-Orihuela.jpg 500w\" sizes=\"(max-width: 200px) 100vw, 200px\" \/><\/a><\/p>\n<p>&nbsp;<\/p>","protected":false},"excerpt":{"rendered":"<p>El passeig saludable \u00e9s una iniciativa que el nostre servei va posar en marxa des de ja fa uns quants anys; amb l&#8217;objectiu d&#8217;implementar h\u00e0bits saludables, fomentar la companyonia, lluitar contra la monotonia i l&#8217;estr\u00e8s diari i millorar la qualitat de vida de la comunitat universit\u00e0ria. Aquesta activitat est\u00e0 directament alineada amb l&#8217; Agenda 2030 [&#8230;]<\/p>\n","protected":false},"author":3770,"featured_media":0,"parent":8214,"menu_order":0,"comment_status":"closed","ping_status":"closed","template":"","meta":{"_links_to":"","_links_to_target":""},"_links":{"self":[{"href":"https:\/\/satdi.umh.es\/ca\/wp-json\/wp\/v2\/pages\/10792"}],"collection":[{"href":"https:\/\/satdi.umh.es\/ca\/wp-json\/wp\/v2\/pages"}],"about":[{"href":"https:\/\/satdi.umh.es\/ca\/wp-json\/wp\/v2\/types\/page"}],"author":[{"embeddable":true,"href":"https:\/\/satdi.umh.es\/ca\/wp-json\/wp\/v2\/users\/3770"}],"replies":[{"embeddable":true,"href":"https:\/\/satdi.umh.es\/ca\/wp-json\/wp\/v2\/comments?post=10792"}],"version-history":[{"count":0,"href":"https:\/\/satdi.umh.es\/ca\/wp-json\/wp\/v2\/pages\/10792\/revisions"}],"up":[{"embeddable":true,"href":"https:\/\/satdi.umh.es\/ca\/wp-json\/wp\/v2\/pages\/8214"}],"wp:attachment":[{"href":"https:\/\/satdi.umh.es\/ca\/wp-json\/wp\/v2\/media?parent=10792"}],"curies":[{"name":"wp","href":"https:\/\/api.w.org\/{rel}","templated":true}]}}