{"id":10831,"date":"2026-01-13T12:59:59","date_gmt":"2026-01-13T11:59:59","guid":{"rendered":"https:\/\/satdi.umh.es\/?page_id=10831"},"modified":"2026-02-20T14:59:19","modified_gmt":"2026-02-20T13:59:19","slug":"paseos-saludables-altea-2024","status":"publish","type":"page","link":"https:\/\/satdi.umh.es\/ca\/informacion-ambiental\/objetivos-ambientales-satdi\/paseos-saludables\/campus-de-altea\/paseos-saludables-altea-2024\/","title":{"rendered":"Passejades saludables Altea 2024"},"content":{"rendered":"<p><\/p>\n<h5><strong><span dir=\"auto\" style=\"vertical-align: inherit\"><span dir=\"auto\" style=\"vertical-align: inherit\">Passeig saludable (Octubre)\u00a0<\/span><\/span><\/strong><\/h5>\n<p><span dir=\"auto\" style=\"vertical-align: inherit\"><span dir=\"auto\" style=\"vertical-align: inherit\">Els compis d&#8217;Altea (M\u00aa Isabel P\u00e9rez, Roc Gomar, Josep Galvany i Mario Romero) van fer el primer passeig saludable del 2024 en una ruta molt agradable per les instal\u00b7lacions del campus llevant\u00ed, on a m\u00e9s de gaudir d&#8217;un temps fabul\u00f3s, tamb\u00e9 van poder aprendre una mica m\u00e9s sobre la flora vegetal que est\u00e0 disposada de llarg a llarg del complex.<\/span><\/span><\/p>\n<p><a href=\"https:\/\/satdi.umh.es\/files\/2026\/01\/2o-PASEO-SALUDABLE-ALTEA-2024-1-scaled.jpg\"><img loading=\"lazy\" class=\"alignnone wp-image-10840\" src=\"https:\/\/satdi.umh.es\/files\/2026\/01\/2o-PASEO-SALUDABLE-ALTEA-2024-1-1024x768.jpg\" alt=\"\" width=\"400\" height=\"300\" srcset=\"https:\/\/satdi.umh.es\/files\/2026\/01\/2o-PASEO-SALUDABLE-ALTEA-2024-1-1024x768.jpg 1024w, https:\/\/satdi.umh.es\/files\/2026\/01\/2o-PASEO-SALUDABLE-ALTEA-2024-1-300x225.jpg 300w, https:\/\/satdi.umh.es\/files\/2026\/01\/2o-PASEO-SALUDABLE-ALTEA-2024-1-768x576.jpg 768w, https:\/\/satdi.umh.es\/files\/2026\/01\/2o-PASEO-SALUDABLE-ALTEA-2024-1-1536x1152.jpg 1536w, https:\/\/satdi.umh.es\/files\/2026\/01\/2o-PASEO-SALUDABLE-ALTEA-2024-1-2048x1536.jpg 2048w\" sizes=\"(max-width: 400px) 100vw, 400px\" \/><\/a> \u00a0\u00a0 \u00a0 <a href=\"https:\/\/satdi.umh.es\/files\/2026\/01\/2o-PASEO-SALUDABLE-ALTEA-2024-2-scaled.jpg\"><img loading=\"lazy\" class=\"alignnone wp-image-10843\" src=\"https:\/\/satdi.umh.es\/files\/2026\/01\/2o-PASEO-SALUDABLE-ALTEA-2024-2-1024x768.jpg\" alt=\"\" width=\"400\" height=\"300\" srcset=\"https:\/\/satdi.umh.es\/files\/2026\/01\/2o-PASEO-SALUDABLE-ALTEA-2024-2-1024x768.jpg 1024w, https:\/\/satdi.umh.es\/files\/2026\/01\/2o-PASEO-SALUDABLE-ALTEA-2024-2-300x225.jpg 300w, https:\/\/satdi.umh.es\/files\/2026\/01\/2o-PASEO-SALUDABLE-ALTEA-2024-2-768x576.jpg 768w, https:\/\/satdi.umh.es\/files\/2026\/01\/2o-PASEO-SALUDABLE-ALTEA-2024-2-1536x1152.jpg 1536w, https:\/\/satdi.umh.es\/files\/2026\/01\/2o-PASEO-SALUDABLE-ALTEA-2024-2-2048x1536.jpg 2048w\" sizes=\"(max-width: 400px) 100vw, 400px\" \/><\/a><\/p>\n<p>&nbsp;<\/p>\n<h5><strong><span dir=\"auto\" style=\"vertical-align: inherit\"><span dir=\"auto\" style=\"vertical-align: inherit\">Passeig saludable (Desembre)<\/span><\/span><\/strong><\/h5>\n<p style=\"text-align: justify\"><span dir=\"auto\" style=\"vertical-align: inherit\"><span dir=\"auto\" style=\"vertical-align: inherit\">En aquest segon passeig saludable de l&#8217;any, el nostre personal t\u00e8cnic va aprofitar per fer una pausa necess\u00e0ria despr\u00e9s de mesos i mesos de feina. Despr\u00e9s de la caminada pertinent pels voltants del campus, una xerrada a un dels punts de trobada de la universitat va ser l&#8217;escenari ideal per posar en com\u00fa impressions, valoracions i aspectes que ens ha deixat aquest 2024 que ja s&#8217;acaba.<\/span><\/span><\/p>\n<p><a href=\"https:\/\/satdi.umh.es\/files\/2026\/01\/1o-PASEO-SALUDABLE-ALTEA-2024-1-scaled.jpg\"><img loading=\"lazy\" class=\"alignnone wp-image-10834\" src=\"https:\/\/satdi.umh.es\/files\/2026\/01\/1o-PASEO-SALUDABLE-ALTEA-2024-1-1024x768.jpg\" alt=\"\" width=\"400\" height=\"300\" srcset=\"https:\/\/satdi.umh.es\/files\/2026\/01\/1o-PASEO-SALUDABLE-ALTEA-2024-1-1024x768.jpg 1024w, https:\/\/satdi.umh.es\/files\/2026\/01\/1o-PASEO-SALUDABLE-ALTEA-2024-1-300x225.jpg 300w, https:\/\/satdi.umh.es\/files\/2026\/01\/1o-PASEO-SALUDABLE-ALTEA-2024-1-768x576.jpg 768w, https:\/\/satdi.umh.es\/files\/2026\/01\/1o-PASEO-SALUDABLE-ALTEA-2024-1-1536x1152.jpg 1536w, https:\/\/satdi.umh.es\/files\/2026\/01\/1o-PASEO-SALUDABLE-ALTEA-2024-1-2048x1536.jpg 2048w\" sizes=\"(max-width: 400px) 100vw, 400px\" \/><\/a> \u00a0 \u00a0 \u00a0<a href=\"https:\/\/satdi.umh.es\/files\/2026\/01\/1o-PASEO-SALUDABLE-ALTEA-2024-2-scaled.jpg\"><img loading=\"lazy\" class=\"alignnone wp-image-10837\" src=\"https:\/\/satdi.umh.es\/files\/2026\/01\/1o-PASEO-SALUDABLE-ALTEA-2024-2-1024x768.jpg\" alt=\"\" width=\"400\" height=\"300\" srcset=\"https:\/\/satdi.umh.es\/files\/2026\/01\/1o-PASEO-SALUDABLE-ALTEA-2024-2-1024x768.jpg 1024w, https:\/\/satdi.umh.es\/files\/2026\/01\/1o-PASEO-SALUDABLE-ALTEA-2024-2-300x225.jpg 300w, https:\/\/satdi.umh.es\/files\/2026\/01\/1o-PASEO-SALUDABLE-ALTEA-2024-2-768x576.jpg 768w, https:\/\/satdi.umh.es\/files\/2026\/01\/1o-PASEO-SALUDABLE-ALTEA-2024-2-1536x1152.jpg 1536w, https:\/\/satdi.umh.es\/files\/2026\/01\/1o-PASEO-SALUDABLE-ALTEA-2024-2-2048x1536.jpg 2048w\" sizes=\"(max-width: 400px) 100vw, 400px\" \/><\/a><\/p>\n<h4><\/h4>\n<p>&nbsp;<\/p>","protected":false},"excerpt":{"rendered":"<p>Passeig saludable (Octubre)\u00a0<br \/>\nEls compis d&#8217;Altea (M\u00aa Isabel P\u00e9rez, Roc Gomar, Josep Galvany i Mario Romero) van fer el primer passeig saludable del 2024 en una ruta molt agradable per les instal\u00b7lacions del campus llevant\u00ed, on a m\u00e9s de gaudir d&#8217;un temps fabul\u00f3s, tamb\u00e9 van poder aprendre una mica m\u00e9s sobre la flora vegetal que est\u00e0 [&#8230;]<\/p>\n","protected":false},"author":3770,"featured_media":0,"parent":10810,"menu_order":1,"comment_status":"closed","ping_status":"closed","template":"","meta":{"_links_to":"","_links_to_target":""},"_links":{"self":[{"href":"https:\/\/satdi.umh.es\/ca\/wp-json\/wp\/v2\/pages\/10831"}],"collection":[{"href":"https:\/\/satdi.umh.es\/ca\/wp-json\/wp\/v2\/pages"}],"about":[{"href":"https:\/\/satdi.umh.es\/ca\/wp-json\/wp\/v2\/types\/page"}],"author":[{"embeddable":true,"href":"https:\/\/satdi.umh.es\/ca\/wp-json\/wp\/v2\/users\/3770"}],"replies":[{"embeddable":true,"href":"https:\/\/satdi.umh.es\/ca\/wp-json\/wp\/v2\/comments?post=10831"}],"version-history":[{"count":0,"href":"https:\/\/satdi.umh.es\/ca\/wp-json\/wp\/v2\/pages\/10831\/revisions"}],"up":[{"embeddable":true,"href":"https:\/\/satdi.umh.es\/ca\/wp-json\/wp\/v2\/pages\/10810"}],"wp:attachment":[{"href":"https:\/\/satdi.umh.es\/ca\/wp-json\/wp\/v2\/media?parent=10831"}],"curies":[{"name":"wp","href":"https:\/\/api.w.org\/{rel}","templated":true}]}}