{"id":10846,"date":"2026-01-13T13:34:52","date_gmt":"2026-01-13T12:34:52","guid":{"rendered":"https:\/\/satdi.umh.es\/?page_id=10846"},"modified":"2026-02-20T15:00:25","modified_gmt":"2026-02-20T14:00:25","slug":"paseos-saludables-altea-2025","status":"publish","type":"page","link":"https:\/\/satdi.umh.es\/ca\/informacion-ambiental\/objetivos-ambientales-satdi\/paseos-saludables\/campus-de-altea\/paseos-saludables-altea-2025\/","title":{"rendered":"Passejades saludables Altea 2025"},"content":{"rendered":"<p><\/p>\n<h5><strong><span dir=\"auto\" style=\"vertical-align: inherit\"><span dir=\"auto\" style=\"vertical-align: inherit\">Passeig saludable (Abril)<\/span><\/span><\/strong><\/h5>\n<p style=\"text-align: justify\"><span dir=\"auto\" style=\"vertical-align: inherit\"><span dir=\"auto\" style=\"vertical-align: inherit\">L&#8217;oasi saludable del campus va ser en aquesta ocasi\u00f3 el punt de connexi\u00f3 dels nostres t\u00e8cnics per establir la primera parada saludable de l&#8217;any i deixar enrere per un instant el soroll laboral mundanal. El dia va acompanyar el personal, que no van dubtar a fer algun exercici funcional a l&#8217;\u00e0rea de calist\u00e8nia, alhora que aprofitaven per xerrar entre amics en un entorn singular.<\/span><\/span><\/p>\n<p><img loading=\"lazy\" class=\"alignnone wp-image-10849\" src=\"https:\/\/satdi.umh.es\/files\/2026\/01\/1o-PASEO-SALUDABLE-ALTEA-2025-1-1024x768.jpg\" alt=\"\" width=\"400\" height=\"300\" srcset=\"https:\/\/satdi.umh.es\/files\/2026\/01\/1o-PASEO-SALUDABLE-ALTEA-2025-1-1024x768.jpg 1024w, https:\/\/satdi.umh.es\/files\/2026\/01\/1o-PASEO-SALUDABLE-ALTEA-2025-1-300x225.jpg 300w, https:\/\/satdi.umh.es\/files\/2026\/01\/1o-PASEO-SALUDABLE-ALTEA-2025-1-768x576.jpg 768w, https:\/\/satdi.umh.es\/files\/2026\/01\/1o-PASEO-SALUDABLE-ALTEA-2025-1-1536x1152.jpg 1536w, https:\/\/satdi.umh.es\/files\/2026\/01\/1o-PASEO-SALUDABLE-ALTEA-2025-1-2048x1536.jpg 2048w\" sizes=\"(max-width: 400px) 100vw, 400px\" \/> \u00a0\u00a0 \u00a0\u00a0<a href=\"https:\/\/satdi.umh.es\/files\/2026\/01\/1o-PASEO-SALUDABLE-ALTEA-2025-2-scaled.jpg\"><img loading=\"lazy\" class=\"alignnone wp-image-10852\" src=\"https:\/\/satdi.umh.es\/files\/2026\/01\/1o-PASEO-SALUDABLE-ALTEA-2025-2-1024x768.jpg\" alt=\"\" width=\"400\" height=\"300\" srcset=\"https:\/\/satdi.umh.es\/files\/2026\/01\/1o-PASEO-SALUDABLE-ALTEA-2025-2-1024x768.jpg 1024w, https:\/\/satdi.umh.es\/files\/2026\/01\/1o-PASEO-SALUDABLE-ALTEA-2025-2-300x225.jpg 300w, https:\/\/satdi.umh.es\/files\/2026\/01\/1o-PASEO-SALUDABLE-ALTEA-2025-2-768x576.jpg 768w, https:\/\/satdi.umh.es\/files\/2026\/01\/1o-PASEO-SALUDABLE-ALTEA-2025-2-1536x1152.jpg 1536w, https:\/\/satdi.umh.es\/files\/2026\/01\/1o-PASEO-SALUDABLE-ALTEA-2025-2-2048x1536.jpg 2048w\" sizes=\"(max-width: 400px) 100vw, 400px\" \/><\/a><\/p>\n<p>&nbsp;<\/p>\n<h5><strong><span dir=\"auto\" style=\"vertical-align: inherit\"><span dir=\"auto\" style=\"vertical-align: inherit\">Passeig saludable (Octubre)<\/span><\/span><\/strong><\/h5>\n<p style=\"text-align: justify\"><span dir=\"auto\" style=\"vertical-align: inherit\"><span dir=\"auto\" style=\"vertical-align: inherit\">La segona cita de les passejades saludables a Altea es va realitzar en un altre lloc especial del campus, <\/span><\/span><strong><span dir=\"auto\" style=\"vertical-align: inherit\"><span dir=\"auto\" style=\"vertical-align: inherit\">el Spazio UMHsaludABLE<\/span><\/span><\/strong><span dir=\"auto\" style=\"vertical-align: inherit\"><span dir=\"auto\" style=\"vertical-align: inherit\"> , un entorn dissenyat per promoure el benestar f\u00edsic i mental de la comunitat universit\u00e0ria amb zones de jocs i exercici funcional. Ubicat a la 1a planta de l&#8217;Edifici Puig Campana, aquest lloc va ser el pati d&#8217;esbarjo dels nostres compis per complir el <\/span><\/span><em><span dir=\"auto\" style=\"vertical-align: inherit\"><span dir=\"auto\" style=\"vertical-align: inherit\">break<\/span><\/span><\/em><span dir=\"auto\" style=\"vertical-align: inherit\"><span dir=\"auto\" style=\"vertical-align: inherit\"> i desconnectar d&#8217;una manera sana i divertida.<\/span><\/span><\/p>\n<p><a href=\"https:\/\/satdi.umh.es\/files\/2026\/01\/2o-PASEO-SALUDABLE-ALTEA-2025-2-scaled.jpg\"><img loading=\"lazy\" class=\"alignnone wp-image-10858\" src=\"https:\/\/satdi.umh.es\/files\/2026\/01\/2o-PASEO-SALUDABLE-ALTEA-2025-2-1024x768.jpg\" alt=\"\" width=\"400\" height=\"300\" srcset=\"https:\/\/satdi.umh.es\/files\/2026\/01\/2o-PASEO-SALUDABLE-ALTEA-2025-2-1024x768.jpg 1024w, https:\/\/satdi.umh.es\/files\/2026\/01\/2o-PASEO-SALUDABLE-ALTEA-2025-2-300x225.jpg 300w, https:\/\/satdi.umh.es\/files\/2026\/01\/2o-PASEO-SALUDABLE-ALTEA-2025-2-768x576.jpg 768w, https:\/\/satdi.umh.es\/files\/2026\/01\/2o-PASEO-SALUDABLE-ALTEA-2025-2-1536x1152.jpg 1536w, https:\/\/satdi.umh.es\/files\/2026\/01\/2o-PASEO-SALUDABLE-ALTEA-2025-2-2048x1536.jpg 2048w\" sizes=\"(max-width: 400px) 100vw, 400px\" \/><\/a> \u00a0 \u00a0 <a href=\"https:\/\/satdi.umh.es\/files\/2026\/01\/2o-PASEO-SALUDABLE-ALTEA-2025-1-scaled.jpg\"><img loading=\"lazy\" class=\"alignnone wp-image-10855\" src=\"https:\/\/satdi.umh.es\/files\/2026\/01\/2o-PASEO-SALUDABLE-ALTEA-2025-1-1024x768.jpg\" alt=\"\" width=\"400\" height=\"300\" srcset=\"https:\/\/satdi.umh.es\/files\/2026\/01\/2o-PASEO-SALUDABLE-ALTEA-2025-1-1024x768.jpg 1024w, https:\/\/satdi.umh.es\/files\/2026\/01\/2o-PASEO-SALUDABLE-ALTEA-2025-1-300x225.jpg 300w, https:\/\/satdi.umh.es\/files\/2026\/01\/2o-PASEO-SALUDABLE-ALTEA-2025-1-768x576.jpg 768w, https:\/\/satdi.umh.es\/files\/2026\/01\/2o-PASEO-SALUDABLE-ALTEA-2025-1-1536x1152.jpg 1536w, https:\/\/satdi.umh.es\/files\/2026\/01\/2o-PASEO-SALUDABLE-ALTEA-2025-1-2048x1536.jpg 2048w\" sizes=\"(max-width: 400px) 100vw, 400px\" \/><\/a><\/p>\n<p><a href=\"https:\/\/satdi.umh.es\/files\/2026\/01\/2o-PASEO-SALUDABLE-ALTEA-2025-3-scaled.jpg\"><img loading=\"lazy\" class=\"alignnone wp-image-10861\" src=\"https:\/\/satdi.umh.es\/files\/2026\/01\/2o-PASEO-SALUDABLE-ALTEA-2025-3-1024x768.jpg\" alt=\"\" width=\"400\" height=\"300\" srcset=\"https:\/\/satdi.umh.es\/files\/2026\/01\/2o-PASEO-SALUDABLE-ALTEA-2025-3-1024x768.jpg 1024w, https:\/\/satdi.umh.es\/files\/2026\/01\/2o-PASEO-SALUDABLE-ALTEA-2025-3-300x225.jpg 300w, https:\/\/satdi.umh.es\/files\/2026\/01\/2o-PASEO-SALUDABLE-ALTEA-2025-3-768x576.jpg 768w, https:\/\/satdi.umh.es\/files\/2026\/01\/2o-PASEO-SALUDABLE-ALTEA-2025-3-1536x1152.jpg 1536w, https:\/\/satdi.umh.es\/files\/2026\/01\/2o-PASEO-SALUDABLE-ALTEA-2025-3-2048x1536.jpg 2048w\" sizes=\"(max-width: 400px) 100vw, 400px\" \/><\/a> \u00a0\u00a0 \u00a0<a href=\"https:\/\/satdi.umh.es\/files\/2026\/01\/2o-PASEO-SALUDABLE-ALTEA-2025-4-scaled.jpg\"><img loading=\"lazy\" class=\"alignnone wp-image-10864\" src=\"https:\/\/satdi.umh.es\/files\/2026\/01\/2o-PASEO-SALUDABLE-ALTEA-2025-4-1024x768.jpg\" alt=\"\" width=\"400\" height=\"300\" srcset=\"https:\/\/satdi.umh.es\/files\/2026\/01\/2o-PASEO-SALUDABLE-ALTEA-2025-4-1024x768.jpg 1024w, https:\/\/satdi.umh.es\/files\/2026\/01\/2o-PASEO-SALUDABLE-ALTEA-2025-4-300x225.jpg 300w, https:\/\/satdi.umh.es\/files\/2026\/01\/2o-PASEO-SALUDABLE-ALTEA-2025-4-768x576.jpg 768w, https:\/\/satdi.umh.es\/files\/2026\/01\/2o-PASEO-SALUDABLE-ALTEA-2025-4-1536x1152.jpg 1536w, https:\/\/satdi.umh.es\/files\/2026\/01\/2o-PASEO-SALUDABLE-ALTEA-2025-4-2048x1536.jpg 2048w\" sizes=\"(max-width: 400px) 100vw, 400px\" \/><\/a><\/p>\n<p>&nbsp;<\/p>\n<p>&nbsp;<\/p>","protected":false},"excerpt":{"rendered":"<p>Passeig saludable (Abril)<br \/>\nL&#8217;oasi saludable del campus va ser en aquesta ocasi\u00f3 el punt de connexi\u00f3 dels nostres t\u00e8cnics per establir la primera parada saludable de l&#8217;any i deixar enrere per un instant el soroll laboral mundanal. El dia va acompanyar el personal, que no van dubtar a fer algun exercici funcional a l&#8217;\u00e0rea de calist\u00e8nia, [&#8230;]<\/p>\n","protected":false},"author":3770,"featured_media":0,"parent":10810,"menu_order":2,"comment_status":"closed","ping_status":"closed","template":"","meta":{"_links_to":"","_links_to_target":""},"_links":{"self":[{"href":"https:\/\/satdi.umh.es\/ca\/wp-json\/wp\/v2\/pages\/10846"}],"collection":[{"href":"https:\/\/satdi.umh.es\/ca\/wp-json\/wp\/v2\/pages"}],"about":[{"href":"https:\/\/satdi.umh.es\/ca\/wp-json\/wp\/v2\/types\/page"}],"author":[{"embeddable":true,"href":"https:\/\/satdi.umh.es\/ca\/wp-json\/wp\/v2\/users\/3770"}],"replies":[{"embeddable":true,"href":"https:\/\/satdi.umh.es\/ca\/wp-json\/wp\/v2\/comments?post=10846"}],"version-history":[{"count":0,"href":"https:\/\/satdi.umh.es\/ca\/wp-json\/wp\/v2\/pages\/10846\/revisions"}],"up":[{"embeddable":true,"href":"https:\/\/satdi.umh.es\/ca\/wp-json\/wp\/v2\/pages\/10810"}],"wp:attachment":[{"href":"https:\/\/satdi.umh.es\/ca\/wp-json\/wp\/v2\/media?parent=10846"}],"curies":[{"name":"wp","href":"https:\/\/api.w.org\/{rel}","templated":true}]}}