{"id":10870,"date":"2026-01-13T13:44:27","date_gmt":"2026-01-13T12:44:27","guid":{"rendered":"https:\/\/satdi.umh.es\/?page_id=10870"},"modified":"2026-02-19T20:49:31","modified_gmt":"2026-02-19T19:49:31","slug":"paseos-saludables-sant-joan-2024","status":"publish","type":"page","link":"https:\/\/satdi.umh.es\/ca\/informacion-ambiental\/objetivos-ambientales-satdi\/paseos-saludables\/campus-de-sant-joan\/paseos-saludables-sant-joan-2024\/","title":{"rendered":"Passejades saludables Sant Joan 2024"},"content":{"rendered":"<p><\/p>\n<div class=\"css-175oi2r r-16y2uox r-1pi2tsx r-13qz1uu\">\n<div class=\"css-175oi2r r-1p0dtai r-1d2f490 r-1udh08x r-u8s1d r-zchlnj r-ipm5af\">\n<div class=\"css-175oi2r r-1mlwlqe r-1udh08x r-417010 r-1p0dtai r-1d2f490 r-u8s1d r-zchlnj r-ipm5af\" aria-label=\"Imatge\" data-testid=\"tweetPhoto\">\n<div id=\"id__2ikvo1kb24v\" class=\"css-175oi2r r-9aw3ui r-1s2bzr4\" aria-labelledby=\"id__4hlxsbynv2c id__tl56f54474f\">\n<div class=\"css-175oi2r r-9aw3ui\">\n<div class=\"css-175oi2r\">\n<div class=\"css-175oi2r\">\n<div class=\"css-175oi2r r-1ets6dv r-1phboty r-rs99b7 r-1867qdf r-1udh08x r-o7ynqc r-6416eg r-1ny4l3l\">\n<div class=\"css-175oi2r r-1adg3ll r-1udh08x\">\n<div class=\"r-1p0dtai r-1pi2tsx r-1d2f490 r-u8s1d r-ipm5af r-13qz1uu\">\n<div class=\"css-175oi2r r-1pi2tsx r-13qz1uu r-eqz5dr\">\n<div class=\"css-175oi2r r-zl2h9q r-1iusvr4 r-16y2uox r-18u37iz\">\n<div class=\"css-175oi2r r-1iusvr4 r-16y2uox r-bnwqim r-x1x4zq\">\n<div class=\"css-175oi2r r-16y2uox r-1pi2tsx r-13qz1uu\">\n<div class=\"css-175oi2r r-1p0dtai r-1d2f490 r-1udh08x r-u8s1d r-zchlnj r-ipm5af\">\n<div class=\"css-175oi2r r-1mlwlqe r-1udh08x r-417010 r-1p0dtai r-1d2f490 r-u8s1d r-zchlnj r-ipm5af\" aria-label=\"Imatge\" data-testid=\"tweetPhoto\">\n<div class=\"css-175oi2r r-16y2uox r-1pi2tsx r-13qz1uu\">\n<div class=\"css-175oi2r r-1p0dtai r-1d2f490 r-1udh08x r-u8s1d r-zchlnj r-ipm5af\">\n<div class=\"css-175oi2r r-1mlwlqe r-1udh08x r-417010 r-1p0dtai r-1d2f490 r-u8s1d r-zchlnj r-ipm5af\" aria-label=\"Imatge\" data-testid=\"tweetPhoto\">\n<div id=\"id__2ikvo1kb24v\" class=\"css-175oi2r r-9aw3ui r-1s2bzr4\" aria-labelledby=\"id__4hlxsbynv2c id__tl56f54474f\">\n<div class=\"css-175oi2r r-9aw3ui\">\n<div class=\"css-175oi2r\">\n<div class=\"css-175oi2r\">\n<div class=\"css-175oi2r r-1ets6dv r-1phboty r-rs99b7 r-1867qdf r-1udh08x r-o7ynqc r-6416eg r-1ny4l3l\">\n<div class=\"css-175oi2r r-1adg3ll r-1udh08x\">\n<div class=\"r-1p0dtai r-1pi2tsx r-1d2f490 r-u8s1d r-ipm5af r-13qz1uu\">\n<div class=\"css-175oi2r r-1pi2tsx r-13qz1uu r-eqz5dr\">\n<div class=\"css-175oi2r r-zl2h9q r-1iusvr4 r-16y2uox r-18u37iz\">\n<div class=\"css-175oi2r r-1iusvr4 r-16y2uox r-bnwqim r-x1x4zq\">\n<div class=\"css-175oi2r r-16y2uox r-1pi2tsx r-13qz1uu\">\n<div class=\"css-175oi2r r-1p0dtai r-1d2f490 r-1udh08x r-u8s1d r-zchlnj r-ipm5af\">\n<h5 class=\"css-175oi2r r-1mlwlqe r-1udh08x r-417010 r-1p0dtai r-1d2f490 r-u8s1d r-zchlnj r-ipm5af\" aria-label=\"Imatge\" data-testid=\"tweetPhoto\"><strong><span dir=\"auto\" style=\"vertical-align: inherit\"><span dir=\"auto\" style=\"vertical-align: inherit\">Passeig saludable estiuenc (Juliol)<\/span><\/span><\/strong><\/h5>\n<\/div>\n<\/div>\n<\/div>\n<\/div>\n<\/div>\n<\/div>\n<\/div>\n<\/div>\n<\/div>\n<\/div>\n<\/div>\n<\/div>\n<\/div>\n<\/div>\n<\/div>\n<\/div>\n<\/div>\n<\/div>\n<\/div>\n<\/div>\n<\/div>\n<\/div>\n<\/div>\n<\/div>\n<\/div>\n<\/div>\n<\/div>\n<\/div>\n<\/div>\n<\/div>\n<\/div>\n<div class=\"css-175oi2r r-16y2uox r-1pi2tsx r-13qz1uu\">\n<div class=\"css-175oi2r r-1p0dtai r-1d2f490 r-1udh08x r-u8s1d r-zchlnj r-ipm5af\">\n<p style=\"text-align: justify\"><span dir=\"auto\" style=\"vertical-align: inherit\"><span dir=\"auto\" style=\"vertical-align: inherit\">A primers de juliol, abans de les vacances d&#8217;estiu, el nostre personal va fer el primer passeig saludable de l&#8217;any. T\u00e8cnics de diferents especialitats es van reunir per compartir inquietuds i temps de qualitat, en una cita que va estar marcada per un clima ideal i, sobretot, pel bon ambient entre els integrants. I \u00e9s que les passejades saludables s\u00f3n una bona manera de trencar amb l&#8217;estr\u00e8s, socialitzar i mantenir-se en forma.<\/span><\/span><\/p>\n<p><a href=\"https:\/\/satdi.umh.es\/files\/2024\/09\/Paseo-saludable-SANT-JOAN-Julio-2024.jpg\"><img loading=\"lazy\" class=\"alignnone wp-image-8229\" src=\"https:\/\/satdi.umh.es\/files\/2024\/09\/Paseo-saludable-SANT-JOAN-Julio-2024-1024x1024.jpg\" alt=\"\" width=\"507\" height=\"507\" srcset=\"https:\/\/satdi.umh.es\/files\/2024\/09\/Paseo-saludable-SANT-JOAN-Julio-2024-1024x1024.jpg 1024w, https:\/\/satdi.umh.es\/files\/2024\/09\/Paseo-saludable-SANT-JOAN-Julio-2024-300x300.jpg 300w, https:\/\/satdi.umh.es\/files\/2024\/09\/Paseo-saludable-SANT-JOAN-Julio-2024-150x150.jpg 150w, https:\/\/satdi.umh.es\/files\/2024\/09\/Paseo-saludable-SANT-JOAN-Julio-2024-768x768.jpg 768w, https:\/\/satdi.umh.es\/files\/2024\/09\/Paseo-saludable-SANT-JOAN-Julio-2024-1536x1536.jpg 1536w, https:\/\/satdi.umh.es\/files\/2024\/09\/Paseo-saludable-SANT-JOAN-Julio-2024.jpg 2048w\" sizes=\"(max-width: 507px) 100vw, 507px\" \/><\/a><\/p>\n<\/div>\n<\/div>\n<p>&nbsp;<\/p>\n<h5 style=\"text-align: justify\"><strong><span dir=\"auto\" style=\"vertical-align: inherit\"><span dir=\"auto\" style=\"vertical-align: inherit\">Passeig saludable nadalenc (Desembre)<\/span><\/span><\/strong><\/h5>\n<p style=\"text-align: justify\"><span class=\"css-1jxf684 r-bcqeeo r-1ttztb7 r-qvutc0 r-poiln3\"><span dir=\"auto\" style=\"vertical-align: inherit\"><span dir=\"auto\" style=\"vertical-align: inherit\">Els nostres compis de Sant Joan van voler acomiadar <\/span><\/span><\/span><span class=\"css-1jxf684 r-bcqeeo r-1ttztb7 r-qvutc0 r-poiln3\"><span dir=\"auto\" style=\"vertical-align: inherit\"><span dir=\"auto\" style=\"vertical-align: inherit\">el 2024 amb un nou\u00a0 <\/span><\/span><\/span><span class=\"r-18u37iz\"><span dir=\"auto\" style=\"vertical-align: inherit\"><span dir=\"auto\" style=\"vertical-align: inherit\">passeig saludable <\/span><\/span><\/span><span class=\"css-1jxf684 r-bcqeeo r-1ttztb7 r-qvutc0 r-poiln3\"><span dir=\"auto\" style=\"vertical-align: inherit\"><span dir=\"auto\" style=\"vertical-align: inherit\">\u00a0en qu\u00e8 van desconnectar per connectar. Una activitat que va passar amb una amena caminada pels voltants de la universitat i que va acabar en una reuni\u00f3 d&#8217;equip distesa que va ser, sens dubte, l&#8217;avantsala dels dies de festa que posteriorment arribarien per a tots.\u00a0<\/span><\/span><\/span><\/p>\n<h5><a href=\"https:\/\/satdi.umh.es\/files\/2025\/01\/Image_20241217_145147_304.jpeg\"><img loading=\"lazy\" class=\"alignnone wp-image-8945\" src=\"https:\/\/satdi.umh.es\/files\/2025\/01\/Image_20241217_145147_304-1024x768.jpeg\" alt=\"\" width=\"313\" height=\"235\" srcset=\"https:\/\/satdi.umh.es\/files\/2025\/01\/Image_20241217_145147_304-1024x768.jpeg 1024w, https:\/\/satdi.umh.es\/files\/2025\/01\/Image_20241217_145147_304-300x225.jpeg 300w, https:\/\/satdi.umh.es\/files\/2025\/01\/Image_20241217_145147_304-768x576.jpeg 768w, https:\/\/satdi.umh.es\/files\/2025\/01\/Image_20241217_145147_304-1536x1152.jpeg 1536w, https:\/\/satdi.umh.es\/files\/2025\/01\/Image_20241217_145147_304.jpeg 1600w\" sizes=\"(max-width: 313px) 100vw, 313px\" \/><\/a>\u00a0 \u00a0 \u00a0\u00a0<a href=\"https:\/\/satdi.umh.es\/files\/2025\/01\/Image_20241217_145144_377.jpeg\"><img loading=\"lazy\" class=\"alignnone wp-image-8939\" src=\"https:\/\/satdi.umh.es\/files\/2025\/01\/Image_20241217_145144_377-1024x768.jpeg\" alt=\"\" width=\"313\" height=\"235\" srcset=\"https:\/\/satdi.umh.es\/files\/2025\/01\/Image_20241217_145144_377-1024x768.jpeg 1024w, https:\/\/satdi.umh.es\/files\/2025\/01\/Image_20241217_145144_377-300x225.jpeg 300w, https:\/\/satdi.umh.es\/files\/2025\/01\/Image_20241217_145144_377-768x576.jpeg 768w, https:\/\/satdi.umh.es\/files\/2025\/01\/Image_20241217_145144_377-1536x1152.jpeg 1536w, https:\/\/satdi.umh.es\/files\/2025\/01\/Image_20241217_145144_377.jpeg 1600w\" sizes=\"(max-width: 313px) 100vw, 313px\" \/><\/a>\u00a0 \u00a0 \u00a0\u00a0<a href=\"https:\/\/satdi.umh.es\/files\/2025\/01\/Image_20241217_145144_573.jpeg\"><img loading=\"lazy\" class=\"alignnone wp-image-8942\" src=\"https:\/\/satdi.umh.es\/files\/2025\/01\/Image_20241217_145144_573-768x1024.jpeg\" alt=\"\" width=\"176\" height=\"234\" srcset=\"https:\/\/satdi.umh.es\/files\/2025\/01\/Image_20241217_145144_573-768x1024.jpeg 768w, https:\/\/satdi.umh.es\/files\/2025\/01\/Image_20241217_145144_573-225x300.jpeg 225w, https:\/\/satdi.umh.es\/files\/2025\/01\/Image_20241217_145144_573-1152x1536.jpeg 1152w, https:\/\/satdi.umh.es\/files\/2025\/01\/Image_20241217_145144_573.jpeg 1200w\" sizes=\"(max-width: 176px) 100vw, 176px\" \/><\/a><\/h5>\n<p>&nbsp;<\/p>\n<p>&nbsp;<\/p>","protected":false},"excerpt":{"rendered":"<p>Passeig saludable estiuenc (Juliol)<\/p>\n<p>A primers de juliol, abans de les vacances d&#8217;estiu, el nostre personal va fer el primer passeig saludable de l&#8217;any. T\u00e8cnics de diferents especialitats es van reunir per compartir inquietuds i temps de qualitat, en una cita que va estar marcada per un clima ideal i, sobretot, pel bon ambient entre els [&#8230;]<\/p>\n","protected":false},"author":3770,"featured_media":0,"parent":8217,"menu_order":2,"comment_status":"closed","ping_status":"closed","template":"","meta":{"_links_to":"","_links_to_target":""},"_links":{"self":[{"href":"https:\/\/satdi.umh.es\/ca\/wp-json\/wp\/v2\/pages\/10870"}],"collection":[{"href":"https:\/\/satdi.umh.es\/ca\/wp-json\/wp\/v2\/pages"}],"about":[{"href":"https:\/\/satdi.umh.es\/ca\/wp-json\/wp\/v2\/types\/page"}],"author":[{"embeddable":true,"href":"https:\/\/satdi.umh.es\/ca\/wp-json\/wp\/v2\/users\/3770"}],"replies":[{"embeddable":true,"href":"https:\/\/satdi.umh.es\/ca\/wp-json\/wp\/v2\/comments?post=10870"}],"version-history":[{"count":0,"href":"https:\/\/satdi.umh.es\/ca\/wp-json\/wp\/v2\/pages\/10870\/revisions"}],"up":[{"embeddable":true,"href":"https:\/\/satdi.umh.es\/ca\/wp-json\/wp\/v2\/pages\/8217"}],"wp:attachment":[{"href":"https:\/\/satdi.umh.es\/ca\/wp-json\/wp\/v2\/media?parent=10870"}],"curies":[{"name":"wp","href":"https:\/\/api.w.org\/{rel}","templated":true}]}}