{"id":10873,"date":"2026-01-13T13:45:56","date_gmt":"2026-01-13T12:45:56","guid":{"rendered":"https:\/\/satdi.umh.es\/?page_id=10873"},"modified":"2026-02-19T20:50:46","modified_gmt":"2026-02-19T19:50:46","slug":"paseos-saludables-sant-joan-2025","status":"publish","type":"page","link":"https:\/\/satdi.umh.es\/ca\/informacion-ambiental\/objetivos-ambientales-satdi\/paseos-saludables\/campus-de-sant-joan\/paseos-saludables-sant-joan-2025\/","title":{"rendered":"Passejades saludables Sant Joan 2025"},"content":{"rendered":"<p><\/p>\n<h5 style=\"text-align: justify\"><strong><span dir=\"auto\" style=\"vertical-align: inherit\"><span dir=\"auto\" style=\"vertical-align: inherit\">Passeig saludable estiuenc (Juliol)<\/span><\/span><\/strong><\/h5>\n<p style=\"text-align: justify\"><span class=\"css-1jxf684 r-bcqeeo r-1ttztb7 r-qvutc0 r-poiln3\"><span dir=\"auto\" style=\"vertical-align: inherit\"><span dir=\"auto\" style=\"vertical-align: inherit\">El primer passeig del 2025 per als t\u00e8cnics de Sant Joan es va celebrar a les portes de l&#8217;estiu, als <\/span><\/span><\/span><span class=\"css-1jxf684 r-bcqeeo r-1ttztb7 r-qvutc0 r-poiln3\"><span dir=\"auto\" style=\"vertical-align: inherit\"><span dir=\"auto\" style=\"vertical-align: inherit\">jardins i rodalies de l&#8217;edifici <\/span><\/span><\/span><span class=\"r-18u37iz\"><span dir=\"auto\" style=\"vertical-align: inherit\"><span dir=\"auto\" style=\"vertical-align: inherit\">Severo Ochoa. Aquesta cita va comptar amb una incorporaci\u00f3 nova, la del t\u00e8cnic de comunicaci\u00f3 Sergio Alejandro Mart\u00edn Estrada (company del campus d&#8217;Elx), que va estar diversos dies de formaci\u00f3 per Alacant i que no s&#8217;ho va voler perdre. Una activitat fant\u00e0stica <\/span><\/span><\/span><span class=\"css-1jxf684 r-bcqeeo r-1ttztb7 r-qvutc0 r-poiln3\"><span dir=\"auto\" style=\"vertical-align: inherit\"><span dir=\"auto\" style=\"vertical-align: inherit\">en aquestes dates i que va culminar, com no podia ser d&#8217;una altra manera, amb un petit dinar a les proximitats del campus.\u00a0<\/span><\/span><\/span><\/p>\n<p><a href=\"https:\/\/satdi.umh.es\/files\/2025\/10\/Paseo-saludable-julio-2025.jpg\"><img loading=\"lazy\" class=\"alignnone wp-image-10246\" src=\"https:\/\/satdi.umh.es\/files\/2025\/10\/Paseo-saludable-julio-2025-1024x768.jpg\" alt=\"\" width=\"400\" height=\"300\" srcset=\"https:\/\/satdi.umh.es\/files\/2025\/10\/Paseo-saludable-julio-2025-1024x768.jpg 1024w, https:\/\/satdi.umh.es\/files\/2025\/10\/Paseo-saludable-julio-2025-300x225.jpg 300w, https:\/\/satdi.umh.es\/files\/2025\/10\/Paseo-saludable-julio-2025-768x576.jpg 768w, https:\/\/satdi.umh.es\/files\/2025\/10\/Paseo-saludable-julio-2025-1536x1152.jpg 1536w, https:\/\/satdi.umh.es\/files\/2025\/10\/Paseo-saludable-julio-2025.jpg 2048w\" sizes=\"(max-width: 400px) 100vw, 400px\" \/><\/a>\u00a0\u00a0\u00a0\u00a0\u00a0<a href=\"https:\/\/satdi.umh.es\/files\/2025\/10\/Paseo-saludable-julio-2025_2.jpg\"><img loading=\"lazy\" class=\"alignnone wp-image-10249\" src=\"https:\/\/satdi.umh.es\/files\/2025\/10\/Paseo-saludable-julio-2025_2-1024x768.jpg\" alt=\"\" width=\"400\" height=\"300\" srcset=\"https:\/\/satdi.umh.es\/files\/2025\/10\/Paseo-saludable-julio-2025_2-1024x768.jpg 1024w, https:\/\/satdi.umh.es\/files\/2025\/10\/Paseo-saludable-julio-2025_2-300x225.jpg 300w, https:\/\/satdi.umh.es\/files\/2025\/10\/Paseo-saludable-julio-2025_2-768x576.jpg 768w, https:\/\/satdi.umh.es\/files\/2025\/10\/Paseo-saludable-julio-2025_2-1536x1152.jpg 1536w, https:\/\/satdi.umh.es\/files\/2025\/10\/Paseo-saludable-julio-2025_2.jpg 2048w\" sizes=\"(max-width: 400px) 100vw, 400px\" \/><\/a><\/p>\n<h5><\/h5>\n<p>&nbsp;<\/p>\n<h5><strong><span dir=\"auto\" style=\"vertical-align: inherit\"><span dir=\"auto\" style=\"vertical-align: inherit\">Passeig saludable hivernal (Desembre)<\/span><\/span><\/strong><\/h5>\n<p style=\"text-align: justify\"><span dir=\"auto\" style=\"vertical-align: inherit\"><span dir=\"auto\" style=\"vertical-align: inherit\">Els compis de Sant Joan no van voler acomiadar l&#8217;any sense fer el segon passeig saludable del 2025. El van realitzar, com sol ser habitual, pels voltants del campus i les pedanies properes. Un recorregut que va estar carregat de molt bons desitjos per a les properes dates nadalenques i per a l&#8217;any entrant que queda a tocar. En definitiva, un respir abans de l&#8217;\u00faltima empenta laboral pr\u00e8via a les vacances.<\/span><\/span><\/p>\n<p><a href=\"https:\/\/satdi.umh.es\/files\/2026\/01\/Paseo-saludable-Campus-SJ-11-12-2025.jpg\"><img loading=\"lazy\" class=\"alignnone wp-image-10987\" src=\"https:\/\/satdi.umh.es\/files\/2026\/01\/Paseo-saludable-Campus-SJ-11-12-2025-1024x768.jpg\" alt=\"\" width=\"400\" height=\"300\" srcset=\"https:\/\/satdi.umh.es\/files\/2026\/01\/Paseo-saludable-Campus-SJ-11-12-2025-1024x768.jpg 1024w, https:\/\/satdi.umh.es\/files\/2026\/01\/Paseo-saludable-Campus-SJ-11-12-2025-300x225.jpg 300w, https:\/\/satdi.umh.es\/files\/2026\/01\/Paseo-saludable-Campus-SJ-11-12-2025-768x576.jpg 768w, https:\/\/satdi.umh.es\/files\/2026\/01\/Paseo-saludable-Campus-SJ-11-12-2025-1536x1152.jpg 1536w, https:\/\/satdi.umh.es\/files\/2026\/01\/Paseo-saludable-Campus-SJ-11-12-2025.jpg 1600w\" sizes=\"(max-width: 400px) 100vw, 400px\" \/><\/a><\/p>\n<p>&nbsp;<\/p>","protected":false},"excerpt":{"rendered":"<p>Passeig saludable estiuenc (Juliol)<br \/>\nEl primer passeig del 2025 per als t\u00e8cnics de Sant Joan es va celebrar a les portes de l&#8217;estiu, als jardins i rodalies de l&#8217;edifici Severo Ochoa. Aquesta cita va comptar amb una incorporaci\u00f3 nova, la del t\u00e8cnic de comunicaci\u00f3 Sergio Alejandro Mart\u00edn Estrada (company del campus d&#8217;Elx), que va estar diversos [&#8230;]<\/p>\n","protected":false},"author":3770,"featured_media":0,"parent":8217,"menu_order":3,"comment_status":"closed","ping_status":"closed","template":"","meta":{"_links_to":"","_links_to_target":""},"_links":{"self":[{"href":"https:\/\/satdi.umh.es\/ca\/wp-json\/wp\/v2\/pages\/10873"}],"collection":[{"href":"https:\/\/satdi.umh.es\/ca\/wp-json\/wp\/v2\/pages"}],"about":[{"href":"https:\/\/satdi.umh.es\/ca\/wp-json\/wp\/v2\/types\/page"}],"author":[{"embeddable":true,"href":"https:\/\/satdi.umh.es\/ca\/wp-json\/wp\/v2\/users\/3770"}],"replies":[{"embeddable":true,"href":"https:\/\/satdi.umh.es\/ca\/wp-json\/wp\/v2\/comments?post=10873"}],"version-history":[{"count":0,"href":"https:\/\/satdi.umh.es\/ca\/wp-json\/wp\/v2\/pages\/10873\/revisions"}],"up":[{"embeddable":true,"href":"https:\/\/satdi.umh.es\/ca\/wp-json\/wp\/v2\/pages\/8217"}],"wp:attachment":[{"href":"https:\/\/satdi.umh.es\/ca\/wp-json\/wp\/v2\/media?parent=10873"}],"curies":[{"name":"wp","href":"https:\/\/api.w.org\/{rel}","templated":true}]}}