{"id":10948,"date":"2026-01-13T14:59:40","date_gmt":"2026-01-13T13:59:40","guid":{"rendered":"https:\/\/satdi.umh.es\/?page_id=10948"},"modified":"2026-02-20T14:32:35","modified_gmt":"2026-02-20T13:32:35","slug":"paseos-saludables-orihuela-2022","status":"publish","type":"page","link":"https:\/\/satdi.umh.es\/ca\/informacion-ambiental\/objetivos-ambientales-satdi\/paseos-saludables\/campus-de-orihuela\/paseos-saludables-orihuela-2022\/","title":{"rendered":"Passejades saludables Oriola 2022"},"content":{"rendered":"<p><\/p>\n<h5><strong>Passeig saludable (Octubre)<\/strong><\/h5>\n<p>El nostre company <strong>Josep Maria S\u00e1nchez Larrosa<\/strong> va ser en aquesta ocasi\u00f3 l&#8217;encarregat d&#8217;organitzar el segon passeig saludable del 2022 amb els t\u00e8cnics de <a href=\"https:\/\/epso.umh.es\/\"><strong>l&#8217;Escola Polit\u00e8cnica Superior d&#8217;Oriola (EPSO),<\/strong><\/a> la qual es troba al <strong>Campus de Desemparats.<\/strong> En aquesta trobada, els nostres t\u00e8cnics van tenir l&#8217;oportunitat de con\u00e8ixer m\u00e9s i millor sobre la finca i la flora on s&#8217;ubica la universitat. Aquesta activitat s&#8217;emmarca en els <a href=\"https:\/\/internacional.umh.es\/cooperacion-y-voluntariado\/compromiso-ods\/\"><strong>Objectius de Desenvolupament Sostenible (ODS) de l&#8217;Agenda 2030.<\/strong><\/a> En concret, s&#8217;enquadra en <strong>l&#8217;objectiu n\u00famero 3 Salut i Benestar,<\/strong> que t\u00e9 com a premissa garantir una vida sana i promoure el benestar a totes les edats.<\/p>\n<p><a href=\"https:\/\/satdi.umh.es\/files\/2024\/09\/Paseo-saludable-ORIHUELA-2022-scaled.jpg\"><img loading=\"lazy\" class=\"alignnone wp-image-8226\" src=\"https:\/\/satdi.umh.es\/files\/2024\/09\/Paseo-saludable-ORIHUELA-2022-1024x576.jpg\" alt=\"\" width=\"667\" height=\"375\" srcset=\"https:\/\/satdi.umh.es\/files\/2024\/09\/Paseo-saludable-ORIHUELA-2022-1024x576.jpg 1024w, https:\/\/satdi.umh.es\/files\/2024\/09\/Paseo-saludable-ORIHUELA-2022-300x169.jpg 300w, https:\/\/satdi.umh.es\/files\/2024\/09\/Paseo-saludable-ORIHUELA-2022-768x432.jpg 768w, https:\/\/satdi.umh.es\/files\/2024\/09\/Paseo-saludable-ORIHUELA-2022-1536x864.jpg 1536w, https:\/\/satdi.umh.es\/files\/2024\/09\/Paseo-saludable-ORIHUELA-2022-2048x1152.jpg 2048w\" sizes=\"(max-width: 667px) 100vw, 667px\" \/><\/a>\u00a0 \u00a0 \u00a0 \u00a0 \u00a0 \u00a0 \u00a0\u00a0<img loading=\"lazy\" class=\"alignnone wp-image-8223\" src=\"https:\/\/satdi.umh.es\/files\/2024\/09\/Paseo-saludable-ORIHUELA-2022_arboles-y-vegetacion-768x1024.jpg\" alt=\"\" width=\"281\" height=\"375\" srcset=\"https:\/\/satdi.umh.es\/files\/2024\/09\/Paseo-saludable-ORIHUELA-2022_arboles-y-vegetacion-768x1024.jpg 768w, https:\/\/satdi.umh.es\/files\/2024\/09\/Paseo-saludable-ORIHUELA-2022_arboles-y-vegetacion-225x300.jpg 225w, https:\/\/satdi.umh.es\/files\/2024\/09\/Paseo-saludable-ORIHUELA-2022_arboles-y-vegetacion-1152x1536.jpg 1152w, https:\/\/satdi.umh.es\/files\/2024\/09\/Paseo-saludable-ORIHUELA-2022_arboles-y-vegetacion-1536x2048.jpg 1536w, https:\/\/satdi.umh.es\/files\/2024\/09\/Paseo-saludable-ORIHUELA-2022_arboles-y-vegetacion-scaled.jpg 1920w\" sizes=\"(max-width: 281px) 100vw, 281px\" \/><\/p>\n<p>&nbsp;<\/p>","protected":false},"excerpt":{"rendered":"<p>Passeig saludable (Octubre)<br \/>\nEl nostre company Josep Maria S\u00e1nchez Larrosa va ser en aquesta ocasi\u00f3 l&#8217;encarregat d&#8217;organitzar el segon passeig saludable del 2022 amb els t\u00e8cnics de l&#8217;Escola Polit\u00e8cnica Superior d&#8217;Oriola (EPSO), la qual es troba al Campus de Desemparats. En aquesta trobada, els nostres t\u00e8cnics van tenir l&#8217;oportunitat de con\u00e8ixer m\u00e9s i millor sobre la [&#8230;]<\/p>\n","protected":false},"author":3770,"featured_media":0,"parent":10816,"menu_order":1,"comment_status":"closed","ping_status":"closed","template":"","meta":{"_links_to":"","_links_to_target":""},"_links":{"self":[{"href":"https:\/\/satdi.umh.es\/ca\/wp-json\/wp\/v2\/pages\/10948"}],"collection":[{"href":"https:\/\/satdi.umh.es\/ca\/wp-json\/wp\/v2\/pages"}],"about":[{"href":"https:\/\/satdi.umh.es\/ca\/wp-json\/wp\/v2\/types\/page"}],"author":[{"embeddable":true,"href":"https:\/\/satdi.umh.es\/ca\/wp-json\/wp\/v2\/users\/3770"}],"replies":[{"embeddable":true,"href":"https:\/\/satdi.umh.es\/ca\/wp-json\/wp\/v2\/comments?post=10948"}],"version-history":[{"count":0,"href":"https:\/\/satdi.umh.es\/ca\/wp-json\/wp\/v2\/pages\/10948\/revisions"}],"up":[{"embeddable":true,"href":"https:\/\/satdi.umh.es\/ca\/wp-json\/wp\/v2\/pages\/10816"}],"wp:attachment":[{"href":"https:\/\/satdi.umh.es\/ca\/wp-json\/wp\/v2\/media?parent=10948"}],"curies":[{"name":"wp","href":"https:\/\/api.w.org\/{rel}","templated":true}]}}