{"id":10951,"date":"2026-01-13T15:30:39","date_gmt":"2026-01-13T14:30:39","guid":{"rendered":"https:\/\/satdi.umh.es\/?page_id=10951"},"modified":"2026-02-20T14:56:16","modified_gmt":"2026-02-20T13:56:16","slug":"paseos-saludables-orihuela-2024","status":"publish","type":"page","link":"https:\/\/satdi.umh.es\/ca\/informacion-ambiental\/objetivos-ambientales-satdi\/paseos-saludables\/campus-de-orihuela\/paseos-saludables-orihuela-2024\/","title":{"rendered":"Passejades saludables Oriola 2024"},"content":{"rendered":"<p><\/p>\n<h5 style=\"text-align: justify\"><strong>Passeig d&#8217;estiu saludable (Juliol)<\/strong><\/h5>\n<p style=\"text-align: justify\">La primera caminada saludable de l&#8217;any a Oriola va ser entretinguda i divertida. Per comen\u00e7ar, visita obligat\u00f2ria a diverses instal\u00b7lacions del campus, entre elles la cuina i la sala de tast del <strong><a href=\"https:\/\/ciagro.umh.es\/\">CIAGRO<\/a><\/strong>, un dels instituts imprescindibles d&#8217;aquest campus. Tot seguit, i per no perdre el costum, tots els presents es reuneixen als jardins universitaris. I per acabar, un petit dinar amb el qual recuperar forces en una de les zones de descans de la universitat. Aix\u00f2 s\u00ed, un mat\u00ed molt complet per als nostres t\u00e8cnics.<\/p>\n<p><a href=\"https:\/\/satdi.umh.es\/files\/2026\/01\/2o-Paseo-saludable-Orihuela-1-scaled.jpg\"><img loading=\"lazy\" class=\"alignnone wp-image-10954\" src=\"https:\/\/satdi.umh.es\/files\/2026\/01\/2o-Paseo-saludable-Orihuela-1-1024x768.jpg\" alt=\"\" width=\"400\" height=\"300\" srcset=\"https:\/\/satdi.umh.es\/files\/2026\/01\/2o-Paseo-saludable-Orihuela-1-1024x768.jpg 1024w, https:\/\/satdi.umh.es\/files\/2026\/01\/2o-Paseo-saludable-Orihuela-1-300x225.jpg 300w, https:\/\/satdi.umh.es\/files\/2026\/01\/2o-Paseo-saludable-Orihuela-1-768x576.jpg 768w, https:\/\/satdi.umh.es\/files\/2026\/01\/2o-Paseo-saludable-Orihuela-1-1536x1152.jpg 1536w, https:\/\/satdi.umh.es\/files\/2026\/01\/2o-Paseo-saludable-Orihuela-1-2048x1536.jpg 2048w\" sizes=\"(max-width: 400px) 100vw, 400px\" \/><\/a> \u00a0 \u00a0 <a href=\"https:\/\/satdi.umh.es\/files\/2026\/01\/1o-Paseo-saludable-Orihuela-4-scaled.jpg\"><img loading=\"lazy\" class=\"alignnone wp-image-10972\" src=\"https:\/\/satdi.umh.es\/files\/2026\/01\/1o-Paseo-saludable-Orihuela-4-1024x768.jpg\" alt=\"\" width=\"400\" height=\"300\" srcset=\"https:\/\/satdi.umh.es\/files\/2026\/01\/1o-Paseo-saludable-Orihuela-4-1024x768.jpg 1024w, https:\/\/satdi.umh.es\/files\/2026\/01\/1o-Paseo-saludable-Orihuela-4-300x225.jpg 300w, https:\/\/satdi.umh.es\/files\/2026\/01\/1o-Paseo-saludable-Orihuela-4-768x576.jpg 768w, https:\/\/satdi.umh.es\/files\/2026\/01\/1o-Paseo-saludable-Orihuela-4-1536x1152.jpg 1536w, https:\/\/satdi.umh.es\/files\/2026\/01\/1o-Paseo-saludable-Orihuela-4-2048x1536.jpg 2048w\" sizes=\"(max-width: 400px) 100vw, 400px\" \/><\/a><\/p>\n<p><a href=\"https:\/\/satdi.umh.es\/files\/2026\/01\/2o-Paseo-saludable-Orihuela-2-scaled.jpg\"><img loading=\"lazy\" class=\"alignnone wp-image-10957\" src=\"https:\/\/satdi.umh.es\/files\/2026\/01\/2o-Paseo-saludable-Orihuela-2-768x1024.jpg\" alt=\"\" width=\"225\" height=\"300\" \/><\/a> \u00a0 \u00a0 <img loading=\"lazy\" class=\"alignnone wp-image-10960\" src=\"https:\/\/satdi.umh.es\/files\/2026\/01\/2o-Paseo-saludable-Orihuela-3-1024x1024.jpg\" alt=\"\" width=\"300\" height=\"300\" srcset=\"https:\/\/satdi.umh.es\/files\/2026\/01\/2o-Paseo-saludable-Orihuela-3-1024x1024.jpg 1024w, https:\/\/satdi.umh.es\/files\/2026\/01\/2o-Paseo-saludable-Orihuela-3-300x300.jpg 300w, https:\/\/satdi.umh.es\/files\/2026\/01\/2o-Paseo-saludable-Orihuela-3-150x150.jpg 150w, https:\/\/satdi.umh.es\/files\/2026\/01\/2o-Paseo-saludable-Orihuela-3-768x768.jpg 768w, https:\/\/satdi.umh.es\/files\/2026\/01\/2o-Paseo-saludable-Orihuela-3-1536x1536.jpg 1536w, https:\/\/satdi.umh.es\/files\/2026\/01\/2o-Paseo-saludable-Orihuela-3.jpg 2048w\" sizes=\"(max-width: 300px) 100vw, 300px\" \/><\/p>\n<p>&nbsp;<\/p>\n<h5 style=\"text-align: justify\"><strong>Passeig saludable pel Mudic (Octubre)<\/strong><\/h5>\n<p style=\"text-align: justify\">El segon dels passeigs saludables oriolans es va organitzar al <a href=\"https:\/\/mudic.es\/\"><strong>MUDIC,<\/strong> <\/a>un dels edificis referents d&#8217;aquest campus. La cita no va defraudar cap dels participants, que van con\u00e8ixer de primera m\u00e0 totes les activitats interactives i els tallers de qu\u00e8 disposa aquest museu cient\u00edfic. El nostre personal es va oblidar per un moment de la feina di\u00e0ria i va gaudir com un nen jugant al parc, un fet que ens recarrega les piles i ens serveix per tornar a la rutina amb m\u00e9s ganes.<\/p>\n<p><a href=\"https:\/\/satdi.umh.es\/files\/2026\/01\/2o-Paseo-saludable-Orihuela-4-scaled.jpg\"><img loading=\"lazy\" class=\"alignnone wp-image-10963\" src=\"https:\/\/satdi.umh.es\/files\/2026\/01\/2o-Paseo-saludable-Orihuela-4-1024x768.jpg\" alt=\"\" width=\"400\" height=\"300\" srcset=\"https:\/\/satdi.umh.es\/files\/2026\/01\/2o-Paseo-saludable-Orihuela-4-1024x768.jpg 1024w, https:\/\/satdi.umh.es\/files\/2026\/01\/2o-Paseo-saludable-Orihuela-4-300x225.jpg 300w, https:\/\/satdi.umh.es\/files\/2026\/01\/2o-Paseo-saludable-Orihuela-4-768x576.jpg 768w, https:\/\/satdi.umh.es\/files\/2026\/01\/2o-Paseo-saludable-Orihuela-4-1536x1152.jpg 1536w, https:\/\/satdi.umh.es\/files\/2026\/01\/2o-Paseo-saludable-Orihuela-4-2048x1536.jpg 2048w\" sizes=\"(max-width: 400px) 100vw, 400px\" \/><\/a> \u00a0 \u00a0 <img loading=\"lazy\" class=\"alignnone wp-image-10966\" src=\"https:\/\/satdi.umh.es\/files\/2026\/01\/2o-Paseo-saludable-Orihuela-5-768x1024.jpg\" alt=\"\" width=\"225\" height=\"300\" srcset=\"https:\/\/satdi.umh.es\/files\/2026\/01\/2o-Paseo-saludable-Orihuela-5-768x1024.jpg 768w, https:\/\/satdi.umh.es\/files\/2026\/01\/2o-Paseo-saludable-Orihuela-5-225x300.jpg 225w, https:\/\/satdi.umh.es\/files\/2026\/01\/2o-Paseo-saludable-Orihuela-5-1152x1536.jpg 1152w, https:\/\/satdi.umh.es\/files\/2026\/01\/2o-Paseo-saludable-Orihuela-5-1536x2048.jpg 1536w, https:\/\/satdi.umh.es\/files\/2026\/01\/2o-Paseo-saludable-Orihuela-5-scaled.jpg 1920w\" sizes=\"(max-width: 225px) 100vw, 225px\" \/>\u00a0 \u00a0 \u00a0<img loading=\"lazy\" class=\"alignnone wp-image-10969\" src=\"https:\/\/satdi.umh.es\/files\/2026\/01\/2o-Paseo-saludable-Orihuela-6-768x1024.jpg\" alt=\"\" width=\"225\" height=\"300\" srcset=\"https:\/\/satdi.umh.es\/files\/2026\/01\/2o-Paseo-saludable-Orihuela-6-768x1024.jpg 768w, https:\/\/satdi.umh.es\/files\/2026\/01\/2o-Paseo-saludable-Orihuela-6-225x300.jpg 225w, https:\/\/satdi.umh.es\/files\/2026\/01\/2o-Paseo-saludable-Orihuela-6-1152x1536.jpg 1152w, https:\/\/satdi.umh.es\/files\/2026\/01\/2o-Paseo-saludable-Orihuela-6-1536x2048.jpg 1536w, https:\/\/satdi.umh.es\/files\/2026\/01\/2o-Paseo-saludable-Orihuela-6-scaled.jpg 1920w\" sizes=\"(max-width: 225px) 100vw, 225px\" \/><\/p>\n<p>&nbsp;<\/p>","protected":false},"excerpt":{"rendered":"<p>Passeig d&#8217;estiu saludable (Juliol)<br \/>\nLa primera caminada saludable de l&#8217;any a Oriola va ser entretinguda i divertida. Per comen\u00e7ar, visita obligat\u00f2ria a diverses instal\u00b7lacions del campus, entre elles la cuina i la sala de tast del CIAGRO, un dels instituts imprescindibles d&#8217;aquest campus. Tot seguit, i per no perdre el costum, tots els presents es reuneixen [&#8230;]<\/p>\n","protected":false},"author":3770,"featured_media":0,"parent":10816,"menu_order":2,"comment_status":"closed","ping_status":"closed","template":"","meta":{"_links_to":"","_links_to_target":""},"_links":{"self":[{"href":"https:\/\/satdi.umh.es\/ca\/wp-json\/wp\/v2\/pages\/10951"}],"collection":[{"href":"https:\/\/satdi.umh.es\/ca\/wp-json\/wp\/v2\/pages"}],"about":[{"href":"https:\/\/satdi.umh.es\/ca\/wp-json\/wp\/v2\/types\/page"}],"author":[{"embeddable":true,"href":"https:\/\/satdi.umh.es\/ca\/wp-json\/wp\/v2\/users\/3770"}],"replies":[{"embeddable":true,"href":"https:\/\/satdi.umh.es\/ca\/wp-json\/wp\/v2\/comments?post=10951"}],"version-history":[{"count":0,"href":"https:\/\/satdi.umh.es\/ca\/wp-json\/wp\/v2\/pages\/10951\/revisions"}],"up":[{"embeddable":true,"href":"https:\/\/satdi.umh.es\/ca\/wp-json\/wp\/v2\/pages\/10816"}],"wp:attachment":[{"href":"https:\/\/satdi.umh.es\/ca\/wp-json\/wp\/v2\/media?parent=10951"}],"curies":[{"name":"wp","href":"https:\/\/api.w.org\/{rel}","templated":true}]}}