{"id":10975,"date":"2026-01-13T15:31:52","date_gmt":"2026-01-13T14:31:52","guid":{"rendered":"https:\/\/satdi.umh.es\/?page_id=10975"},"modified":"2026-02-20T14:53:34","modified_gmt":"2026-02-20T13:53:34","slug":"paseos-saludables-orihuela-2025","status":"publish","type":"page","link":"https:\/\/satdi.umh.es\/ca\/informacion-ambiental\/objetivos-ambientales-satdi\/paseos-saludables\/campus-de-orihuela\/paseos-saludables-orihuela-2025\/","title":{"rendered":"Passejades saludables Oriola 2025"},"content":{"rendered":"<p><\/p>\n<h5><strong>Passeig saludable al MUDIC (Novembre)<\/strong><\/h5>\n<p style=\"text-align: justify\">I abans que finalitzi l&#8217;any, visita obligada dels nostres compis al<strong> <a href=\"https:\/\/mudic.es\/\">MUDIC.<\/a><\/strong> Aquesta vegada, el passeig saludable va estar carregat de molta f\u00edsica i, per qu\u00e8 no dir-ho, de moltes rialles tamb\u00e9. Els t\u00e8cnics del MUDIC van elaborar un taller molt complet, on van ensenyar al nostre personal una gran quantitat d&#8217;experiments, molts dels quals es mostren durant tot l&#8217;any a les instal\u00b7lacions de <a href=\"https:\/\/epso.umh.es\/\"><strong>l&#8217;EPSO.<\/strong><\/a> Combinar ci\u00e8ncia, companyonia i entreteniment en una mateixa activitat sempre \u00e9s sin\u00f2nim d&#8217;\u00e8xit. La jornada va finalitzar amb una foto de fam\u00edlia dels t\u00e8cnics del campus amb els companys premiats al <strong>&#8220;I Concurs de Fotografia del SATDI&#8221;<\/strong><\/p>\n<p><a href=\"https:\/\/satdi.umh.es\/files\/2026\/01\/FINAL-CURSO-scaled.jpg\"><img loading=\"lazy\" class=\"alignnone wp-image-11017\" src=\"https:\/\/satdi.umh.es\/files\/2026\/01\/FINAL-CURSO-1024x768.jpg\" alt=\"\" width=\"533\" height=\"400\" srcset=\"https:\/\/satdi.umh.es\/files\/2026\/01\/FINAL-CURSO-1024x768.jpg 1024w, https:\/\/satdi.umh.es\/files\/2026\/01\/FINAL-CURSO-300x225.jpg 300w, https:\/\/satdi.umh.es\/files\/2026\/01\/FINAL-CURSO-768x576.jpg 768w, https:\/\/satdi.umh.es\/files\/2026\/01\/FINAL-CURSO-1536x1152.jpg 1536w, https:\/\/satdi.umh.es\/files\/2026\/01\/FINAL-CURSO-2048x1536.jpg 2048w\" sizes=\"(max-width: 533px) 100vw, 533px\" \/><\/a> \u00a0 \u00a0 <a href=\"https:\/\/satdi.umh.es\/files\/2026\/01\/ADRIAN-FAKIR-scaled.jpg\"><img loading=\"lazy\" class=\"alignnone wp-image-10990\" src=\"https:\/\/satdi.umh.es\/files\/2026\/01\/ADRIAN-FAKIR-768x1024.jpg\" alt=\"\" width=\"300\" height=\"400\" srcset=\"https:\/\/satdi.umh.es\/files\/2026\/01\/ADRIAN-FAKIR-768x1024.jpg 768w, https:\/\/satdi.umh.es\/files\/2026\/01\/ADRIAN-FAKIR-225x300.jpg 225w, https:\/\/satdi.umh.es\/files\/2026\/01\/ADRIAN-FAKIR-1152x1536.jpg 1152w, https:\/\/satdi.umh.es\/files\/2026\/01\/ADRIAN-FAKIR-1536x2048.jpg 1536w, https:\/\/satdi.umh.es\/files\/2026\/01\/ADRIAN-FAKIR-scaled.jpg 1920w\" sizes=\"(max-width: 300px) 100vw, 300px\" \/><\/a><\/p>\n<p><a href=\"https:\/\/satdi.umh.es\/files\/2026\/01\/PATINANDO-AMPARO-scaled.jpg\"><img loading=\"lazy\" class=\"alignnone wp-image-11029\" src=\"https:\/\/satdi.umh.es\/files\/2026\/01\/PATINANDO-AMPARO-768x1024.jpg\" alt=\"\" width=\"300\" height=\"400\" srcset=\"https:\/\/satdi.umh.es\/files\/2026\/01\/PATINANDO-AMPARO-768x1024.jpg 768w, https:\/\/satdi.umh.es\/files\/2026\/01\/PATINANDO-AMPARO-225x300.jpg 225w, https:\/\/satdi.umh.es\/files\/2026\/01\/PATINANDO-AMPARO-1152x1536.jpg 1152w, https:\/\/satdi.umh.es\/files\/2026\/01\/PATINANDO-AMPARO-1536x2048.jpg 1536w, https:\/\/satdi.umh.es\/files\/2026\/01\/PATINANDO-AMPARO-scaled.jpg 1920w\" sizes=\"(max-width: 300px) 100vw, 300px\" \/><\/a> \u00a0 \u00a0 <img loading=\"lazy\" class=\"alignnone wp-image-11020\" src=\"https:\/\/satdi.umh.es\/files\/2026\/01\/INICIO-CURSO-768x1024.jpg\" alt=\"\" width=\"300\" height=\"400\" srcset=\"https:\/\/satdi.umh.es\/files\/2026\/01\/INICIO-CURSO-768x1024.jpg 768w, https:\/\/satdi.umh.es\/files\/2026\/01\/INICIO-CURSO-225x300.jpg 225w, https:\/\/satdi.umh.es\/files\/2026\/01\/INICIO-CURSO-1152x1536.jpg 1152w, https:\/\/satdi.umh.es\/files\/2026\/01\/INICIO-CURSO-1536x2048.jpg 1536w, https:\/\/satdi.umh.es\/files\/2026\/01\/INICIO-CURSO-scaled.jpg 1920w\" sizes=\"(max-width: 300px) 100vw, 300px\" \/>\u00a0 \u00a0 \u00a0<img loading=\"lazy\" class=\"alignnone wp-image-10993\" src=\"https:\/\/satdi.umh.es\/files\/2026\/01\/AMPARO-VACIO-768x1024.jpg\" alt=\"\" width=\"300\" height=\"400\" srcset=\"https:\/\/satdi.umh.es\/files\/2026\/01\/AMPARO-VACIO-768x1024.jpg 768w, https:\/\/satdi.umh.es\/files\/2026\/01\/AMPARO-VACIO-225x300.jpg 225w, https:\/\/satdi.umh.es\/files\/2026\/01\/AMPARO-VACIO-1152x1536.jpg 1152w, https:\/\/satdi.umh.es\/files\/2026\/01\/AMPARO-VACIO-1536x2048.jpg 1536w, https:\/\/satdi.umh.es\/files\/2026\/01\/AMPARO-VACIO-scaled.jpg 1920w\" sizes=\"(max-width: 300px) 100vw, 300px\" \/><\/p>\n<p><a href=\"https:\/\/satdi.umh.es\/files\/2026\/01\/LATA-MARISOL-Y-JAVIER-2-scaled.jpg\"><img loading=\"lazy\" class=\"alignnone wp-image-11026\" src=\"https:\/\/satdi.umh.es\/files\/2026\/01\/LATA-MARISOL-Y-JAVIER-2-768x1024.jpg\" alt=\"\" width=\"300\" height=\"400\" srcset=\"https:\/\/satdi.umh.es\/files\/2026\/01\/LATA-MARISOL-Y-JAVIER-2-768x1024.jpg 768w, https:\/\/satdi.umh.es\/files\/2026\/01\/LATA-MARISOL-Y-JAVIER-2-225x300.jpg 225w, https:\/\/satdi.umh.es\/files\/2026\/01\/LATA-MARISOL-Y-JAVIER-2-1152x1536.jpg 1152w, https:\/\/satdi.umh.es\/files\/2026\/01\/LATA-MARISOL-Y-JAVIER-2-1536x2048.jpg 1536w, https:\/\/satdi.umh.es\/files\/2026\/01\/LATA-MARISOL-Y-JAVIER-2-scaled.jpg 1920w\" sizes=\"(max-width: 300px) 100vw, 300px\" \/><\/a>\u00a0 \u00a0 \u00a0<a href=\"https:\/\/satdi.umh.es\/files\/2026\/01\/EQUILIBRIO-A-4.4-S-SILLA-scaled.jpg\"><img loading=\"lazy\" class=\"wp-image-11011\" src=\"https:\/\/satdi.umh.es\/files\/2026\/01\/EQUILIBRIO-A-4.4-S-SILLA-768x1024.jpg\" alt=\"\" width=\"300\" height=\"400\" srcset=\"https:\/\/satdi.umh.es\/files\/2026\/01\/EQUILIBRIO-A-4.4-S-SILLA-768x1024.jpg 768w, https:\/\/satdi.umh.es\/files\/2026\/01\/EQUILIBRIO-A-4.4-S-SILLA-225x300.jpg 225w, https:\/\/satdi.umh.es\/files\/2026\/01\/EQUILIBRIO-A-4.4-S-SILLA-1152x1536.jpg 1152w, https:\/\/satdi.umh.es\/files\/2026\/01\/EQUILIBRIO-A-4.4-S-SILLA-1536x2048.jpg 1536w, https:\/\/satdi.umh.es\/files\/2026\/01\/EQUILIBRIO-A-4.4-S-SILLA-scaled.jpg 1920w\" sizes=\"(max-width: 300px) 100vw, 300px\" \/><\/a><\/p>\n<p><a style=\"font-size: 16px\" href=\"https:\/\/satdi.umh.es\/files\/2026\/01\/ENTREGA-OBSEQUIO-1-scaled.jpg\"><img loading=\"lazy\" class=\"alignnone wp-image-10999\" src=\"https:\/\/satdi.umh.es\/files\/2026\/01\/ENTREGA-OBSEQUIO-1-1024x768.jpg\" alt=\"\" width=\"533\" height=\"400\" srcset=\"https:\/\/satdi.umh.es\/files\/2026\/01\/ENTREGA-OBSEQUIO-1-1024x768.jpg 1024w, https:\/\/satdi.umh.es\/files\/2026\/01\/ENTREGA-OBSEQUIO-1-300x225.jpg 300w, https:\/\/satdi.umh.es\/files\/2026\/01\/ENTREGA-OBSEQUIO-1-768x576.jpg 768w, https:\/\/satdi.umh.es\/files\/2026\/01\/ENTREGA-OBSEQUIO-1-1536x1152.jpg 1536w, https:\/\/satdi.umh.es\/files\/2026\/01\/ENTREGA-OBSEQUIO-1-2048x1536.jpg 2048w\" sizes=\"(max-width: 533px) 100vw, 533px\" \/><\/a><\/p>\n<p>&nbsp;<\/p>\n<h5 style=\"text-align: justify\"><strong>Passeig saludable estiuenc (Juliol)<\/strong><\/h5>\n<p style=\"text-align: justify\">Els compis d&#8217;Oriola van realitzar el mes de juliol passat un passeig saludable d&#8217;all\u00f2 m\u00e9s recomanable. Abans de donar la benvinguda a l&#8217;estiu, els t\u00e8cnics de Desemparats van decidir gaudir d&#8217;una cita entre companys en un ambient diferent de l&#8217;habitual. L&#8217;activitat va comen\u00e7ar a primera hora als hivernacles de la universitat, continuant seguidament pels horts de la zona i la mota del riu Segura, per acabar amb un descans merescut a la cafeteria del campus amb qu\u00e8 poder combatre la calor i recuperar forces.<\/p>\n<h5><a href=\"https:\/\/satdi.umh.es\/files\/2025\/10\/Adrian-y-Javi-scaled.jpg\"><img loading=\"lazy\" class=\"alignnone wp-image-10234\" src=\"https:\/\/satdi.umh.es\/files\/2025\/10\/Adrian-y-Javi-768x1024.jpg\" alt=\"\" width=\"225\" height=\"300\" srcset=\"https:\/\/satdi.umh.es\/files\/2025\/10\/Adrian-y-Javi-768x1024.jpg 768w, https:\/\/satdi.umh.es\/files\/2025\/10\/Adrian-y-Javi-225x300.jpg 225w, https:\/\/satdi.umh.es\/files\/2025\/10\/Adrian-y-Javi-1152x1536.jpg 1152w, https:\/\/satdi.umh.es\/files\/2025\/10\/Adrian-y-Javi-1536x2048.jpg 1536w, https:\/\/satdi.umh.es\/files\/2025\/10\/Adrian-y-Javi-scaled.jpg 1920w\" sizes=\"(max-width: 225px) 100vw, 225px\" \/><\/a> \u00a0 \u00a0 <a href=\"https:\/\/satdi.umh.es\/files\/2025\/10\/Sombra-Pino-4-scaled.jpg\"><img loading=\"lazy\" class=\"alignnone wp-image-10237\" src=\"https:\/\/satdi.umh.es\/files\/2025\/10\/Sombra-Pino-4-1024x768.jpg\" alt=\"\" width=\"400\" height=\"300\" srcset=\"https:\/\/satdi.umh.es\/files\/2025\/10\/Sombra-Pino-4-1024x768.jpg 1024w, https:\/\/satdi.umh.es\/files\/2025\/10\/Sombra-Pino-4-300x225.jpg 300w, https:\/\/satdi.umh.es\/files\/2025\/10\/Sombra-Pino-4-768x576.jpg 768w, https:\/\/satdi.umh.es\/files\/2025\/10\/Sombra-Pino-4-1536x1152.jpg 1536w, https:\/\/satdi.umh.es\/files\/2025\/10\/Sombra-Pino-4-2048x1536.jpg 2048w\" sizes=\"(max-width: 400px) 100vw, 400px\" \/><\/a><\/h5>\n<h5><a href=\"https:\/\/satdi.umh.es\/files\/2025\/10\/Junto-a-la-Balsa-1.jpg\"><img loading=\"lazy\" class=\"alignnone wp-image-10240\" src=\"https:\/\/satdi.umh.es\/files\/2025\/10\/Junto-a-la-Balsa-1-1024x768.jpg\" alt=\"\" width=\"400\" height=\"300\" srcset=\"https:\/\/satdi.umh.es\/files\/2025\/10\/Junto-a-la-Balsa-1-1024x768.jpg 1024w, https:\/\/satdi.umh.es\/files\/2025\/10\/Junto-a-la-Balsa-1-300x225.jpg 300w, https:\/\/satdi.umh.es\/files\/2025\/10\/Junto-a-la-Balsa-1-768x576.jpg 768w, https:\/\/satdi.umh.es\/files\/2025\/10\/Junto-a-la-Balsa-1-1536x1152.jpg 1536w, https:\/\/satdi.umh.es\/files\/2025\/10\/Junto-a-la-Balsa-1.jpg 2048w\" sizes=\"(max-width: 400px) 100vw, 400px\" \/><\/a> \u00a0 \u00a0 <a href=\"https:\/\/satdi.umh.es\/files\/2025\/10\/Cafeteria-1-scaled.jpg\"><img loading=\"lazy\" class=\"alignnone wp-image-10243\" src=\"https:\/\/satdi.umh.es\/files\/2025\/10\/Cafeteria-1-1024x768.jpg\" alt=\"\" width=\"400\" height=\"300\" srcset=\"https:\/\/satdi.umh.es\/files\/2025\/10\/Cafeteria-1-1024x768.jpg 1024w, https:\/\/satdi.umh.es\/files\/2025\/10\/Cafeteria-1-300x225.jpg 300w, https:\/\/satdi.umh.es\/files\/2025\/10\/Cafeteria-1-768x576.jpg 768w, https:\/\/satdi.umh.es\/files\/2025\/10\/Cafeteria-1-1536x1152.jpg 1536w, https:\/\/satdi.umh.es\/files\/2025\/10\/Cafeteria-1-2048x1536.jpg 2048w\" sizes=\"(max-width: 400px) 100vw, 400px\" \/><\/a><\/h5>\n<p>&nbsp;<\/p>\n<p>&nbsp;<\/p>","protected":false},"excerpt":{"rendered":"<p>Passeig saludable al MUDIC (Novembre)<br \/>\nI abans que finalitzi l&#8217;any, visita obligada dels nostres compis al MUDIC. Aquesta vegada, el passeig saludable va estar carregat de molta f\u00edsica i, per qu\u00e8 no dir-ho, de moltes rialles tamb\u00e9. Els t\u00e8cnics del MUDIC van elaborar un taller molt complet, on van ensenyar al nostre personal una gran quantitat [&#8230;]<\/p>\n","protected":false},"author":3770,"featured_media":0,"parent":10816,"menu_order":3,"comment_status":"closed","ping_status":"closed","template":"","meta":{"_links_to":"","_links_to_target":""},"_links":{"self":[{"href":"https:\/\/satdi.umh.es\/ca\/wp-json\/wp\/v2\/pages\/10975"}],"collection":[{"href":"https:\/\/satdi.umh.es\/ca\/wp-json\/wp\/v2\/pages"}],"about":[{"href":"https:\/\/satdi.umh.es\/ca\/wp-json\/wp\/v2\/types\/page"}],"author":[{"embeddable":true,"href":"https:\/\/satdi.umh.es\/ca\/wp-json\/wp\/v2\/users\/3770"}],"replies":[{"embeddable":true,"href":"https:\/\/satdi.umh.es\/ca\/wp-json\/wp\/v2\/comments?post=10975"}],"version-history":[{"count":0,"href":"https:\/\/satdi.umh.es\/ca\/wp-json\/wp\/v2\/pages\/10975\/revisions"}],"up":[{"embeddable":true,"href":"https:\/\/satdi.umh.es\/ca\/wp-json\/wp\/v2\/pages\/10816"}],"wp:attachment":[{"href":"https:\/\/satdi.umh.es\/ca\/wp-json\/wp\/v2\/media?parent=10975"}],"curies":[{"name":"wp","href":"https:\/\/api.w.org\/{rel}","templated":true}]}}