{"id":1235,"date":"2022-03-18T11:52:29","date_gmt":"2022-03-18T10:52:29","guid":{"rendered":"http:\/\/sic.umh.es\/estructura\/sic\/tecnicas-y-equipos\/"},"modified":"2026-04-30T13:03:27","modified_gmt":"2026-04-30T11:03:27","slug":"servicios_ofertados","status":"publish","type":"page","link":"https:\/\/satdi.umh.es\/ca\/servicios-prestados\/instrumentacioncientifica\/servicios_ofertados\/","title":{"rendered":"Servicis oferts"},"content":{"rendered":"<p><!-- DIV 0 - CONTENEDOR PRINCIPAL - INICIO --><\/p>\n<div style=\"border: 0px solid #CCC;padding-top: 0em;margin: 0em 0em 0em 0em;width: 100%\">\n<p><!--**********************************************************--><\/p>\n<p><!-- DIV SERVICIOS OFERTADOS - INICIO --><\/p>\n<div style=\"border: 0px solid #CCC;padding-left: 1.5em;margin: 0em 0em 0em 0em;width: 100%;vertical-align: middle\">\n<p style=\"color: #666666;font-size: 1.5em\"><strong><span dir=\"auto\" style=\"vertical-align: inherit\"><span dir=\"auto\" style=\"vertical-align: inherit\">Serveis Oferts SATDI-IC<\/span><\/span><\/strong><\/p>\n<\/div>\n<p><!-- DIV SERVICIOS OFERTADOS - FIN --><\/p>\n<p><!--**********************************************************--><\/p>\n<p><!-- DIV TABLA UNIDADES - INICIO --><\/p>\n<div style=\"border: 0px solid #CCC;padding-left: 1.5em;margin: 0em 0em 0em 0em;width: 100%;vertical-align: middle\">\n<table style=\"border: 0px solid #CCC;width: 100%;text-align: center;vertical-align: middle\">\n<tbody>\n<tr style=\"border: 0px solid #FFF;height: auto;background-color: #133a57\">\n<td style=\"border: 0px solid #CCC;padding: 0.5em;width: 35%\"><img src=\"https:\/\/satdi.umh.es\/files\/2025\/10\/ServiciosOfertados_Iconos_300x600px_Citometria.jpg\" alt=\"Icona 300x600px Citometria\" width=\"50%\" \/><\/td>\n<td style=\"border: 0px solid #CCC;padding: 0.5em;text-align: left;width: 65%\"><a style=\"color: #fff;font-size: 1.2em;text-decoration: none\" href=\"https:\/\/satdi.umh.es\/ca\/servicios-prestados\/instrumentacioncientifica\/servicios_ofertados\/servicios_ofertados-satdi-ic-citometria\/\" target=\"_blank\" rel=\"noopener\"><strong><span dir=\"auto\" style=\"vertical-align: inherit\"><span dir=\"auto\" style=\"vertical-align: inherit\">CITOMETRIA<\/span><\/span><\/strong><\/a><\/td>\n<\/tr>\n<tr style=\"border: 0px solid #FFF;height: 1%;background-color: #fff\">\n<td style=\"border: 0px solid #CCC;padding: 0em\">\n<div style=\"border: 0px solid #CCC;padding: 0em;margin: 0em 0em 0em 0em;width: 100%;height: 1em;vertical-align: top\"><\/div>\n<\/td>\n<\/tr>\n<tr style=\"border: 0px solid #FFF;height: auto;background-color: #67de67\">\n<td style=\"border: 0px solid #CCC;padding: 0.5em;width: 35%\"><img src=\"https:\/\/satdi.umh.es\/files\/2025\/10\/ServiciosOfertados_Iconos_300x600px_Cromatogafia.jpg\" alt=\"Icona 300x600px Cromatogafia\" width=\"50%\" \/><\/td>\n<td style=\"border: 0px solid #CCC;padding: 0.5em;text-align: left;width: 65%\"><a style=\"color: #fff;font-size: 1.2em;text-decoration: none\" href=\"https:\/\/satdi.umh.es\/ca\/servicios-prestados\/instrumentacioncientifica\/servicios_ofertados\/servicios_ofertados-satdi-ic-cromatografia\/\" target=\"_blank\" rel=\"noopener\"><strong><span dir=\"auto\" style=\"vertical-align: inherit\"><span dir=\"auto\" style=\"vertical-align: inherit\">CROMATOGRAFIA<\/span><\/span><\/strong><\/a><\/td>\n<\/tr>\n<tr style=\"border: 0px solid #FFF;height: 1%;background-color: #fff\">\n<td style=\"border: 0px solid #CCC;padding: 0em\">\n<div style=\"border: 0px solid #CCC;padding: 0em;margin: 0em 0em 0em 0em;width: 100%;height: 1em;vertical-align: top\"><\/div>\n<\/td>\n<\/tr>\n<tr style=\"border: 0px solid #FFF;height: auto;background-color: #7cc2e2\">\n<td style=\"border: 0px solid #CCC;padding: 0.5em;width: 35%\"><img src=\"https:\/\/satdi.umh.es\/files\/2025\/10\/ServiciosOfertados_Iconos_300x600px_Espectrometros.jpg\" alt=\"Icona 300x600px Espectr\u00f2metres\" width=\"50%\" \/><\/td>\n<td style=\"border: 0px solid #CCC;padding: 0.5em;text-align: left;width: 65%\"><a style=\"color: #fff;font-size: 1.2em;text-decoration: none\" href=\"https:\/\/satdi.umh.es\/ca\/servicios-prestados\/instrumentacioncientifica\/servicios_ofertados\/servicios_ofertados-satdi-ic-espectrometros-fotometros-masas-y-rmn\/\" target=\"_blank\" rel=\"noopener\"><strong><span dir=\"auto\" style=\"vertical-align: inherit\"><span dir=\"auto\" style=\"vertical-align: inherit\">ESPECTR\u00d2METRES, FOT\u00d2METRES, MASSES I RMN<\/span><\/span><\/strong><\/a><\/td>\n<\/tr>\n<tr style=\"border: 0px solid #FFF;height: 1%;background-color: #fff\">\n<td style=\"border: 0px solid #CCC;padding: 0em\">\n<div style=\"border: 0px solid #CCC;padding: 0em;margin: 0em 0em 0em 0em;width: 100%;height: 1em;vertical-align: top\"><\/div>\n<\/td>\n<\/tr>\n<tr style=\"border: 0px solid #FFF;height: auto;background-color: #cc3333\">\n<td style=\"border: 0px solid #CCC;padding: 0.5em;width: 35%\"><img src=\"https:\/\/satdi.umh.es\/files\/2025\/10\/ServiciosOfertados_Iconos_300x600px_InstalacionesRadiactivas.jpg\" alt=\"Icona 300x600px Espectr\u00f2metres\" width=\"50%\" \/><\/td>\n<td style=\"border: 0px solid #CCC;padding: 0.5em;text-align: left;width: 65%\"><a style=\"color: #fff;font-size: 1.2em;text-decoration: none\" href=\"https:\/\/satdi.umh.es\/ca\/servicios-prestados\/instrumentacioncientifica\/servicios_ofertados\/servicios_ofertados-satdi-ic-instalaciones-radiactivas-campus-de-elche-campus-de-sant-joan\/\" rel=\"noopener\"><strong><span dir=\"auto\" style=\"vertical-align: inherit\"><span dir=\"auto\" style=\"vertical-align: inherit\">INSTAL\u00b7LACIONS RADIOACTIVES<\/span><\/span><\/strong><\/a><\/td>\n<\/tr>\n<tr style=\"border: 0px solid #FFF;height: 1%;background-color: #fff\">\n<td style=\"border: 0px solid #CCC;padding: 0em\">\n<div style=\"border: 0px solid #CCC;padding: 0em;margin: 0em 0em 0em 0em;width: 100%;height: 1em;vertical-align: top\"><\/div>\n<\/td>\n<\/tr>\n<tr style=\"border: 0px solid #FFF;height: auto;background-color: #b264dd\">\n<td style=\"border: 0px solid #CCC;padding: 0.5em;width: 35%\"><img src=\"https:\/\/satdi.umh.es\/files\/2025\/10\/ServiciosOfertados_Iconos_300x600px_MOA.jpg\" alt=\"Icona 300x600px Microsc\u00f2pia \u00d2ptica Avan\u00e7ada\" width=\"50%\" \/><\/td>\n<td style=\"border: 0px solid #CCC;padding: 0.5em;text-align: left;width: 65%\"><a style=\"color: #fff;font-size: 1.2em;text-decoration: none\" href=\"https:\/\/satdi.umh.es\/ca\/servicios-prestados\/instrumentacioncientifica\/servicios_ofertados\/servicios_ofertados-satdi-ic-microscopia-optica-avanzada\/\" rel=\"noopener\"><strong><span dir=\"auto\" style=\"vertical-align: inherit\"><span dir=\"auto\" style=\"vertical-align: inherit\">MICROSC\u00d2PIA \u00d2PTICA AVAN\u00c7ADA<\/span><\/span><\/strong><\/a><\/td>\n<\/tr>\n<tr style=\"border: 0px solid #FFF;height: 1%;background-color: #fff\">\n<td style=\"border: 0px solid #CCC;padding: 0em\">\n<div style=\"border: 0px solid #CCC;padding: 0em;margin: 0em 0em 0em 0em;width: 100%;height: 1em;vertical-align: top\"><\/div>\n<\/td>\n<\/tr>\n<tr style=\"border: 0px solid #FFF;height: auto;background-color: #cc9999\">\n<td style=\"border: 0px solid #CCC;padding: 0.5em;width: 35%\"><img src=\"https:\/\/satdi.umh.es\/files\/2025\/10\/ServiciosOfertados_Iconos_300x600px_MicroscopiaElectronica-1.jpg\" alt=\"Icona 300x600px Microsc\u00f2pia Electr\u00f2nica\" width=\"50%\" \/><\/td>\n<td style=\"border: 0px solid #CCC;padding: 0.5em;text-align: left;width: 65%\"><a style=\"color: #fff;font-size: 1.2em;text-decoration: none\" href=\"https:\/\/satdi.umh.es\/ca\/servicios-prestados\/instrumentacioncientifica\/servicios_ofertados\/servicios_ofertados-satdi-ic-microscopia-electronica-de-transmision-y-barrido\/\" rel=\"noopener\"><strong><span dir=\"auto\" style=\"vertical-align: inherit\"><span dir=\"auto\" style=\"vertical-align: inherit\">MICROSC\u00d2PIA ELECTR\u00d2NICA<\/span><\/span><\/strong><\/a><\/td>\n<\/tr>\n<tr style=\"border: 0px solid #FFF;height: 1%;background-color: #fff\">\n<td style=\"border: 0px solid #CCC;padding: 0em\">\n<div style=\"border: 0px solid #CCC;padding: 0em;margin: 0em 0em 0em 0em;width: 100%;height: 1em;vertical-align: top\"><\/div>\n<\/td>\n<\/tr>\n<tr style=\"border: 0px solid #FFF;height: auto;background-color: #cccc66\">\n<td style=\"border: 0px solid #CCC;padding: 0.5em;width: 35%\"><img src=\"https:\/\/satdi.umh.es\/files\/2025\/10\/ServiciosOfertados_Iconos_300x600px_PreparacionMuestrasMicroscopia-1.jpg\" alt=\"Icona 300x600px Preparaci\u00f3 Mostres Microscopia\" width=\"50%\" \/><\/td>\n<td style=\"border: 0px solid #CCC;padding: 0.5em;text-align: left;width: 65%\"><a style=\"color: #fff;font-size: 1.2em;text-decoration: none\" href=\"https:\/\/satdi.umh.es\/ca\/servicios-prestados\/instrumentacioncientifica\/servicios_ofertados\/servicios_ofertados-satdi-ic-preparacion-de-muestras-para-microscopia\/\" rel=\"noopener\"><strong><span dir=\"auto\" style=\"vertical-align: inherit\"><span dir=\"auto\" style=\"vertical-align: inherit\">PREPARACI\u00d3 MOSTRES MICROSC\u00d2PIA<\/span><\/span><\/strong><\/a><\/td>\n<\/tr>\n<tr style=\"border: 0px solid #FFF;height: 1%;background-color: #fff\">\n<td style=\"border: 0px solid #CCC;padding: 0em\">\n<div style=\"border: 0px solid #CCC;padding: 0em;margin: 0em 0em 0em 0em;width: 100%;height: 1em;vertical-align: top\"><\/div>\n<\/td>\n<\/tr>\n<tr style=\"border: 0px solid #FFF;height: auto;background-color: #ff99ff\">\n<td style=\"border: 0px solid #CCC;padding: 0.5em;width: 35%\"><img src=\"https:\/\/satdi.umh.es\/files\/2025\/10\/ServiciosOfertados_Iconos_300x600px_Omicas.jpg\" alt=\"Icona 300x600px \u00d2miques\" width=\"50%\" \/><\/td>\n<td style=\"border: 0px solid #CCC;padding: 0.5em;text-align: left;width: 65%\"><a style=\"color: #fff;font-size: 1.2em;text-decoration: none\" href=\"https:\/\/satdi.umh.es\/ca\/servicios-prestados\/instrumentacioncientifica\/servicios_ofertados\/satdi-ic-omicas\/\" rel=\"noopener\"><strong><span dir=\"auto\" style=\"vertical-align: inherit\"><span dir=\"auto\" style=\"vertical-align: inherit\">\u00d2MIQUES<\/span><\/span><\/strong><\/a><\/td>\n<\/tr>\n<tr style=\"border: 0px solid #FFF;height: 1%;background-color: #fff\">\n<td style=\"border: 0px solid #CCC;padding: 0em\">\n<div style=\"border: 0px solid #CCC;padding: 0em;margin: 0em 0em 0em 0em;width: 100%;height: 1em;vertical-align: top\"><\/div>\n<\/td>\n<\/tr>\n<tr style=\"border: 0px solid #FFF;height: auto;background-color: #2c76c8\">\n<td style=\"border: 0px solid #CCC;padding: 0.5em;width: 35%\"><img src=\"https:\/\/satdi.umh.es\/files\/2025\/10\/ServiciosOfertados_Iconos_300x600px_Centrifugacion.jpg\" alt=\"Icona 300x600px Centrifugaci\u00f3\" width=\"50%\" \/><\/td>\n<td style=\"border: 0px solid #CCC;padding: 0.5em;text-align: left;width: 65%\"><a style=\"color: #fff;font-size: 1.2em;text-decoration: none\" href=\"https:\/\/satdi.umh.es\/ca\/servicios-prestados\/instrumentacioncientifica\/servicios_ofertados\/servicios_ofertados-satdi-ic-centrifugas\/\" rel=\"noopener\"><strong><span dir=\"auto\" style=\"vertical-align: inherit\"><span dir=\"auto\" style=\"vertical-align: inherit\">CENTRIFUGACI\u00d3<\/span><\/span><\/strong><\/a><\/td>\n<\/tr>\n<tr style=\"border: 0px solid #FFF;height: 1%;background-color: #fff\">\n<td style=\"border: 0px solid #CCC;padding: 0em\">\n<div style=\"border: 0px solid #CCC;padding: 0em;margin: 0em 0em 0em 0em;width: 100%;height: 1em;vertical-align: top\"><\/div>\n<\/td>\n<\/tr>\n<tr style=\"border: 0px solid #FFF;height: auto;background-color: #ffcc66\">\n<td style=\"border: 0px solid #CCC;padding: 0.5em;width: 35%\"><img src=\"https:\/\/satdi.umh.es\/files\/2025\/10\/ServiciosOfertados_Iconos_300x600px_MiscelaneaOtroEquipamiento.jpg\" alt=\"Icona 300x600px Miscel\u00b7l\u00e0nia Un altre Equipament\" width=\"50%\" \/><\/td>\n<td style=\"border: 0px solid #CCC;padding: 0.5em;text-align: left;width: 65%\"><a style=\"color: #fff;font-size: 1.2em;text-decoration: none\" href=\"https:\/\/satdi.umh.es\/ca\/servicios-prestados\/instrumentacioncientifica\/servicios_ofertados\/servicios_ofertados-satdi-ic-miscelanea\/\" rel=\"noopener\"><strong><span dir=\"auto\" style=\"vertical-align: inherit\"><span dir=\"auto\" style=\"vertical-align: inherit\">MISCEL\u00b7L\u00c0NIA: UN ALTRE EQUIPAMENT<\/span><\/span><\/strong><\/a><\/td>\n<\/tr>\n<\/tbody>\n<\/table>\n<\/div>\n<p><!-- DIV TABLA UNIDADES - FIN --><\/p>\n<p><!--**********************************************************--><\/p>\n<p><!-- DIV SEPARADOR - INICIO --><\/p>\n<div style=\"border: 0px solid #CCC;padding: 0em;margin: 0em 0em 0em 0em;width: 100%;height: 2em;vertical-align: top\"><\/div>\n<p><!-- DIV SEPARADOR - FIN --><\/p>\n<p><!--**********************************************************--><\/p>\n<div style=\"border: 2px solid #CCC;padding: 0em;margin: 0em 0em 0em 0em;width: 30%;height: 0em;vertical-align: top\"><\/div>\n<p><!-- DIV BARRA GRIS IZQUIERDA - FIN --><\/p>\n<p><!--**********************************************************--><\/p>\n<p><!-- DIV SEPARADOR - INICIO --><\/p>\n<div style=\"border: 0px solid #CCC;padding: 0em;margin: 0em 0em 0em 0em;width: 100%;height: 2em;vertical-align: top\"><\/div>\n<p><!-- DIV SEPARADOR - FIN --><\/p>\n<p><!--**********************************************************--><\/p>\n<p><!-- DIV TARIFAS - NOMBRE - INICIO --><\/p>\n<div style=\"border: 0px solid #CCC;padding-left: 1.5em;margin: 0em 0em 0em 0em;width: 100%;vertical-align: middle\">\n<p style=\"color: #666666;font-size: 1.5em\" align=\"justify\"><strong><span dir=\"auto\" style=\"vertical-align: inherit\"><span dir=\"auto\" style=\"vertical-align: inherit\">Tarifes vigents (2026)<\/span><\/span><\/strong><\/p>\n<\/div>\n<p><!-- DIV TARIFAS - NOMBRE - FIN --><\/p>\n<p><!--**********************************************************--><\/p>\n<p><!-- TABLA - TARIFAS - INICIO --><\/p>\n<table style=\"border: 0px solid #CCC;background-color: #ddd;width: 100%;text-align: left;vertical-align: middle\">\n<tbody>\n<tr style=\"border: 0px solid #CCC\">\n<td style=\"border: 0px solid #CCC;padding: 0.5em;width: 90%\"><span dir=\"auto\" style=\"vertical-align: inherit\"><span dir=\"auto\" style=\"vertical-align: inherit\">Serveis prestats a trav\u00e9s de l&#8217;\u00fas d&#8217;equips de recerca <\/span><\/span><br \/>\n<span dir=\"auto\" style=\"vertical-align: inherit\"><span dir=\"auto\" style=\"vertical-align: inherit\">PRESSUPOSTOS UMH 2026-ANNEX TV (Enlla\u00e7 a l&#8217;arxiu .pdf, 114KB)<\/span><\/span><\/td>\n<td style=\"border: 0px solid #CCC;padding: 0.5em;width: 10%\"><a href=\"https:\/\/satdi.umh.es\/files\/2026\/01\/TARIFAS_SATDI_ANEXO-T-V_2026_web.pdf\" target=\"_blank\" rel=\"noopener\"><img src=\"https:\/\/satdi.umh.es\/files\/2025\/10\/iconoPDF.png\" alt=\"Icona fitxer .pdf\" width=\"100%\" \/><\/a><\/td>\n<\/tr>\n<\/tbody>\n<\/table>\n<p><!-- TABLA - TARIFAS - FIN --><\/p>\n<p><!--**********************************************************--><\/p>\n<\/div>\n<p><\/p>","protected":false},"excerpt":{"rendered":"<p>Serveis Oferts SATDI-IC<\/p>\n<p>CITOMETRIA<\/p>\n<p>CROMATOGRAFIA<\/p>\n<p>ESPECTR\u00d2METRES, FOT\u00d2METRES, MASSES I RMN<\/p>\n<p>INSTAL\u00b7LACIONS RADIOACTIVES<\/p>\n<p>MICROSC\u00d2PIA \u00d2PTICA AVAN\u00c7ADA<\/p>\n<p>MICROSC\u00d2PIA ELECTR\u00d2NICA<\/p>\n<p>PREPARACI\u00d3 MOSTRES MICROSC\u00d2PIA<\/p>\n<p>\u00d2MIQUES<\/p>\n<p>CENTRIFUGACI\u00d3<\/p>\n<p>MISCEL\u00b7L\u00c0NIA: UN ALTRE EQUIPAMENT<\/p>\n<p>Tarifes vigents (2026)<\/p>\n<p>Serveis prestats a trav\u00e9s de l&#8217;\u00fas d&#8217;equips de recerca<br \/>\nPRESSUPOSTOS UMH 2026-ANNEX TV (Enlla\u00e7 a l&#8217;arxiu .pdf, 114KB)<\/p>\n","protected":false},"author":1595,"featured_media":0,"parent":3,"menu_order":0,"comment_status":"closed","ping_status":"closed","template":"","meta":{"_links_to":"","_links_to_target":""},"_links":{"self":[{"href":"https:\/\/satdi.umh.es\/ca\/wp-json\/wp\/v2\/pages\/1235"}],"collection":[{"href":"https:\/\/satdi.umh.es\/ca\/wp-json\/wp\/v2\/pages"}],"about":[{"href":"https:\/\/satdi.umh.es\/ca\/wp-json\/wp\/v2\/types\/page"}],"author":[{"embeddable":true,"href":"https:\/\/satdi.umh.es\/ca\/wp-json\/wp\/v2\/users\/1595"}],"replies":[{"embeddable":true,"href":"https:\/\/satdi.umh.es\/ca\/wp-json\/wp\/v2\/comments?post=1235"}],"version-history":[{"count":0,"href":"https:\/\/satdi.umh.es\/ca\/wp-json\/wp\/v2\/pages\/1235\/revisions"}],"up":[{"embeddable":true,"href":"https:\/\/satdi.umh.es\/ca\/wp-json\/wp\/v2\/pages\/3"}],"wp:attachment":[{"href":"https:\/\/satdi.umh.es\/ca\/wp-json\/wp\/v2\/media?parent=1235"}],"curies":[{"name":"wp","href":"https:\/\/api.w.org\/{rel}","templated":true}]}}