{"id":1241,"date":"2022-04-27T09:02:24","date_gmt":"2022-04-27T07:02:24","guid":{"rendered":"http:\/\/sic.umh.es\/obligaciones\/"},"modified":"2026-01-29T16:54:31","modified_gmt":"2026-01-29T15:54:31","slug":"obligaciones","status":"publish","type":"page","link":"https:\/\/satdi.umh.es\/ca\/servicios-prestados\/instrumentacioncientifica\/obligaciones\/","title":{"rendered":"Normes d&#8217;\u00fas"},"content":{"rendered":"<p><span style=\"font-size: medium\"><strong><span dir=\"auto\" style=\"vertical-align: inherit\"><span dir=\"auto\" style=\"vertical-align: inherit\">OBLIGACIONS DELS SOL\u00b7LICITANTS DEL SERVEI<\/span><\/span><\/strong><\/span><\/p>\n<p><span dir=\"auto\" style=\"vertical-align: inherit\"><span dir=\"auto\" style=\"vertical-align: inherit\">Els sol\u00b7licitants de serveis es comprometen a:<\/span><\/span><\/p>\n<ul>\n<li style=\"text-align: justify\"><span dir=\"auto\" style=\"vertical-align: inherit\"><span dir=\"auto\" style=\"vertical-align: inherit\">Acceptar l\u00b4horari d\u00b4assist\u00e8ncia al p\u00fablic del Servei de Suport T\u00e8cnic a la Doc\u00e8ncia ia la Investigaci\u00f3-Instrumentaci\u00f3 Cient\u00edfica (SATDI-IC)<\/span><\/span><\/li>\n<li style=\"text-align: justify\"><span dir=\"auto\" style=\"vertical-align: inherit\"><span dir=\"auto\" style=\"vertical-align: inherit\">Emplenar la sol\u00b7licitud que es troba a la web del Servei: <\/span><\/span><a href=\"https:\/\/satdi.umh.es\/ca\/instrumentacioncientifica\/formularios\/formulario-peticion\/\"><span dir=\"auto\" style=\"vertical-align: inherit\"><span dir=\"auto\" style=\"vertical-align: inherit\">Formulari de petici\u00f3<\/span><\/span><\/a><span dir=\"auto\" style=\"vertical-align: inherit\"><span dir=\"auto\" style=\"vertical-align: inherit\"> amb l&#8217;acord previ de servei i horari amb l&#8217;investigador que oferir\u00e0 el servei.<\/span><\/span><\/li>\n<li style=\"text-align: justify\"><span dir=\"auto\" style=\"vertical-align: inherit\"><span dir=\"auto\" style=\"vertical-align: inherit\">Acceptar, en cas que existissin, les condicions especials de preparaci\u00f3 de mostra suggerides per l&#8217;investigador que ofereix el servei, ja que si no ho fes, el servei quedaria anul\u00b7lat.<\/span><\/span><\/li>\n<li style=\"text-align: justify\"><span dir=\"auto\" style=\"vertical-align: inherit\"><span dir=\"auto\" style=\"vertical-align: inherit\">Deixar les mostres preparades segons el requeriment entre les 9 i les 14 hores al lloc de recepci\u00f3 que l&#8217;investigador que ofereix el servei li indiqui. Si l&#8217;enviament necessita condicions especials (manteniment a 4 \u00ba<\/span><\/span><span dir=\"auto\" style=\"vertical-align: inherit\"><span dir=\"auto\" style=\"vertical-align: inherit\">C, -20\u00baC <\/span><\/span><span dir=\"auto\" style=\"vertical-align: inherit\"><span dir=\"auto\" style=\"vertical-align: inherit\">, etc.), la persona que fa l&#8217;enviament ha de subministrar les mostres en aquestes condicions, a m\u00e9s d&#8217;indicar-ho de manera visible a l&#8217;exterior del paquet.<\/span><\/span><\/li>\n<li style=\"text-align: justify\"><span dir=\"auto\" style=\"vertical-align: inherit\"><span dir=\"auto\" style=\"vertical-align: inherit\">Acceptar la prioritat en el processament de les mostres segons l&#8217;ordre d&#8217;arribada rigor\u00f3s.<\/span><\/span><\/li>\n<li style=\"text-align: justify\"><span dir=\"auto\" style=\"vertical-align: inherit\"><span dir=\"auto\" style=\"vertical-align: inherit\">El SATDI-IC ser\u00e0 nomenat als treballs dels investigadors (tesines, tesis, publicacions en revistes\u2026) que hagin utilitzat aquest servei. A efectes de generar un arxiu, els investigadors es comprometen a lliurar al SATDI-IC un exemplar del treball o si no n&#8217;hi ha, la fotoc\u00f2pia de la car\u00e0tula i les p\u00e0gines on s&#8217;especifiqui l&#8217;aportaci\u00f3 d&#8217;aquest servei.<\/span><\/span><\/li>\n<li style=\"text-align: justify\"><span dir=\"auto\" style=\"vertical-align: inherit\"><span dir=\"auto\" style=\"vertical-align: inherit\">Pagar les tarifes fixades pels serveis rebuts, la facturaci\u00f3 de les quals la realitzar\u00e0 el SATDI-IC.<\/span><\/span><\/li>\n<\/ul>\n<p><\/p>","protected":false},"excerpt":{"rendered":"<p>OBLIGACIONS DELS SOL\u00b7LICITANTS DEL SERVEI<br \/>\nEls sol\u00b7licitants de serveis es comprometen a:<\/p>\n<p>Acceptar l\u00b4horari d\u00b4assist\u00e8ncia al p\u00fablic del Servei de Suport T\u00e8cnic a la Doc\u00e8ncia ia la Investigaci\u00f3-Instrumentaci\u00f3 Cient\u00edfica (SATDI-IC)<br \/>\nEmplenar la sol\u00b7licitud que es troba a la web del Servei: Formulari de petici\u00f3 amb l&#8217;acord previ de servei i horari amb l&#8217;investigador que oferir\u00e0 el servei.<br \/>\nAcceptar, en [&#8230;]<\/p>\n","protected":false},"author":1595,"featured_media":0,"parent":3,"menu_order":2,"comment_status":"closed","ping_status":"closed","template":"","meta":{"_links_to":"","_links_to_target":""},"_links":{"self":[{"href":"https:\/\/satdi.umh.es\/ca\/wp-json\/wp\/v2\/pages\/1241"}],"collection":[{"href":"https:\/\/satdi.umh.es\/ca\/wp-json\/wp\/v2\/pages"}],"about":[{"href":"https:\/\/satdi.umh.es\/ca\/wp-json\/wp\/v2\/types\/page"}],"author":[{"embeddable":true,"href":"https:\/\/satdi.umh.es\/ca\/wp-json\/wp\/v2\/users\/1595"}],"replies":[{"embeddable":true,"href":"https:\/\/satdi.umh.es\/ca\/wp-json\/wp\/v2\/comments?post=1241"}],"version-history":[{"count":0,"href":"https:\/\/satdi.umh.es\/ca\/wp-json\/wp\/v2\/pages\/1241\/revisions"}],"up":[{"embeddable":true,"href":"https:\/\/satdi.umh.es\/ca\/wp-json\/wp\/v2\/pages\/3"}],"wp:attachment":[{"href":"https:\/\/satdi.umh.es\/ca\/wp-json\/wp\/v2\/media?parent=1241"}],"curies":[{"name":"wp","href":"https:\/\/api.w.org\/{rel}","templated":true}]}}