{"id":201,"date":"2014-06-26T14:27:42","date_gmt":"2014-06-26T12:27:42","guid":{"rendered":"http:\/\/siatdi.umh.es\/?page_id=201"},"modified":"2026-02-03T19:31:16","modified_gmt":"2026-02-03T18:31:16","slug":"taller-reparaciones","status":"publish","type":"page","link":"https:\/\/satdi.umh.es\/ca\/servicios-prestados\/reparaciones\/taller-reparaciones\/","title":{"rendered":"Taller Reparacions SATDI"},"content":{"rendered":"<p><a href=\"https:\/\/satdi.umh.es\/files\/2025\/12\/IMG_8099-1-scaled.jpg\"><img loading=\"lazy\" class=\"alignnone size-full wp-image-10688\" src=\"https:\/\/satdi.umh.es\/files\/2025\/12\/IMG_8099-1-scaled.jpg\" alt=\"\" width=\"2560\" height=\"809\" srcset=\"https:\/\/satdi.umh.es\/files\/2025\/12\/IMG_8099-1-scaled.jpg 2560w, https:\/\/satdi.umh.es\/files\/2025\/12\/IMG_8099-1-300x95.jpg 300w, https:\/\/satdi.umh.es\/files\/2025\/12\/IMG_8099-1-1024x324.jpg 1024w, https:\/\/satdi.umh.es\/files\/2025\/12\/IMG_8099-1-768x243.jpg 768w, https:\/\/satdi.umh.es\/files\/2025\/12\/IMG_8099-1-1536x485.jpg 1536w, https:\/\/satdi.umh.es\/files\/2025\/12\/IMG_8099-1-2048x647.jpg 2048w\" sizes=\"(max-width: 2560px) 100vw, 2560px\" \/><\/a><\/p>\n<p style=\"text-align: center\"><strong><span dir=\"auto\" style=\"vertical-align: inherit\"><span dir=\"auto\" style=\"vertical-align: inherit\">Assessorament i reparaci\u00f3 d&#8217;equips docents i de recerca de la Universitat Miguel Hern\u00e1ndez<\/span><\/span><\/strong><\/p>\n<p style=\"text-align: center\"><span dir=\"auto\" style=\"vertical-align: inherit\"><span dir=\"auto\" style=\"vertical-align: inherit\">Des del Servei de Suport T\u00e8cnic a la Doc\u00e8ncia i Recerca es donen suport a grups de recerca i \u00e0rees docents de la UMH per a la realitzaci\u00f3 d&#8217;operacions de reparaci\u00f3 d&#8217;equips mec\u00e0nics, el\u00e8ctrics, electr\u00f2nics, inform\u00e0tics o petites instal\u00b7lacions que no corresponguin al Servei d&#8217;Infraestructures o al Servei d&#8217;Infraestructura Inform\u00e0tica.<\/span><\/span><a href=\"https:\/\/satdi.umh.es\/servicios-prestados\/reparaciones\/taller-reparaciones\/solicitud-reparacion\/\"><img loading=\"lazy\" class=\"aligncenter wp-image-10264\" src=\"https:\/\/satdi.umh.es\/files\/2025\/10\/ICONO-WEB-300x300.png\" alt=\"\" width=\"200\" height=\"200\" srcset=\"https:\/\/satdi.umh.es\/files\/2025\/10\/ICONO-WEB-300x300.png 300w, https:\/\/satdi.umh.es\/files\/2025\/10\/ICONO-WEB-150x150.png 150w, https:\/\/satdi.umh.es\/files\/2025\/10\/ICONO-WEB-768x768.png 768w, https:\/\/satdi.umh.es\/files\/2025\/10\/ICONO-WEB.png 1024w\" sizes=\"(max-width: 200px) 100vw, 200px\" \/><\/a><strong><a href=\"https:\/\/satdi.umh.es\/ca\/servicios-prestados\/reparaciones\/taller-reparaciones\/solicitud-reparacion\/\"><span dir=\"auto\" style=\"vertical-align: inherit\">SOL\u00b7LICITUD DE REPARACI\u00d3<\/span><\/a><\/strong><\/p>\n<p style=\"text-align: center\"><a href=\"https:\/\/satdi.umh.es\/servicios-prestados\/reparaciones\/taller-reparaciones\/solicitud-reparacion\/\"><strong><span dir=\"auto\" style=\"vertical-align: inherit\">(Formulari)<\/span><\/strong><\/a><\/p>\n<p>&nbsp;<\/p>\n<p style=\"text-align: justify\"><strong><span dir=\"auto\" style=\"vertical-align: inherit\"><span dir=\"auto\" style=\"vertical-align: inherit\">\u00c0rees de suport t\u00e8cnic disponibles<\/span><\/span><\/strong><\/p>\n<ul style=\"text-align: justify\">\n<li>\u00a0<strong><span dir=\"auto\" style=\"vertical-align: inherit\"><span dir=\"auto\" style=\"vertical-align: inherit\">El\u00e8ctrica i Electr\u00f2nica:<\/span><\/span><\/strong><\/li>\n<\/ul>\n<ul style=\"text-align: justify\">\n<li style=\"list-style-type: none\">\n<ul>\n<li><span dir=\"auto\" style=\"vertical-align: inherit\"><span dir=\"auto\" style=\"vertical-align: inherit\">Reparaci\u00f3 d&#8217;equips de laboratoris docents i de recerca que NO es trobin en per\u00edode de garantia, que la seva reparaci\u00f3 sigui factible i el pressupost dels quals sigui menor que el pressupostat per un servei t\u00e8cnic oficial.<\/span><\/span><\/li>\n<li><span dir=\"auto\" style=\"vertical-align: inherit\"><span dir=\"auto\" style=\"vertical-align: inherit\">Petites reparacions dinstal\u00b7lacions el\u00e8ctriques o electr\u00f2niques que quedin fora de l\u00e0mbit de la Secci\u00f3 de Manteniment del Servei dInfraestructures.<\/span><\/span><\/li>\n<\/ul>\n<\/li>\n<\/ul>\n<ul style=\"text-align: justify\">\n<li><strong><span dir=\"auto\" style=\"vertical-align: inherit\"><span dir=\"auto\" style=\"vertical-align: inherit\">Mec\u00e0nica, Termodin\u00e0mica i Fluids:<\/span><\/span><\/strong><\/li>\n<\/ul>\n<ul style=\"text-align: justify\">\n<li style=\"list-style-type: none\">\n<ul>\n<li><span dir=\"auto\" style=\"vertical-align: inherit\"><span dir=\"auto\" style=\"vertical-align: inherit\">Reparaci\u00f3 d&#8217;equips de laboratoris docents i de recerca que NO es trobin en per\u00edode de garantia, la reparaci\u00f3 dels quals sigui factible i el pressupost dels quals sigui menor que el pressupostat per un servei t\u00e8cnic oficial.<\/span><\/span><\/li>\n<li><span dir=\"auto\" style=\"vertical-align: inherit\"><span dir=\"auto\" style=\"vertical-align: inherit\">Petites reparacions dinstal\u00b7lacions mec\u00e0niques, termodin\u00e0miques i de fluids que quedin fora de la Secci\u00f3 de Manteniment del Servei dInfraestructures.<\/span><\/span><\/li>\n<\/ul>\n<\/li>\n<\/ul>\n<ul style=\"text-align: justify\">\n<li><strong><span dir=\"auto\" style=\"vertical-align: inherit\"><span dir=\"auto\" style=\"vertical-align: inherit\">Inform\u00e0tica<\/span><\/span><\/strong><span dir=\"auto\" style=\"vertical-align: inherit\"><span dir=\"auto\" style=\"vertical-align: inherit\"> :<\/span><\/span><\/li>\n<\/ul>\n<ul>\n<li style=\"list-style-type: none\">\n<ul>\n<li style=\"text-align: justify\"><span dir=\"auto\" style=\"vertical-align: inherit\"><span dir=\"auto\" style=\"vertical-align: inherit\">Reparaci\u00f3 i intercanvi de maquinari en equips inform\u00e0tics que no siguin compet\u00e8ncia del Servei dInfraestructura Inform\u00e0tica.<\/span><\/span><\/li>\n<li style=\"text-align: justify\"><span dir=\"auto\" style=\"vertical-align: inherit\"><span dir=\"auto\" style=\"vertical-align: inherit\">Instal\u00b7laci\u00f3 de modificacions de programari espec\u00edfic o de sistemes operatius sota llic\u00e8ncia de pagament o sota llic\u00e8ncies de programari lliure que quedin fora de l&#8217;\u00e0mbit del Servei d&#8217;Infraestructura Inform\u00e0tica.<\/span><\/span><\/li>\n<li style=\"text-align: justify\"><span dir=\"auto\" style=\"vertical-align: inherit\"><span dir=\"auto\" style=\"vertical-align: inherit\">Soluci\u00f3 de problemes amb la infraestructura de xarxa interna que no corresponguin al Servei dInfraestructura Inform\u00e0tica.<\/span><\/span><\/li>\n<\/ul>\n<\/li>\n<\/ul>\n<p><a href=\"https:\/\/satdi.umh.es\/files\/2025\/12\/IMG_8118-scaled.jpg\"><img loading=\"lazy\" class=\"alignnone wp-image-10676 size-medium\" src=\"https:\/\/satdi.umh.es\/files\/2025\/12\/IMG_8118-300x300.jpg\" alt=\"\" width=\"300\" height=\"300\" srcset=\"https:\/\/satdi.umh.es\/files\/2025\/12\/IMG_8118-300x300.jpg 300w, https:\/\/satdi.umh.es\/files\/2025\/12\/IMG_8118-1024x1024.jpg 1024w, https:\/\/satdi.umh.es\/files\/2025\/12\/IMG_8118-150x150.jpg 150w, https:\/\/satdi.umh.es\/files\/2025\/12\/IMG_8118-768x768.jpg 768w, https:\/\/satdi.umh.es\/files\/2025\/12\/IMG_8118-1536x1536.jpg 1536w, https:\/\/satdi.umh.es\/files\/2025\/12\/IMG_8118-2048x2048.jpg 2048w\" sizes=\"(max-width: 300px) 100vw, 300px\" \/><\/a> <a href=\"https:\/\/satdi.umh.es\/files\/2025\/12\/TALLER-9.jpg\"><img loading=\"lazy\" class=\"alignnone wp-image-10679 size-medium\" src=\"https:\/\/satdi.umh.es\/files\/2025\/12\/TALLER-9-300x300.jpg\" alt=\"\" width=\"300\" height=\"300\" srcset=\"https:\/\/satdi.umh.es\/files\/2025\/12\/TALLER-9-300x300.jpg 300w, https:\/\/satdi.umh.es\/files\/2025\/12\/TALLER-9-1024x1024.jpg 1024w, https:\/\/satdi.umh.es\/files\/2025\/12\/TALLER-9-150x150.jpg 150w, https:\/\/satdi.umh.es\/files\/2025\/12\/TALLER-9-768x768.jpg 768w, https:\/\/satdi.umh.es\/files\/2025\/12\/TALLER-9.jpg 1333w\" sizes=\"(max-width: 300px) 100vw, 300px\" \/><\/a> <a href=\"https:\/\/satdi.umh.es\/files\/2025\/12\/tecnicos-satdi_17-scaled.jpg\"><img loading=\"lazy\" class=\"alignnone wp-image-10682 size-medium\" src=\"https:\/\/satdi.umh.es\/files\/2025\/12\/tecnicos-satdi_17-300x300.jpg\" alt=\"\" width=\"300\" height=\"300\" srcset=\"https:\/\/satdi.umh.es\/files\/2025\/12\/tecnicos-satdi_17-300x300.jpg 300w, https:\/\/satdi.umh.es\/files\/2025\/12\/tecnicos-satdi_17-1024x1024.jpg 1024w, https:\/\/satdi.umh.es\/files\/2025\/12\/tecnicos-satdi_17-150x150.jpg 150w, https:\/\/satdi.umh.es\/files\/2025\/12\/tecnicos-satdi_17-768x768.jpg 768w, https:\/\/satdi.umh.es\/files\/2025\/12\/tecnicos-satdi_17-1536x1536.jpg 1536w, https:\/\/satdi.umh.es\/files\/2025\/12\/tecnicos-satdi_17-2048x2048.jpg 2048w\" sizes=\"(max-width: 300px) 100vw, 300px\" \/><\/a><\/p>","protected":false},"excerpt":{"rendered":"<p>Assessorament i reparaci\u00f3 d&#8217;equips docents i de recerca de la Universitat Miguel Hern\u00e1ndez<br \/>\nDes del Servei de Suport T\u00e8cnic a la Doc\u00e8ncia i Recerca es donen suport a grups de recerca i \u00e0rees docents de la UMH per a la realitzaci\u00f3 d&#8217;operacions de reparaci\u00f3 d&#8217;equips mec\u00e0nics, el\u00e8ctrics, electr\u00f2nics, inform\u00e0tics o petites instal\u00b7lacions que no corresponguin al [&#8230;]<\/p>\n","protected":false},"author":149,"featured_media":0,"parent":5709,"menu_order":1,"comment_status":"closed","ping_status":"closed","template":"","meta":{"_links_to":"","_links_to_target":""},"_links":{"self":[{"href":"https:\/\/satdi.umh.es\/ca\/wp-json\/wp\/v2\/pages\/201"}],"collection":[{"href":"https:\/\/satdi.umh.es\/ca\/wp-json\/wp\/v2\/pages"}],"about":[{"href":"https:\/\/satdi.umh.es\/ca\/wp-json\/wp\/v2\/types\/page"}],"author":[{"embeddable":true,"href":"https:\/\/satdi.umh.es\/ca\/wp-json\/wp\/v2\/users\/149"}],"replies":[{"embeddable":true,"href":"https:\/\/satdi.umh.es\/ca\/wp-json\/wp\/v2\/comments?post=201"}],"version-history":[{"count":0,"href":"https:\/\/satdi.umh.es\/ca\/wp-json\/wp\/v2\/pages\/201\/revisions"}],"up":[{"embeddable":true,"href":"https:\/\/satdi.umh.es\/ca\/wp-json\/wp\/v2\/pages\/5709"}],"wp:attachment":[{"href":"https:\/\/satdi.umh.es\/ca\/wp-json\/wp\/v2\/media?parent=201"}],"curies":[{"name":"wp","href":"https:\/\/api.w.org\/{rel}","templated":true}]}}