{"id":2252,"date":"2023-01-24T12:46:08","date_gmt":"2023-01-24T11:46:08","guid":{"rendered":"https:\/\/satdi.umh.es\/?page_id=2252"},"modified":"2026-04-01T12:08:14","modified_gmt":"2026-04-01T10:08:14","slug":"servicios_ofertados-satdi-ic-microscopia-electronica-de-transmision-y-barrido","status":"publish","type":"page","link":"https:\/\/satdi.umh.es\/ca\/servicios-prestados\/instrumentacioncientifica\/servicios_ofertados\/servicios_ofertados-satdi-ic-microscopia-electronica-de-transmision-y-barrido\/","title":{"rendered":"SATDI-IC: Microsc\u00f2pia Electr\u00f2nica de Transmissi\u00f3 i Escombrat"},"content":{"rendered":"<p><!-- DIV 0 - CONTENEDOR PRINCIPAL - INICIO --><\/p>\n<div style=\"border: 0px solid #CCC;padding-top: 0em;margin: 0em 0em 0em 0em;width: 100%\">\n<p><!--**********************************************************--><\/p>\n<p><!-- DIV TABLA UNIDADES - INICIO --><\/p>\n<div style=\"border: 0px solid #CCC;padding-left: 1.5em;margin: 0em 0em 0em 0em;width: 100%;vertical-align: middle\">\n<table style=\"border: 0px solid #CCC;width: 100%;text-align: center;vertical-align: middle\">\n<tbody>\n<tr style=\"border: 0px solid #FFF;height: auto;background-color: #cc9999\">\n<td style=\"border: 0px solid #CCC;padding: 0.5em;width: 35%\"><img src=\"https:\/\/satdi.umh.es\/files\/2025\/10\/ServiciosOfertados_Iconos_300x600px_MicroscopiaElectronica-1.jpg\" alt=\"Icona 300x600px Microsc\u00f2pia Electr\u00f2nica\" width=\"50%\" \/><\/td>\n<td style=\"border: 0px solid #CCC;padding: 0.5em;text-align: left;color: #fff;font-size: 1.2em;width: 65%\"><strong><span dir=\"auto\" style=\"vertical-align: inherit\"><span dir=\"auto\" style=\"vertical-align: inherit\">MICROSC\u00d2PIA ELECTR\u00d2NICA<\/span><\/span><\/strong><\/td>\n<\/tr>\n<\/tbody>\n<\/table>\n<\/div>\n<p><!-- DIV TABLA UNIDADES - FIN --><\/p>\n<p><!--**********************************************************--><\/p>\n<p><!-- DIV SEPARADOR - INICIO --><\/p>\n<div style=\"border: 0px solid #CCC;padding: 0em;margin: 0em 0em 0em 0em;width: 100%;height: 0.5em;vertical-align: top\"><\/div>\n<p><!-- DIV SEPARADOR - FIN --><\/p>\n<p><!--**********************************************************--><\/p>\n<p><!-- DIV BARRA GRIS IZQUIERDA - INICIO --><\/p>\n<div style=\"border: 2px solid #CCC;padding: 0em;margin: 0em 0em 0em 0em;width: 30%;height: 0em;vertical-align: top\"><\/div>\n<p><!-- DIV BARRA GRIS IZQUIERDA - FIN --><\/p>\n<p><!--**********************************************************--><\/p>\n<p><!-- DIV SEPARADOR - INICIO --><\/p>\n<div style=\"border: 0px solid #CCC;padding: 0em;margin: 0em 0em 0em 0em;width: 100%;height: 0.5em;vertical-align: top\"><\/div>\n<p><!-- DIV SEPARADOR - FIN --><\/p>\n<p><!--**********************************************************--><\/p>\n<p><!-- DIV TABLA EQUIPOS - INICIO --><\/p>\n<div style=\"border: 0px solid #CCC;padding-left: 1.5em;margin: 0em 0em 0em 0em;width: 100%;vertical-align: middle\">\n<table style=\"border: 0px solid #CCC;background-color: #ddd;width: 100%;text-align: left;vertical-align: middle\">\n<tbody>\n<tr style=\"border: 0px solid #FFF\">\n<td style=\"border: 0px solid #CCC;padding: 0.5em;width: 90%;text-align: right;color: #a31c19\"><strong><span dir=\"auto\" style=\"vertical-align: inherit\"><span dir=\"auto\" style=\"vertical-align: inherit\">CAMPUS D&#8217;ELX<\/span><\/span><\/strong><\/td>\n<td style=\"border: 0px solid #CCC;padding: 0.5em;width: 10%;text-align: right;vertical-align: top\"><img src=\"https:\/\/satdi.umh.es\/files\/2024\/01\/Imagen_LogoSATDI-IC.png\" alt=\"Logo SATDI-IC\" width=\"90%\" \/><\/td>\n<\/tr>\n<tr style=\"border: 0px solid #FFF\">\n<td style=\"border: 0px solid #CCC;padding: 0em 0em 0.5em 1em;width: 100%;font-size: 1em\" colspan=\"2\"><a style=\"color: #000;text-decoration: none\" href=\"https:\/\/satdi.umh.es\/ca\/servicios-prestados\/instrumentacioncientifica\/servicios_ofertados\/servicios_ofertados-satdi-ic-microscopia-electronica-de-transmision-y-barrido\/satdi-ic-microscopio-electronico-de-transmision-jeol-mod-jem-1011\/\" rel=\"noopener\"><span dir=\"auto\" style=\"vertical-align: inherit\"><span dir=\"auto\" style=\"vertical-align: inherit\">Microscopi Electr\u00f2nic de Transmissi\u00f3 (JEM 1011, JEOL)<\/span><\/span><\/a><\/td>\n<\/tr>\n<tr style=\"border: 0px solid #FFF\">\n<td style=\"border: 0px solid #CCC;padding: 0em 0em 0.5em 1em;width: 100%;font-size: 1em\" colspan=\"2\"><a style=\"color: #000;text-decoration: none\" href=\"https:\/\/satdi.umh.es\/ca\/servicios-prestados\/instrumentacioncientifica\/servicios_ofertados\/servicios_ofertados-satdi-ic-microscopia-electronica-de-transmision-y-barrido\/satdi-ic-microscopio-electronico-de-barrido-6100-lv-jeol\/\" rel=\"noopener\"><span dir=\"auto\" style=\"vertical-align: inherit\"><span dir=\"auto\" style=\"vertical-align: inherit\">Microscopi Electr\u00f2nic de Barrido (6100-LV, JEOL)<\/span><\/span><\/a><\/td>\n<\/tr>\n<tr style=\"border: 0px solid #FFF\">\n<td style=\"border: 0px solid #CCC;padding: 0em 0em 0.5em 1em;width: 100%;font-size: 1em\" colspan=\"2\"><a style=\"color: #000;text-decoration: none\" href=\"https:\/\/satdi.umh.es\/ca\/servicios-prestados\/instrumentacioncientifica\/servicios_ofertados\/servicios_ofertados-satdi-ic-microscopia-electronica-de-transmision-y-barrido\/satdi-ic-microscopio-electronico-de-barrido-de-emision-de-campo-sigma-300-vp\/\" rel=\"noopener\"><span dir=\"auto\" style=\"vertical-align: inherit\"><span dir=\"auto\" style=\"vertical-align: inherit\">Microscopi electr\u00f2nic d&#8217;escombratge d&#8217;emissi\u00f3 de camp, FESEM (Sigma 300 VP, Zeiss)<\/span><\/span><\/a><\/td>\n<\/tr>\n<\/tbody>\n<\/table>\n<\/div>\n<p><!-- DIV TABLA EQUIPOS - FIN --><\/p>\n<p><!--**********************************************************--><\/p>\n<p><!-- https:\/\/satdi.umh.es\/servicios-prestados\/instrumentacioncientifica\/satdi-ic-microscopio-electronico-de-barrido-de-emision-de-campo-fesem-sigma-300-vp\/ anterior url --><br \/>\n<!-- https:\/\/satdi.umh.es\/servicios-prestados\/instrumentacioncientifica\/satdi-ic-microscopio-electronico-de-transmision-jeol-mod-jem-1011\/ anterior url --><\/p>\n<\/div>\n<p><!-- DIV 0 - CONTENEDOR PRINCIPAL - INICIO --><\/p>","protected":false},"excerpt":{"rendered":"<p>MICROSC\u00d2PIA ELECTR\u00d2NICA<\/p>\n<p>CAMPUS D&#8217;ELX<\/p>\n<p>Microscopi Electr\u00f2nic de Transmissi\u00f3 (JEM 1011, JEOL)<\/p>\n<p>Microscopi Electr\u00f2nic de Barrido (6100-LV, JEOL)<\/p>\n<p>Microscopi electr\u00f2nic d&#8217;escombratge d&#8217;emissi\u00f3 de camp, FESEM (Sigma 300 VP, Zeiss)<\/p>\n","protected":false},"author":1595,"featured_media":0,"parent":1235,"menu_order":0,"comment_status":"closed","ping_status":"closed","template":"","meta":{"_links_to":"","_links_to_target":""},"_links":{"self":[{"href":"https:\/\/satdi.umh.es\/ca\/wp-json\/wp\/v2\/pages\/2252"}],"collection":[{"href":"https:\/\/satdi.umh.es\/ca\/wp-json\/wp\/v2\/pages"}],"about":[{"href":"https:\/\/satdi.umh.es\/ca\/wp-json\/wp\/v2\/types\/page"}],"author":[{"embeddable":true,"href":"https:\/\/satdi.umh.es\/ca\/wp-json\/wp\/v2\/users\/1595"}],"replies":[{"embeddable":true,"href":"https:\/\/satdi.umh.es\/ca\/wp-json\/wp\/v2\/comments?post=2252"}],"version-history":[{"count":0,"href":"https:\/\/satdi.umh.es\/ca\/wp-json\/wp\/v2\/pages\/2252\/revisions"}],"up":[{"embeddable":true,"href":"https:\/\/satdi.umh.es\/ca\/wp-json\/wp\/v2\/pages\/1235"}],"wp:attachment":[{"href":"https:\/\/satdi.umh.es\/ca\/wp-json\/wp\/v2\/media?parent=2252"}],"curies":[{"name":"wp","href":"https:\/\/api.w.org\/{rel}","templated":true}]}}