{"id":2300,"date":"2020-04-29T16:11:33","date_gmt":"2020-04-29T14:11:33","guid":{"rendered":"https:\/\/satdi.umh.es\/?page_id=2300"},"modified":"2026-02-04T19:19:02","modified_gmt":"2026-02-04T18:19:02","slug":"formacion-online","status":"publish","type":"page","link":"https:\/\/satdi.umh.es\/ca\/utilidades\/formacion-online\/","title":{"rendered":"Formaci\u00f3 en l\u00ednia"},"content":{"rendered":"<p><span dir=\"auto\" style=\"vertical-align: inherit\"><span dir=\"auto\" style=\"vertical-align: inherit\">Formaci\u00f3 en l\u00ednia espec\u00edfica ofertada a trav\u00e9s de la <\/span><\/span><a href=\"https:\/\/formate.umh.es\/formacion-ptgas\/\" target=\"_blank\" rel=\"noopener\"><span dir=\"auto\" style=\"vertical-align: inherit\"><span dir=\"auto\" style=\"vertical-align: inherit\">plataforma de formaci\u00f3 per a PTGAS<\/span><\/span><\/a><span dir=\"auto\" style=\"vertical-align: inherit\"><span dir=\"auto\" style=\"vertical-align: inherit\"> \u00a0de la Universitat Miguel Hern\u00e1ndez d&#8217;Elx.<\/span><\/span><\/p>\n<p><span dir=\"auto\" style=\"vertical-align: inherit\"><span dir=\"auto\" style=\"vertical-align: inherit\">L&#8217;oferta formativa completa est\u00e0 disponible a la plataforma indicada.<\/span><\/span><\/p>\n<ul>\n<li><span dir=\"auto\" style=\"vertical-align: inherit\"><span dir=\"auto\" style=\"vertical-align: inherit\">MANTENIMENT I REPARACI\u00d3 D&#8217;EQUIPS DE LABORATORI<\/span><\/span>\n<ul>\n<li><span dir=\"auto\" style=\"vertical-align: inherit\"><span dir=\"auto\" style=\"vertical-align: inherit\">Introducci\u00f3 al manteniment i la reparaci\u00f3 d&#8217;equips de laboratoris universitaris<\/span><\/span><\/li>\n<li><span dir=\"auto\" style=\"vertical-align: inherit\"><span dir=\"auto\" style=\"vertical-align: inherit\">Introducci\u00f3 al diagn\u00f2stic i la reparaci\u00f3 d&#8217;equips el\u00e8ctrics i electr\u00f2nics<\/span><\/span><\/li>\n<li><span dir=\"auto\" style=\"vertical-align: inherit\"><span dir=\"auto\" style=\"vertical-align: inherit\">Reparaci\u00f3 d&#8217;equips inform\u00e0tics<\/span><\/span><\/li>\n<li><span dir=\"auto\" style=\"vertical-align: inherit\"><span dir=\"auto\" style=\"vertical-align: inherit\">Clonaci\u00f3 d&#8217;equips mitjan\u00e7ant Clonezilla<\/span><\/span><\/li>\n<\/ul>\n<\/li>\n<\/ul>\n<ul>\n<li><span dir=\"auto\" style=\"vertical-align: inherit\"><span dir=\"auto\" style=\"vertical-align: inherit\">MANTENIMENT I REPARACI\u00d3 D&#8217;EQUIPS A LABORATORIS DE DOC\u00c8NCIA I INVESTIGACI\u00d3 (I)<\/span><\/span><\/li>\n<li><span dir=\"auto\" style=\"vertical-align: inherit\"><span dir=\"auto\" style=\"vertical-align: inherit\">T\u00c8CNIQUES UTILITZADES AL LABORATORI D&#8217;INVESTIGACI\u00d3<\/span><\/span>\n<ul>\n<li><span dir=\"auto\" style=\"vertical-align: inherit\"><span dir=\"auto\" style=\"vertical-align: inherit\">Expressions de concentraci\u00f3 i sup\u00f2sits pr\u00e0ctics de laboratori<\/span><\/span><\/li>\n<li><span dir=\"auto\" style=\"vertical-align: inherit\"><span dir=\"auto\" style=\"vertical-align: inherit\">\u00das d&#8217;is\u00f2tops radioactius en biologia<\/span><\/span><\/li>\n<li><span dir=\"auto\" style=\"vertical-align: inherit\"><span dir=\"auto\" style=\"vertical-align: inherit\">An\u00e0lisi microbiol\u00f2gica en un laboratori agroalimentari<\/span><\/span><\/li>\n<li><span dir=\"auto\" style=\"vertical-align: inherit\"><span dir=\"auto\" style=\"vertical-align: inherit\">T\u00e8cniques espec\u00edfiques immunohistoqu\u00edmiques<\/span><\/span><\/li>\n<\/ul>\n<\/li>\n<li><span dir=\"auto\" style=\"vertical-align: inherit\"><span dir=\"auto\" style=\"vertical-align: inherit\">T\u00c8CNIQUES UTILITZADES AL LABORATORI D&#8217;INVESTIGACI\u00d3 II<\/span><\/span>\n<ul>\n<li><span dir=\"auto\" style=\"vertical-align: inherit\"><span dir=\"auto\" style=\"vertical-align: inherit\">T\u00e8cniques instrumentals per a l&#8217;an\u00e0lisi de mostres agroaliment\u00e0ries<\/span><\/span><\/li>\n<li><span dir=\"auto\" style=\"vertical-align: inherit\"><span dir=\"auto\" style=\"vertical-align: inherit\">Fonaments, procediments i equips emprats a l&#8217;an\u00e0lisi de mostres agroaliment\u00e0ries<\/span><\/span><\/li>\n<li><span dir=\"auto\" style=\"vertical-align: inherit\"><span dir=\"auto\" style=\"vertical-align: inherit\">Bacteri\u00f2fags t\u00e8cniques per a la seva manipulaci\u00f3, creixement i a\u00efllament<\/span><\/span><\/li>\n<li><span dir=\"auto\" style=\"vertical-align: inherit\"><span dir=\"auto\" style=\"vertical-align: inherit\">Calibratge i verificaci\u00f3 d&#8217;equips de laboratori<\/span><\/span><\/li>\n<\/ul>\n<\/li>\n<\/ul>\n<ul>\n<li><span dir=\"auto\" style=\"vertical-align: inherit\"><span dir=\"auto\" style=\"vertical-align: inherit\">DROSOPHILA MELANOGASTER COM A MODEL EN INVESTIGACI\u00d3<\/span><\/span>\n<ul>\n<li><span dir=\"auto\" style=\"vertical-align: inherit\"><span dir=\"auto\" style=\"vertical-align: inherit\">Introducci\u00f3 a la investigaci\u00f3 amb Drosophila melanogaster<\/span><\/span><\/li>\n<li><span dir=\"auto\" style=\"vertical-align: inherit\"><span dir=\"auto\" style=\"vertical-align: inherit\">Experimentaci\u00f3 amb Drosophila<\/span><\/span><\/li>\n<li><span dir=\"auto\" style=\"vertical-align: inherit\"><span dir=\"auto\" style=\"vertical-align: inherit\">Estocs Drosophila melonogaster<\/span><\/span><\/li>\n<li><span dir=\"auto\" style=\"vertical-align: inherit\"><span dir=\"auto\" style=\"vertical-align: inherit\">Gen\u00e8tica de Drosophila melanogaster<\/span><\/span><\/li>\n<\/ul>\n<\/li>\n<\/ul>\n<ul>\n<li><span dir=\"auto\" style=\"vertical-align: inherit\"><span dir=\"auto\" style=\"vertical-align: inherit\">TREBALL AMB CULTIUS CEL\u00b7LULARS EN UN LABORATORI D&#8217;INVESTIGACI\u00d3<\/span><\/span>\n<ul>\n<li><span dir=\"auto\" style=\"vertical-align: inherit\"><span dir=\"auto\" style=\"vertical-align: inherit\">Introducci\u00f3 i conceptes generals en cultius cel\u00b7lulars<\/span><\/span><\/li>\n<li><span dir=\"auto\" style=\"vertical-align: inherit\"><span dir=\"auto\" style=\"vertical-align: inherit\">T\u00e8cniques b\u00e0siques en cultius de l\u00ednies cel\u00b7lulars<\/span><\/span><\/li>\n<li><span dir=\"auto\" style=\"vertical-align: inherit\"><span dir=\"auto\" style=\"vertical-align: inherit\">Sales de cultius cel\u00b7lulars: equipament i manteniment<\/span><\/span><\/li>\n<li><span dir=\"auto\" style=\"vertical-align: inherit\"><span dir=\"auto\" style=\"vertical-align: inherit\">H\u00e0bits de treball en un laboratori de cultius cel\u00b7lulars<\/span><\/span><\/li>\n<\/ul>\n<\/li>\n<\/ul>\n<ul>\n<li><span dir=\"auto\" style=\"vertical-align: inherit\"><span dir=\"auto\" style=\"vertical-align: inherit\">CONTROL DE QUALITAT A LABORATORIS<\/span><\/span>\n<ul>\n<li><span dir=\"auto\" style=\"vertical-align: inherit\"><span dir=\"auto\" style=\"vertical-align: inherit\">Fonaments i sistemes de qualitat a laboratoris<\/span><\/span><\/li>\n<li><span dir=\"auto\" style=\"vertical-align: inherit\"><span dir=\"auto\" style=\"vertical-align: inherit\">Auditoria Qualitat<\/span><\/span><\/li>\n<li><span dir=\"auto\" style=\"vertical-align: inherit\"><span dir=\"auto\" style=\"vertical-align: inherit\">Control de qualitat als laboratoris anal\u00edtics<\/span><\/span><\/li>\n<li><span dir=\"auto\" style=\"vertical-align: inherit\"><span dir=\"auto\" style=\"vertical-align: inherit\">ISO 9001:2015 a laboratoris<\/span><\/span><\/li>\n<\/ul>\n<\/li>\n<\/ul>\n<ul>\n<li><span dir=\"auto\" style=\"vertical-align: inherit\"><span dir=\"auto\" style=\"vertical-align: inherit\">CONCEPTES I T\u00c8CNIQUES D&#8217;\u00daS HABITUAL A L&#8217;ESTUDI DE BIOMOL\u00c8CULES<\/span><\/span>\n<ul>\n<li><span dir=\"auto\" style=\"vertical-align: inherit\"><span dir=\"auto\" style=\"vertical-align: inherit\">T\u00e8cniques d&#8217;\u00fas freq\u00fcent al laboratori de biologia molecular i cel\u00b7lular<\/span><\/span><\/li>\n<li><span dir=\"auto\" style=\"vertical-align: inherit\"><span dir=\"auto\" style=\"vertical-align: inherit\">Generalitats i estrat\u00e8gies de purificaci\u00f3 de prote\u00efnes i l\u00edpids<\/span><\/span><\/li>\n<li><span dir=\"auto\" style=\"vertical-align: inherit\"><span dir=\"auto\" style=\"vertical-align: inherit\">Materials i equips al laboratori de biologia molecular i cel\u00b7lular: fonaments \u00fas i manteniment<\/span><\/span><\/li>\n<li><span dir=\"auto\" style=\"vertical-align: inherit\"><span dir=\"auto\" style=\"vertical-align: inherit\">Conceptes te\u00f2rics i aproximaci\u00f3 experimental a l&#8217;\u00fas d&#8217;\u00e0cids nucleics<\/span><\/span><\/li>\n<\/ul>\n<\/li>\n<\/ul>\n<ul>\n<li><span dir=\"auto\" style=\"vertical-align: inherit\"><span dir=\"auto\" style=\"vertical-align: inherit\">PURIFICACI\u00d3 DE MACROMOL\u00c8CULES<\/span><\/span><\/li>\n<li><span dir=\"auto\" style=\"vertical-align: inherit\"><span dir=\"auto\" style=\"vertical-align: inherit\">GENOTIPAT DE RATOLINS MODIFICATS GEN\u00c8TICAMENT<\/span><\/span><\/li>\n<li><span dir=\"auto\" style=\"vertical-align: inherit\"><span dir=\"auto\" style=\"vertical-align: inherit\">INTRODUCCI\u00d3 A LA NEUROPSICOFARMACOLOGIA TRASLLACIONAL<\/span><\/span><\/li>\n<li><span dir=\"auto\" style=\"vertical-align: inherit\"><span dir=\"auto\" style=\"vertical-align: inherit\">GESTI\u00d3 DE LA PREVENCI\u00d3 DE RISCOS LABORALS: ASPECTES GENERALS<\/span><\/span>\n<ul>\n<li><span dir=\"auto\" style=\"vertical-align: inherit\"><span dir=\"auto\" style=\"vertical-align: inherit\">Descripci\u00f3 i avaluaci\u00f3 dels riscos derivats del treball a l&#8217;oficina<\/span><\/span><\/li>\n<li><span dir=\"auto\" style=\"vertical-align: inherit\"><span dir=\"auto\" style=\"vertical-align: inherit\">Higiene industrial<\/span><\/span><\/li>\n<li><span dir=\"auto\" style=\"vertical-align: inherit\"><span dir=\"auto\" style=\"vertical-align: inherit\">Organitzacions saludables: models per a l&#8217;acci\u00f3 des de la gesti\u00f3 de la salut i les persones<\/span><\/span><\/li>\n<li><span dir=\"auto\" style=\"vertical-align: inherit\"><span dir=\"auto\" style=\"vertical-align: inherit\">Psicosociologia<\/span><\/span><\/li>\n<\/ul>\n<\/li>\n<\/ul>\n<ul>\n<li><span dir=\"auto\" style=\"vertical-align: inherit\"><span dir=\"auto\" style=\"vertical-align: inherit\">ESTR\u00c8S LABORAL. PREVENCI\u00d3 DE RISCOS LABORALS. DEFINICIONS<\/span><\/span><\/li>\n<li><span dir=\"auto\" style=\"vertical-align: inherit\"><span dir=\"auto\" style=\"vertical-align: inherit\">GESTI\u00d3 DE LA PREVENCI\u00d3 DE RISCOS LABORALS: ASPECTES ESPEC\u00cdFICS<\/span><\/span>\n<ul>\n<li><span dir=\"auto\" style=\"vertical-align: inherit\"><span dir=\"auto\" style=\"vertical-align: inherit\">Riscos relatius a obres de construcci\u00f3 i treballs de jardineria i agricultura<\/span><\/span><\/li>\n<li><span dir=\"auto\" style=\"vertical-align: inherit\"><span dir=\"auto\" style=\"vertical-align: inherit\">Utilitzaci\u00f3 d&#8217;equips de treball i comercialitzaci\u00f3 i posada en servei de m\u00e0quines<\/span><\/span><\/li>\n<li><span dir=\"auto\" style=\"vertical-align: inherit\"><span dir=\"auto\" style=\"vertical-align: inherit\">Gesti\u00f3 del risc per Agents biol\u00f2gics a la feina<\/span><\/span><\/li>\n<li><span dir=\"auto\" style=\"vertical-align: inherit\"><span dir=\"auto\" style=\"vertical-align: inherit\">Agents qu\u00edmics a la feina<\/span><\/span><\/li>\n<\/ul>\n<\/li>\n<\/ul>\n<ul>\n<li><span dir=\"auto\" style=\"vertical-align: inherit\"><span dir=\"auto\" style=\"vertical-align: inherit\">AMPLIACI\u00d3 DE CONEIXEMENTS EN PREVENCI\u00d3 DE RISCOS LABORALS (I)<\/span><\/span>\n<ul>\n<li><span dir=\"auto\" style=\"vertical-align: inherit\"><span dir=\"auto\" style=\"vertical-align: inherit\">Legislaci\u00f3 general prevenci\u00f3 de riscos laborals<\/span><\/span><\/li>\n<li><span dir=\"auto\" style=\"vertical-align: inherit\"><span dir=\"auto\" style=\"vertical-align: inherit\">Risc per radiacions \u00f2ptiques i exposici\u00f3 a camps electromagn\u00e8tics a la feina<\/span><\/span><\/li>\n<li><span dir=\"auto\" style=\"vertical-align: inherit\"><span dir=\"auto\" style=\"vertical-align: inherit\">Equips de protecci\u00f3 individual<\/span><\/span><\/li>\n<li><span dir=\"auto\" style=\"vertical-align: inherit\"><span dir=\"auto\" style=\"vertical-align: inherit\">Teletreball i Prevenci\u00f3 de Riscos Laborals<\/span><\/span><\/li>\n<\/ul>\n<\/li>\n<\/ul>\n<ul>\n<li><span dir=\"auto\" style=\"vertical-align: inherit\"><span dir=\"auto\" style=\"vertical-align: inherit\">AMPLIACI\u00d3 DE CONEIXEMENTS DE PREVENCI\u00d3 DE RISCOS LABORALS (II)<\/span><\/span>\n<ul>\n<li><span dir=\"auto\" style=\"vertical-align: inherit\"><span dir=\"auto\" style=\"vertical-align: inherit\">Introducci\u00f3 a la bioseguretat I<\/span><\/span><\/li>\n<li><span dir=\"auto\" style=\"vertical-align: inherit\"><span dir=\"auto\" style=\"vertical-align: inherit\">Introducci\u00f3 a la bioseguretat II<\/span><\/span><\/li>\n<li><span dir=\"auto\" style=\"vertical-align: inherit\"><span dir=\"auto\" style=\"vertical-align: inherit\">Prevenci\u00f3 de riscos en el maneig de medicaments perillosos<\/span><\/span><\/li>\n<\/ul>\n<\/li>\n<\/ul>\n<ul>\n<li><span dir=\"auto\" style=\"vertical-align: inherit\"><span dir=\"auto\" style=\"vertical-align: inherit\">CREACI\u00d3 I EDICI\u00d3 DE RECURSOS AUDIOVISUALS<\/span><\/span>\n<ul>\n<li><span dir=\"auto\" style=\"vertical-align: inherit\"><span dir=\"auto\" style=\"vertical-align: inherit\">Edici\u00f3 d imatges digitals. Carlos Ramos<\/span><\/span><\/li>\n<li><span dir=\"auto\" style=\"vertical-align: inherit\"><span dir=\"auto\" style=\"vertical-align: inherit\">Fonaments d&#8217;enregistrament de v\u00eddeo digital. Guillem L\u00f3pez<\/span><\/span><\/li>\n<li><span dir=\"auto\" style=\"vertical-align: inherit\"><span dir=\"auto\" style=\"vertical-align: inherit\">Edici\u00f3 de v\u00eddeo i difusi\u00f3 en plataformes en l\u00ednia. Guillem L\u00f3pez<\/span><\/span><\/li>\n<li><span dir=\"auto\" style=\"vertical-align: inherit\"><span dir=\"auto\" style=\"vertical-align: inherit\">Fonaments de fotografia digital. Iv\u00e1n Vaz<\/span><\/span><\/li>\n<\/ul>\n<\/li>\n<\/ul>\n<ul>\n<li><span dir=\"auto\" style=\"vertical-align: inherit\"><span dir=\"auto\" style=\"vertical-align: inherit\">INTRODUCCI\u00d3 A ADOBE PHOTOSHOP<\/span><\/span>\n<ul>\n<li><span dir=\"auto\" style=\"vertical-align: inherit\"><span dir=\"auto\" style=\"vertical-align: inherit\">Adobe Photoshop I<\/span><\/span><\/li>\n<li><span dir=\"auto\" style=\"vertical-align: inherit\"><span dir=\"auto\" style=\"vertical-align: inherit\">Adobe Photoshop II<\/span><\/span><\/li>\n<li><span dir=\"auto\" style=\"vertical-align: inherit\"><span dir=\"auto\" style=\"vertical-align: inherit\">Adobe Photoshop III<\/span><\/span><\/li>\n<li><span dir=\"auto\" style=\"vertical-align: inherit\"><span dir=\"auto\" style=\"vertical-align: inherit\">Camera RAW<\/span><\/span><\/li>\n<\/ul>\n<\/li>\n<\/ul>\n<ul>\n<li><span dir=\"auto\" style=\"vertical-align: inherit\"><span dir=\"auto\" style=\"vertical-align: inherit\">EDICI\u00d3 DE V\u00cdDEO AMB ADOBE PREMIERE PRO CS6<\/span><\/span>\n<ul>\n<li><span dir=\"auto\" style=\"vertical-align: inherit\"><span dir=\"auto\" style=\"vertical-align: inherit\">Introducci\u00f3 a Premiere Pro.<\/span><\/span><\/li>\n<li><span dir=\"auto\" style=\"vertical-align: inherit\"><span dir=\"auto\" style=\"vertical-align: inherit\">\u00das b\u00e0sic d&#8217;Adobe Premiere Pro CS6<\/span><\/span><\/li>\n<li><span dir=\"auto\" style=\"vertical-align: inherit\"><span dir=\"auto\" style=\"vertical-align: inherit\">Exercicis pr\u00e0ctics amb Premiere<\/span><\/span><\/li>\n<li><span dir=\"auto\" style=\"vertical-align: inherit\"><span dir=\"auto\" style=\"vertical-align: inherit\">Edici\u00f3 de so i correcci\u00f3 de color a Premiere<\/span><\/span><\/li>\n<\/ul>\n<\/li>\n<\/ul>\n<ul>\n<li><span dir=\"auto\" style=\"vertical-align: inherit\"><span dir=\"auto\" style=\"vertical-align: inherit\">SO ALS MITJANS AUDIOVISUALS<\/span><\/span>\n<ul>\n<li><span dir=\"auto\" style=\"vertical-align: inherit\"><span dir=\"auto\" style=\"vertical-align: inherit\">Hist\u00f2ria i fonaments b\u00e0sics del so<\/span><\/span><\/li>\n<li><span dir=\"auto\" style=\"vertical-align: inherit\"><span dir=\"auto\" style=\"vertical-align: inherit\">Micr\u00f2fons: tipus, caracter\u00edstiques i t\u00e8cniques de col\u00b7locaci\u00f3<\/span><\/span><\/li>\n<li><span dir=\"auto\" style=\"vertical-align: inherit\"><span dir=\"auto\" style=\"vertical-align: inherit\">Fases del so a les produccions audiovisuals<\/span><\/span><\/li>\n<li><span dir=\"auto\" style=\"vertical-align: inherit\"><span dir=\"auto\" style=\"vertical-align: inherit\">Llenguatge Sonor<\/span><\/span><\/li>\n<\/ul>\n<\/li>\n<\/ul>\n<ul>\n<li><span dir=\"auto\" style=\"vertical-align: inherit\"><span dir=\"auto\" style=\"vertical-align: inherit\">INICIACI\u00d3 A POWERPOINT<\/span><\/span><\/li>\n<\/ul>\n<p><\/p>","protected":false},"excerpt":{"rendered":"<p>Formaci\u00f3 en l\u00ednia espec\u00edfica ofertada a trav\u00e9s de la plataforma de formaci\u00f3 per a PTGAS \u00a0de la Universitat Miguel Hern\u00e1ndez d&#8217;Elx.<br \/>\nL&#8217;oferta formativa completa est\u00e0 disponible a la plataforma indicada.<\/p>\n<p>MANTENIMENT I REPARACI\u00d3 D&#8217;EQUIPS DE LABORATORI<\/p>\n<p>Introducci\u00f3 al manteniment i la reparaci\u00f3 d&#8217;equips de laboratoris universitaris<br \/>\nIntroducci\u00f3 al diagn\u00f2stic i la reparaci\u00f3 d&#8217;equips el\u00e8ctrics i electr\u00f2nics<br \/>\nReparaci\u00f3 d&#8217;equips inform\u00e0tics<br \/>\nClonaci\u00f3 d&#8217;equips [&#8230;]<\/p>\n","protected":false},"author":3000,"featured_media":0,"parent":2702,"menu_order":5,"comment_status":"closed","ping_status":"closed","template":"","meta":{"_links_to":"","_links_to_target":""},"_links":{"self":[{"href":"https:\/\/satdi.umh.es\/ca\/wp-json\/wp\/v2\/pages\/2300"}],"collection":[{"href":"https:\/\/satdi.umh.es\/ca\/wp-json\/wp\/v2\/pages"}],"about":[{"href":"https:\/\/satdi.umh.es\/ca\/wp-json\/wp\/v2\/types\/page"}],"author":[{"embeddable":true,"href":"https:\/\/satdi.umh.es\/ca\/wp-json\/wp\/v2\/users\/3000"}],"replies":[{"embeddable":true,"href":"https:\/\/satdi.umh.es\/ca\/wp-json\/wp\/v2\/comments?post=2300"}],"version-history":[{"count":0,"href":"https:\/\/satdi.umh.es\/ca\/wp-json\/wp\/v2\/pages\/2300\/revisions"}],"up":[{"embeddable":true,"href":"https:\/\/satdi.umh.es\/ca\/wp-json\/wp\/v2\/pages\/2702"}],"wp:attachment":[{"href":"https:\/\/satdi.umh.es\/ca\/wp-json\/wp\/v2\/media?parent=2300"}],"curies":[{"name":"wp","href":"https:\/\/api.w.org\/{rel}","templated":true}]}}