{"id":2442,"date":"2020-05-20T12:56:28","date_gmt":"2020-05-20T10:56:28","guid":{"rendered":"https:\/\/satdi.umh.es\/?page_id=2442"},"modified":"2026-02-09T20:47:52","modified_gmt":"2026-02-09T19:47:52","slug":"compras","status":"publish","type":"page","link":"https:\/\/satdi.umh.es\/ca\/servicios-prestados\/compras\/","title":{"rendered":"Gesti\u00f3 de compres"},"content":{"rendered":"<p><span dir=\"auto\" style=\"vertical-align: inherit\"><span dir=\"auto\" style=\"vertical-align: inherit\">En aquest apartat podreu trobar informaci\u00f3 sobre els contractes d&#8217;adquisici\u00f3 de productes la coordinaci\u00f3 i gesti\u00f3 t\u00e8cnica dels quals corre a c\u00e0rrec del SATDI.<\/span><\/span><\/p>\n<table class=\"custom-table-4x1\" style=\"border: 0px solid white\" width=\"882\">\n<tbody>\n<tr>\n<td style=\"text-align: center\">\n<h4><a href=\"https:\/\/satdi.umh.es\/compras-acuerdos-marco\/reactivos-material-fungible-y-pequeno-equipamiento\/\"><img loading=\"lazy\" class=\"alignnone wp-image-10691\" src=\"https:\/\/satdi.umh.es\/files\/2025\/12\/Simbolo-satdi-150x150.png\" alt=\"\" width=\"100\" height=\"100\" srcset=\"https:\/\/satdi.umh.es\/files\/2025\/12\/Simbolo-satdi-150x150.png 150w, https:\/\/satdi.umh.es\/files\/2025\/12\/Simbolo-satdi-300x300.png 300w, https:\/\/satdi.umh.es\/files\/2025\/12\/Simbolo-satdi-768x768.png 768w, https:\/\/satdi.umh.es\/files\/2025\/12\/Simbolo-satdi.png 1024w\" sizes=\"(max-width: 100px) 100vw, 100px\" \/><\/a><\/h4>\n<h4><a href=\"https:\/\/satdi.umh.es\/ca\/servicios-prestados\/compras\/reactivos-material-fungible-y-pequeno-equipamiento\/\"><span dir=\"auto\" style=\"vertical-align: inherit\"><span dir=\"auto\" style=\"vertical-align: inherit\">Subministrament de reactius, material fungible i petit equipament<\/span><\/span><\/a><\/h4>\n<\/td>\n<td style=\"text-align: center\">\n<h4><a href=\"https:\/\/satdi.umh.es\/servicios-prestados\/compras\/gases\/\"><img loading=\"lazy\" class=\"alignnone wp-image-10691\" src=\"https:\/\/satdi.umh.es\/files\/2025\/12\/Simbolo-satdi-150x150.png\" alt=\"\" width=\"100\" height=\"100\" srcset=\"https:\/\/satdi.umh.es\/files\/2025\/12\/Simbolo-satdi-150x150.png 150w, https:\/\/satdi.umh.es\/files\/2025\/12\/Simbolo-satdi-300x300.png 300w, https:\/\/satdi.umh.es\/files\/2025\/12\/Simbolo-satdi-768x768.png 768w, https:\/\/satdi.umh.es\/files\/2025\/12\/Simbolo-satdi.png 1024w\" sizes=\"(max-width: 100px) 100vw, 100px\" \/><\/a><\/h4>\n<h4><a href=\"https:\/\/satdi.umh.es\/ca\/servicios-prestados\/compras\/gases\/\"><span dir=\"auto\" style=\"vertical-align: inherit\"><span dir=\"auto\" style=\"vertical-align: inherit\">Subministrament de Gasos envasats i l\u00edquids criog\u00e8nics<\/span><\/span><\/a><\/h4>\n<\/td>\n<td style=\"text-align: center\">\n<h4><a href=\"https:\/\/satdi.umh.es\/compras-acuerdos-marco\/sugerencias-opiniones-a-m\/\"><img loading=\"lazy\" class=\"alignnone wp-image-10691\" src=\"https:\/\/satdi.umh.es\/files\/2025\/12\/Simbolo-satdi-150x150.png\" alt=\"\" width=\"100\" height=\"100\" srcset=\"https:\/\/satdi.umh.es\/files\/2025\/12\/Simbolo-satdi-150x150.png 150w, https:\/\/satdi.umh.es\/files\/2025\/12\/Simbolo-satdi-300x300.png 300w, https:\/\/satdi.umh.es\/files\/2025\/12\/Simbolo-satdi-768x768.png 768w, https:\/\/satdi.umh.es\/files\/2025\/12\/Simbolo-satdi.png 1024w\" sizes=\"(max-width: 100px) 100vw, 100px\" \/><\/a><\/h4>\n<h4><strong><a href=\"https:\/\/satdi.umh.es\/ca\/servicios-prestados\/compras\/sugerencias-opiniones-a-m\/\"><span dir=\"auto\" style=\"vertical-align: inherit\"><span dir=\"auto\" style=\"vertical-align: inherit\">Suggeriments \/ Opinions AM<\/span><\/span><\/a><\/strong><\/h4>\n<\/td>\n<td style=\"text-align: center\">\n<h4><a href=\"https:\/\/seguimientocontratacion.umh.es\/acuerdos-marco\/\"><img loading=\"lazy\" class=\"alignnone wp-image-10691\" src=\"https:\/\/satdi.umh.es\/files\/2025\/12\/Simbolo-satdi-150x150.png\" alt=\"\" width=\"100\" height=\"100\" srcset=\"https:\/\/satdi.umh.es\/files\/2025\/12\/Simbolo-satdi-150x150.png 150w, https:\/\/satdi.umh.es\/files\/2025\/12\/Simbolo-satdi-300x300.png 300w, https:\/\/satdi.umh.es\/files\/2025\/12\/Simbolo-satdi-768x768.png 768w, https:\/\/satdi.umh.es\/files\/2025\/12\/Simbolo-satdi.png 1024w\" sizes=\"(max-width: 100px) 100vw, 100px\" \/><\/a><\/h4>\n<p><a href=\"https:\/\/seguimientocontratacion.umh.es\/acuerdos-marco\/\" target=\"_blank\" rel=\"noopener\"><span dir=\"auto\" style=\"vertical-align: inherit\"><span dir=\"auto\" style=\"vertical-align: inherit\">Altres Acords Marc i SDA de la UMH (blog SPRC)<\/span><\/span><\/a><\/td>\n<\/tr>\n<\/tbody>\n<\/table>\n<p><\/p>","protected":false},"excerpt":{"rendered":"<p>En aquest apartat podreu trobar informaci\u00f3 sobre els contractes d&#8217;adquisici\u00f3 de productes la coordinaci\u00f3 i gesti\u00f3 t\u00e8cnica dels quals corre a c\u00e0rrec del SATDI.<\/p>\n<p>Subministrament de reactius, material fungible i petit equipament<\/p>\n<p>Subministrament de Gasos envasats i l\u00edquids criog\u00e8nics<\/p>\n<p>Suggeriments \/ Opinions AM<\/p>\n<p>Altres Acords Marc i SDA de la UMH (blog SPRC)<\/p>\n","protected":false},"author":1595,"featured_media":0,"parent":100,"menu_order":3,"comment_status":"closed","ping_status":"closed","template":"","meta":{"_links_to":"","_links_to_target":""},"_links":{"self":[{"href":"https:\/\/satdi.umh.es\/ca\/wp-json\/wp\/v2\/pages\/2442"}],"collection":[{"href":"https:\/\/satdi.umh.es\/ca\/wp-json\/wp\/v2\/pages"}],"about":[{"href":"https:\/\/satdi.umh.es\/ca\/wp-json\/wp\/v2\/types\/page"}],"author":[{"embeddable":true,"href":"https:\/\/satdi.umh.es\/ca\/wp-json\/wp\/v2\/users\/1595"}],"replies":[{"embeddable":true,"href":"https:\/\/satdi.umh.es\/ca\/wp-json\/wp\/v2\/comments?post=2442"}],"version-history":[{"count":0,"href":"https:\/\/satdi.umh.es\/ca\/wp-json\/wp\/v2\/pages\/2442\/revisions"}],"up":[{"embeddable":true,"href":"https:\/\/satdi.umh.es\/ca\/wp-json\/wp\/v2\/pages\/100"}],"wp:attachment":[{"href":"https:\/\/satdi.umh.es\/ca\/wp-json\/wp\/v2\/media?parent=2442"}],"curies":[{"name":"wp","href":"https:\/\/api.w.org\/{rel}","templated":true}]}}