{"id":2585,"date":"2020-07-15T11:36:20","date_gmt":"2020-07-15T09:36:20","guid":{"rendered":"https:\/\/satdi.umh.es\/?page_id=2585"},"modified":"2026-02-19T15:40:05","modified_gmt":"2026-02-19T14:40:05","slug":"reactivos-material-fungible-y-pequeno-equipamiento","status":"publish","type":"page","link":"https:\/\/satdi.umh.es\/ca\/servicios-prestados\/compras\/reactivos-material-fungible-y-pequeno-equipamiento\/","title":{"rendered":"Subministrament de reactius, material fungible i petit equipament"},"content":{"rendered":"<p><span style=\"font-weight: 400\"><span dir=\"auto\" style=\"vertical-align: inherit\"><span dir=\"auto\" style=\"vertical-align: inherit\">La Universitat Miguel Hern\u00e1ndez d&#8217;Elx ha establert un <\/span><\/span><strong><span dir=\"auto\" style=\"vertical-align: inherit\"><span dir=\"auto\" style=\"vertical-align: inherit\">Sistema Din\u00e0mic d&#8217;Adquisici\u00f3 (SDA)<\/span><\/span><\/strong><span dir=\"auto\" style=\"vertical-align: inherit\"><span dir=\"auto\" style=\"vertical-align: inherit\"> per al subministrament de reactius, material fungible i petit equipament de laboratori de com\u00fa utilitzaci\u00f3 als seus laboratoris i tallers de recerca i doc\u00e8ncia, aix\u00ed com per a altres serveis, unitats i centres d&#8217;aquesta Universitat.<\/span><\/span><\/span><\/p>\n<p><strong><a href=\"https:\/\/satdi.umh.es\/ca\/servicios-prestados\/compras\/reactivos-material-fungible-y-pequeno-equipamiento\/informacion-general\/\"><span dir=\"auto\" style=\"vertical-align: inherit\"><span dir=\"auto\" style=\"vertical-align: inherit\">Informaci\u00f3 General <\/span><\/span><\/a><\/strong><br \/>\n<a href=\"https:\/\/satdi.umh.es\/ca\/servicios-prestados\/compras\/reactivos-material-fungible-y-pequeno-equipamiento\/proveedores-categorias\/\"><strong><span dir=\"auto\" style=\"vertical-align: inherit\"><span dir=\"auto\" style=\"vertical-align: inherit\">Categories i Prove\u00efdors adherits <\/span><\/span><\/strong><\/a><br \/>\n<a href=\"https:\/\/satdi.umh.es\/ca\/servicios-prestados\/compras\/reactivos-material-fungible-y-pequeno-equipamiento\/instrucciones-de-compra\/\"><strong><span dir=\"auto\" style=\"vertical-align: inherit\"><span dir=\"auto\" style=\"vertical-align: inherit\">Instruccions de compra a SDA <\/span><\/span><\/strong><\/a><br \/>\n<a href=\"https:\/\/satdi.umh.es\/ca\/servicios-prestados\/compras\/reactivos-material-fungible-y-pequeno-equipamiento\/solicitud-productos\/\"><strong><span dir=\"auto\" style=\"vertical-align: inherit\"><span dir=\"auto\" style=\"vertical-align: inherit\">Sol\u00b7licitud de productes no trobats a l&#8217;SDA<\/span><\/span><\/strong><\/a><\/p>\n<p><span style=\"font-weight: 400\"><span dir=\"auto\" style=\"vertical-align: inherit\"><span dir=\"auto\" style=\"vertical-align: inherit\">A causa de la complexitat, varietat i peculiaritats dels productes utilitzats als diferents laboratoris i tallers de la Universitat, s&#8217;ha decidit organitzar els productes necessaris en <\/span><\/span><\/span><a href=\"https:\/\/satdi.umh.es\/ca\/servicios-prestados\/compras\/reactivos-material-fungible-y-pequeno-equipamiento\/proveedores-categorias\/\"><strong><span dir=\"auto\" style=\"vertical-align: inherit\"><span dir=\"auto\" style=\"vertical-align: inherit\">10 categories<\/span><\/span><\/strong><\/a><span style=\"font-weight: 400\"><span dir=\"auto\" style=\"vertical-align: inherit\"><span dir=\"auto\" style=\"vertical-align: inherit\"> , considerant els tipus gen\u00e8rics de productes agrupats per fam\u00edlies afins.<\/span><\/span><\/span><\/p>\n<p><span style=\"font-weight: 400\"><span dir=\"auto\" style=\"vertical-align: inherit\"><span dir=\"auto\" style=\"vertical-align: inherit\">Els prove\u00efdors poden estar adherits a una o diverses de les categories que componen l&#8217;SDA, havent presentat un cat\u00e0leg de productes per a cadascuna.<\/span><\/span><\/span><\/p>\n<p><span style=\"font-weight: 400\"><span dir=\"auto\" style=\"vertical-align: inherit\"><span dir=\"auto\" style=\"vertical-align: inherit\">L&#8217;elecci\u00f3 d&#8217;un sistema d&#8217;adquisici\u00f3 basat en un sistema din\u00e0mic d&#8217;adquisici\u00f3, combinat a un cat\u00e0leg electr\u00f2nic, que facilita l&#8217;adequaci\u00f3 dels productes oferts a les necessitats canviants de la UMH, mitjan\u00e7ant:<\/span><\/span><\/span><\/p>\n<ul>\n<li style=\"font-weight: 400\"><span style=\"font-weight: 400\"><span dir=\"auto\" style=\"vertical-align: inherit\"><span dir=\"auto\" style=\"vertical-align: inherit\">L&#8217;adhesi\u00f3 de nous prove\u00efdors en qualsevol moment durant la vig\u00e8ncia.<\/span><\/span><\/span><\/li>\n<li style=\"font-weight: 400\"><span style=\"font-weight: 400\"><span dir=\"auto\" style=\"vertical-align: inherit\"><span dir=\"auto\" style=\"vertical-align: inherit\">L&#8217;actualitzaci\u00f3 del cat\u00e0leg electr\u00f2nic de productes segons les necessitats reals.<\/span><\/span><\/span><\/li>\n<li style=\"font-weight: 400\"><span style=\"font-weight: 400\"><span dir=\"auto\" style=\"vertical-align: inherit\"><span dir=\"auto\" style=\"vertical-align: inherit\">L&#8217;obtenci\u00f3 de les millors ofertes ajustades als preus de mercat al llarg de la vig\u00e8ncia.<\/span><\/span><\/span><\/li>\n<\/ul>\n<p>&nbsp;<\/p>\n<p><span style=\"font-weight: 400\"><span dir=\"auto\" style=\"vertical-align: inherit\"><span dir=\"auto\" style=\"vertical-align: inherit\">Totes les compres de productes pertanyents a aquest SDA s&#8217;han de fer a trav\u00e9s de l&#8217; <\/span><\/span><\/span><a href=\"https:\/\/universite.umh.es\/pedidos\/catalogo\" target=\"_blank\" rel=\"noopener\"><span style=\"font-weight: 400\"><span dir=\"auto\" style=\"vertical-align: inherit\"><span dir=\"auto\" style=\"vertical-align: inherit\">aplicaci\u00f3 de comandes<\/span><\/span><\/span><\/a><span style=\"font-weight: 400\"><span dir=\"auto\" style=\"vertical-align: inherit\"><span dir=\"auto\" style=\"vertical-align: inherit\"> que est\u00e0 disponible a l&#8217;acc\u00e9s identificat de la UMH.<\/span><\/span><\/span><\/p>\n<p>&nbsp;<\/p>\n<p><span style=\"font-weight: 400\"><span dir=\"auto\" style=\"vertical-align: inherit\"><span dir=\"auto\" style=\"vertical-align: inherit\">La gesti\u00f3 t\u00e8cnica d&#8217;aquest SDA es fa des del Servei de Suport T\u00e8cnic a la Doc\u00e8ncia i la Investigaci\u00f3 (SATDI), com a servei t\u00e8cnic especialitzat, i compta amb la col\u00b7laboraci\u00f3 del Servei d&#8217;Innovaci\u00f3 i Planificaci\u00f3 Tecnol\u00f2gica (SIPT) per al manteniment de l&#8217;aplicaci\u00f3 inform\u00e0tica de compres i del Servei de Planificaci\u00f3 i Seguiment de la Contractaci\u00f3 (SPSC) per al seguiment de la correcta execuci\u00f3.<\/span><\/span><\/span><\/p>","protected":false},"excerpt":{"rendered":"<p>La Universitat Miguel Hern\u00e1ndez d&#8217;Elx ha establert un Sistema Din\u00e0mic d&#8217;Adquisici\u00f3 (SDA) per al subministrament de reactius, material fungible i petit equipament de laboratori de com\u00fa utilitzaci\u00f3 als seus laboratoris i tallers de recerca i doc\u00e8ncia, aix\u00ed com per a altres serveis, unitats i centres d&#8217;aquesta Universitat.<br \/>\nInformaci\u00f3 General<br \/>\nCategories i Prove\u00efdors adherits<br \/>\nInstruccions de compra [&#8230;]<\/p>\n","protected":false},"author":3977,"featured_media":0,"parent":2442,"menu_order":1,"comment_status":"closed","ping_status":"closed","template":"","meta":{"_links_to":"","_links_to_target":""},"_links":{"self":[{"href":"https:\/\/satdi.umh.es\/ca\/wp-json\/wp\/v2\/pages\/2585"}],"collection":[{"href":"https:\/\/satdi.umh.es\/ca\/wp-json\/wp\/v2\/pages"}],"about":[{"href":"https:\/\/satdi.umh.es\/ca\/wp-json\/wp\/v2\/types\/page"}],"author":[{"embeddable":true,"href":"https:\/\/satdi.umh.es\/ca\/wp-json\/wp\/v2\/users\/3977"}],"replies":[{"embeddable":true,"href":"https:\/\/satdi.umh.es\/ca\/wp-json\/wp\/v2\/comments?post=2585"}],"version-history":[{"count":0,"href":"https:\/\/satdi.umh.es\/ca\/wp-json\/wp\/v2\/pages\/2585\/revisions"}],"up":[{"embeddable":true,"href":"https:\/\/satdi.umh.es\/ca\/wp-json\/wp\/v2\/pages\/2442"}],"wp:attachment":[{"href":"https:\/\/satdi.umh.es\/ca\/wp-json\/wp\/v2\/media?parent=2585"}],"curies":[{"name":"wp","href":"https:\/\/api.w.org\/{rel}","templated":true}]}}