{"id":2700,"date":"2022-03-16T14:26:59","date_gmt":"2022-03-16T13:26:59","guid":{"rendered":"https:\/\/satdi.umh.es\/?page_id=2700"},"modified":"2026-01-29T16:00:50","modified_gmt":"2026-01-29T15:00:50","slug":"apoyo-tecnico","status":"publish","type":"page","link":"https:\/\/satdi.umh.es\/ca\/presentacion\/apoyo-tecnico\/","title":{"rendered":"Suport t\u00e8cnic"},"content":{"rendered":"<p><\/p>\n<p style=\"text-align: justify\"><span dir=\"auto\" style=\"vertical-align: inherit\"><span dir=\"auto\" style=\"vertical-align: inherit\">El Servei de Suport T\u00e8cnic a la Doc\u00e8ncia i a la Investigaci\u00f3 (SATDI) \u00e9s un servei multidisciplinari que agrupa t\u00e8cnics de laboratori de diferents especialitats, d&#8217;acord amb les necessitats que es plantegen, en mat\u00e8ria docent i de recerca, als diferents centres que integren la Universitat. Aquestes especialitats s\u00f3n:<\/span><\/span><\/p>\n<ul>\n<li><strong><span dir=\"auto\" style=\"vertical-align: inherit\"><span dir=\"auto\" style=\"vertical-align: inherit\">Especialitat Mec\u00e0nica, Termodin\u00e0mica, Fluids i Materials<\/span><\/span><\/strong><\/li>\n<li><strong><span dir=\"auto\" style=\"vertical-align: inherit\"><span dir=\"auto\" style=\"vertical-align: inherit\">Especialitat El\u00e8ctric i Electr\u00f2nic-Inform\u00e0tic<\/span><\/span><\/strong><\/li>\n<li><strong><span dir=\"auto\" style=\"vertical-align: inherit\"><span dir=\"auto\" style=\"vertical-align: inherit\">Especialitat Qu\u00edmica<\/span><\/span><\/strong><\/li>\n<li><strong><span dir=\"auto\" style=\"vertical-align: inherit\"><span dir=\"auto\" style=\"vertical-align: inherit\">Especialitat Bioqu\u00edmica, Biol\u00f2gica i Biosanit\u00e0ria<\/span><\/span><\/strong><\/li>\n<li><strong><span dir=\"auto\" style=\"vertical-align: inherit\"><span dir=\"auto\" style=\"vertical-align: inherit\">Especialitat Audiovisual, Comunicaci\u00f3 i Arts Pl\u00e0stiques<\/span><\/span><\/strong><\/li>\n<li><strong><span dir=\"auto\" style=\"vertical-align: inherit\"><span dir=\"auto\" style=\"vertical-align: inherit\">Especialitat Producci\u00f3 animal a granja<\/span><\/span><br \/>\n<\/strong><\/li>\n<\/ul>\n<p>&nbsp;<\/p>","protected":false},"excerpt":{"rendered":"<p>El Servei de Suport T\u00e8cnic a la Doc\u00e8ncia i a la Investigaci\u00f3 (SATDI) \u00e9s un servei multidisciplinari que agrupa t\u00e8cnics de laboratori de diferents especialitats, d&#8217;acord amb les necessitats que es plantegen, en mat\u00e8ria docent i de recerca, als diferents centres que integren la Universitat. Aquestes especialitats s\u00f3n:<\/p>\n<p>Especialitat Mec\u00e0nica, Termodin\u00e0mica, Fluids i Materials<br \/>\nEspecialitat El\u00e8ctric i [&#8230;]<\/p>\n","protected":false},"author":3000,"featured_media":0,"parent":104,"menu_order":4,"comment_status":"closed","ping_status":"closed","template":"","meta":{"_links_to":"","_links_to_target":""},"_links":{"self":[{"href":"https:\/\/satdi.umh.es\/ca\/wp-json\/wp\/v2\/pages\/2700"}],"collection":[{"href":"https:\/\/satdi.umh.es\/ca\/wp-json\/wp\/v2\/pages"}],"about":[{"href":"https:\/\/satdi.umh.es\/ca\/wp-json\/wp\/v2\/types\/page"}],"author":[{"embeddable":true,"href":"https:\/\/satdi.umh.es\/ca\/wp-json\/wp\/v2\/users\/3000"}],"replies":[{"embeddable":true,"href":"https:\/\/satdi.umh.es\/ca\/wp-json\/wp\/v2\/comments?post=2700"}],"version-history":[{"count":0,"href":"https:\/\/satdi.umh.es\/ca\/wp-json\/wp\/v2\/pages\/2700\/revisions"}],"up":[{"embeddable":true,"href":"https:\/\/satdi.umh.es\/ca\/wp-json\/wp\/v2\/pages\/104"}],"wp:attachment":[{"href":"https:\/\/satdi.umh.es\/ca\/wp-json\/wp\/v2\/media?parent=2700"}],"curies":[{"name":"wp","href":"https:\/\/api.w.org\/{rel}","templated":true}]}}