{"id":2703,"date":"2025-07-01T00:05:19","date_gmt":"2025-06-30T22:05:19","guid":{"rendered":"https:\/\/satdi.umh.es\/?page_id=2703"},"modified":"2026-02-03T20:39:33","modified_gmt":"2026-02-03T19:39:33","slug":"gases","status":"publish","type":"page","link":"https:\/\/satdi.umh.es\/ca\/servicios-prestados\/compras\/gases\/","title":{"rendered":"Subministrament de Gasos envasats i l\u00edquids criog\u00e8nics"},"content":{"rendered":"<p><span style=\"font-weight: 400\"><span style=\"text-decoration: underline\"><span dir=\"auto\" style=\"vertical-align: inherit\"><span dir=\"auto\" style=\"vertical-align: inherit\">L&#8217;1 de juliol de 2025 entra en vigor l&#8217; <\/span><\/span><strong><span dir=\"auto\" style=\"vertical-align: inherit\"><span dir=\"auto\" style=\"vertical-align: inherit\">expedient 2025_AM_02<\/span><\/span><\/strong><span dir=\"auto\" style=\"vertical-align: inherit\"><span dir=\"auto\" style=\"vertical-align: inherit\"> :<\/span><\/span><\/span><span dir=\"auto\" style=\"vertical-align: inherit\"><span dir=\"auto\" style=\"vertical-align: inherit\"> Acord marc de subministrament de gasos comprimits, liquats per pressi\u00f3, gel sec i l\u00edquids criog\u00e8nics, aix\u00ed com el lloguer dels envasos per a gasos a pressi\u00f3, per a la Universitat Miguel Hern\u00e1ndez d&#8217;Elx.<\/span><\/span><\/span><br \/>\n<span dir=\"auto\" style=\"vertical-align: inherit\"><span dir=\"auto\" style=\"vertical-align: inherit\"> Aquest contracte substitueix lexpedient 2024_024-SUM.<\/span><\/span><br \/>\n<span dir=\"auto\" style=\"vertical-align: inherit\"><span dir=\"auto\" style=\"vertical-align: inherit\">En haver-hi un canvi en el prove\u00efdor homologat per a l&#8217;adquisici\u00f3 dels productes inclosos en aquest, es recomana que revisin la informaci\u00f3 detallada als punts seg\u00fcents:<\/span><\/span><\/p>\n<p style=\"padding-left: 40px\"><a href=\"https:\/\/satdi.umh.es\/ca\/servicios-prestados\/compras\/gases\/gases-info\/\"><span dir=\"auto\" style=\"vertical-align: inherit\"><span dir=\"auto\" style=\"vertical-align: inherit\">Informaci\u00f3 General <\/span><\/span><\/a><br \/>\n<a href=\"https:\/\/satdi.umh.es\/ca\/servicios-prestados\/compras\/gases\/gases-instrucciones\/\"><span dir=\"auto\" style=\"vertical-align: inherit\"><span dir=\"auto\" style=\"vertical-align: inherit\">Instruccions de compra <\/span><\/span><\/a><br \/>\n<a href=\"https:\/\/satdi.umh.es\/ca\/servicios-prestados\/compras\/gases\/gases-proveedor-productos\/\" rel=\"noopener\"><span dir=\"auto\" style=\"vertical-align: inherit\"><span dir=\"auto\" style=\"vertical-align: inherit\">Prove\u00efdor i productes homologats<\/span><\/span><\/a><\/p>\n<p><span style=\"font-weight: 400\"><span dir=\"auto\" style=\"vertical-align: inherit\"><span dir=\"auto\" style=\"vertical-align: inherit\">Totes les compres de productes pertanyents a aquest contracte s&#8217;han de fer a trav\u00e9s de l&#8217; <\/span><\/span><\/span><a href=\"https:\/\/universite.umh.es\/pedidos\/catalogo?contrato=9\" target=\"_blank\" rel=\"noopener\"><span style=\"font-weight: 400\"><strong><span dir=\"auto\" style=\"vertical-align: inherit\"><span dir=\"auto\" style=\"vertical-align: inherit\">aplicaci\u00f3 de comandes<\/span><\/span><\/strong><\/span><\/a><span style=\"font-weight: 400\"><span dir=\"auto\" style=\"vertical-align: inherit\"><span dir=\"auto\" style=\"vertical-align: inherit\"> que est\u00e0 disponible a l&#8217;acc\u00e9s identificat de la UMH.<\/span><\/span><\/span><\/p>\n<p><span style=\"font-weight: 400\"><span dir=\"auto\" style=\"vertical-align: inherit\"><span dir=\"auto\" style=\"vertical-align: inherit\">La gesti\u00f3 t\u00e8cnica d&#8217;aquest contracte es realitza des del Servei de Suport T\u00e8cnic a la Doc\u00e8ncia i la Investigaci\u00f3 (SATDI), com a servei t\u00e8cnic especialitzat, i compta amb la col\u00b7laboraci\u00f3 del Servei d&#8217;Innovaci\u00f3 i Planificaci\u00f3 Tecnol\u00f2gica (SIPT) per al manteniment de l&#8217;aplicaci\u00f3 inform\u00e0tica de compres i del Servei de Planificaci\u00f3 i Racionalitzaci\u00f3 de la Contractaci\u00f3 (SPRC) per al seguiment de la correcta execuci\u00f3.<\/span><\/span><\/span><\/p>","protected":false},"excerpt":{"rendered":"<p>L&#8217;1 de juliol de 2025 entra en vigor l&#8217; expedient 2025_AM_02 : Acord marc de subministrament de gasos comprimits, liquats per pressi\u00f3, gel sec i l\u00edquids criog\u00e8nics, aix\u00ed com el lloguer dels envasos per a gasos a pressi\u00f3, per a la Universitat Miguel Hern\u00e1ndez d&#8217;Elx.<br \/>\n Aquest contracte substitueix lexpedient 2024_024-SUM.<br \/>\nEn haver-hi un canvi en el [&#8230;]<\/p>\n","protected":false},"author":3000,"featured_media":0,"parent":2442,"menu_order":2,"comment_status":"closed","ping_status":"closed","template":"","meta":{"_links_to":"","_links_to_target":""},"_links":{"self":[{"href":"https:\/\/satdi.umh.es\/ca\/wp-json\/wp\/v2\/pages\/2703"}],"collection":[{"href":"https:\/\/satdi.umh.es\/ca\/wp-json\/wp\/v2\/pages"}],"about":[{"href":"https:\/\/satdi.umh.es\/ca\/wp-json\/wp\/v2\/types\/page"}],"author":[{"embeddable":true,"href":"https:\/\/satdi.umh.es\/ca\/wp-json\/wp\/v2\/users\/3000"}],"replies":[{"embeddable":true,"href":"https:\/\/satdi.umh.es\/ca\/wp-json\/wp\/v2\/comments?post=2703"}],"version-history":[{"count":0,"href":"https:\/\/satdi.umh.es\/ca\/wp-json\/wp\/v2\/pages\/2703\/revisions"}],"up":[{"embeddable":true,"href":"https:\/\/satdi.umh.es\/ca\/wp-json\/wp\/v2\/pages\/2442"}],"wp:attachment":[{"href":"https:\/\/satdi.umh.es\/ca\/wp-json\/wp\/v2\/media?parent=2703"}],"curies":[{"name":"wp","href":"https:\/\/api.w.org\/{rel}","templated":true}]}}