{"id":3,"date":"2022-03-15T09:12:28","date_gmt":"2022-03-15T08:12:28","guid":{"rendered":"http:\/\/sic.zeus.umh.es.zeus.umh.es\/presentacion\/"},"modified":"2026-03-30T17:17:52","modified_gmt":"2026-03-30T15:17:52","slug":"instrumentacioncientifica","status":"publish","type":"page","link":"https:\/\/satdi.umh.es\/ca\/servicios-prestados\/instrumentacioncientifica\/","title":{"rendered":"Satdi-Instrumentaci\u00f3 Cient\u00edfica"},"content":{"rendered":"<p><\/p>\n<pre><a href=\"https:\/\/satdi.umh.es\/files\/2022\/03\/LOGO-SATDI-IC.png\"><img loading=\"lazy\" class=\"aligncenter\" src=\"https:\/\/satdi.umh.es\/files\/2022\/03\/LOGO-SATDI-IC.png\" alt=\"Logo SATDI-IC\" width=\"300\" height=\"919\" align=\"left\" \/><\/a><\/pre>\n<p style=\"text-align: justify\" align=\"justify\"><span dir=\"auto\" style=\"vertical-align: inherit\"><span dir=\"auto\" style=\"vertical-align: inherit\">El SATDI-IC est\u00e0 format per un gran nombre de laboratoris de recerca, dotats d&#8217;equipament de tecnologia avan\u00e7ada i capa\u00e7os de donar suport investigador i assessorament cient\u00edfic. El seu objectiu \u00e9s optimitzar els recursos cient\u00edfics existents a la nostra Universitat, per tal d&#8217;obtenir-ne el m\u00e0xim rendiment, i fer-los accessibles a tota la comunitat universit\u00e0ria, aix\u00ed com potenciar i desenvolupar l&#8217;activitat investigadora, tant en els aspectes b\u00e0sics com en els m\u00e9s espec\u00edfics.<\/span><\/span><\/p>\n<p align=\"justify\"><span dir=\"auto\" style=\"vertical-align: inherit\"><span dir=\"auto\" style=\"vertical-align: inherit\"><iframe  style=\"display: block; margin: 0px auto;\"  id=\"_ytid_92282\"  width=\"480\" height=\"270\"  data-origwidth=\"480\" data-origheight=\"270\"  data-relstop=\"1\" src=\"https:\/\/www.youtube.com\/embed\/BaEHwoH17Gs?enablejsapi=1&autoplay=0&cc_load_policy=1&iv_load_policy=1&loop=0&modestbranding=0&fs=1&playsinline=1&controls=1&color=red&cc_lang_pref=&rel=0&autohide=2&theme=dark&\" class=\"__youtube_prefs__  no-lazyload\" title=\"YouTube player\"  allow=\"accelerometer; autoplay; clipboard-write; encrypted-media; gyroscope; picture-in-picture\" allowfullscreen data-no-lazy=\"1\" data-skipgform_ajax_framebjll=\"\"><\/iframe><\/span><\/span><\/p>\n<table class=\"aligncenter\" style=\"border: 0px solid white;justify-content: center\" width=\"442\">\n<tbody>\n<tr>\n<td style=\"text-align: center;border: 1px double white\"><a href=\"https:\/\/satdi.umh.es\/ca\/servicios-prestados\/instrumentacioncientifica\/servicios_ofertados\/\"><img loading=\"lazy\" class=\"alignnone wp-image-10297 size-thumbnail\" src=\"https:\/\/satdi.umh.es\/files\/2025\/10\/SATDI-IC-150x150.png\" alt=\"\" width=\"150\" height=\"150\" srcset=\"https:\/\/satdi.umh.es\/files\/2025\/10\/SATDI-IC-150x150.png 150w, https:\/\/satdi.umh.es\/files\/2025\/10\/SATDI-IC-300x300.png 300w, https:\/\/satdi.umh.es\/files\/2025\/10\/SATDI-IC.png 600w\" sizes=\"(max-width: 150px) 100vw, 150px\" \/><\/a><\/p>\n<h4><a href=\"https:\/\/satdi.umh.es\/ca\/servicios-prestados\/instrumentacioncientifica\/servicios_ofertados\/\">SERVEIS OFERITS<\/a><\/h4>\n<\/td>\n<td style=\"border: 1px double white\"><a href=\"https:\/\/satdi.umh.es\/servicios-prestados\/instrumentacioncientifica\/servicios_ofertados\/servicios_ofertados-instrumentacioncientifica-satdi-ic-orihuela\/\"><img loading=\"lazy\" class=\"alignnone wp-image-10309\" src=\"https:\/\/satdi.umh.es\/files\/2025\/10\/orihuela.png\" alt=\"\" width=\"189\" height=\"150\" srcset=\"https:\/\/satdi.umh.es\/files\/2025\/10\/orihuela.png 523w, https:\/\/satdi.umh.es\/files\/2025\/10\/orihuela-300x239.png 300w\" sizes=\"(max-width: 189px) 100vw, 189px\" \/><\/a><\/p>\n<h4>\u00a0 \u00a0<a href=\"https:\/\/satdi.umh.es\/ca\/servicios-prestados\/instrumentacioncientifica\/servicios_ofertados\/servicios_ofertados-instrumentacioncientifica-satdi-ic-orihuela\/\">SATDI-IC ORIHUELA<\/a><\/h4>\n<\/td>\n<td style=\"border: 1px double white;text-align: center\"><\/td>\n<td style=\"border: 1px double white\">\n<h4><\/h4>\n<\/td>\n<\/tr>\n<\/tbody>\n<\/table>\n<p style=\"text-align: justify\"><strong><span dir=\"auto\" style=\"vertical-align: inherit\"><span dir=\"auto\" style=\"vertical-align: inherit\">SATDI-Instrumentaci\u00f3 Cient\u00edfica<\/span><\/span><\/strong><span dir=\"auto\" style=\"vertical-align: inherit\"><span dir=\"auto\" style=\"vertical-align: inherit\"> coordinar\u00e0 i posar\u00e0 a disposici\u00f3 dels investigadors de la Universitat Miguel Hern\u00e1ndez d&#8217;Elx i d&#8217;altres institucions p\u00fabliques o privades aquest equipament. Aquesta tasca es dur\u00e0 a terme preferentment a trav\u00e9s de convenis o acords espec\u00edfics, i sempre dins de les normes establertes.<\/span><\/span><\/p>\n<p style=\"text-align: justify\"><strong><span dir=\"auto\" style=\"vertical-align: inherit\"><span dir=\"auto\" style=\"vertical-align: inherit\">Contacta amb SATDI-Instrumentaci\u00f3 Cient\u00edfica a trav\u00e9s de:<\/span><\/span><\/strong><\/p>\n<ul>\n<li style=\"text-align: justify\"><span dir=\"auto\" style=\"vertical-align: inherit\"><span dir=\"auto\" style=\"vertical-align: inherit\">Email: <\/span><\/span><a href=\"mailto:satdi@umh.es\"><span dir=\"auto\" style=\"vertical-align: inherit\"><span dir=\"auto\" style=\"vertical-align: inherit\">satdi@umh.es<\/span><\/span><\/a><\/li>\n<\/ul>\n<p><strong><span dir=\"auto\" style=\"vertical-align: inherit\"><span dir=\"auto\" style=\"vertical-align: inherit\">Com utilitzar el servei<\/span><\/span><\/strong><\/p>\n<ul>\n<li><span dir=\"auto\" style=\"vertical-align: inherit\"><span dir=\"auto\" style=\"vertical-align: inherit\">Localitzar l&#8217;equip a la llista. Podeu consultar la llista d&#8217;equips al seg\u00fcent enlla\u00e7: <\/span><\/span><strong><a style=\"text-align: center\" href=\"https:\/\/satdi.umh.es\/ca\/servicios-prestados\/instrumentacioncientifica\/servicios_ofertados\/\"><span dir=\"auto\" style=\"vertical-align: inherit\"><span dir=\"auto\" style=\"vertical-align: inherit\">LLISTA D&#8217;EQUIPS OFERITS<\/span><\/span><\/a><\/strong><\/li>\n<\/ul>\n<ul>\n<li><span dir=\"auto\" style=\"vertical-align: inherit\"><span dir=\"auto\" style=\"vertical-align: inherit\">L&#8217;equip s&#8217;ha utilitzat abans? Si la resposta \u00e9s S\u00cd, contacteu directament amb l&#8217;operador de l&#8217;equip, si la resposta \u00e9s NO, <\/span><\/span><strong><span dir=\"auto\" style=\"vertical-align: inherit\"><span dir=\"auto\" style=\"vertical-align: inherit\">contacteu amb el SATDI-IC al correu <\/span><\/span><a href=\"mailto:satdi@umh.es\"><span dir=\"auto\" style=\"vertical-align: inherit\"><span dir=\"auto\" style=\"vertical-align: inherit\">satdi@umh.es<\/span><\/span><\/a><\/strong><\/li>\n<li><span dir=\"auto\" style=\"vertical-align: inherit\"><span dir=\"auto\" style=\"vertical-align: inherit\">Un cop us heu contactat amb l&#8217;operador o amb el SATDI-IC, reserveu l&#8217;equip per utilitzar-lo.<\/span><\/span><\/li>\n<li><span dir=\"auto\" style=\"vertical-align: inherit\"><span dir=\"auto\" style=\"vertical-align: inherit\">Emplenar el <\/span><\/span><strong><a href=\"https:\/\/satdi.umh.es\/instrumentacioncientifica\/formularios\/formulario-peticion\/\" target=\"_blank\" rel=\"noopener\"><span dir=\"auto\" style=\"vertical-align: inherit\"><span dir=\"auto\" style=\"vertical-align: inherit\">FORMULARI DE PETICI\u00d3 D&#8217;EQUIPS<\/span><\/span><\/a><\/strong><\/li>\n<li><strong><span dir=\"auto\" style=\"vertical-align: inherit\"><span dir=\"auto\" style=\"vertical-align: inherit\">Feu \u00fas de l&#8217;equip<\/span><\/span><\/strong><\/li>\n<\/ul>\n<p><strong><span dir=\"auto\" style=\"vertical-align: inherit\"><span dir=\"auto\" style=\"vertical-align: inherit\">GESTOR D&#8217;EQUIPS CIENT\u00cdFICS (GEI)<\/span><\/span><\/strong><\/p>\n<p><a href=\"http:\/\/sti.umh.es\/gei\/default.asp\"><span dir=\"auto\" style=\"vertical-align: inherit\"><span dir=\"auto\" style=\"vertical-align: inherit\">enlla\u00e7 al GEI<\/span><\/span><\/a><\/p>\n<p style=\"text-align: center\"><strong><span dir=\"auto\" style=\"vertical-align: inherit\"><span dir=\"auto\" style=\"vertical-align: inherit\">ENLLA\u00c7OS \u00daTILS<\/span><\/span><\/strong><\/p>\n<p style=\"text-align: center\"><strong><span dir=\"auto\" style=\"vertical-align: inherit\"><span dir=\"auto\" style=\"vertical-align: inherit\">Instrumentaci\u00f3 cient\u00edfica &#8211; SATDI-IC<\/span><\/span><\/strong><\/p>\n<p>&nbsp;<\/p>\n<table class=\"aligncenter\" style=\"border: 0px solid white;justify-content: center;height: 271px\" width=\"405\">\n<tbody>\n<tr>\n<td style=\"text-align: center;border: 1px double white\"><a href=\"https:\/\/satdi.umh.es\/ca\/servicios-prestados\/instrumentacioncientifica\/obligaciones\/\"><img loading=\"lazy\" class=\"alignnone wp-image-10315\" src=\"https:\/\/satdi.umh.es\/files\/2025\/10\/normas-1-300x239.png\" alt=\"\" width=\"189\" height=\"150\" srcset=\"https:\/\/satdi.umh.es\/files\/2025\/10\/normas-1-300x239.png 300w, https:\/\/satdi.umh.es\/files\/2025\/10\/normas-1.png 523w\" sizes=\"(max-width: 189px) 100vw, 189px\" \/><\/a><\/p>\n<h4><a href=\"https:\/\/satdi.umh.es\/ca\/servicios-prestados\/instrumentacioncientifica\/obligaciones\/\">Normes d&#8217;\u00fas<\/a><\/h4>\n<\/td>\n<td style=\"border: 1px double white\"><a href=\"https:\/\/satdi.umh.es\/ca\/servicios-prestados\/instrumentacioncientifica\/formularios\/\"><img loading=\"lazy\" class=\"alignnone wp-image-10264 size-thumbnail\" src=\"https:\/\/satdi.umh.es\/files\/2025\/10\/ICONO-WEB-150x150.png\" alt=\"\" width=\"150\" height=\"150\" srcset=\"https:\/\/satdi.umh.es\/files\/2025\/10\/ICONO-WEB-150x150.png 150w, https:\/\/satdi.umh.es\/files\/2025\/10\/ICONO-WEB-300x300.png 300w, https:\/\/satdi.umh.es\/files\/2025\/10\/ICONO-WEB-768x768.png 768w, https:\/\/satdi.umh.es\/files\/2025\/10\/ICONO-WEB.png 1024w\" sizes=\"(max-width: 150px) 100vw, 150px\" \/><\/a><\/p>\n<h4 style=\"text-align: right\">\u00a0 \u00a0<a href=\"https:\/\/satdi.umh.es\/ca\/servicios-prestados\/instrumentacioncientifica\/formularios\/\">Formularis<\/a><\/h4>\n<\/td>\n<td style=\"border: 1px double white;text-align: center\"><\/td>\n<td style=\"border: 1px double white\">\n<h4><\/h4>\n<\/td>\n<\/tr>\n<\/tbody>\n<\/table>\n<p><\/p>","protected":false},"excerpt":{"rendered":"<p>El SATDI-IC est\u00e0 format per un gran nombre de laboratoris de recerca, dotats d&#8217;equipament de tecnologia avan\u00e7ada i capa\u00e7os de donar suport investigador i assessorament cient\u00edfic. El seu objectiu \u00e9s optimitzar els recursos cient\u00edfics existents a la nostra Universitat, per tal d&#8217;obtenir-ne el m\u00e0xim rendiment, i fer-los accessibles a tota la comunitat universit\u00e0ria, aix\u00ed com [&#8230;]<\/p>\n","protected":false},"author":1595,"featured_media":0,"parent":100,"menu_order":1,"comment_status":"closed","ping_status":"closed","template":"","meta":{"_links_to":"","_links_to_target":""},"_links":{"self":[{"href":"https:\/\/satdi.umh.es\/ca\/wp-json\/wp\/v2\/pages\/3"}],"collection":[{"href":"https:\/\/satdi.umh.es\/ca\/wp-json\/wp\/v2\/pages"}],"about":[{"href":"https:\/\/satdi.umh.es\/ca\/wp-json\/wp\/v2\/types\/page"}],"author":[{"embeddable":true,"href":"https:\/\/satdi.umh.es\/ca\/wp-json\/wp\/v2\/users\/1595"}],"replies":[{"embeddable":true,"href":"https:\/\/satdi.umh.es\/ca\/wp-json\/wp\/v2\/comments?post=3"}],"version-history":[{"count":0,"href":"https:\/\/satdi.umh.es\/ca\/wp-json\/wp\/v2\/pages\/3\/revisions"}],"up":[{"embeddable":true,"href":"https:\/\/satdi.umh.es\/ca\/wp-json\/wp\/v2\/pages\/100"}],"wp:attachment":[{"href":"https:\/\/satdi.umh.es\/ca\/wp-json\/wp\/v2\/media?parent=3"}],"curies":[{"name":"wp","href":"https:\/\/api.w.org\/{rel}","templated":true}]}}