{"id":3684,"date":"2021-06-18T11:31:22","date_gmt":"2021-06-18T09:31:22","guid":{"rendered":"https:\/\/satdi.umh.es\/?page_id=3684"},"modified":"2026-02-19T20:15:37","modified_gmt":"2026-02-19T19:15:37","slug":"solicitud-productos","status":"publish","type":"page","link":"https:\/\/satdi.umh.es\/ca\/servicios-prestados\/compras\/reactivos-material-fungible-y-pequeno-equipamiento\/solicitud-productos\/","title":{"rendered":"Sol\u00b7licitud de productes no trobats a l&#8217;SDA"},"content":{"rendered":"<p><\/p>\n<h5><b><span dir=\"auto\" style=\"vertical-align: inherit\"><span dir=\"auto\" style=\"vertical-align: inherit\">Previ a la sol\u00b7licitud de productes no trobats a l&#8217;SDA cal corroborar que:<\/span><\/span><\/b><\/h5>\n<ul>\n<li style=\"list-style-type: none\">\n<ul>\n<li style=\"font-weight: 400\"><span style=\"font-weight: 400\"><span dir=\"auto\" style=\"vertical-align: inherit\"><span dir=\"auto\" style=\"vertical-align: inherit\">El producte no apareix a l&#8217;Aplicaci\u00f3 de Comandes.<\/span><\/span><\/span><\/li>\n<li><span style=\"font-weight: 400\"><span dir=\"auto\" style=\"vertical-align: inherit\"><span dir=\"auto\" style=\"vertical-align: inherit\">No hi ha cap producte alternatiu que pugui ser utilitzat en substituci\u00f3 del que se sol\u00b7licita.<\/span><\/span><\/span><\/li>\n<li><span style=\"font-weight: 400\"><span dir=\"auto\" style=\"vertical-align: inherit\"><span dir=\"auto\" style=\"vertical-align: inherit\">El tipus de producte que se sol\u00b7licita t\u00e9 cabuda a l&#8217;SDA\u00a0<\/span><\/span><\/span><span dir=\"auto\" style=\"vertical-align: inherit\"><span dir=\"auto\" style=\"vertical-align: inherit\"> ( <\/span><\/span><a href=\"https:\/\/satdi.umh.es\/ca\/servicios-prestados\/compras\/reactivos-material-fungible-y-pequeno-equipamiento\/proveedores-categorias\/\" target=\"_blank\" rel=\"noopener\"><span dir=\"auto\" style=\"vertical-align: inherit\"><span dir=\"auto\" style=\"vertical-align: inherit\">veure aqu\u00ed<\/span><\/span><\/a><span dir=\"auto\" style=\"vertical-align: inherit\"><span dir=\"auto\" style=\"vertical-align: inherit\"> ).<\/span><\/span>\n<ul>\n<li><span dir=\"auto\" style=\"vertical-align: inherit\"><span dir=\"auto\" style=\"vertical-align: inherit\">Els diferents acords marc o SDA inclouen fam\u00edlies de productes diferents.<\/span><\/span><\/li>\n<li><span dir=\"auto\" style=\"vertical-align: inherit\"><span dir=\"auto\" style=\"vertical-align: inherit\">Cadascun nom\u00e9s t\u00e9 potestat sobre els productes que formen part d&#8217;aquest AM\/SDA.<\/span><\/span><\/li>\n<\/ul>\n<\/li>\n<\/ul>\n<\/li>\n<\/ul>\n<ul>\n<li style=\"font-weight: 400\"><span style=\"font-weight: 400\"><span dir=\"auto\" style=\"vertical-align: inherit\"><span dir=\"auto\" style=\"vertical-align: inherit\">En cas de tractar-se d&#8217;equips de laboratori\/taller (categories 4, 8 o 9), aquests han de tenir un preu inferior a 5.000\u20ac (sense IVA)<\/span><\/span><\/span>\n<ul>\n<li><span dir=\"auto\" style=\"vertical-align: inherit\"><span dir=\"auto\" style=\"vertical-align: inherit\">Els equips de preu superior no estan contemplats a l&#8217;SDA i la seva adquisici\u00f3 es realitza per procediments diferents.<\/span><\/span><\/li>\n<\/ul>\n<\/li>\n<\/ul>\n<h5><b><span dir=\"auto\" style=\"vertical-align: inherit\"><span dir=\"auto\" style=\"vertical-align: inherit\">En cas de dubtes sobre la pertinen\u00e7a d&#8217;un producte a l&#8217;SDA:<\/span><\/span><\/b><\/h5>\n<ul>\n<li style=\"font-weight: 400\"><span dir=\"auto\" style=\"vertical-align: inherit\"><span dir=\"auto\" style=\"vertical-align: inherit\">Emplenar el\u00a0 <\/span><\/span><b><a href=\"https:\/\/docs.google.com\/forms\/d\/e\/1FAIpQLScrRwF8gErKtT4aHNu6IH_apqgzJq4g_kbT0bk6YFefELOnNw\/viewform\" target=\"_blank\" rel=\"noopener\"><span dir=\"auto\" style=\"vertical-align: inherit\"><span dir=\"auto\" style=\"vertical-align: inherit\">formulari<\/span><\/span><\/a><span dir=\"auto\" style=\"vertical-align: inherit\"><span dir=\"auto\" style=\"vertical-align: inherit\"> .<\/span><\/span><\/b><\/li>\n<li><span style=\"font-weight: 400\"><span dir=\"auto\" style=\"vertical-align: inherit\"><span dir=\"auto\" style=\"vertical-align: inherit\">Cal incloure un pressupost, cistella web o enlla\u00e7 que ens permeti avaluar el cas.<\/span><\/span><\/span><\/li>\n<\/ul>\n<h5><b><span dir=\"auto\" style=\"vertical-align: inherit\"><span dir=\"auto\" style=\"vertical-align: inherit\">Sol\u00b7licitud de productes no trobats:<\/span><\/span><\/b><\/h5>\n<ol>\n<li style=\"font-weight: 400\"><span style=\"font-weight: 400\"><span dir=\"auto\" style=\"vertical-align: inherit\"><span dir=\"auto\" style=\"vertical-align: inherit\">La sol\u00b7licitud s&#8217;ha de realitzar a trav\u00e9s del seg\u00fcent <\/span><\/span><\/span><b><a href=\"https:\/\/docs.google.com\/forms\/d\/e\/1FAIpQLScrRwF8gErKtT4aHNu6IH_apqgzJq4g_kbT0bk6YFefELOnNw\/viewform\" target=\"_blank\" rel=\"noopener\"><span dir=\"auto\" style=\"vertical-align: inherit\"><span dir=\"auto\" style=\"vertical-align: inherit\">formulari<\/span><\/span><\/a><span dir=\"auto\" style=\"vertical-align: inherit\"><span dir=\"auto\" style=\"vertical-align: inherit\"> .<\/span><\/span><\/b><\/li>\n<li><span dir=\"auto\" style=\"vertical-align: inherit\"><span dir=\"auto\" style=\"vertical-align: inherit\">Cada sol\u00b7licitud realitzada pot incloure diversos productes sempre que pertanyin a la mateixa categoria. (En cas de dubtes es pot consultar el <\/span><\/span><a href=\"https:\/\/satdi.umh.es\/ca\/servicios-prestados\/compras\/reactivos-material-fungible-y-pequeno-equipamiento\/proveedores-categorias\/\" target=\"_blank\" rel=\"noopener\"><span dir=\"auto\" style=\"vertical-align: inherit\"><span dir=\"auto\" style=\"vertical-align: inherit\">seg\u00fcent enlla\u00e7<\/span><\/span><\/a><span dir=\"auto\" style=\"vertical-align: inherit\"><span dir=\"auto\" style=\"vertical-align: inherit\"> ).<\/span><\/span><\/li>\n<li style=\"font-weight: 400\"><span style=\"font-weight: 400\"><span dir=\"auto\" style=\"vertical-align: inherit\"><span dir=\"auto\" style=\"vertical-align: inherit\">S&#8217;hi ha d&#8217;indicar clarament el producte\/s que se sol\u00b7liciten:<\/span><\/span><\/span>\n<ul>\n<li style=\"font-weight: 400\"><span style=\"font-weight: 400\"><span dir=\"auto\" style=\"vertical-align: inherit\"><span dir=\"auto\" style=\"vertical-align: inherit\">Descripci\u00f3 precisa<\/span><\/span><\/span><\/li>\n<li style=\"font-weight: 400\"><span style=\"font-weight: 400\"><span dir=\"auto\" style=\"vertical-align: inherit\"><span dir=\"auto\" style=\"vertical-align: inherit\">En cas que sigui necessari l&#8217;adquisici\u00f3 d&#8217;un producte concret (marca, model, refer\u00e8ncia) s&#8217;indicar\u00e0 clarament a la sol\u00b7licitud.<\/span><\/span><\/span><\/li>\n<li style=\"font-weight: 400\"><span style=\"font-weight: 400\"><span dir=\"auto\" style=\"vertical-align: inherit\"><span dir=\"auto\" style=\"vertical-align: inherit\">En cas de ser factible, l&#8217;adquisici\u00f3 de la millor oferta independentment de la marca del producte tamb\u00e9 s&#8217;indicar\u00e0.<\/span><\/span><\/span><\/li>\n<\/ul>\n<\/li>\n<\/ol>\n<p style=\"text-align: center\"><a href=\"https:\/\/docs.google.com\/forms\/d\/e\/1FAIpQLScrRwF8gErKtT4aHNu6IH_apqgzJq4g_kbT0bk6YFefELOnNw\/viewform\"><img loading=\"lazy\" class=\"alignnone wp-image-11182 size-full\" src=\"https:\/\/satdi.umh.es\/files\/2026\/02\/Boton-inclusion-e1742891826170_ca.png\" alt=\"\" width=\"250\" height=\"250\" srcset=\"https:\/\/satdi.umh.es\/files\/2026\/02\/Boton-inclusion-e1742891826170_ca.png 250w, https:\/\/satdi.umh.es\/files\/2026\/02\/Boton-inclusion-e1742891826170_ca-150x150.png 150w\" sizes=\"(max-width: 250px) 100vw, 250px\" \/><\/a><\/p>\n<h5><b>Tramitaci\u00f3n que se realiza desde el SATDI:<\/b><\/h5>\n<h5><b><span dir=\"auto\" style=\"vertical-align: inherit\"><span dir=\"auto\" style=\"vertical-align: inherit\">Tramitaci\u00f3 que es realitza des del SATDI:<\/span><\/span><\/b><\/h5>\n<ul>\n<li style=\"list-style-type: none\">\n<ul>\n<li style=\"list-style-type: none\">\n<ul>\n<li style=\"font-weight: 400\"><span style=\"font-weight: 400\"><span dir=\"auto\" style=\"vertical-align: inherit\"><span dir=\"auto\" style=\"vertical-align: inherit\">Es demana a tots els prove\u00efdors de la categoria corresponent que envi\u00efn oferta del producte\/sa partir de les dades aportades pel sol\u00b7licitant.<\/span><\/span><\/span><\/li>\n<li><span dir=\"auto\" style=\"vertical-align: inherit\"><span dir=\"auto\" style=\"vertical-align: inherit\">Les empreses disposen de 4 dies h\u00e0bils per enviar les vostres ofertes de productes.<\/span><\/span><\/li>\n<li style=\"font-weight: 400\"><span style=\"font-weight: 400\"><span dir=\"auto\" style=\"vertical-align: inherit\"><span dir=\"auto\" style=\"vertical-align: inherit\">Un cop rebudes les propostes, s&#8217;inclouen als cat\u00e0legs de l&#8217;SDA tots els productes oferts (id\u00e8ntics al sol\u00b7licitat i\/o equivalents).<\/span><\/span><\/span><\/li>\n<li style=\"font-weight: 400\"><span style=\"font-weight: 400\"><span dir=\"auto\" style=\"vertical-align: inherit\"><span dir=\"auto\" style=\"vertical-align: inherit\">S&#8217;informa el sol\u00b7licitant de les noves ofertes disponibles.<\/span><\/span><\/span><\/li>\n<li style=\"font-weight: 400\"><span style=\"font-weight: 400\"><span dir=\"auto\" style=\"vertical-align: inherit\"><span dir=\"auto\" style=\"vertical-align: inherit\">El sol\u00b7licitant fa el procediment de compra de forma habitual a trav\u00e9s de l&#8217;APP.<\/span><\/span><\/span><\/li>\n<\/ul>\n<\/li>\n<\/ul>\n<\/li>\n<\/ul>\n<p>&nbsp;<\/p>\n<h5><b><span dir=\"auto\" style=\"vertical-align: inherit\"><span dir=\"auto\" style=\"vertical-align: inherit\">Altres situacions:<\/span><\/span><\/b><\/h5>\n<ul>\n<li style=\"list-style-type: none\">\n<ul>\n<li style=\"list-style-type: none\">\n<ul>\n<li style=\"font-weight: 400\"><span style=\"font-weight: 400\"><span dir=\"auto\" style=\"vertical-align: inherit\"><span dir=\"auto\" style=\"vertical-align: inherit\">El producte necessari \u00e9s exclusiu d&#8217;una empresa no adherida a l&#8217;SDA<\/span><\/span><\/span>\n<ul>\n<li style=\"font-weight: 400\"><span style=\"font-weight: 400\"><span dir=\"auto\" style=\"vertical-align: inherit\"><span dir=\"auto\" style=\"vertical-align: inherit\">Se li indica a l&#8217;empresa que es pot adherir a l&#8217;SDA i presentar els seus cat\u00e0legs.<\/span><\/span><\/span><\/li>\n<li style=\"font-weight: 400\"><span style=\"font-weight: 400\"><span dir=\"auto\" style=\"vertical-align: inherit\"><span dir=\"auto\" style=\"vertical-align: inherit\">Un cop adherida l&#8217;empresa a l&#8217;SDA es tramitaran les comandes pel procediment habitual.<\/span><\/span><\/span><\/li>\n<\/ul>\n<\/li>\n<li style=\"font-weight: 400\"><span style=\"font-weight: 400\"><span dir=\"auto\" style=\"vertical-align: inherit\"><span dir=\"auto\" style=\"vertical-align: inherit\">No es pot comprar el producte a trav\u00e9s de cap prove\u00efdor adherit a l&#8217;SDA:<\/span><\/span><\/span>\n<ul>\n<li style=\"font-weight: 400\"><span style=\"font-weight: 400\"><span dir=\"auto\" style=\"vertical-align: inherit\"><span dir=\"auto\" style=\"vertical-align: inherit\">Es valorar\u00e0 lautoritzaci\u00f3 de compra externa.<\/span><\/span><\/span>\n<ul>\n<li style=\"font-weight: 400\"><span style=\"font-weight: 400\"><span dir=\"auto\" style=\"vertical-align: inherit\"><span dir=\"auto\" style=\"vertical-align: inherit\">\u00c9s el darrer recurs quan s&#8217;han esgotat les opcions anteriors.<\/span><\/span><\/span><\/li>\n<li style=\"font-weight: 400\"><span style=\"font-weight: 400\"><span dir=\"auto\" style=\"vertical-align: inherit\"><span dir=\"auto\" style=\"vertical-align: inherit\">S&#8217;autoritza la compra de manera excepcional i puntual.<\/span><\/span><\/span><\/li>\n<\/ul>\n<\/li>\n<\/ul>\n<\/li>\n<\/ul>\n<\/li>\n<\/ul>\n<\/li>\n<\/ul>\n<p>&nbsp;<\/p>\n<h5><span style=\"font-weight: 400\"><span dir=\"auto\" style=\"vertical-align: inherit\"><span dir=\"auto\" style=\"vertical-align: inherit\">Per resoldre dubtes o consultes contacteu amb el SATDI<\/span><\/span><\/span><\/h5>\n<ul>\n<li style=\"list-style-type: none\">\n<ul>\n<li style=\"font-weight: 400\"><span style=\"font-weight: 400\"><span dir=\"auto\" style=\"vertical-align: inherit\"><span dir=\"auto\" style=\"vertical-align: inherit\">email: <\/span><\/span><\/span><a href=\"mailto:satdi_acuerdosmarco@umh.es\"><span dir=\"auto\" style=\"vertical-align: inherit\"><span dir=\"auto\" style=\"vertical-align: inherit\">satdi_acuerdosmarco@umh.es<\/span><\/span><\/a><\/li>\n<li style=\"font-weight: 400\"><span style=\"font-weight: 400\"><span dir=\"auto\" style=\"vertical-align: inherit\"><span dir=\"auto\" style=\"vertical-align: inherit\">extensions: 8649, 8932.<\/span><\/span><\/span><\/li>\n<\/ul>\n<\/li>\n<\/ul>\n<p><\/p>","protected":false},"excerpt":{"rendered":"<p>Previ a la sol\u00b7licitud de productes no trobats a l&#8217;SDA cal corroborar que:<\/p>\n<p>El producte no apareix a l&#8217;Aplicaci\u00f3 de Comandes.<br \/>\nNo hi ha cap producte alternatiu que pugui ser utilitzat en substituci\u00f3 del que se sol\u00b7licita.<br \/>\nEl tipus de producte que se sol\u00b7licita t\u00e9 cabuda a l&#8217;SDA\u00a0 ( veure aqu\u00ed ).<\/p>\n<p>Els diferents acords marc o SDA inclouen [&#8230;]<\/p>\n","protected":false},"author":3000,"featured_media":0,"parent":2585,"menu_order":4,"comment_status":"closed","ping_status":"closed","template":"","meta":{"_links_to":"","_links_to_target":""},"_links":{"self":[{"href":"https:\/\/satdi.umh.es\/ca\/wp-json\/wp\/v2\/pages\/3684"}],"collection":[{"href":"https:\/\/satdi.umh.es\/ca\/wp-json\/wp\/v2\/pages"}],"about":[{"href":"https:\/\/satdi.umh.es\/ca\/wp-json\/wp\/v2\/types\/page"}],"author":[{"embeddable":true,"href":"https:\/\/satdi.umh.es\/ca\/wp-json\/wp\/v2\/users\/3000"}],"replies":[{"embeddable":true,"href":"https:\/\/satdi.umh.es\/ca\/wp-json\/wp\/v2\/comments?post=3684"}],"version-history":[{"count":0,"href":"https:\/\/satdi.umh.es\/ca\/wp-json\/wp\/v2\/pages\/3684\/revisions"}],"up":[{"embeddable":true,"href":"https:\/\/satdi.umh.es\/ca\/wp-json\/wp\/v2\/pages\/2585"}],"wp:attachment":[{"href":"https:\/\/satdi.umh.es\/ca\/wp-json\/wp\/v2\/media?parent=3684"}],"curies":[{"name":"wp","href":"https:\/\/api.w.org\/{rel}","templated":true}]}}