{"id":4039,"date":"2021-10-15T11:28:25","date_gmt":"2021-10-15T09:28:25","guid":{"rendered":"https:\/\/satdi.umh.es\/?page_id=4039"},"modified":"2026-02-19T20:30:35","modified_gmt":"2026-02-19T19:30:35","slug":"aplicacion-informatica-para-la-gestion-de-productos-quimicos","status":"publish","type":"page","link":"https:\/\/satdi.umh.es\/ca\/utilidades\/prl\/aplicacion-informatica-para-la-gestion-de-productos-quimicos\/","title":{"rendered":"Aplicaci\u00f3 inform\u00e0tica per a la Gesti\u00f3 de Productes Qu\u00edmics"},"content":{"rendered":"<p><span dir=\"auto\" style=\"vertical-align: inherit\"><span dir=\"auto\" style=\"vertical-align: inherit\">Enlla\u00e7 per a l&#8217;aplicaci\u00f3 de gesti\u00f3 de productes qu\u00edmics:<\/span><\/span><\/p>\n<p><a href=\"https:\/\/prevencion.umh.es\/01-presentacion\/aplicaciones-multimedia-sobre-temas-de-higiene\/aplicacion-informatica-para-la-gestion-de-productos-quimicos\/\"><span dir=\"auto\" style=\"vertical-align: inherit\"><span dir=\"auto\" style=\"vertical-align: inherit\">https:\/\/prevencion.umh.es\/01-presentacion\/aplicaciones-multimedia-sobre-temas-de-higiene\/aplicacion-informatica-para-la-gestion-de-productos-quimicos\/<\/span><\/span><\/a><\/p>","protected":false},"excerpt":{"rendered":"<p>Enlla\u00e7 per a l&#8217;aplicaci\u00f3 de gesti\u00f3 de productes qu\u00edmics:<br \/>\nhttps:\/\/prevencion.umh.es\/01-presentacion\/aplicaciones-multimedia-sobre-temas-de-higiene\/aplicacion-informatica-para-la-gestion-de-productos-quimicos\/<\/p>\n","protected":false},"author":985,"featured_media":0,"parent":96,"menu_order":0,"comment_status":"closed","ping_status":"closed","template":"","meta":{"_links_to":"","_links_to_target":""},"_links":{"self":[{"href":"https:\/\/satdi.umh.es\/ca\/wp-json\/wp\/v2\/pages\/4039"}],"collection":[{"href":"https:\/\/satdi.umh.es\/ca\/wp-json\/wp\/v2\/pages"}],"about":[{"href":"https:\/\/satdi.umh.es\/ca\/wp-json\/wp\/v2\/types\/page"}],"author":[{"embeddable":true,"href":"https:\/\/satdi.umh.es\/ca\/wp-json\/wp\/v2\/users\/985"}],"replies":[{"embeddable":true,"href":"https:\/\/satdi.umh.es\/ca\/wp-json\/wp\/v2\/comments?post=4039"}],"version-history":[{"count":0,"href":"https:\/\/satdi.umh.es\/ca\/wp-json\/wp\/v2\/pages\/4039\/revisions"}],"up":[{"embeddable":true,"href":"https:\/\/satdi.umh.es\/ca\/wp-json\/wp\/v2\/pages\/96"}],"wp:attachment":[{"href":"https:\/\/satdi.umh.es\/ca\/wp-json\/wp\/v2\/media?parent=4039"}],"curies":[{"name":"wp","href":"https:\/\/api.w.org\/{rel}","templated":true}]}}