{"id":4321,"date":"2021-11-30T16:27:44","date_gmt":"2021-11-30T15:27:44","guid":{"rendered":"https:\/\/satdi.umh.es\/?page_id=4321"},"modified":"2026-03-03T13:16:27","modified_gmt":"2026-03-03T12:16:27","slug":"instrucciones-de-compra","status":"publish","type":"page","link":"https:\/\/satdi.umh.es\/ca\/servicios-prestados\/compras\/reactivos-material-fungible-y-pequeno-equipamiento\/instrucciones-de-compra\/","title":{"rendered":"Instruccions de compra a l&#8217;SDA"},"content":{"rendered":"<p><strong><span dir=\"auto\" style=\"vertical-align: inherit\"><span dir=\"auto\" style=\"vertical-align: inherit\">Instruccions per a la realitzaci\u00f3 de comandes<\/span><\/span><\/strong><\/p>\n<ul>\n<li><a href=\"https:\/\/drive.google.com\/file\/d\/14m3dRFmwdBZXJ1fB09k4I_HradiEXmXJ\/view?usp=sharing\" target=\"_blank\" rel=\"noopener\"><span dir=\"auto\" style=\"vertical-align: inherit\"><span dir=\"auto\" style=\"vertical-align: inherit\">Correcta emplenament de les dades d&#8217;enviament i facturaci\u00f3 en fer una comanda o sol\u00b7licitar una oferta<\/span><\/span><\/a><\/li>\n<li><a href=\"https:\/\/drive.google.com\/file\/d\/1VvYaDw1NBoH8vbN1QdKC_d4tK-GT_QRb\/view?usp=drive_link\" target=\"_blank\" rel=\"noopener\"><span dir=\"auto\" style=\"vertical-align: inherit\"><span dir=\"auto\" style=\"vertical-align: inherit\">Instruccions per a la tramitaci\u00f3 correcta de Sol\u00b7licitud i Valoraci\u00f3 d&#8217;ofertes<\/span><\/span><\/a><\/li>\n<li><a href=\"https:\/\/drive.google.com\/file\/d\/14tejES7fQdI2tg6P422wmWgfeOHefY2m\/view?usp=drive_link\" target=\"_blank\" rel=\"noopener\"><span dir=\"auto\" style=\"vertical-align: inherit\"><span dir=\"auto\" style=\"vertical-align: inherit\">Import\u00e0ncia correcta justificaci\u00f3 sol\u00b7licitud d&#8217;oferta i comanda<\/span><\/span><\/a><\/li>\n<\/ul>\n<p>&nbsp;<\/p>\n<p><strong><span dir=\"auto\" style=\"vertical-align: inherit\"><span dir=\"auto\" style=\"vertical-align: inherit\">Videotutorials funcionament general de l&#8217;Aplicaci\u00f3 de compres<\/span><\/span><\/strong><\/p>\n<ul>\n<li style=\"text-align: justify\"><span dir=\"auto\" style=\"vertical-align: inherit\"><span dir=\"auto\" style=\"vertical-align: inherit\">Videotutorial: <\/span><\/span><a href=\"https:\/\/www.youtube.com\/watch?v=MdersdWaJBU\" target=\"_blank\" rel=\"noopener\"><span dir=\"auto\" style=\"vertical-align: inherit\"><span dir=\"auto\" style=\"vertical-align: inherit\">Delegaci\u00f3 de compra i autoritzaci\u00f3 per fer comandes<\/span><\/span><\/a>\n<ul>\n<li><span dir=\"auto\" style=\"vertical-align: inherit\"><span dir=\"auto\" style=\"vertical-align: inherit\">Sistema perqu\u00e8 qualsevol IP o personal UMH amb partides pressupost\u00e0ries a c\u00e0rrec seu pugui delegar la realitzaci\u00f3 de compres al seu nom.<\/span><\/span><\/li>\n<\/ul>\n<\/li>\n<\/ul>\n<p style=\"text-align: justify\"><span dir=\"auto\" style=\"vertical-align: inherit\"><span dir=\"auto\" style=\"vertical-align: inherit\"><iframe  style=\"display: block; margin: 0px auto;\"  id=\"_ytid_12373\"  width=\"480\" height=\"270\"  data-origwidth=\"480\" data-origheight=\"270\"  data-relstop=\"1\" src=\"https:\/\/www.youtube.com\/embed\/MdersdWaJBU?enablejsapi=1&autoplay=0&cc_load_policy=1&iv_load_policy=1&loop=0&modestbranding=0&fs=1&playsinline=1&controls=1&color=red&cc_lang_pref=&rel=0&autohide=2&theme=dark&\" class=\"__youtube_prefs__  no-lazyload\" title=\"YouTube player\"  allow=\"accelerometer; autoplay; clipboard-write; encrypted-media; gyroscope; picture-in-picture\" allowfullscreen data-no-lazy=\"1\" data-skipgform_ajax_framebjll=\"\"><\/iframe><\/span><\/span><\/p>\n<ul>\n<li style=\"text-align: justify\"><span dir=\"auto\" style=\"vertical-align: inherit\"><span dir=\"auto\" style=\"vertical-align: inherit\">Videotutorial: <\/span><\/span><a href=\"https:\/\/www.youtube.com\/watch?v=kJXdu10ej4w\" target=\"_blank\" rel=\"noopener\"><span dir=\"auto\" style=\"vertical-align: inherit\"><span dir=\"auto\" style=\"vertical-align: inherit\">Exemple de compra directa<\/span><\/span><\/a>\n<ul>\n<li style=\"text-align: justify\"><span dir=\"auto\" style=\"vertical-align: inherit\"><span dir=\"auto\" style=\"vertical-align: inherit\">Funcionament general per fer compres mitjan\u00e7ant l&#8217;APP.<\/span><\/span><\/li>\n<li style=\"text-align: justify\"><span dir=\"auto\" style=\"vertical-align: inherit\"><span dir=\"auto\" style=\"vertical-align: inherit\">Aquest pot variar depenent dels requisits propis de cada contracte.<\/span><\/span><\/li>\n<\/ul>\n<\/li>\n<\/ul>\n<p style=\"text-align: justify\"><span dir=\"auto\" style=\"vertical-align: inherit\"><span dir=\"auto\" style=\"vertical-align: inherit\"><iframe  style=\"display: block; margin: 0px auto;\"  id=\"_ytid_52942\"  width=\"480\" height=\"270\"  data-origwidth=\"480\" data-origheight=\"270\"  data-relstop=\"1\" src=\"https:\/\/www.youtube.com\/embed\/kJXdu10ej4w?enablejsapi=1&autoplay=0&cc_load_policy=1&iv_load_policy=1&loop=0&modestbranding=0&fs=1&playsinline=1&controls=1&color=red&cc_lang_pref=&rel=0&autohide=2&theme=dark&\" class=\"__youtube_prefs__  no-lazyload\" title=\"YouTube player\"  allow=\"accelerometer; autoplay; clipboard-write; encrypted-media; gyroscope; picture-in-picture\" allowfullscreen data-no-lazy=\"1\" data-skipgform_ajax_framebjll=\"\"><\/iframe><\/span><\/span><\/p>\n<p><\/p>","protected":false},"excerpt":{"rendered":"<p>Instruccions per a la realitzaci\u00f3 de comandes<\/p>\n<p>Correcta emplenament de les dades d&#8217;enviament i facturaci\u00f3 en fer una comanda o sol\u00b7licitar una oferta<br \/>\nInstruccions per a la tramitaci\u00f3 correcta de Sol\u00b7licitud i Valoraci\u00f3 d&#8217;ofertes<br \/>\nImport\u00e0ncia correcta justificaci\u00f3 sol\u00b7licitud d&#8217;oferta i comanda<\/p>\n<p>&nbsp;<br \/>\nVideotutorials funcionament general de l&#8217;Aplicaci\u00f3 de compres<\/p>\n<p>Videotutorial: Delegaci\u00f3 de compra i autoritzaci\u00f3 per fer comandes<\/p>\n<p>Sistema perqu\u00e8 qualsevol IP [&#8230;]<\/p>\n","protected":false},"author":1228,"featured_media":0,"parent":2585,"menu_order":3,"comment_status":"closed","ping_status":"closed","template":"","meta":{"_links_to":"","_links_to_target":""},"_links":{"self":[{"href":"https:\/\/satdi.umh.es\/ca\/wp-json\/wp\/v2\/pages\/4321"}],"collection":[{"href":"https:\/\/satdi.umh.es\/ca\/wp-json\/wp\/v2\/pages"}],"about":[{"href":"https:\/\/satdi.umh.es\/ca\/wp-json\/wp\/v2\/types\/page"}],"author":[{"embeddable":true,"href":"https:\/\/satdi.umh.es\/ca\/wp-json\/wp\/v2\/users\/1228"}],"replies":[{"embeddable":true,"href":"https:\/\/satdi.umh.es\/ca\/wp-json\/wp\/v2\/comments?post=4321"}],"version-history":[{"count":0,"href":"https:\/\/satdi.umh.es\/ca\/wp-json\/wp\/v2\/pages\/4321\/revisions"}],"up":[{"embeddable":true,"href":"https:\/\/satdi.umh.es\/ca\/wp-json\/wp\/v2\/pages\/2585"}],"wp:attachment":[{"href":"https:\/\/satdi.umh.es\/ca\/wp-json\/wp\/v2\/media?parent=4321"}],"curies":[{"name":"wp","href":"https:\/\/api.w.org\/{rel}","templated":true}]}}