{"id":4864,"date":"2022-03-31T17:45:10","date_gmt":"2022-03-31T15:45:10","guid":{"rendered":"https:\/\/satdi.umh.es\/?page_id=4864"},"modified":"2026-02-03T19:29:51","modified_gmt":"2026-02-03T18:29:51","slug":"conv-reparacion-grandesequipos","status":"publish","type":"page","link":"https:\/\/satdi.umh.es\/ca\/servicios-prestados\/reparaciones\/conv-reparacion-grandesequipos\/","title":{"rendered":"Ajuts cofinan\u00e7ament reparacions grans equips"},"content":{"rendered":"<p><\/p>\n<h4 style=\"text-align: center\"><b><span dir=\"auto\" style=\"vertical-align: inherit\"><span dir=\"auto\" style=\"vertical-align: inherit\">GUIA PER SOL\u00b7LICITAR LES <\/span><\/span><\/b><b><span dir=\"auto\" style=\"vertical-align: inherit\"><span dir=\"auto\" style=\"vertical-align: inherit\">AJUDES PER COFINAN\u00c7AR LA REPARACI\u00d3 D&#8217;EQUIPS D&#8217;INVESTIGACI\u00d3<\/span><\/span><\/b><\/h4>\n<p><b><span dir=\"auto\" style=\"vertical-align: inherit\"><span dir=\"auto\" style=\"vertical-align: inherit\">Publicada per nota interna que podeu consultar en aquests enlla\u00e7os: <\/span><\/span><\/b><a href=\"https:\/\/drive.google.com\/file\/d\/1Z6UwSidZx-egUttAvgorLOx7qgOsW36M\" target=\"_blank\" rel=\"noopener\"><span dir=\"auto\" style=\"vertical-align: inherit\"><span dir=\"auto\" style=\"vertical-align: inherit\">Castellano<\/span><\/span><\/a><span dir=\"auto\" style=\"vertical-align: inherit\"><span dir=\"auto\" style=\"vertical-align: inherit\"> , <\/span><\/span><a href=\"https:\/\/drive.google.com\/file\/d\/1Ujie1BZYUROdinTpG2k9l1Vbh3zgsnho\" target=\"_blank\" rel=\"noopener\"><span dir=\"auto\" style=\"vertical-align: inherit\"><span dir=\"auto\" style=\"vertical-align: inherit\">Valenci\u00e0<\/span><\/span><\/a><span dir=\"auto\" style=\"vertical-align: inherit\"><span dir=\"auto\" style=\"vertical-align: inherit\"> .<\/span><\/span><\/p>\n<h5><b><span dir=\"auto\" style=\"vertical-align: inherit\"><span dir=\"auto\" style=\"vertical-align: inherit\">Objecte:<\/span><\/span><\/b><\/h5>\n<ul>\n<li><span style=\"font-weight: 400\"><span dir=\"auto\" style=\"vertical-align: inherit\"><span dir=\"auto\" style=\"vertical-align: inherit\">Contribuir al <\/span><\/span><\/span><b><span dir=\"auto\" style=\"vertical-align: inherit\"><span dir=\"auto\" style=\"vertical-align: inherit\">cofinan\u00e7ament <\/span><\/span><\/b><span style=\"font-weight: 400\"><span dir=\"auto\" style=\"vertical-align: inherit\"><span dir=\"auto\" style=\"vertical-align: inherit\">de les reparacions dels <\/span><\/span><\/span><b><span dir=\"auto\" style=\"vertical-align: inherit\"><span dir=\"auto\" style=\"vertical-align: inherit\">equips de recerca inventariats i posats a disposici\u00f3 de la comunitat Universitat.\u00a0<\/span><\/span><\/b><\/li>\n<\/ul>\n<h5><b><span dir=\"auto\" style=\"vertical-align: inherit\"><span dir=\"auto\" style=\"vertical-align: inherit\">Requisits:<\/span><\/span><\/b><\/h5>\n<ul>\n<li style=\"font-weight: 400\"><span style=\"font-weight: 400\"><span dir=\"auto\" style=\"vertical-align: inherit\"><span dir=\"auto\" style=\"vertical-align: inherit\">Podran sol\u00b7licitar aquests ajuts <\/span><\/span><\/span><b><span dir=\"auto\" style=\"vertical-align: inherit\"><span dir=\"auto\" style=\"vertical-align: inherit\">els responsables de les unitats organitzatives <\/span><\/span><\/b><span style=\"font-weight: 400\"><span dir=\"auto\" style=\"vertical-align: inherit\"><span dir=\"auto\" style=\"vertical-align: inherit\">: instituts de recerca, departaments, centres de recerca i el Servei de Suport<\/span><\/span><\/span><\/li>\n<li style=\"font-weight: 400\"><span style=\"font-weight: 400\"><span dir=\"auto\" style=\"vertical-align: inherit\"><span dir=\"auto\" style=\"vertical-align: inherit\">La convocat\u00f2ria no cobrir\u00e0 la reparaci\u00f3 dequips en garantia.<\/span><\/span><\/span><\/li>\n<li style=\"font-weight: 400\"><span style=\"font-weight: 400\"><span dir=\"auto\" style=\"vertical-align: inherit\"><span dir=\"auto\" style=\"vertical-align: inherit\">Les <\/span><\/span><\/span><b><span dir=\"auto\" style=\"vertical-align: inherit\"><span dir=\"auto\" style=\"vertical-align: inherit\">\u00a0 reparacions <\/span><\/span><\/b><span style=\"font-weight: 400\"><span dir=\"auto\" style=\"vertical-align: inherit\"><span dir=\"auto\" style=\"vertical-align: inherit\">han d&#8217;estar degudament <\/span><\/span><\/span><b><span dir=\"auto\" style=\"vertical-align: inherit\"><span dir=\"auto\" style=\"vertical-align: inherit\">justificades.<\/span><\/span><\/b><\/li>\n<li style=\"font-weight: 400\"><span style=\"font-weight: 400\"><span dir=\"auto\" style=\"vertical-align: inherit\"><span dir=\"auto\" style=\"vertical-align: inherit\">S&#8217;atendran reparacions l&#8217; <\/span><\/span><\/span><b><span dir=\"auto\" style=\"vertical-align: inherit\"><span dir=\"auto\" style=\"vertical-align: inherit\">import de les quals <\/span><\/span><\/b><span style=\"font-weight: 400\"><span dir=\"auto\" style=\"vertical-align: inherit\"><span dir=\"auto\" style=\"vertical-align: inherit\">estigui <\/span><\/span><\/span><b><span dir=\"auto\" style=\"vertical-align: inherit\"><span dir=\"auto\" style=\"vertical-align: inherit\">entre 500 i 10.000 euros, <\/span><\/span><\/b><span style=\"font-weight: 400\"><span dir=\"auto\" style=\"vertical-align: inherit\"><span dir=\"auto\" style=\"vertical-align: inherit\">IVA excl\u00f2s.<\/span><\/span><\/span><b>\u00a0<\/b><\/li>\n<li style=\"font-weight: 400\"><span style=\"font-weight: 400\"><span dir=\"auto\" style=\"vertical-align: inherit\"><span dir=\"auto\" style=\"vertical-align: inherit\">En cas d&#8217;obtenir l&#8217;ajut, el <\/span><\/span><\/span><b><span dir=\"auto\" style=\"vertical-align: inherit\"><span dir=\"auto\" style=\"vertical-align: inherit\">cofinan\u00e7ament <\/span><\/span><\/b><span style=\"font-weight: 400\"><span dir=\"auto\" style=\"vertical-align: inherit\"><span dir=\"auto\" style=\"vertical-align: inherit\">ser\u00e0 <\/span><\/span><\/span><b><span dir=\"auto\" style=\"vertical-align: inherit\"><span dir=\"auto\" style=\"vertical-align: inherit\">del 50% <\/span><\/span><\/b><span style=\"font-weight: 400\"><span dir=\"auto\" style=\"vertical-align: inherit\"><span dir=\"auto\" style=\"vertical-align: inherit\">de l&#8217;import de la factura.\u00a0<\/span><\/span><\/span><\/li>\n<\/ul>\n<h5><b><span dir=\"auto\" style=\"vertical-align: inherit\"><span dir=\"auto\" style=\"vertical-align: inherit\">Terminis:<\/span><\/span><\/b><\/h5>\n<p style=\"padding-left: 40px\"><span style=\"font-weight: 400\"><span dir=\"auto\" style=\"vertical-align: inherit\"><span dir=\"auto\" style=\"vertical-align: inherit\">Les sol \u00b7 licituds es podran presentar <\/span><\/span><\/span><b><span dir=\"auto\" style=\"vertical-align: inherit\"><span dir=\"auto\" style=\"vertical-align: inherit\">des del 19 de gener del 2026 fins al 31 d&#8217; octubre del 2026 <\/span><\/span><\/b><span style=\"font-weight: 400\"><span dir=\"auto\" style=\"vertical-align: inherit\"><span dir=\"auto\" style=\"vertical-align: inherit\">.<\/span><\/span><\/span><\/p>\n<h5><b><span dir=\"auto\" style=\"vertical-align: inherit\"><span dir=\"auto\" style=\"vertical-align: inherit\">Sol\u00b7licitud:<\/span><\/span><\/b><\/h5>\n<p style=\"padding-left: 40px\"><span style=\"font-weight: 400\"><span dir=\"auto\" style=\"vertical-align: inherit\"><span dir=\"auto\" style=\"vertical-align: inherit\">Emplenar el seg\u00fcent formulari: <\/span><\/span><\/span><a href=\"https:\/\/docs.google.com\/forms\/d\/e\/1FAIpQLSeVIAbewyY1l5mgeFhlvL5ZvlszHVArNcOLllfmz8xf17N41w\/viewform\" target=\"_blank\" rel=\"noopener\"><b><span dir=\"auto\" style=\"vertical-align: inherit\"><span dir=\"auto\" style=\"vertical-align: inherit\">A <\/span><\/span><\/b><b><span dir=\"auto\" style=\"vertical-align: inherit\"><span dir=\"auto\" style=\"vertical-align: inherit\">CCESO AL FORMULARI<\/span><\/span><\/b><\/a><\/p>\n<h6 style=\"padding-left: 40px\"><span style=\"text-decoration: underline\"><span dir=\"auto\" style=\"vertical-align: inherit\"><span dir=\"auto\" style=\"vertical-align: inherit\">Dades necess\u00e0ries per emplenar el formulari<\/span><\/span><\/span><span dir=\"auto\" style=\"vertical-align: inherit\"><span dir=\"auto\" style=\"vertical-align: inherit\"> :<\/span><\/span><\/h6>\n<ul>\n<li><span dir=\"auto\" style=\"vertical-align: inherit\"><span dir=\"auto\" style=\"vertical-align: inherit\">Dades de la UOR que ho sol\u00b7liciteu, responsable de la UOR i responsable de l&#8217;equip.<\/span><\/span><\/li>\n<li><span dir=\"auto\" style=\"vertical-align: inherit\"><span dir=\"auto\" style=\"vertical-align: inherit\">Dades de l&#8217;equip: n\u00fam. inventari, data compra si \u00e9s possible, marca i model, ubicaci\u00f3 (GIS)<\/span><\/span><\/li>\n<li><span dir=\"auto\" style=\"vertical-align: inherit\"><span dir=\"auto\" style=\"vertical-align: inherit\">Pressupost on es detalli l&#8217;avaria detectada i el cost de la reparaci\u00f3. (PDF)<\/span><\/span><\/li>\n<li><span dir=\"auto\" style=\"vertical-align: inherit\"><span dir=\"auto\" style=\"vertical-align: inherit\">Document que acrediti el nombre dusuaris de lequip (PDF, Excel o imatge).<\/span><\/span><\/li>\n<li><span dir=\"auto\" style=\"vertical-align: inherit\"><span dir=\"auto\" style=\"vertical-align: inherit\">Breu mem\u00f2ria justificativa de la necessitat de reparaci\u00f3 (M\u00e0xim 250 paraules).<\/span><\/span><\/li>\n<\/ul>\n<p>&nbsp;<\/p>\n<p><span style=\"font-weight: 400\"><span dir=\"auto\" style=\"vertical-align: inherit\"><span dir=\"auto\" style=\"vertical-align: inherit\">Per a qualsevol dubte o aclariment contacteu amb SATDI<\/span><\/span><\/span><span dir=\"auto\" style=\"vertical-align: inherit\"><span dir=\"auto\" style=\"vertical-align: inherit\"> ( <\/span><\/span><a href=\"mailto:satdi@umh.es\"><span style=\"font-weight: 400\"><span dir=\"auto\" style=\"vertical-align: inherit\"><span dir=\"auto\" style=\"vertical-align: inherit\">satdi@umh.es<\/span><\/span><\/span><\/a><span style=\"font-weight: 400\"><span dir=\"auto\" style=\"vertical-align: inherit\"><span dir=\"auto\" style=\"vertical-align: inherit\"> )<\/span><\/span><\/span><\/p>","protected":false},"excerpt":{"rendered":"<p>GUIA PER SOL\u00b7LICITAR LES AJUDES PER COFINAN\u00c7AR LA REPARACI\u00d3 D&#8217;EQUIPS D&#8217;INVESTIGACI\u00d3<br \/>\nPublicada per nota interna que podeu consultar en aquests enlla\u00e7os: Castellano , Valenci\u00e0 .<br \/>\nObjecte:<\/p>\n<p>Contribuir al cofinan\u00e7ament de les reparacions dels equips de recerca inventariats i posats a disposici\u00f3 de la comunitat Universitat.\u00a0<\/p>\n<p>Requisits:<\/p>\n<p>Podran sol\u00b7licitar aquests ajuts els responsables de les unitats organitzatives : instituts de recerca, [&#8230;]<\/p>\n","protected":false},"author":1228,"featured_media":0,"parent":5709,"menu_order":2,"comment_status":"closed","ping_status":"closed","template":"","meta":{"_links_to":"","_links_to_target":""},"_links":{"self":[{"href":"https:\/\/satdi.umh.es\/ca\/wp-json\/wp\/v2\/pages\/4864"}],"collection":[{"href":"https:\/\/satdi.umh.es\/ca\/wp-json\/wp\/v2\/pages"}],"about":[{"href":"https:\/\/satdi.umh.es\/ca\/wp-json\/wp\/v2\/types\/page"}],"author":[{"embeddable":true,"href":"https:\/\/satdi.umh.es\/ca\/wp-json\/wp\/v2\/users\/1228"}],"replies":[{"embeddable":true,"href":"https:\/\/satdi.umh.es\/ca\/wp-json\/wp\/v2\/comments?post=4864"}],"version-history":[{"count":0,"href":"https:\/\/satdi.umh.es\/ca\/wp-json\/wp\/v2\/pages\/4864\/revisions"}],"up":[{"embeddable":true,"href":"https:\/\/satdi.umh.es\/ca\/wp-json\/wp\/v2\/pages\/5709"}],"wp:attachment":[{"href":"https:\/\/satdi.umh.es\/ca\/wp-json\/wp\/v2\/media?parent=4864"}],"curies":[{"name":"wp","href":"https:\/\/api.w.org\/{rel}","templated":true}]}}