{"id":5635,"date":"2022-11-24T12:59:53","date_gmt":"2022-11-24T11:59:53","guid":{"rendered":"https:\/\/satdi.umh.es\/?page_id=5635"},"modified":"2026-02-03T20:48:33","modified_gmt":"2026-02-03T19:48:33","slug":"servicio-lavado-de-batas","status":"publish","type":"page","link":"https:\/\/satdi.umh.es\/ca\/servicios-prestados\/servicio-lavado-de-batas\/","title":{"rendered":"Coordinaci\u00f3 Servei Rentat de Bates"},"content":{"rendered":"<p><span dir=\"auto\" style=\"vertical-align: inherit\"><span dir=\"auto\" style=\"vertical-align: inherit\">La Universitat Miguel Hern\u00e1ndez d&#8217;Elx ha contractat un Servei de R\u00e8nting T\u00e8xtil per a la dotaci\u00f3, rentat i reparaci\u00f3 o substituci\u00f3 de bates de laboratori per al personal de la Universitat Miguel Hern\u00e1ndez d&#8217;Elx, Expt. 2022_031.<\/span><\/span><\/p>\n<h6><span dir=\"auto\" style=\"vertical-align: inherit\"><span dir=\"auto\" style=\"vertical-align: inherit\">Aquest servei est\u00e0 dirigit al personal de la Universitat (PDI, PI i PAS) que treballa als laboratoris i que est\u00e0\u00a0 <\/span><\/span><strong><span dir=\"auto\" style=\"vertical-align: inherit\"><span dir=\"auto\" style=\"vertical-align: inherit\">exposat a agents qu\u00edmics perillosos, i\/o agents biol\u00f2gics<\/span><\/span><\/strong><span dir=\"auto\" style=\"vertical-align: inherit\"><span dir=\"auto\" style=\"vertical-align: inherit\"> .<\/span><\/span><\/h6>\n<ul>\n<li><span dir=\"auto\" style=\"vertical-align: inherit\"><span dir=\"auto\" style=\"vertical-align: inherit\">Per adherir-se a aquest servei cal remetre un correu a\u00a0 <\/span><\/span><a href=\"mailto:satdi_acuerdosmarco@umh.es\"><span dir=\"auto\" style=\"vertical-align: inherit\"><span dir=\"auto\" style=\"vertical-align: inherit\">satdi_acuerdosmarco@umh.es<\/span><\/span><\/a><span dir=\"auto\" style=\"vertical-align: inherit\"><span dir=\"auto\" style=\"vertical-align: inherit\"> indicant a l&#8217; <\/span><\/span><strong><span dir=\"auto\" style=\"vertical-align: inherit\"><span dir=\"auto\" style=\"vertical-align: inherit\">Assumpte<\/span><\/span><\/strong><span dir=\"auto\" style=\"vertical-align: inherit\"><span dir=\"auto\" style=\"vertical-align: inherit\"> : Sol\u00b7licitud adhesi\u00f3 al Servei Rentat de Bates. Des del SATDI se&#8217;ls remetr\u00e0 tota la informaci\u00f3 necess\u00e0ria.<\/span><\/span><\/li>\n<\/ul>\n<h6><span dir=\"auto\" style=\"vertical-align: inherit\"><span dir=\"auto\" style=\"vertical-align: inherit\">El servei consta de les parts seg\u00fcents:<\/span><\/span><\/h6>\n<ul>\n<li><span dir=\"auto\" style=\"vertical-align: inherit\"><span dir=\"auto\" style=\"vertical-align: inherit\">Dotaci\u00f3 de bates de laboratori als usuaris.<\/span><\/span>\n<ul>\n<li><span dir=\"auto\" style=\"vertical-align: inherit\"><span dir=\"auto\" style=\"vertical-align: inherit\">A cada usuari adherit a aquest servei se li subministraran 2 bates amb una codificaci\u00f3 que permet identificar-les de manera inequ\u00edvoca. ( <\/span><\/span><em><span dir=\"auto\" style=\"vertical-align: inherit\"><span dir=\"auto\" style=\"vertical-align: inherit\">Per ex: E11-001<\/span><\/span><\/em><span dir=\"auto\" style=\"vertical-align: inherit\"><span dir=\"auto\" style=\"vertical-align: inherit\"> )<\/span><\/span><\/li>\n<\/ul>\n<\/li>\n<li><span dir=\"auto\" style=\"vertical-align: inherit\"><span dir=\"auto\" style=\"vertical-align: inherit\">Servei de rentat, descontaminaci\u00f3, assecat i planxat de les bates.<\/span><\/span>\n<ul>\n<li><span dir=\"auto\" style=\"vertical-align: inherit\"><span dir=\"auto\" style=\"vertical-align: inherit\">De manera que es garanteixi l&#8217;eliminaci\u00f3 de productes qu\u00edmics i la desinfecci\u00f3 de possibles agents biol\u00f2gics contaminants.<\/span><\/span><\/li>\n<\/ul>\n<\/li>\n<li><span dir=\"auto\" style=\"vertical-align: inherit\"><span dir=\"auto\" style=\"vertical-align: inherit\">Servei de reparaci\u00f3 o, si escau, reposici\u00f3 de bates amb desperfectes.<\/span><\/span>\n<ul>\n<li><span dir=\"auto\" style=\"vertical-align: inherit\"><span dir=\"auto\" style=\"vertical-align: inherit\">Arranjament de bates en cas de deteriorament, o reposici\u00f3 en cas que aquests impedeixin el correcte \u00fas per al qual es destinen.<\/span><\/span><\/li>\n<\/ul>\n<\/li>\n<li><span dir=\"auto\" style=\"vertical-align: inherit\"><span dir=\"auto\" style=\"vertical-align: inherit\">IMPORTANT:<\/span><\/span>\n<ul>\n<li><span dir=\"auto\" style=\"vertical-align: inherit\"><span dir=\"auto\" style=\"vertical-align: inherit\">Les bates estan destinades a treballs amb exposici\u00f3 a riscos qu\u00edmics i biol\u00f2gics que requereixen un rentat i descontaminaci\u00f3 adequats.<\/span><\/span><\/li>\n<li><span dir=\"auto\" style=\"vertical-align: inherit\"><span dir=\"auto\" style=\"vertical-align: inherit\">Les bates estan equipades amb un xip que en permet la identificaci\u00f3, a m\u00e9s del codi d&#8217;identificaci\u00f3 de la bata per a un reconeixement f\u00e0cil per l&#8217;usuari.<\/span><\/span><\/li>\n<li><span dir=\"auto\" style=\"vertical-align: inherit\"><span dir=\"auto\" style=\"vertical-align: inherit\">A cada usuari se li assigna un codi de bata perqu\u00e8 sempre les utilitzi i tingui un control sobre les condicions a qu\u00e8 han estat sotmeses.<\/span><\/span><\/li>\n<li><span dir=\"auto\" style=\"vertical-align: inherit\"><span dir=\"auto\" style=\"vertical-align: inherit\">Aquest servei <\/span><\/span><b><span dir=\"auto\" style=\"vertical-align: inherit\"><span dir=\"auto\" style=\"vertical-align: inherit\">nom\u00e9s \u00e9s per a les bates subministrades per l&#8217;empresa<\/span><\/span><\/b><span dir=\"auto\" style=\"vertical-align: inherit\"><span dir=\"auto\" style=\"vertical-align: inherit\"> (amb xip i codi bata). No s&#8217;admet rentar altres bates personals o que es puguin tenir al laboratori.<\/span><\/span><\/li>\n<\/ul>\n<\/li>\n<\/ul>\n<h6><span dir=\"auto\" style=\"vertical-align: inherit\"><span dir=\"auto\" style=\"vertical-align: inherit\">S&#8217;han determinat <\/span><\/span><strong><span dir=\"auto\" style=\"vertical-align: inherit\"><span dir=\"auto\" style=\"vertical-align: inherit\">6 punts de recollida i entrega<\/span><\/span><\/strong><span dir=\"auto\" style=\"vertical-align: inherit\"><span dir=\"auto\" style=\"vertical-align: inherit\"> de bates als diferents campus de la UMH on es treballa amb exposici\u00f3 a risc qu\u00edmic i\/o biol\u00f2gic:<\/span><\/span><\/h6>\n<ul>\n<li><span dir=\"auto\" style=\"vertical-align: inherit\"><span dir=\"auto\" style=\"vertical-align: inherit\">Campus d&#8217;Elx:<\/span><\/span>\n<ul>\n<li><span dir=\"auto\" style=\"vertical-align: inherit\"><span dir=\"auto\" style=\"vertical-align: inherit\">Ed. Altabix, estada E11P0013 (junt aula inform\u00e0tica 0.2<\/span><\/span><\/li>\n<li><span dir=\"auto\" style=\"vertical-align: inherit\"><span dir=\"auto\" style=\"vertical-align: inherit\">Ed. Torregaitan, estada E10P2013 (magatzem planta 2)<\/span><\/span><\/li>\n<li><span dir=\"auto\" style=\"vertical-align: inherit\"><span dir=\"auto\" style=\"vertical-align: inherit\">Ed. Vinalop\u00f3, estada E13P0073 (junt consergeria)<\/span><\/span><\/li>\n<\/ul>\n<\/li>\n<li><span dir=\"auto\" style=\"vertical-align: inherit\"><span dir=\"auto\" style=\"vertical-align: inherit\">Campus de Sant Joan d&#8217;Alacant:<\/span><\/span>\n<ul>\n<li><span dir=\"auto\" style=\"vertical-align: inherit\"><span dir=\"auto\" style=\"vertical-align: inherit\">Ed. Muhammad Al-Shafra, estada S02S1067 (al costat autoclau)<\/span><\/span><\/li>\n<li><span dir=\"auto\" style=\"vertical-align: inherit\"><span dir=\"auto\" style=\"vertical-align: inherit\">Ed. Ram\u00f3n y Cajal, estada S08S1006 (vest\u00edbul soterrani)<\/span><\/span><\/li>\n<\/ul>\n<\/li>\n<li><span dir=\"auto\" style=\"vertical-align: inherit\"><span dir=\"auto\" style=\"vertical-align: inherit\">Campus d&#8217;Oriola:<\/span><\/span>\n<ul>\n<li><span dir=\"auto\" style=\"vertical-align: inherit\"><span dir=\"auto\" style=\"vertical-align: inherit\">Ed. Tudemir, estada O12P1030 (magatzem planta 1)<\/span><\/span><\/li>\n<\/ul>\n<\/li>\n<\/ul>\n<h6><span dir=\"auto\" style=\"vertical-align: inherit\"><span dir=\"auto\" style=\"vertical-align: inherit\">La recollida\/lliurament de bates es realitzar\u00e0 setmanalment, quedant a disposici\u00f3 dels usuaris el rentat o no de les bates.<\/span><\/span><\/h6>\n<ul>\n<li><span dir=\"auto\" style=\"vertical-align: inherit\"><span dir=\"auto\" style=\"vertical-align: inherit\">D&#8217;aquesta manera, un cop per setmana es retiraran les bates per rentar i es lliuraran les que van ser retirades la setmana anterior.<\/span><\/span><\/li>\n<li><span dir=\"auto\" style=\"vertical-align: inherit\"><span dir=\"auto\" style=\"vertical-align: inherit\">La dotaci\u00f3 de dues bates permet utilitzar-ne una mentre l&#8217;altra est\u00e0 sent rentada.<\/span><\/span><\/li>\n<li><span dir=\"auto\" style=\"vertical-align: inherit\"><span dir=\"auto\" style=\"vertical-align: inherit\">La recollida de la bata rentada es realitzar\u00e0 sempre al punt indicat per a cada usuari.<\/span><\/span><\/li>\n<li><span dir=\"auto\" style=\"vertical-align: inherit\"><span dir=\"auto\" style=\"vertical-align: inherit\">El codi de la bata permet identificar ledifici on es realitzar\u00e0 la recollida de la bata rentada. ( <\/span><\/span><em><span dir=\"auto\" style=\"vertical-align: inherit\"><span dir=\"auto\" style=\"vertical-align: inherit\">Per ex. E11 indica que l&#8217;edifici de recollida \u00e9s Ed. Albatix al campus d&#8217;Elx<\/span><\/span><\/em><span dir=\"auto\" style=\"vertical-align: inherit\"><span dir=\"auto\" style=\"vertical-align: inherit\"> ).<\/span><\/span><\/li>\n<\/ul>\n<h6><strong><span dir=\"auto\" style=\"vertical-align: inherit\"><span dir=\"auto\" style=\"vertical-align: inherit\">Persones de contacte<\/span><\/span><\/strong><\/h6>\n<ul>\n<li style=\"list-style-type: none\">\n<ul>\n<li><span dir=\"auto\" style=\"vertical-align: inherit\"><span dir=\"auto\" style=\"vertical-align: inherit\">Cristina Navarro Mart\u00ednez <\/span><\/span><br \/>\n<span dir=\"auto\" style=\"vertical-align: inherit\"><span dir=\"auto\" style=\"vertical-align: inherit\">E-mail: <\/span><\/span><a href=\"mailto:cristina.navarrod@umh.es\"><span dir=\"auto\" style=\"vertical-align: inherit\"><span dir=\"auto\" style=\"vertical-align: inherit\">cristina.navarrod@umh.es<\/span><\/span><\/a><br \/>\n<span dir=\"auto\" style=\"vertical-align: inherit\"><span dir=\"auto\" style=\"vertical-align: inherit\"> Extensi\u00f3: 8932<\/span><\/span><\/li>\n<\/ul>\n<\/li>\n<\/ul>\n<ul>\n<li><span dir=\"auto\" style=\"vertical-align: inherit\"><span dir=\"auto\" style=\"vertical-align: inherit\">CAMPUS D&#8217;ELX<\/span><\/span>\n<ul>\n<li><strong><span dir=\"auto\" style=\"vertical-align: inherit\"><span dir=\"auto\" style=\"vertical-align: inherit\">Coordinadora<\/span><\/span><\/strong><span dir=\"auto\" style=\"vertical-align: inherit\"><span dir=\"auto\" style=\"vertical-align: inherit\"> : Victoria Arcenegui <\/span><\/span><br \/>\n<span dir=\"auto\" style=\"vertical-align: inherit\"><span dir=\"auto\" style=\"vertical-align: inherit\">E-mail: <\/span><\/span><a href=\"mailto:v.arcenegui@umh.es\"><span dir=\"auto\" style=\"vertical-align: inherit\"><span dir=\"auto\" style=\"vertical-align: inherit\">v.arcenegui@umh.es<\/span><\/span><\/a><br \/>\n<span dir=\"auto\" style=\"vertical-align: inherit\"><span dir=\"auto\" style=\"vertical-align: inherit\"> Extensi\u00f3: 51389<\/span><\/span><\/li>\n<\/ul>\n<\/li>\n<\/ul>\n<ul>\n<li style=\"list-style-type: none\">\n<ul>\n<li style=\"list-style-type: none\">\n<ul>\n<li><strong><span dir=\"auto\" style=\"vertical-align: inherit\"><span dir=\"auto\" style=\"vertical-align: inherit\">Ed. Altabix:<\/span><\/span><\/strong><span dir=\"auto\" style=\"vertical-align: inherit\"><span dir=\"auto\" style=\"vertical-align: inherit\"> Roc\u00edo Valera <\/span><\/span><br \/>\n<span dir=\"auto\" style=\"vertical-align: inherit\"><span dir=\"auto\" style=\"vertical-align: inherit\">E-mail: <\/span><\/span><a href=\"mailto:rocio.valera@umh.es\"><span dir=\"auto\" style=\"vertical-align: inherit\"><span dir=\"auto\" style=\"vertical-align: inherit\">rocio.valera@umh.es<\/span><\/span><\/a><br \/>\n<span dir=\"auto\" style=\"vertical-align: inherit\"><span dir=\"auto\" style=\"vertical-align: inherit\"> Extensi\u00f3: 51339<\/span><\/span><\/li>\n<li><strong><span dir=\"auto\" style=\"vertical-align: inherit\"><span dir=\"auto\" style=\"vertical-align: inherit\">Ed. Vinalop\u00f3<\/span><\/span><\/strong><span dir=\"auto\" style=\"vertical-align: inherit\"><span dir=\"auto\" style=\"vertical-align: inherit\"> : Mar\u00eda Gomariz <\/span><\/span><br \/>\n<span dir=\"auto\" style=\"vertical-align: inherit\"><span dir=\"auto\" style=\"vertical-align: inherit\">E-mail: <\/span><\/span><a href=\"mailto:maria.gomariz@umh.es\"><span dir=\"auto\" style=\"vertical-align: inherit\"><span dir=\"auto\" style=\"vertical-align: inherit\">maria.gomariz@umh.es<\/span><\/span><\/a><br \/>\n<span dir=\"auto\" style=\"vertical-align: inherit\"><span dir=\"auto\" style=\"vertical-align: inherit\"> Extensi\u00f3: 51352<\/span><\/span><\/li>\n<\/ul>\n<\/li>\n<\/ul>\n<ul>\n<li style=\"list-style-type: none\">\n<ul>\n<li><strong><span dir=\"auto\" style=\"vertical-align: inherit\"><span dir=\"auto\" style=\"vertical-align: inherit\">Ed. Torregait\u00e1n<\/span><\/span><\/strong><span dir=\"auto\" style=\"vertical-align: inherit\"><span dir=\"auto\" style=\"vertical-align: inherit\"> : Maite Garz\u00f3n <\/span><\/span><br \/>\n<span dir=\"auto\" style=\"vertical-align: inherit\"><span dir=\"auto\" style=\"vertical-align: inherit\">E-mail: <\/span><\/span><a href=\"mailto:m.garzon@umh.es\"><span dir=\"auto\" style=\"vertical-align: inherit\"><span dir=\"auto\" style=\"vertical-align: inherit\">m.garzon@umh.es<\/span><\/span><\/a><br \/>\n<span dir=\"auto\" style=\"vertical-align: inherit\"><span dir=\"auto\" style=\"vertical-align: inherit\"> Extensi\u00f3: 51332<\/span><\/span><\/li>\n<\/ul>\n<\/li>\n<\/ul>\n<\/li>\n<\/ul>\n<ul>\n<li><span dir=\"auto\" style=\"vertical-align: inherit\"><span dir=\"auto\" style=\"vertical-align: inherit\">CAMPUS D&#8217;ORIOLA<\/span><\/span>\n<ul>\n<li><b><span dir=\"auto\" style=\"vertical-align: inherit\"><span dir=\"auto\" style=\"vertical-align: inherit\">Corrdinadora:<\/span><\/span><\/b><span dir=\"auto\" style=\"vertical-align: inherit\"><span dir=\"auto\" style=\"vertical-align: inherit\"> Diana Navarro <\/span><\/span><br \/>\n<span dir=\"auto\" style=\"vertical-align: inherit\"><span dir=\"auto\" style=\"vertical-align: inherit\">E-mail: <\/span><\/span><a href=\"mailto:d.navarro@umh.es\"><span dir=\"auto\" style=\"vertical-align: inherit\"><span dir=\"auto\" style=\"vertical-align: inherit\">d.navarro@umh.es<\/span><\/span><\/a><br \/>\n<span dir=\"auto\" style=\"vertical-align: inherit\"><span dir=\"auto\" style=\"vertical-align: inherit\"> Extensi\u00f3: 51380<\/span><\/span><\/li>\n<\/ul>\n<\/li>\n<\/ul>\n<ul>\n<li><span dir=\"auto\" style=\"vertical-align: inherit\"><span dir=\"auto\" style=\"vertical-align: inherit\">CAMPUS DE SANT JOAN D&#8217;ALACANT<\/span><\/span>\n<ul>\n<li><b><span dir=\"auto\" style=\"vertical-align: inherit\"><span dir=\"auto\" style=\"vertical-align: inherit\">Coordinadora<\/span><\/span><\/b><span dir=\"auto\" style=\"vertical-align: inherit\"><span dir=\"auto\" style=\"vertical-align: inherit\"> : Carolina Luna <\/span><\/span><br \/>\n<span dir=\"auto\" style=\"vertical-align: inherit\"><span dir=\"auto\" style=\"vertical-align: inherit\">E-mail: <\/span><\/span><a href=\"mailto:carolina.luna@umh.es\"><span dir=\"auto\" style=\"vertical-align: inherit\"><span dir=\"auto\" style=\"vertical-align: inherit\">carolina.luna@umh.es<\/span><\/span><\/a><br \/>\n<span dir=\"auto\" style=\"vertical-align: inherit\"><span dir=\"auto\" style=\"vertical-align: inherit\"> Extensi\u00f3: 51371<\/span><\/span><\/li>\n<\/ul>\n<\/li>\n<\/ul>\n<ul>\n<li style=\"list-style-type: none\">\n<ul>\n<li style=\"list-style-type: none\">\n<ul>\n<li><strong><span dir=\"auto\" style=\"vertical-align: inherit\"><span dir=\"auto\" style=\"vertical-align: inherit\">Ed. Muhammad Al-Shafra<\/span><\/span><\/strong><span dir=\"auto\" style=\"vertical-align: inherit\"><span dir=\"auto\" style=\"vertical-align: inherit\"> : Vicenta Medr\u00e1n <\/span><\/span><br \/>\n<span dir=\"auto\" style=\"vertical-align: inherit\"><span dir=\"auto\" style=\"vertical-align: inherit\">E-mail: <\/span><\/span><a href=\"mailto:vicenta.medran@umh.es\"><span dir=\"auto\" style=\"vertical-align: inherit\"><span dir=\"auto\" style=\"vertical-align: inherit\">vicenta.medran@umh.es<\/span><\/span><\/a><br \/>\n<span dir=\"auto\" style=\"vertical-align: inherit\"><span dir=\"auto\" style=\"vertical-align: inherit\"> Extensi\u00f3: 51393<\/span><\/span><\/li>\n<li><strong><span dir=\"auto\" style=\"vertical-align: inherit\"><span dir=\"auto\" style=\"vertical-align: inherit\">Ed. Ram\u00f3n y Cajal<\/span><\/span><\/strong><span dir=\"auto\" style=\"vertical-align: inherit\"><span dir=\"auto\" style=\"vertical-align: inherit\"> : Aurelia Torregrosa <\/span><\/span><br \/>\n<span dir=\"auto\" style=\"vertical-align: inherit\"><span dir=\"auto\" style=\"vertical-align: inherit\">E-mail: <\/span><\/span><a href=\"mailto:m.torregrosa@umh.es\"><span dir=\"auto\" style=\"vertical-align: inherit\"><span dir=\"auto\" style=\"vertical-align: inherit\">m.torregrosa@umh.es<\/span><\/span><\/a><br \/>\n<span dir=\"auto\" style=\"vertical-align: inherit\"><span dir=\"auto\" style=\"vertical-align: inherit\"> Extensi\u00f3: 51336<\/span><\/span><\/li>\n<\/ul>\n<\/li>\n<\/ul>\n<\/li>\n<\/ul>\n<p><\/p>","protected":false},"excerpt":{"rendered":"<p>La Universitat Miguel Hern\u00e1ndez d&#8217;Elx ha contractat un Servei de R\u00e8nting T\u00e8xtil per a la dotaci\u00f3, rentat i reparaci\u00f3 o substituci\u00f3 de bates de laboratori per al personal de la Universitat Miguel Hern\u00e1ndez d&#8217;Elx, Expt. 2022_031.<br \/>\nAquest servei est\u00e0 dirigit al personal de la Universitat (PDI, PI i PAS) que treballa als laboratoris i que est\u00e0\u00a0 [&#8230;]<\/p>\n","protected":false},"author":1228,"featured_media":0,"parent":100,"menu_order":6,"comment_status":"closed","ping_status":"closed","template":"","meta":{"_links_to":"","_links_to_target":""},"_links":{"self":[{"href":"https:\/\/satdi.umh.es\/ca\/wp-json\/wp\/v2\/pages\/5635"}],"collection":[{"href":"https:\/\/satdi.umh.es\/ca\/wp-json\/wp\/v2\/pages"}],"about":[{"href":"https:\/\/satdi.umh.es\/ca\/wp-json\/wp\/v2\/types\/page"}],"author":[{"embeddable":true,"href":"https:\/\/satdi.umh.es\/ca\/wp-json\/wp\/v2\/users\/1228"}],"replies":[{"embeddable":true,"href":"https:\/\/satdi.umh.es\/ca\/wp-json\/wp\/v2\/comments?post=5635"}],"version-history":[{"count":0,"href":"https:\/\/satdi.umh.es\/ca\/wp-json\/wp\/v2\/pages\/5635\/revisions"}],"up":[{"embeddable":true,"href":"https:\/\/satdi.umh.es\/ca\/wp-json\/wp\/v2\/pages\/100"}],"wp:attachment":[{"href":"https:\/\/satdi.umh.es\/ca\/wp-json\/wp\/v2\/media?parent=5635"}],"curies":[{"name":"wp","href":"https:\/\/api.w.org\/{rel}","templated":true}]}}