{"id":5718,"date":"2023-01-09T09:50:51","date_gmt":"2023-01-09T08:50:51","guid":{"rendered":"https:\/\/satdi.umh.es\/?page_id=5718"},"modified":"2026-02-03T20:47:14","modified_gmt":"2026-02-03T19:47:14","slug":"otros-acuerdos-marco-de-la-umh","status":"publish","type":"page","link":"https:\/\/satdi.umh.es\/ca\/servicios-prestados\/compras\/otros-acuerdos-marco-de-la-umh\/","title":{"rendered":"Altres Acords Marc\/SDA de la UMH (blog SPRC)"},"content":{"rendered":"<p><span dir=\"auto\" style=\"vertical-align: inherit\"><span dir=\"auto\" style=\"vertical-align: inherit\">Per con\u00e8ixer al llistat quins Acords Marc\/SDA estan en actiu a la UMH i els procediments per realitzar compres associades a cadascun, accedeix al llistat disponible a: <\/span><\/span><a href=\"https:\/\/seguimientocontratacion.umh.es\/acuerdos-marco\/\" target=\"_blank\" rel=\"noopener\"><span dir=\"auto\" style=\"vertical-align: inherit\"><span dir=\"auto\" style=\"vertical-align: inherit\">Servei de Planificaci\u00f3 i Racionalitzaci\u00f3 de la Contractaci\u00f3<\/span><\/span><\/a><\/p>","protected":false},"excerpt":{"rendered":"<p>Per con\u00e8ixer al llistat quins Acords Marc\/SDA estan en actiu a la UMH i els procediments per realitzar compres associades a cadascun, accedeix al llistat disponible a: Servei de Planificaci\u00f3 i Racionalitzaci\u00f3 de la Contractaci\u00f3<\/p>\n","protected":false},"author":3000,"featured_media":0,"parent":2442,"menu_order":4,"comment_status":"closed","ping_status":"closed","template":"","meta":{"_links_to":"","_links_to_target":""},"_links":{"self":[{"href":"https:\/\/satdi.umh.es\/ca\/wp-json\/wp\/v2\/pages\/5718"}],"collection":[{"href":"https:\/\/satdi.umh.es\/ca\/wp-json\/wp\/v2\/pages"}],"about":[{"href":"https:\/\/satdi.umh.es\/ca\/wp-json\/wp\/v2\/types\/page"}],"author":[{"embeddable":true,"href":"https:\/\/satdi.umh.es\/ca\/wp-json\/wp\/v2\/users\/3000"}],"replies":[{"embeddable":true,"href":"https:\/\/satdi.umh.es\/ca\/wp-json\/wp\/v2\/comments?post=5718"}],"version-history":[{"count":0,"href":"https:\/\/satdi.umh.es\/ca\/wp-json\/wp\/v2\/pages\/5718\/revisions"}],"up":[{"embeddable":true,"href":"https:\/\/satdi.umh.es\/ca\/wp-json\/wp\/v2\/pages\/2442"}],"wp:attachment":[{"href":"https:\/\/satdi.umh.es\/ca\/wp-json\/wp\/v2\/media?parent=5718"}],"curies":[{"name":"wp","href":"https:\/\/api.w.org\/{rel}","templated":true}]}}