{"id":6015,"date":"2023-01-30T12:07:10","date_gmt":"2023-01-30T11:07:10","guid":{"rendered":"https:\/\/satdi.umh.es\/?page_id=6015"},"modified":"2026-02-09T19:22:02","modified_gmt":"2026-02-09T18:22:02","slug":"satdi-ic-estacion-imaris","status":"publish","type":"page","link":"https:\/\/satdi.umh.es\/ca\/servicios-prestados\/instrumentacioncientifica\/servicios_ofertados\/servicios_ofertados-satdi-ic-microscopia-optica-avanzada\/satdi-ic-estacion-imaris\/","title":{"rendered":"SATDI-IC: Estaci\u00f3 Imaris"},"content":{"rendered":"<p><strong><span dir=\"auto\" style=\"vertical-align: inherit\"><span dir=\"auto\" style=\"vertical-align: inherit\">Aplicacions<\/span><\/span><\/strong><br \/>\n<span dir=\"auto\" style=\"vertical-align: inherit\"><span dir=\"auto\" style=\"vertical-align: inherit\"> Programari cient\u00edfic per a visualitzaci\u00f3, reconstrucci\u00f3, an\u00e0lisi i quantificaci\u00f3 dexperiments dimatge en 3 i 4 dimensions.<\/span><\/span><\/p>\n<p><strong><span dir=\"auto\" style=\"vertical-align: inherit\"><span dir=\"auto\" style=\"vertical-align: inherit\">Observacions<\/span><\/span><\/strong><br \/>\n<span dir=\"auto\" style=\"vertical-align: inherit\"><span dir=\"auto\" style=\"vertical-align: inherit\"> Ser\u00e0 necess\u00e0ria lassist\u00e8ncia del t\u00e8cnic durant les primeres 10 hores d\u00fas de lequip. Aquesta assist\u00e8ncia est\u00e0 inclosa a la tarifa. L&#8217;\u00fas dels equips s&#8217;ha de reservar amb l&#8217;antelaci\u00f3 suficient per garantir la disponibilitat de l&#8217;assist\u00e8ncia de personal t\u00e8cnic durant la utilitzaci\u00f3.<\/span><\/span><\/p>\n<p><strong><span dir=\"auto\" style=\"vertical-align: inherit\"><span dir=\"auto\" style=\"vertical-align: inherit\">Localitzaci\u00f3<\/span><\/span><\/strong><br \/>\n<span dir=\"auto\" style=\"vertical-align: inherit\"><span dir=\"auto\" style=\"vertical-align: inherit\"> Campus de Sant Joan<\/span><\/span><\/p>\n<p><span dir=\"auto\" style=\"vertical-align: inherit\"><span dir=\"auto\" style=\"vertical-align: inherit\">Per a m\u00e9s informaci\u00f3: <\/span><\/span><br \/>\n<a href=\"https:\/\/in.umh-csic.es\/es\/el-instituto\/servicios\/servicio-de-microscopia\/\" target=\"_blank\" rel=\"noopener\"><span dir=\"auto\" style=\"vertical-align: inherit\"><span dir=\"auto\" style=\"vertical-align: inherit\">Servei d&#8217;Imatge de l&#8217;Institut de Neuroci\u00e8ncies d&#8217;Alacant<\/span><\/span><\/a><\/p>","protected":false},"excerpt":{"rendered":"<p>Aplicacions<br \/>\n Programari cient\u00edfic per a visualitzaci\u00f3, reconstrucci\u00f3, an\u00e0lisi i quantificaci\u00f3 dexperiments dimatge en 3 i 4 dimensions.<br \/>\nObservacions<br \/>\n Ser\u00e0 necess\u00e0ria lassist\u00e8ncia del t\u00e8cnic durant les primeres 10 hores d\u00fas de lequip. Aquesta assist\u00e8ncia est\u00e0 inclosa a la tarifa. L&#8217;\u00fas dels equips s&#8217;ha de reservar amb l&#8217;antelaci\u00f3 suficient per garantir la disponibilitat de l&#8217;assist\u00e8ncia de personal t\u00e8cnic [&#8230;]<\/p>\n","protected":false},"author":1595,"featured_media":0,"parent":349,"menu_order":0,"comment_status":"closed","ping_status":"closed","template":"","meta":{"_links_to":"","_links_to_target":""},"_links":{"self":[{"href":"https:\/\/satdi.umh.es\/ca\/wp-json\/wp\/v2\/pages\/6015"}],"collection":[{"href":"https:\/\/satdi.umh.es\/ca\/wp-json\/wp\/v2\/pages"}],"about":[{"href":"https:\/\/satdi.umh.es\/ca\/wp-json\/wp\/v2\/types\/page"}],"author":[{"embeddable":true,"href":"https:\/\/satdi.umh.es\/ca\/wp-json\/wp\/v2\/users\/1595"}],"replies":[{"embeddable":true,"href":"https:\/\/satdi.umh.es\/ca\/wp-json\/wp\/v2\/comments?post=6015"}],"version-history":[{"count":0,"href":"https:\/\/satdi.umh.es\/ca\/wp-json\/wp\/v2\/pages\/6015\/revisions"}],"up":[{"embeddable":true,"href":"https:\/\/satdi.umh.es\/ca\/wp-json\/wp\/v2\/pages\/349"}],"wp:attachment":[{"href":"https:\/\/satdi.umh.es\/ca\/wp-json\/wp\/v2\/media?parent=6015"}],"curies":[{"name":"wp","href":"https:\/\/api.w.org\/{rel}","templated":true}]}}