{"id":6027,"date":"2023-01-30T12:21:33","date_gmt":"2023-01-30T11:21:33","guid":{"rendered":"https:\/\/satdi.umh.es\/?page_id=6027"},"modified":"2026-02-09T19:24:52","modified_gmt":"2026-02-09T18:24:52","slug":"satdi-ic-microscopio-confocal-invertido-olympus-fv1200","status":"publish","type":"page","link":"https:\/\/satdi.umh.es\/ca\/servicios-prestados\/instrumentacioncientifica\/servicios_ofertados\/servicios_ofertados-satdi-ic-microscopia-optica-avanzada\/satdi-ic-microscopio-confocal-invertido-olympus-fv1200\/","title":{"rendered":"SATDI-IC: Microscopi confocal invertit (Olympus FV1200)"},"content":{"rendered":"<p><strong><span dir=\"auto\" style=\"vertical-align: inherit\"><span dir=\"auto\" style=\"vertical-align: inherit\">Aplicacions<\/span><\/span><\/strong><br \/>\n<span dir=\"auto\" style=\"vertical-align: inherit\"><span dir=\"auto\" style=\"vertical-align: inherit\"> Adquisici\u00f3 d&#8217;imatges de fluoresc\u00e8ncia confocal multidimensional, adquisici\u00f3 de mosaics, an\u00e0lisi de col\u00b7localitzaci\u00f3, FRAP i FRET.<\/span><\/span><\/p>\n<p><strong><span dir=\"auto\" style=\"vertical-align: inherit\"><span dir=\"auto\" style=\"vertical-align: inherit\">Observacions<\/span><\/span><\/strong><br \/>\n<span dir=\"auto\" style=\"vertical-align: inherit\"><span dir=\"auto\" style=\"vertical-align: inherit\"> Ser\u00e0 necess\u00e0ria lassist\u00e8ncia del t\u00e8cnic durant les primeres 10 hores d\u00fas de lequip. Aquesta assist\u00e8ncia est\u00e0 inclosa a la tarifa. L&#8217;\u00fas dels equips s&#8217;ha de reservar amb l&#8217;antelaci\u00f3 suficient per garantir la disponibilitat de l&#8217;assist\u00e8ncia de personal t\u00e8cnic durant la utilitzaci\u00f3.<\/span><\/span><\/p>\n<p><strong><span dir=\"auto\" style=\"vertical-align: inherit\"><span dir=\"auto\" style=\"vertical-align: inherit\">Localitzaci\u00f3<\/span><\/span><\/strong><br \/>\n<span dir=\"auto\" style=\"vertical-align: inherit\"><span dir=\"auto\" style=\"vertical-align: inherit\"> Campus de Sant Joan<\/span><\/span><\/p>\n<p><span dir=\"auto\" style=\"vertical-align: inherit\"><span dir=\"auto\" style=\"vertical-align: inherit\">Per a m\u00e9s informaci\u00f3: <\/span><\/span><br \/>\n<a href=\"https:\/\/in.umh-csic.es\/es\/el-instituto\/servicios\/servicio-de-microscopia\/\" target=\"_blank\" rel=\"noopener\"><span dir=\"auto\" style=\"vertical-align: inherit\"><span dir=\"auto\" style=\"vertical-align: inherit\">Servei d&#8217;Imatge de l&#8217;Institut de Neuroci\u00e8ncies d&#8217;Alacant<\/span><\/span><\/a><\/p>","protected":false},"excerpt":{"rendered":"<p>Aplicacions<br \/>\n Adquisici\u00f3 d&#8217;imatges de fluoresc\u00e8ncia confocal multidimensional, adquisici\u00f3 de mosaics, an\u00e0lisi de col\u00b7localitzaci\u00f3, FRAP i FRET.<br \/>\nObservacions<br \/>\n Ser\u00e0 necess\u00e0ria lassist\u00e8ncia del t\u00e8cnic durant les primeres 10 hores d\u00fas de lequip. Aquesta assist\u00e8ncia est\u00e0 inclosa a la tarifa. L&#8217;\u00fas dels equips s&#8217;ha de reservar amb l&#8217;antelaci\u00f3 suficient per garantir la disponibilitat de l&#8217;assist\u00e8ncia de personal t\u00e8cnic durant [&#8230;]<\/p>\n","protected":false},"author":1595,"featured_media":0,"parent":349,"menu_order":0,"comment_status":"closed","ping_status":"closed","template":"","meta":{"_links_to":"","_links_to_target":""},"_links":{"self":[{"href":"https:\/\/satdi.umh.es\/ca\/wp-json\/wp\/v2\/pages\/6027"}],"collection":[{"href":"https:\/\/satdi.umh.es\/ca\/wp-json\/wp\/v2\/pages"}],"about":[{"href":"https:\/\/satdi.umh.es\/ca\/wp-json\/wp\/v2\/types\/page"}],"author":[{"embeddable":true,"href":"https:\/\/satdi.umh.es\/ca\/wp-json\/wp\/v2\/users\/1595"}],"replies":[{"embeddable":true,"href":"https:\/\/satdi.umh.es\/ca\/wp-json\/wp\/v2\/comments?post=6027"}],"version-history":[{"count":0,"href":"https:\/\/satdi.umh.es\/ca\/wp-json\/wp\/v2\/pages\/6027\/revisions"}],"up":[{"embeddable":true,"href":"https:\/\/satdi.umh.es\/ca\/wp-json\/wp\/v2\/pages\/349"}],"wp:attachment":[{"href":"https:\/\/satdi.umh.es\/ca\/wp-json\/wp\/v2\/media?parent=6027"}],"curies":[{"name":"wp","href":"https:\/\/api.w.org\/{rel}","templated":true}]}}