{"id":6033,"date":"2023-01-30T12:27:24","date_gmt":"2023-01-30T11:27:24","guid":{"rendered":"https:\/\/satdi.umh.es\/?page_id=6033"},"modified":"2026-02-09T19:26:07","modified_gmt":"2026-02-09T18:26:07","slug":"satdi-ic-microscopio-confocal-super-resolucion-invertido-zeiss-lsm-880-airyscan-elyra-ps-1","status":"publish","type":"page","link":"https:\/\/satdi.umh.es\/ca\/servicios-prestados\/instrumentacioncientifica\/servicios_ofertados\/servicios_ofertados-satdi-ic-microscopia-optica-avanzada\/satdi-ic-microscopio-confocal-super-resolucion-invertido-zeiss-lsm-880-airyscan-elyra-ps-1\/","title":{"rendered":"SATDI-IC: Microscopi Confocal S\u00faper-resoluci\u00f3 invertit (Zeiss LSM 880-Airyscan Elyra PS.1)"},"content":{"rendered":"<p><strong><span dir=\"auto\" style=\"vertical-align: inherit\"><span dir=\"auto\" style=\"vertical-align: inherit\">Aplicacions<\/span><\/span><\/strong><br \/>\n<span dir=\"auto\" style=\"vertical-align: inherit\"><span dir=\"auto\" style=\"vertical-align: inherit\"> Adquisici\u00f3 d&#8217;imatges de fluoresc\u00e8ncia confocal amb controlador de temperatura i CO2 per fer experiments d&#8217;imatge multidimensional amb teixit biol\u00f2gic fixat o viu. Permet adquirir imatges tant en mode confocal com en s\u00faper-soluci\u00f3 Airyscan (140nm), il\u00b7luminaci\u00f3 estructurada SIM(100 nm) i PALM\/dSTORM(20-30nm). Est\u00e0 equipat amb dos jocs de l\u00e0sers: per a microsc\u00f2pia confocal (405, 4,55,4 634nm) i s\u00faper-resoluci\u00f3 (405, 488, 561 i 640nm). Objectius: 10x sec, 25x de multi-immersi\u00f3, 40x aigua, 63x aigua, 63x oli i 100x oli.<\/span><\/span><\/p>\n<p><strong><span dir=\"auto\" style=\"vertical-align: inherit\"><span dir=\"auto\" style=\"vertical-align: inherit\">Observacions<\/span><\/span><\/strong><br \/>\n<span dir=\"auto\" style=\"vertical-align: inherit\"><span dir=\"auto\" style=\"vertical-align: inherit\"> Ser\u00e0 necess\u00e0ria lassist\u00e8ncia del t\u00e8cnic durant les primeres 10 hores d\u00fas de lequip. Aquesta assist\u00e8ncia est\u00e0 inclosa a la tarifa. L&#8217;\u00fas dels equips s&#8217;ha de reservar amb l&#8217;antelaci\u00f3 suficient per garantir la disponibilitat de l&#8217;assist\u00e8ncia de personal t\u00e8cnic durant la utilitzaci\u00f3.<\/span><\/span><\/p>\n<p><strong><span dir=\"auto\" style=\"vertical-align: inherit\"><span dir=\"auto\" style=\"vertical-align: inherit\">Localitzaci\u00f3<\/span><\/span><\/strong><br \/>\n<span dir=\"auto\" style=\"vertical-align: inherit\"><span dir=\"auto\" style=\"vertical-align: inherit\"> Campus de Sant Joan<\/span><\/span><\/p>\n<p><span dir=\"auto\" style=\"vertical-align: inherit\"><span dir=\"auto\" style=\"vertical-align: inherit\">Per a m\u00e9s informaci\u00f3: <\/span><\/span><br \/>\n<a href=\"https:\/\/in.umh-csic.es\/es\/el-instituto\/servicios\/servicio-de-microscopia\/\" target=\"_blank\" rel=\"noopener\"><span dir=\"auto\" style=\"vertical-align: inherit\"><span dir=\"auto\" style=\"vertical-align: inherit\">Servei d&#8217;Imatge de l&#8217;Institut de Neuroci\u00e8ncies d&#8217;Alacant<\/span><\/span><\/a><\/p>","protected":false},"excerpt":{"rendered":"<p>Aplicacions<br \/>\n Adquisici\u00f3 d&#8217;imatges de fluoresc\u00e8ncia confocal amb controlador de temperatura i CO2 per fer experiments d&#8217;imatge multidimensional amb teixit biol\u00f2gic fixat o viu. Permet adquirir imatges tant en mode confocal com en s\u00faper-soluci\u00f3 Airyscan (140nm), il\u00b7luminaci\u00f3 estructurada SIM(100 nm) i PALM\/dSTORM(20-30nm). Est\u00e0 equipat amb dos jocs de l\u00e0sers: per a microsc\u00f2pia confocal (405, 4,55,4 634nm) [&#8230;]<\/p>\n","protected":false},"author":1595,"featured_media":0,"parent":349,"menu_order":0,"comment_status":"closed","ping_status":"closed","template":"","meta":{"_links_to":"","_links_to_target":""},"_links":{"self":[{"href":"https:\/\/satdi.umh.es\/ca\/wp-json\/wp\/v2\/pages\/6033"}],"collection":[{"href":"https:\/\/satdi.umh.es\/ca\/wp-json\/wp\/v2\/pages"}],"about":[{"href":"https:\/\/satdi.umh.es\/ca\/wp-json\/wp\/v2\/types\/page"}],"author":[{"embeddable":true,"href":"https:\/\/satdi.umh.es\/ca\/wp-json\/wp\/v2\/users\/1595"}],"replies":[{"embeddable":true,"href":"https:\/\/satdi.umh.es\/ca\/wp-json\/wp\/v2\/comments?post=6033"}],"version-history":[{"count":0,"href":"https:\/\/satdi.umh.es\/ca\/wp-json\/wp\/v2\/pages\/6033\/revisions"}],"up":[{"embeddable":true,"href":"https:\/\/satdi.umh.es\/ca\/wp-json\/wp\/v2\/pages\/349"}],"wp:attachment":[{"href":"https:\/\/satdi.umh.es\/ca\/wp-json\/wp\/v2\/media?parent=6033"}],"curies":[{"name":"wp","href":"https:\/\/api.w.org\/{rel}","templated":true}]}}