{"id":6042,"date":"2023-01-30T12:33:37","date_gmt":"2023-01-30T11:33:37","guid":{"rendered":"https:\/\/satdi.umh.es\/?page_id=6042"},"modified":"2026-02-09T19:28:51","modified_gmt":"2026-02-09T18:28:51","slug":"satdi-ic-microscopio-light-sheet-z-1-zeiss","status":"publish","type":"page","link":"https:\/\/satdi.umh.es\/ca\/servicios-prestados\/instrumentacioncientifica\/servicios_ofertados\/servicios_ofertados-satdi-ic-microscopia-optica-avanzada\/satdi-ic-microscopio-light-sheet-z-1-zeiss\/","title":{"rendered":"SATDI-IC: L\u00e0mina de llum per a microscopi (Z.1 Zeiss)"},"content":{"rendered":"<p><strong><span dir=\"auto\" style=\"vertical-align: inherit\"><span dir=\"auto\" style=\"vertical-align: inherit\">Aplicacions<\/span><\/span><\/strong><br \/>\n<span dir=\"auto\" style=\"vertical-align: inherit\"><span dir=\"auto\" style=\"vertical-align: inherit\"> Microscopi per a mostres vives semitransparents que permet adquisici\u00f3 d&#8217;imatges amb rotaci\u00f3 de 360 \u200b\u200b\u00ba. Est\u00e0 equipat amb els l\u00e0sers 405nm, 488nm, 561nm i 635nm. Disposa de tres objectius: un 5x sec i dos objectius d\u00b4immersi\u00f3 en aigua (10x i 20x).<\/span><\/span><\/p>\n<p><strong><span dir=\"auto\" style=\"vertical-align: inherit\"><span dir=\"auto\" style=\"vertical-align: inherit\">Localitzaci\u00f3<\/span><\/span><\/strong><br \/>\n<span dir=\"auto\" style=\"vertical-align: inherit\"><span dir=\"auto\" style=\"vertical-align: inherit\"> Campus d&#8217;Elx<\/span><\/span><\/p>\n<p><img loading=\"lazy\" class=\"\" src=\"https:\/\/satdi.umh.es\/files\/2020\/04\/foto-Z1-zeiss.png\" alt=\"\" width=\"400\" height=\"300\" \/><\/p>\n<p align=\"justify\"><span dir=\"auto\" style=\"vertical-align: inherit\"><span dir=\"auto\" style=\"vertical-align: inherit\">L&#8217;equip ha estat adquirit gr\u00e0cies a una Actuaci\u00f3 cofinan\u00e7ada per la Uni\u00f3 Europea a trav\u00e9s del <\/span><\/span><a href=\"https:\/\/www.red.es\/redes\/es\/node\/3716\"><b><span dir=\"auto\" style=\"vertical-align: inherit\"><span dir=\"auto\" style=\"vertical-align: inherit\">Programa Operatiu del Fons Europeu de Desenvolupament Regional<\/span><\/span><\/b><\/a><span dir=\"auto\" style=\"vertical-align: inherit\"><span dir=\"auto\" style=\"vertical-align: inherit\"> (FEDER) de la <\/span><\/span><a href=\"http:\/\/www.dgtic.gva.es\/es\/fondos-feder\"><span dir=\"auto\" style=\"vertical-align: inherit\"><span dir=\"auto\" style=\"vertical-align: inherit\">Comunitat Valenciana 2014-2020<\/span><\/span><\/a><span dir=\"auto\" style=\"vertical-align: inherit\"><span dir=\"auto\" style=\"vertical-align: inherit\"> (PROJECTE: <\/span><b><span dir=\"auto\" style=\"vertical-align: inherit\">GV\/IDIFEDER\/2018\/016<\/span><\/b><span dir=\"auto\" style=\"vertical-align: inherit\"> )<\/span><\/span><b> <\/b><b><\/b><\/p>\n<p align=\"justify\"><span dir=\"auto\" style=\"vertical-align: inherit\"><span dir=\"auto\" style=\"vertical-align: inherit\">Investigador Principal: <\/span><\/span><b><span dir=\"auto\" style=\"vertical-align: inherit\"><span dir=\"auto\" style=\"vertical-align: inherit\">Jos\u00e9 Manuel P\u00e9rez P\u00e9rez<\/span><\/span><\/b><span dir=\"auto\" style=\"vertical-align: inherit\"><span dir=\"auto\" style=\"vertical-align: inherit\"> .<\/span><\/span><\/p>\n<p><a href=\"https:\/\/satdi.umh.es\/files\/2019\/04\/logo-perez-perez.png\"><img loading=\"lazy\" class=\"alignnone size-medium wp-image-2373\" src=\"https:\/\/satdi.umh.es\/files\/2019\/04\/logo-perez-perez-300x112.png\" alt=\"\" width=\"600\" height=\"223\" srcset=\"https:\/\/satdi.umh.es\/files\/2019\/04\/logo-perez-perez-300x112.png 300w, https:\/\/satdi.umh.es\/files\/2019\/04\/logo-perez-perez.png 600w\" sizes=\"(max-width: 600px) 100vw, 600px\" \/><\/a><\/p>","protected":false},"excerpt":{"rendered":"<p>Aplicacions<br \/>\n Microscopi per a mostres vives semitransparents que permet adquisici\u00f3 d&#8217;imatges amb rotaci\u00f3 de 360 \u200b\u200b\u00ba. Est\u00e0 equipat amb els l\u00e0sers 405nm, 488nm, 561nm i 635nm. Disposa de tres objectius: un 5x sec i dos objectius d\u00b4immersi\u00f3 en aigua (10x i 20x).<br \/>\nLocalitzaci\u00f3<br \/>\n Campus d&#8217;Elx<\/p>\n<p>L&#8217;equip ha estat adquirit gr\u00e0cies a una Actuaci\u00f3 cofinan\u00e7ada per la Uni\u00f3 [&#8230;]<\/p>\n","protected":false},"author":1595,"featured_media":0,"parent":349,"menu_order":0,"comment_status":"closed","ping_status":"closed","template":"","meta":{"_links_to":"","_links_to_target":""},"_links":{"self":[{"href":"https:\/\/satdi.umh.es\/ca\/wp-json\/wp\/v2\/pages\/6042"}],"collection":[{"href":"https:\/\/satdi.umh.es\/ca\/wp-json\/wp\/v2\/pages"}],"about":[{"href":"https:\/\/satdi.umh.es\/ca\/wp-json\/wp\/v2\/types\/page"}],"author":[{"embeddable":true,"href":"https:\/\/satdi.umh.es\/ca\/wp-json\/wp\/v2\/users\/1595"}],"replies":[{"embeddable":true,"href":"https:\/\/satdi.umh.es\/ca\/wp-json\/wp\/v2\/comments?post=6042"}],"version-history":[{"count":0,"href":"https:\/\/satdi.umh.es\/ca\/wp-json\/wp\/v2\/pages\/6042\/revisions"}],"up":[{"embeddable":true,"href":"https:\/\/satdi.umh.es\/ca\/wp-json\/wp\/v2\/pages\/349"}],"wp:attachment":[{"href":"https:\/\/satdi.umh.es\/ca\/wp-json\/wp\/v2\/media?parent=6042"}],"curies":[{"name":"wp","href":"https:\/\/api.w.org\/{rel}","templated":true}]}}