{"id":6066,"date":"2023-01-30T13:02:32","date_gmt":"2023-01-30T12:02:32","guid":{"rendered":"https:\/\/satdi.umh.es\/?page_id=6066"},"modified":"2026-02-09T19:38:02","modified_gmt":"2026-02-09T18:38:02","slug":"satdi-ic-cromatografo-de-gases-agilent-technologies-6890","status":"publish","type":"page","link":"https:\/\/satdi.umh.es\/ca\/servicios-prestados\/instrumentacioncientifica\/servicios_ofertados\/servicios_ofertados-instrumentacioncientifica-satdi-ic-orihuela\/satdi-ic-cromatografo-de-gases-agilent-technologies-6890\/","title":{"rendered":"SATDI-IC: Cromat\u00f2graf de Gasos (Agilent Technologies 6890)"},"content":{"rendered":"<p><strong><span dir=\"auto\" style=\"vertical-align: inherit\"><span dir=\"auto\" style=\"vertical-align: inherit\">Observacions<\/span><\/span><\/strong><br \/>\n<span dir=\"auto\" style=\"vertical-align: inherit\"><span dir=\"auto\" style=\"vertical-align: inherit\"> Equip amb injector autom\u00e0tic i dos detectors detector d&#8217;ionitzaci\u00f3 en flama (FID) i detector de captura d&#8217;electrons (ECD). \u00c9s necessari aportar les columnes espec\u00edfiques per als elements a mesurar.<\/span><\/span><\/p>\n<p><strong><span dir=\"auto\" style=\"vertical-align: inherit\"><span dir=\"auto\" style=\"vertical-align: inherit\">Localitzaci\u00f3<\/span><\/span><\/strong><br \/>\n<span dir=\"auto\" style=\"vertical-align: inherit\"><span dir=\"auto\" style=\"vertical-align: inherit\"> Campus d&#8217;Oriola<\/span><\/span><\/p>\n<p><img class=\"\" src=\" direccion- aqui \" alt=\"\" \/><\/p>","protected":false},"excerpt":{"rendered":"<p>Observacions<br \/>\n Equip amb injector autom\u00e0tic i dos detectors detector d&#8217;ionitzaci\u00f3 en flama (FID) i detector de captura d&#8217;electrons (ECD). \u00c9s necessari aportar les columnes espec\u00edfiques per als elements a mesurar.<br \/>\nLocalitzaci\u00f3<br \/>\n Campus d&#8217;Oriola<\/p>\n","protected":false},"author":1595,"featured_media":0,"parent":4723,"menu_order":0,"comment_status":"closed","ping_status":"closed","template":"","meta":{"_links_to":"","_links_to_target":""},"_links":{"self":[{"href":"https:\/\/satdi.umh.es\/ca\/wp-json\/wp\/v2\/pages\/6066"}],"collection":[{"href":"https:\/\/satdi.umh.es\/ca\/wp-json\/wp\/v2\/pages"}],"about":[{"href":"https:\/\/satdi.umh.es\/ca\/wp-json\/wp\/v2\/types\/page"}],"author":[{"embeddable":true,"href":"https:\/\/satdi.umh.es\/ca\/wp-json\/wp\/v2\/users\/1595"}],"replies":[{"embeddable":true,"href":"https:\/\/satdi.umh.es\/ca\/wp-json\/wp\/v2\/comments?post=6066"}],"version-history":[{"count":0,"href":"https:\/\/satdi.umh.es\/ca\/wp-json\/wp\/v2\/pages\/6066\/revisions"}],"up":[{"embeddable":true,"href":"https:\/\/satdi.umh.es\/ca\/wp-json\/wp\/v2\/pages\/4723"}],"wp:attachment":[{"href":"https:\/\/satdi.umh.es\/ca\/wp-json\/wp\/v2\/media?parent=6066"}],"curies":[{"name":"wp","href":"https:\/\/api.w.org\/{rel}","templated":true}]}}