{"id":6075,"date":"2023-01-30T13:11:45","date_gmt":"2023-01-30T12:11:45","guid":{"rendered":"https:\/\/satdi.umh.es\/?page_id=6075"},"modified":"2026-02-09T19:42:41","modified_gmt":"2026-02-09T18:42:41","slug":"satdi-ic-espectrometro-de-masas-con-plasma-acoplado-inductivamente-icpms-2030-shimadzu","status":"publish","type":"page","link":"https:\/\/satdi.umh.es\/ca\/servicios-prestados\/instrumentacioncientifica\/servicios_ofertados\/servicios_ofertados-instrumentacioncientifica-satdi-ic-orihuela\/satdi-ic-espectrometro-de-masas-con-plasma-acoplado-inductivamente-icpms-2030-shimadzu\/","title":{"rendered":"SATDI-IC: Espectr\u00f2metre de Masses amb Plasma Acoblat Inductivament (ICPMS-2030- Shimadzu)"},"content":{"rendered":"<p><strong><span dir=\"auto\" style=\"vertical-align: inherit\"><span dir=\"auto\" style=\"vertical-align: inherit\">Aplicacions<\/span><\/span><\/strong><br \/>\n<span dir=\"auto\" style=\"vertical-align: inherit\"><span dir=\"auto\" style=\"vertical-align: inherit\"> Aquesta t\u00e8cnica anal\u00edtica \u00e9s \u00e0mpliament utilitzada en: <\/span><\/span><br \/>\n<span dir=\"auto\" style=\"vertical-align: inherit\"><span dir=\"auto\" style=\"vertical-align: inherit\">\u2022 Medi ambient: qualitat d&#8217;aig\u00fces potables, contaminaci\u00f3 d&#8217;aig\u00fces. <\/span><\/span><br \/>\n<span dir=\"auto\" style=\"vertical-align: inherit\"><span dir=\"auto\" style=\"vertical-align: inherit\">\u2022 Qu\u00edmica: Caracteritzaci\u00f3 de mat\u00e8ries primeres. <\/span><\/span><br \/>\n<span dir=\"auto\" style=\"vertical-align: inherit\"><span dir=\"auto\" style=\"vertical-align: inherit\">\u2022 Geologia: Caracteritzaci\u00f3 de s\u00f2ls. <\/span><\/span><br \/>\n<span dir=\"auto\" style=\"vertical-align: inherit\"><span dir=\"auto\" style=\"vertical-align: inherit\">\u2022 Biomedicina: Traces teixits i fluids biol\u00f2gics. <\/span><\/span><br \/>\n<span dir=\"auto\" style=\"vertical-align: inherit\"><span dir=\"auto\" style=\"vertical-align: inherit\">\u2022 Art: An\u00e0lisi de pigments, mat\u00e8ries primeres, an\u00e0lisi de metalls i aliatges, caracteritzaci\u00f3 de cer\u00e0miques. <\/span><\/span><br \/>\n<span dir=\"auto\" style=\"vertical-align: inherit\"><span dir=\"auto\" style=\"vertical-align: inherit\">\u2022 Ci\u00e8ncia i tecnologia d&#8217;aliments: control de mat\u00e8ries primeres, contaminaci\u00f3 i control de toxicitat, control de qualitat de productes.<\/span><\/span><\/p>\n<p><strong><span dir=\"auto\" style=\"vertical-align: inherit\"><span dir=\"auto\" style=\"vertical-align: inherit\">Localitzaci\u00f3<\/span><\/span><\/strong><br \/>\n<span dir=\"auto\" style=\"vertical-align: inherit\"><span dir=\"auto\" style=\"vertical-align: inherit\"> Campus d&#8217;Oriola<\/span><\/span><\/p>\n<p align=\"justify\"><span dir=\"auto\" style=\"vertical-align: inherit\"><span dir=\"auto\" style=\"vertical-align: inherit\"><iframe  style=\"display: block; margin: 0px auto;\"  id=\"_ytid_43794\"  width=\"480\" height=\"270\"  data-origwidth=\"480\" data-origheight=\"270\"  data-relstop=\"1\" src=\"https:\/\/www.youtube.com\/embed\/DEHnW6qtxFo?enablejsapi=1&autoplay=0&cc_load_policy=1&iv_load_policy=1&loop=0&modestbranding=0&fs=1&playsinline=1&controls=1&color=red&cc_lang_pref=&rel=0&autohide=2&theme=dark&\" class=\"__youtube_prefs__  no-lazyload\" title=\"YouTube player\"  allow=\"accelerometer; autoplay; clipboard-write; encrypted-media; gyroscope; picture-in-picture\" allowfullscreen data-no-lazy=\"1\" data-skipgform_ajax_framebjll=\"\"><\/iframe><\/span><\/span><\/p>\n<p align=\"justify\"><span dir=\"auto\" style=\"vertical-align: inherit\"><span dir=\"auto\" style=\"vertical-align: inherit\">L&#8217;equip ha estat adquirit gr\u00e0cies a una actuaci\u00f3 cofinan\u00e7ada per la Uni\u00f3 Europea a trav\u00e9s del <\/span><\/span><a href=\"https:\/\/www.red.es\/redes\/es\/node\/3716\"><b><span dir=\"auto\" style=\"vertical-align: inherit\"><span dir=\"auto\" style=\"vertical-align: inherit\">Programa Operatiu del Fons Europeu de Desenvolupament Regional<\/span><\/span><\/b><\/a><span dir=\"auto\" style=\"vertical-align: inherit\"><span dir=\"auto\" style=\"vertical-align: inherit\"> (FEDER) de la <\/span><\/span><a href=\"http:\/\/www.dgtic.gva.es\/es\/fondos-feder\"><span dir=\"auto\" style=\"vertical-align: inherit\"><span dir=\"auto\" style=\"vertical-align: inherit\">Comunitat Valenciana 2014-2020<\/span><\/span><\/a><span dir=\"auto\" style=\"vertical-align: inherit\"><span dir=\"auto\" style=\"vertical-align: inherit\"> (PROJECTE: <\/span><\/span><b><span dir=\"auto\" style=\"vertical-align: inherit\"><span dir=\"auto\" style=\"vertical-align: inherit\">EQC2018-004170-P<\/span><\/span><\/b><span dir=\"auto\" style=\"vertical-align: inherit\"><span dir=\"auto\" style=\"vertical-align: inherit\"> ).<\/span><\/span><\/p>\n<p><img loading=\"lazy\" class=\"alignnone size-full wp-image-2235\" src=\"https:\/\/satdi.umh.es\/files\/2021\/11\/FEDER-ICPMS-2030-Shimadzu-v20211116.jpg\" alt=\"\" width=\"700\" height=\"305\" \/><br \/>\n<img class=\"\" src=\" direccion- aqui \" alt=\"\" \/><\/p>","protected":false},"excerpt":{"rendered":"<p>Aplicacions<br \/>\n Aquesta t\u00e8cnica anal\u00edtica \u00e9s \u00e0mpliament utilitzada en:<br \/>\n\u2022 Medi ambient: qualitat d&#8217;aig\u00fces potables, contaminaci\u00f3 d&#8217;aig\u00fces.<br \/>\n\u2022 Qu\u00edmica: Caracteritzaci\u00f3 de mat\u00e8ries primeres.<br \/>\n\u2022 Geologia: Caracteritzaci\u00f3 de s\u00f2ls.<br \/>\n\u2022 Biomedicina: Traces teixits i fluids biol\u00f2gics.<br \/>\n\u2022 Art: An\u00e0lisi de pigments, mat\u00e8ries primeres, an\u00e0lisi de metalls i aliatges, caracteritzaci\u00f3 de cer\u00e0miques.<br \/>\n\u2022 Ci\u00e8ncia i tecnologia d&#8217;aliments: control [&#8230;]<\/p>\n","protected":false},"author":1595,"featured_media":0,"parent":4723,"menu_order":0,"comment_status":"closed","ping_status":"closed","template":"","meta":{"_links_to":"","_links_to_target":""},"_links":{"self":[{"href":"https:\/\/satdi.umh.es\/ca\/wp-json\/wp\/v2\/pages\/6075"}],"collection":[{"href":"https:\/\/satdi.umh.es\/ca\/wp-json\/wp\/v2\/pages"}],"about":[{"href":"https:\/\/satdi.umh.es\/ca\/wp-json\/wp\/v2\/types\/page"}],"author":[{"embeddable":true,"href":"https:\/\/satdi.umh.es\/ca\/wp-json\/wp\/v2\/users\/1595"}],"replies":[{"embeddable":true,"href":"https:\/\/satdi.umh.es\/ca\/wp-json\/wp\/v2\/comments?post=6075"}],"version-history":[{"count":0,"href":"https:\/\/satdi.umh.es\/ca\/wp-json\/wp\/v2\/pages\/6075\/revisions"}],"up":[{"embeddable":true,"href":"https:\/\/satdi.umh.es\/ca\/wp-json\/wp\/v2\/pages\/4723"}],"wp:attachment":[{"href":"https:\/\/satdi.umh.es\/ca\/wp-json\/wp\/v2\/media?parent=6075"}],"curies":[{"name":"wp","href":"https:\/\/api.w.org\/{rel}","templated":true}]}}