{"id":6081,"date":"2023-01-30T13:15:56","date_gmt":"2023-01-30T12:15:56","guid":{"rendered":"https:\/\/satdi.umh.es\/?page_id=6081"},"modified":"2026-02-09T19:57:11","modified_gmt":"2026-02-09T18:57:11","slug":"satdi-ic-digestor-por-microondas-cem-mars-one","status":"publish","type":"page","link":"https:\/\/satdi.umh.es\/ca\/servicios-prestados\/instrumentacioncientifica\/servicios_ofertados\/servicios_ofertados-instrumentacioncientifica-satdi-ic-orihuela\/satdi-ic-digestor-por-microondas-cem-mars-one\/","title":{"rendered":"SATDI-IC: Digestor per microones CEM Mars One"},"content":{"rendered":"<p><strong><span dir=\"auto\" style=\"vertical-align: inherit\"><span dir=\"auto\" style=\"vertical-align: inherit\">Aplicacions<\/span><\/span><\/strong><br \/>\n<span dir=\"auto\" style=\"vertical-align: inherit\"><span dir=\"auto\" style=\"vertical-align: inherit\"> Digesti\u00f3 de s\u00f2ls, llots i material vegetal .<\/span><\/span><\/p>\n<p><strong><span dir=\"auto\" style=\"vertical-align: inherit\"><span dir=\"auto\" style=\"vertical-align: inherit\">Observacions<\/span><\/span><\/strong><br \/>\n<span dir=\"auto\" style=\"vertical-align: inherit\"><span dir=\"auto\" style=\"vertical-align: inherit\"> Equip dotat amb 12 gots de tefl\u00f3 per realitzar la digesti\u00f3 de mostres i el control de pressi\u00f3.<\/span><\/span><\/p>\n<p><strong><span dir=\"auto\" style=\"vertical-align: inherit\"><span dir=\"auto\" style=\"vertical-align: inherit\">Localitzaci\u00f3<\/span><\/span><\/strong><br \/>\n<span dir=\"auto\" style=\"vertical-align: inherit\"><span dir=\"auto\" style=\"vertical-align: inherit\"> Campus d&#8217;Oriola<\/span><\/span><\/p>","protected":false},"excerpt":{"rendered":"<p>Aplicacions<br \/>\n Digesti\u00f3 de s\u00f2ls, llots i material vegetal .<br \/>\nObservacions<br \/>\n Equip dotat amb 12 gots de tefl\u00f3 per realitzar la digesti\u00f3 de mostres i el control de pressi\u00f3.<br \/>\nLocalitzaci\u00f3<br \/>\n Campus d&#8217;Oriola<\/p>\n","protected":false},"author":1595,"featured_media":0,"parent":4723,"menu_order":0,"comment_status":"closed","ping_status":"closed","template":"","meta":{"_links_to":"","_links_to_target":""},"_links":{"self":[{"href":"https:\/\/satdi.umh.es\/ca\/wp-json\/wp\/v2\/pages\/6081"}],"collection":[{"href":"https:\/\/satdi.umh.es\/ca\/wp-json\/wp\/v2\/pages"}],"about":[{"href":"https:\/\/satdi.umh.es\/ca\/wp-json\/wp\/v2\/types\/page"}],"author":[{"embeddable":true,"href":"https:\/\/satdi.umh.es\/ca\/wp-json\/wp\/v2\/users\/1595"}],"replies":[{"embeddable":true,"href":"https:\/\/satdi.umh.es\/ca\/wp-json\/wp\/v2\/comments?post=6081"}],"version-history":[{"count":0,"href":"https:\/\/satdi.umh.es\/ca\/wp-json\/wp\/v2\/pages\/6081\/revisions"}],"up":[{"embeddable":true,"href":"https:\/\/satdi.umh.es\/ca\/wp-json\/wp\/v2\/pages\/4723"}],"wp:attachment":[{"href":"https:\/\/satdi.umh.es\/ca\/wp-json\/wp\/v2\/media?parent=6081"}],"curies":[{"name":"wp","href":"https:\/\/api.w.org\/{rel}","templated":true}]}}