{"id":6084,"date":"2023-01-30T13:18:11","date_gmt":"2023-01-30T12:18:11","guid":{"rendered":"https:\/\/satdi.umh.es\/?page_id=6084"},"modified":"2026-02-09T19:57:52","modified_gmt":"2026-02-09T18:57:52","slug":"satdi-ic-liofilizador-christ-alpha-2-4","status":"publish","type":"page","link":"https:\/\/satdi.umh.es\/ca\/servicios-prestados\/instrumentacioncientifica\/servicios_ofertados\/servicios_ofertados-instrumentacioncientifica-satdi-ic-orihuela\/satdi-ic-liofilizador-christ-alpha-2-4\/","title":{"rendered":"SATDI-IC: Liofilitzador (Christ Alpha 2-4)"},"content":{"rendered":"<p><strong><span dir=\"auto\" style=\"vertical-align: inherit\"><span dir=\"auto\" style=\"vertical-align: inherit\">Aplicacions<\/span><\/span><\/strong><br \/>\n<span dir=\"auto\" style=\"vertical-align: inherit\"><span dir=\"auto\" style=\"vertical-align: inherit\"> Equip amb altes prestacions per assecar s\u00f2lids o l\u00edquids congelats. A l&#8217;equip es produeixen tres processos: Precongelaci\u00f3, assecat principal, assecat final a alt buit. S&#8217;utilitza per assecar materials com bacteris, cultius de virologia, plasma sanguini, fraccions de s\u00e8rum, vacunes, vitamines, ferments, extractes de plantes, etc.<\/span><\/span><\/p>\n<p><strong><span dir=\"auto\" style=\"vertical-align: inherit\"><span dir=\"auto\" style=\"vertical-align: inherit\">Localitzaci\u00f3<\/span><\/span><\/strong><br \/>\n<span dir=\"auto\" style=\"vertical-align: inherit\"><span dir=\"auto\" style=\"vertical-align: inherit\"> Campus d&#8217;Oriola<\/span><\/span><\/p>","protected":false},"excerpt":{"rendered":"<p>Aplicacions<br \/>\n Equip amb altes prestacions per assecar s\u00f2lids o l\u00edquids congelats. A l&#8217;equip es produeixen tres processos: Precongelaci\u00f3, assecat principal, assecat final a alt buit. S&#8217;utilitza per assecar materials com bacteris, cultius de virologia, plasma sanguini, fraccions de s\u00e8rum, vacunes, vitamines, ferments, extractes de plantes, etc.<br \/>\nLocalitzaci\u00f3<br \/>\n Campus d&#8217;Oriola<\/p>\n","protected":false},"author":1595,"featured_media":0,"parent":4723,"menu_order":0,"comment_status":"closed","ping_status":"closed","template":"","meta":{"_links_to":"","_links_to_target":""},"_links":{"self":[{"href":"https:\/\/satdi.umh.es\/ca\/wp-json\/wp\/v2\/pages\/6084"}],"collection":[{"href":"https:\/\/satdi.umh.es\/ca\/wp-json\/wp\/v2\/pages"}],"about":[{"href":"https:\/\/satdi.umh.es\/ca\/wp-json\/wp\/v2\/types\/page"}],"author":[{"embeddable":true,"href":"https:\/\/satdi.umh.es\/ca\/wp-json\/wp\/v2\/users\/1595"}],"replies":[{"embeddable":true,"href":"https:\/\/satdi.umh.es\/ca\/wp-json\/wp\/v2\/comments?post=6084"}],"version-history":[{"count":0,"href":"https:\/\/satdi.umh.es\/ca\/wp-json\/wp\/v2\/pages\/6084\/revisions"}],"up":[{"embeddable":true,"href":"https:\/\/satdi.umh.es\/ca\/wp-json\/wp\/v2\/pages\/4723"}],"wp:attachment":[{"href":"https:\/\/satdi.umh.es\/ca\/wp-json\/wp\/v2\/media?parent=6084"}],"curies":[{"name":"wp","href":"https:\/\/api.w.org\/{rel}","templated":true}]}}