{"id":6087,"date":"2023-01-30T13:20:40","date_gmt":"2023-01-30T12:20:40","guid":{"rendered":"https:\/\/satdi.umh.es\/?page_id=6087"},"modified":"2026-02-09T19:58:42","modified_gmt":"2026-02-09T18:58:42","slug":"satdi-ic-spray-dryer-buchi-290","status":"publish","type":"page","link":"https:\/\/satdi.umh.es\/ca\/servicios-prestados\/instrumentacioncientifica\/servicios_ofertados\/servicios_ofertados-instrumentacioncientifica-satdi-ic-orihuela\/satdi-ic-spray-dryer-buchi-290\/","title":{"rendered":"SATDI-IC: Assecador per polvoritzaci\u00f3 (Buchi 290)"},"content":{"rendered":"<p><strong><span dir=\"auto\" style=\"vertical-align: inherit\"><span dir=\"auto\" style=\"vertical-align: inherit\">Aplicacions<\/span><\/span><\/strong><br \/>\n<span dir=\"auto\" style=\"vertical-align: inherit\"><span dir=\"auto\" style=\"vertical-align: inherit\"> Assecat de productes no termol\u00e0bils dissolts en aigua. Operacions: modificaci\u00f3 de mida de part\u00edcula, aglomeraci\u00f3 de nanopart\u00edcules, assecat de dissolucions, coating de part\u00edcules, microencapsulaci\u00f3, etc.<\/span><\/span><\/p>\n<p><strong><span dir=\"auto\" style=\"vertical-align: inherit\"><span dir=\"auto\" style=\"vertical-align: inherit\">Localitzaci\u00f3<\/span><\/span><\/strong><br \/>\n<span dir=\"auto\" style=\"vertical-align: inherit\"><span dir=\"auto\" style=\"vertical-align: inherit\"> Campus d&#8217;Elx <\/span><\/span><br \/>\n<span dir=\"auto\" style=\"vertical-align: inherit\"><span dir=\"auto\" style=\"vertical-align: inherit\">Campus d&#8217;Oriola<\/span><\/span><\/p>\n<p>&nbsp;<\/p>\n<p><img loading=\"lazy\" class=\"\" src=\"https:\/\/siatdi.umh.es\/files\/2013\/01\/spray-dry-buchi-290.jpg\" width=\"350\" height=\"350\" \/><\/p>","protected":false},"excerpt":{"rendered":"<p>Aplicacions<br \/>\n Assecat de productes no termol\u00e0bils dissolts en aigua. Operacions: modificaci\u00f3 de mida de part\u00edcula, aglomeraci\u00f3 de nanopart\u00edcules, assecat de dissolucions, coating de part\u00edcules, microencapsulaci\u00f3, etc.<br \/>\nLocalitzaci\u00f3<br \/>\n Campus d&#8217;Elx<br \/>\nCampus d&#8217;Oriola<br \/>\n&nbsp;<\/p>\n","protected":false},"author":1595,"featured_media":0,"parent":4723,"menu_order":0,"comment_status":"closed","ping_status":"closed","template":"","meta":{"_links_to":"","_links_to_target":""},"_links":{"self":[{"href":"https:\/\/satdi.umh.es\/ca\/wp-json\/wp\/v2\/pages\/6087"}],"collection":[{"href":"https:\/\/satdi.umh.es\/ca\/wp-json\/wp\/v2\/pages"}],"about":[{"href":"https:\/\/satdi.umh.es\/ca\/wp-json\/wp\/v2\/types\/page"}],"author":[{"embeddable":true,"href":"https:\/\/satdi.umh.es\/ca\/wp-json\/wp\/v2\/users\/1595"}],"replies":[{"embeddable":true,"href":"https:\/\/satdi.umh.es\/ca\/wp-json\/wp\/v2\/comments?post=6087"}],"version-history":[{"count":0,"href":"https:\/\/satdi.umh.es\/ca\/wp-json\/wp\/v2\/pages\/6087\/revisions"}],"up":[{"embeddable":true,"href":"https:\/\/satdi.umh.es\/ca\/wp-json\/wp\/v2\/pages\/4723"}],"wp:attachment":[{"href":"https:\/\/satdi.umh.es\/ca\/wp-json\/wp\/v2\/media?parent=6087"}],"curies":[{"name":"wp","href":"https:\/\/api.w.org\/{rel}","templated":true}]}}