{"id":6099,"date":"2023-01-30T13:33:14","date_gmt":"2023-01-30T12:33:14","guid":{"rendered":"https:\/\/satdi.umh.es\/?page_id=6099"},"modified":"2026-01-29T20:18:06","modified_gmt":"2026-01-29T19:18:06","slug":"servicios_ofertados-satdi-ic-instalaciones-radiactivas-campus-de-elche-campus-de-sant-joan","status":"publish","type":"page","link":"https:\/\/satdi.umh.es\/ca\/servicios-prestados\/instrumentacioncientifica\/servicios_ofertados\/servicios_ofertados-satdi-ic-instalaciones-radiactivas-campus-de-elche-campus-de-sant-joan\/","title":{"rendered":"SATDI-IC: Instal\u00b7lacions radioactives"},"content":{"rendered":"<p><a style=\"text-decoration: none\" href=\"https:\/\/satdi.umh.es\/files\/2025\/01\/GENERAL_Normas_IRAs_1392-2882.pdf\"><span dir=\"auto\" style=\"vertical-align: inherit\"><span dir=\"auto\" style=\"vertical-align: inherit\">Normes d&#8217;\u00fas de les instal\u00b7lacions radioactives<\/span><\/span><\/a><\/p>\n<p><strong><span dir=\"auto\" style=\"vertical-align: inherit\"><span dir=\"auto\" style=\"vertical-align: inherit\">Aplicacions<\/span><\/span><\/strong><br \/>\n<span dir=\"auto\" style=\"vertical-align: inherit\"><span dir=\"auto\" style=\"vertical-align: inherit\"> An\u00e0lisi quantitativa d&#8217;hormones i altres subst\u00e0ncies org\u00e0niques per m\u00e8todes de radioimmunoan\u00e0lisi. Tra\u00e7adors en estudis de processos f\u00edsics, biol\u00f2gics i m\u00e8dics.<\/span><\/span><\/p>\n<p><strong><span dir=\"auto\" style=\"vertical-align: inherit\"><span dir=\"auto\" style=\"vertical-align: inherit\">Observacions<\/span><\/span><\/strong><br \/>\n<span dir=\"auto\" style=\"vertical-align: inherit\"><span dir=\"auto\" style=\"vertical-align: inherit\"> Comptadors de centelleig per a part\u00edcules beta: LS 6500 (Beckman) LS 1701 (Beckman) i Wallac 1410 (Pharmacia). Comptadors de radiaci\u00f3 gamma: Cobra II (Packard). Les tarifes s\u00f3n iguals tant per als comptadors de part\u00edcules beta com a gamma.<\/span><\/span><\/p>\n<p><strong><span dir=\"auto\" style=\"vertical-align: inherit\"><span dir=\"auto\" style=\"vertical-align: inherit\">Localitzaci\u00f3<\/span><\/span><\/strong><br \/>\n<span dir=\"auto\" style=\"vertical-align: inherit\"><span dir=\"auto\" style=\"vertical-align: inherit\"> Campus d&#8217;Elx <\/span><\/span><br \/>\n<span dir=\"auto\" style=\"vertical-align: inherit\"><span dir=\"auto\" style=\"vertical-align: inherit\">Campus de Sant Joan<\/span><\/span><\/p>\n<p><img class=\"\" src=\"https:\/\/siatdi.umh.es\/files\/2013\/01\/Detector-Beta-300x221.png\" alt=\"\" \/><\/p>","protected":false},"excerpt":{"rendered":"<p>Normes d&#8217;\u00fas de les instal\u00b7lacions radioactives<br \/>\nAplicacions<br \/>\n An\u00e0lisi quantitativa d&#8217;hormones i altres subst\u00e0ncies org\u00e0niques per m\u00e8todes de radioimmunoan\u00e0lisi. Tra\u00e7adors en estudis de processos f\u00edsics, biol\u00f2gics i m\u00e8dics.<br \/>\nObservacions<br \/>\n Comptadors de centelleig per a part\u00edcules beta: LS 6500 (Beckman) LS 1701 (Beckman) i Wallac 1410 (Pharmacia). Comptadors de radiaci\u00f3 gamma: Cobra II (Packard). Les tarifes s\u00f3n iguals tant [&#8230;]<\/p>\n","protected":false},"author":1595,"featured_media":0,"parent":1235,"menu_order":0,"comment_status":"closed","ping_status":"closed","template":"","meta":{"_links_to":"","_links_to_target":""},"_links":{"self":[{"href":"https:\/\/satdi.umh.es\/ca\/wp-json\/wp\/v2\/pages\/6099"}],"collection":[{"href":"https:\/\/satdi.umh.es\/ca\/wp-json\/wp\/v2\/pages"}],"about":[{"href":"https:\/\/satdi.umh.es\/ca\/wp-json\/wp\/v2\/types\/page"}],"author":[{"embeddable":true,"href":"https:\/\/satdi.umh.es\/ca\/wp-json\/wp\/v2\/users\/1595"}],"replies":[{"embeddable":true,"href":"https:\/\/satdi.umh.es\/ca\/wp-json\/wp\/v2\/comments?post=6099"}],"version-history":[{"count":0,"href":"https:\/\/satdi.umh.es\/ca\/wp-json\/wp\/v2\/pages\/6099\/revisions"}],"up":[{"embeddable":true,"href":"https:\/\/satdi.umh.es\/ca\/wp-json\/wp\/v2\/pages\/1235"}],"wp:attachment":[{"href":"https:\/\/satdi.umh.es\/ca\/wp-json\/wp\/v2\/media?parent=6099"}],"curies":[{"name":"wp","href":"https:\/\/api.w.org\/{rel}","templated":true}]}}