{"id":6117,"date":"2023-01-30T14:03:33","date_gmt":"2023-01-30T13:03:33","guid":{"rendered":"https:\/\/satdi.umh.es\/?page_id=6117"},"modified":"2026-04-01T11:00:57","modified_gmt":"2026-04-01T09:00:57","slug":"servicios_ofertados-satdi-ic-equipamiento-auxiliar","status":"publish","type":"page","link":"https:\/\/satdi.umh.es\/ca\/servicios-prestados\/instrumentacioncientifica\/servicios_ofertados\/servicios_ofertados-satdi-ic-equipamiento-auxiliar\/","title":{"rendered":"SATDI-IC: Miscel\u00b7l\u00e0nia"},"content":{"rendered":"<p><!-- DIV 0 - CONTENEDOR PRINCIPAL - INICIO --><\/p>\n<div style=\"border: 0px solid #CCC;padding-top: 0em;margin: 0em 0em 0em 0em;width: 100%\">\n<p><!--**********************************************************--><\/p>\n<p><!-- DIV TABLA UNIDADES - INICIO --><\/p>\n<div style=\"border: 0px solid #CCC;padding-left: 1.5em;margin: 0em 0em 0em 0em;width: 100%;vertical-align: middle\">\n<table style=\"border: 0px solid #CCC;width: 100%;text-align: center;vertical-align: middle\">\n<tbody>\n<tr style=\"border: 0px solid #FFF;height: auto;background-color: #ffcc66\">\n<td style=\"border: 0px solid #CCC;padding: 0.5em;width: 35%\"><img src=\"https:\/\/satdi.umh.es\/files\/2025\/10\/ServiciosOfertados_Iconos_300x600px_MiscelaneaOtroEquipamiento.jpg\" alt=\"Icono 300x600px Miscel\u00e1nea Otro Equipamiento\" width=\"50%\" \/><\/td>\n<td style=\"border: 0px solid #CCC;padding: 0.5em;text-align: left;color: #fff;font-size: 1.2em;width: 65%\"><strong>MISCEL\u00c1NEA: OTRO EQUIPAMIENTO<\/strong><\/td>\n<\/tr>\n<\/tbody>\n<\/table>\n<\/div>\n<p><!-- DIV TABLA UNIDADES - FIN --><\/p>\n<p><!--**********************************************************--><\/p>\n<p><!-- DIV SEPARADOR - INICIO --><\/p>\n<div style=\"border: 0px solid #CCC;padding: 0em;margin: 0em 0em 0em 0em;width: 100%;height: 0.5em;vertical-align: top\"><\/div>\n<p><!-- DIV SEPARADOR - FIN --><\/p>\n<p><!--**********************************************************--><\/p>\n<p><!-- DIV BARRA GRIS IZQUIERDA - INICIO --><\/p>\n<div style=\"border: 2px solid #CCC;padding: 0em;margin: 0em 0em 0em 0em;width: 30%;height: 0em;vertical-align: top\"><\/div>\n<p><!-- DIV BARRA GRIS IZQUIERDA - FIN --><\/p>\n<p><!--**********************************************************--><\/p>\n<p><!-- DIV SEPARADOR - INICIO --><\/p>\n<div style=\"border: 0px solid #CCC;padding: 0em;margin: 0em 0em 0em 0em;width: 100%;height: 0.5em;vertical-align: top\"><\/div>\n<p><!-- DIV SEPARADOR - FIN --><\/p>\n<p><!--**********************************************************--><\/p>\n<p><!-- DIV TABLA EQUIPOS - INICIO --><\/p>\n<div style=\"border: 0px solid #CCC;padding-left: 1.5em;margin: 0em 0em 0em 0em;width: 100%;vertical-align: middle\">\n<table style=\"border: 0px solid #CCC;background-color: #ddd;width: 100%;text-align: left;vertical-align: middle\">\n<tbody>\n<tr style=\"border: 0px solid #FFF\">\n<td style=\"border: 0px solid #CCC;padding: 0.5em;width: 90%;text-align: right;color: #fbb81b\"><strong>CAMPUS DE ORIHUELA<\/strong><\/td>\n<td style=\"border: 0px solid #CCC;padding: 0.5em;width: 10%;text-align: right;vertical-align: top\"><img src=\"https:\/\/satdi.umh.es\/files\/2024\/01\/Imagen_LogoSATDI-IC.png\" alt=\"Logo SATDI-IC\" width=\"90%\" \/><\/td>\n<\/tr>\n<tr style=\"border: 0px solid #FFF\">\n<td style=\"border: 0px solid #CCC;padding: 0em 0em 0.5em 1em;width: 100%;font-size: 1em\" colspan=\"2\"><a style=\"color: #000;text-decoration: none\" href=\"https:\/\/satdi.umh.es\/ca\/servicios-prestados\/instrumentacioncientifica\/servicios_ofertados\/servicios_ofertados-satdi-ic-miscelanea\/satdi-ic-digestor-por-microondas-mars-one-cem\/\" rel=\"noopener\">Digestor por microondas (Mars One, CEM)<\/a><\/td>\n<\/tr>\n<tr style=\"border: 0px solid #FFF\">\n<td style=\"border: 0px solid #CCC;padding: 0em 0em 0.5em 1em;width: 100%;font-size: 1em\" colspan=\"2\"><a style=\"color: #000;text-decoration: none\" href=\"https:\/\/satdi.umh.es\/ca\/servicios-prestados\/instrumentacioncientifica\/servicios_ofertados\/servicios_ofertados-satdi-ic-miscelanea\/satdi-ic-liofilizador-christ-alpha-2-4-b-braun-biotech-international\/\" rel=\"noopener\">Liofilizador (Christ Alpha 2-4, B. Braun Biotech International)<\/a><\/td>\n<\/tr>\n<tr style=\"border: 0px solid #FFF\">\n<td style=\"border: 0px solid #CCC;padding: 0em 0em 0.5em 1em;width: 100%;font-size: 1em\" colspan=\"2\"><a style=\"color: #000;text-decoration: none\" href=\"https:\/\/satdi.umh.es\/ca\/servicios-prestados\/instrumentacioncientifica\/servicios_ofertados\/servicios_ofertados-satdi-ic-miscelanea\/satdi-ic-minisecador-de-pulverizacion-spray-dryer-b-290-buchi-oric\/\" rel=\"noopener\">Minisecador de pulverizaci\u00f3n (spray-driyer) (B-290, Buchi)<\/a><\/td>\n<\/tr>\n<tr style=\"border: 0px solid #FFF\">\n<td style=\"border: 0px solid #CCC;padding: 0em 0em 0.5em 1em;width: 100%;font-size: 1em\" colspan=\"2\"><a style=\"color: #000;text-decoration: none\" href=\"https:\/\/satdi.umh.es\/ca\/servicios-prestados\/instrumentacioncientifica\/servicios_ofertados\/servicios_ofertados-satdi-ic-miscelanea\/satdi-ic-agua-ultrapura-tipo-i-synergy-merck-millipore\/\" rel=\"noopener\">Equipo de obtenci\u00f3n de Agua Ultrapura tipo I (Synergy, Merck Millipore)<\/a><\/td>\n<\/tr>\n<tr style=\"border: 0px solid #FFF\">\n<td style=\"border: 0px solid #CCC;padding: 0em 0em 0.5em 1em;width: 100%;font-size: 1em\" colspan=\"2\"><a style=\"color: #000;text-decoration: none\" href=\"https:\/\/satdi.umh.es\/ca\/servicios-prestados\/instrumentacioncientifica\/servicios_ofertados\/servicios_ofertados-satdi-ic-miscelanea\/satdi-ic-dispensacion-de-nitrogeno-liquido\/\" rel=\"noopener\">Dispensaci\u00f3n de Nitr\u00f3geno L\u00edquido<\/a><\/td>\n<\/tr>\n<tr style=\"border: 0px solid #FFF;height: 1%;background-color: #fff\">\n<td style=\"border: 0px solid #CCC;padding: 0em\" colspan=\"2\">\n<div style=\"border: 0px solid #CCC;padding: 0em;margin: 0em 0em 0em 0em;float: left;width: 100%;height: 1em;vertical-align: top\"><\/div>\n<\/td>\n<\/tr>\n<tr style=\"border: 0px solid #FFF\">\n<td style=\"border: 0px solid #CCC;padding: 0.5em;width: 90%;text-align: right;color: #a31c19\"><strong>CAMPUS DE ELCHE<\/strong><\/td>\n<td style=\"border: 0px solid #CCC;padding: 0.5em;width: 10%;text-align: right;vertical-align: top\"><img src=\"https:\/\/satdi.umh.es\/files\/2024\/01\/Imagen_LogoSATDI-IC.png\" alt=\"Logo SATDI-IC\" width=\"90%\" \/><\/td>\n<\/tr>\n<tr style=\"border: 0px solid #FFF\">\n<td style=\"border: 0px solid #CCC;padding: 0em 0em 0.5em 1em;width: 100%;font-size: 1em\" colspan=\"2\"><a style=\"color: #000;text-decoration: none\" href=\"https:\/\/satdi.umh.es\/ca\/servicios-prestados\/instrumentacioncientifica\/servicios_ofertados\/servicios_ofertados-satdi-ic-miscelanea\/satdi-ic-minisecador-de-pulverizacion-spray-dryer-b-290-buchi\/\" rel=\"noopener\">Minisecador de pulverizaci\u00f3n (spray-dryer) (B-290, Buchi)<\/a><\/td>\n<\/tr>\n<tr style=\"border: 0px solid #FFF\">\n<td style=\"border: 0px solid #CCC;padding: 0em 0em 0.5em 1em;width: 100%;font-size: 1em\" colspan=\"2\"><a style=\"color: #000;text-decoration: none\" href=\"https:\/\/satdi.umh.es\/ca\/servicios-prestados\/instrumentacioncientifica\/servicios_ofertados\/servicios_ofertados-satdi-ic-miscelanea\/satdi-ic-sistema-multicanal-cmos-mea5000\/\" rel=\"noopener\">Registro y estimulaci\u00f3n celular &#8211; Sistema Multicanal (CMOS-MEA5000, Multichannel Systems)<\/a><\/td>\n<\/tr>\n<tr style=\"border: 0px solid #FFF\">\n<td style=\"border: 0px solid #CCC;padding: 0em 0em 0.5em 1em;width: 100%;font-size: 1em\" colspan=\"2\"><a style=\"color: #000;text-decoration: none\" href=\"https:\/\/satdi.umh.es\/ca\/servicios-prestados\/instrumentacioncientifica\/servicios_ofertados\/servicios_ofertados-satdi-ic-miscelanea\/satdi-ic-respirometro-celular-y-mitocondrial-o2k-oroboros-instruments\/\" rel=\"noopener\">Respir\u00f3metro celular y mitocondrial (O2K, Oroboros Instruments)<\/a><\/td>\n<\/tr>\n<tr style=\"border: 0px solid #FFF\">\n<td style=\"border: 0px solid #CCC;padding: 0em 0em 0.5em 1em;width: 100%;font-size: 1em\" colspan=\"2\"><a style=\"color: #000;text-decoration: none\" href=\"https:\/\/satdi.umh.es\/ca\/servicios-prestados\/instrumentacioncientifica\/servicios_ofertados\/servicios_ofertados-satdi-ic-miscelanea\/satdi-ic-bioimpresora-3d-bs3-3-gesim-robotics\/\" rel=\"noopener\">Bioimpresora 3D (BS3.3, GeSiM Robotics)<\/a><\/td>\n<\/tr>\n<tr style=\"border: 0px solid #FFF\">\n<td style=\"border: 0px solid #CCC;padding: 0em 0em 0.5em 1em;width: 100%;font-size: 1em\" colspan=\"2\"><a style=\"color: #000;text-decoration: none\" href=\"https:\/\/satdi.umh.es\/ca\/servicios-prestados\/instrumentacioncientifica\/servicios_ofertados\/servicios_ofertados-satdi-ic-miscelanea\/satdi-ic-analizador-de-tamano-de-particulas-zetasizer-nano-zs-zen-3600-malvern\/\" rel=\"noopener\">Analizador de tama\u00f1o de part\u00edculas y potencial Z (Zetasizer Nano-ZS ZEN 3600, Malvern)<\/a><\/td>\n<\/tr>\n<tr style=\"border: 0px solid #FFF\">\n<td style=\"border: 0px solid #CCC;padding: 0em 0em 0.5em 1em;width: 100%;font-size: 1em\" colspan=\"2\"><a style=\"color: #000;text-decoration: none\" href=\"https:\/\/satdi.umh.es\/ca\/servicios-prestados\/instrumentacioncientifica\/servicios_ofertados\/servicios_ofertados-satdi-ic-miscelanea\/satdi-ic-liofilizador-lyoquest-85-plus-telstar\/\" rel=\"noopener\">Liofilizador (LyoQuest 85 Plus, Telstar)<\/a><\/td>\n<\/tr>\n<tr style=\"border: 0px solid #FFF\">\n<td style=\"border: 0px solid #CCC;padding: 0em 0em 0.5em 1em;width: 100%;font-size: 1em\" colspan=\"2\"><a href=\"https:\/\/satdi.umh.es\/ca\/servicios-prestados\/instrumentacioncientifica\/servicios_ofertados\/servicios_ofertados-satdi-ic-miscelanea\/satdi-ic-sistema-de-resonancia-de-plasmon-de-superficie-x-100-biacore\/\">Sistema de resonancia de plasm\u00f3n de superficie (X-100, Biacore)<\/a><\/td>\n<\/tr>\n<\/tbody>\n<\/table>\n<\/div>\n<p><!--**********************************************************--><\/p>\n<\/div>\n<p><\/p>","protected":false},"excerpt":{"rendered":"<p>MISCEL\u00c1NEA: OTRO EQUIPAMIENTO<\/p>\n<p>CAMPUS DE ORIHUELA<\/p>\n<p>Digestor por microondas (Mars One, CEM)<\/p>\n<p>Liofilizador (Christ Alpha 2-4, B. Braun Biotech International)<\/p>\n<p>Minisecador de pulverizaci\u00f3n (spray-driyer) (B-290, Buchi)<\/p>\n<p>Equipo de obtenci\u00f3n de Agua Ultrapura tipo I (Synergy, Merck Millipore)<\/p>\n<p>Dispensaci\u00f3n de Nitr\u00f3geno L\u00edquido<\/p>\n<p>CAMPUS DE ELCHE<\/p>\n<p>Minisecador de pulverizaci\u00f3n (spray-dryer) (B-290, Buchi)<\/p>\n<p>Registro y estimulaci\u00f3n celular &#8211; Sistema Multicanal (CMOS-MEA5000, Multichannel Systems)<\/p>\n<p>Respir\u00f3metro celular y mitocondrial (O2K, [&#8230;]<\/p>\n","protected":false},"author":1595,"featured_media":0,"parent":1235,"menu_order":0,"comment_status":"closed","ping_status":"closed","template":"","meta":{"_links_to":"","_links_to_target":""},"_links":{"self":[{"href":"https:\/\/satdi.umh.es\/ca\/wp-json\/wp\/v2\/pages\/6117"}],"collection":[{"href":"https:\/\/satdi.umh.es\/ca\/wp-json\/wp\/v2\/pages"}],"about":[{"href":"https:\/\/satdi.umh.es\/ca\/wp-json\/wp\/v2\/types\/page"}],"author":[{"embeddable":true,"href":"https:\/\/satdi.umh.es\/ca\/wp-json\/wp\/v2\/users\/1595"}],"replies":[{"embeddable":true,"href":"https:\/\/satdi.umh.es\/ca\/wp-json\/wp\/v2\/comments?post=6117"}],"version-history":[{"count":0,"href":"https:\/\/satdi.umh.es\/ca\/wp-json\/wp\/v2\/pages\/6117\/revisions"}],"up":[{"embeddable":true,"href":"https:\/\/satdi.umh.es\/ca\/wp-json\/wp\/v2\/pages\/1235"}],"wp:attachment":[{"href":"https:\/\/satdi.umh.es\/ca\/wp-json\/wp\/v2\/media?parent=6117"}],"curies":[{"name":"wp","href":"https:\/\/api.w.org\/{rel}","templated":true}]}}