{"id":6971,"date":"2023-11-17T11:54:26","date_gmt":"2023-11-17T10:54:26","guid":{"rendered":"https:\/\/satdi.umh.es\/?page_id=6971"},"modified":"2026-01-29T15:45:37","modified_gmt":"2026-01-29T14:45:37","slug":"localizacion","status":"publish","type":"page","link":"https:\/\/satdi.umh.es\/ca\/presentacion\/localizacion\/","title":{"rendered":"Localitzaci\u00f3"},"content":{"rendered":"<p><\/p>\n<p style=\"text-align: justify\"><span dir=\"auto\" style=\"vertical-align: inherit\"><span dir=\"auto\" style=\"vertical-align: inherit\">El <\/span><\/span><strong><span dir=\"auto\" style=\"vertical-align: inherit\"><span dir=\"auto\" style=\"vertical-align: inherit\">Servei de Suport T\u00e8cnic a la Doc\u00e8ncia i a la Investigaci\u00f3<\/span><\/span><\/strong><span dir=\"auto\" style=\"vertical-align: inherit\"><span dir=\"auto\" style=\"vertical-align: inherit\"> de la Universitat Miguel Hern\u00e1ndez d&#8217;Elx (SATDI) \u00e9s un servei multicampus i d\u00f3na suport als campus d&#8217;Elx, Sant Joan d&#8217;Alacant, Altea i Oriola.<\/span><\/span><\/p>\n<div id=\"attachment_2298\" style=\"width: 610px\" class=\"wp-caption alignnone\"><a href=\"https:\/\/satdi.umh.es\/files\/2020\/04\/Torrepinet.jpg\"><img aria-describedby=\"caption-attachment-2298\" loading=\"lazy\" class=\"wp-image-2298\" src=\"https:\/\/satdi.umh.es\/files\/2020\/04\/Torrepinet-1024x495.jpg\" alt=\"\" width=\"600\" height=\"290\" srcset=\"https:\/\/satdi.umh.es\/files\/2020\/04\/Torrepinet-1024x495.jpg 1024w, https:\/\/satdi.umh.es\/files\/2020\/04\/Torrepinet-300x145.jpg 300w, https:\/\/satdi.umh.es\/files\/2020\/04\/Torrepinet-768x371.jpg 768w\" sizes=\"(max-width: 600px) 100vw, 600px\" \/><\/a><p id=\"caption-attachment-2298\" class=\"wp-caption-text\"><span dir=\"auto\" style=\"vertical-align: inherit\"><span dir=\"auto\" style=\"vertical-align: inherit\">Seu principal del SATDI a l&#8217;edifici Torrepinet (campus d&#8217;Elx)<\/span><\/span><\/p><\/div>\n<p><span style=\"color: #003366\"><strong><em><span dir=\"auto\" style=\"vertical-align: inherit\"><span dir=\"auto\" style=\"vertical-align: inherit\">Adreces postals, telef\u00f2niques i telem\u00e0tiques<\/span><\/span><\/em><\/strong><\/span><\/p>\n<h2><strong><span dir=\"auto\" style=\"vertical-align: inherit\"><span dir=\"auto\" style=\"vertical-align: inherit\">SATDI<\/span><\/span><\/strong><\/h2>\n<p><span dir=\"auto\" style=\"vertical-align: inherit\"><span dir=\"auto\" style=\"vertical-align: inherit\">Universitat Miguel Hern\u00e1ndez d&#8217;Elx <\/span><\/span><br \/>\n<span dir=\"auto\" style=\"vertical-align: inherit\"><span dir=\"auto\" style=\"vertical-align: inherit\">Campus d&#8217;Elx <\/span><\/span><br \/>\n<span dir=\"auto\" style=\"vertical-align: inherit\"><span dir=\"auto\" style=\"vertical-align: inherit\">Avda. de la Universitat s\/n, Edifici Torrepinet <\/span><\/span><br \/>\n<span dir=\"auto\" style=\"vertical-align: inherit\"><span dir=\"auto\" style=\"vertical-align: inherit\">03202 Elx (Alacant) <\/span><\/span><br \/>\n<span dir=\"auto\" style=\"vertical-align: inherit\"><span dir=\"auto\" style=\"vertical-align: inherit\">Tel\u00e8fon: 96 522 <\/span><\/span><strong><span dir=\"auto\" style=\"vertical-align: inherit\"><span dir=\"auto\" style=\"vertical-align: inherit\">2572<\/span><\/span><\/strong><span dir=\"auto\" style=\"vertical-align: inherit\"><span dir=\"auto\" style=\"vertical-align: inherit\"> \/ 96 665 <\/span><\/span><strong><span dir=\"auto\" style=\"vertical-align: inherit\"><span dir=\"auto\" style=\"vertical-align: inherit\">\u00a08932<\/span><\/span><\/strong><br \/>\n<span dir=\"auto\" style=\"vertical-align: inherit\"><span dir=\"auto\" style=\"vertical-align: inherit\"> E-mail: <\/span><\/span><a href=\"mailto:satdi@umh.es\"><span dir=\"auto\" style=\"vertical-align: inherit\"><span dir=\"auto\" style=\"vertical-align: inherit\">satdi@umh.es<\/span><\/span><\/a><br \/>\n<span dir=\"auto\" style=\"vertical-align: inherit\"><span dir=\"auto\" style=\"vertical-align: inherit\"> E-mail acords marc: <\/span><\/span><a href=\"mailto:satdi_acuerdosmarco@umh.es\"><span dir=\"auto\" style=\"vertical-align: inherit\"><span dir=\"auto\" style=\"vertical-align: inherit\">satdi_acuerdosmar<\/span><\/span><\/a><\/p>\n<p><a href=\"https:\/\/www.google.com\/maps\/place\/SIATDI+UMH+-+SERVICIO+DE+INNOVACI%C3%93N+Y+APOYO+T%C3%89CNICO+A+LA+DOCENCIA+Y+A+LA+INVESTIGACI%C3%93N\/@38.2785377,-0.6930263,17z\/data=!3m1!4b1!4m5!3m4!1s0xd63b66410e8bb71:0x81cb531f474c0035!8m2!3d38.2785377!4d-0.6908376\"><span dir=\"auto\" style=\"vertical-align: inherit\"><span dir=\"auto\" style=\"vertical-align: inherit\">Mapa de localitzaci\u00f3<\/span><\/span><\/a><\/p>\n<p><span dir=\"auto\" style=\"vertical-align: inherit\"><span dir=\"auto\" style=\"vertical-align: inherit\">Twitter: <\/span><\/span><a href=\"https:\/\/twitter.com\/satdi_umh\"><span dir=\"auto\" style=\"vertical-align: inherit\"><span dir=\"auto\" style=\"vertical-align: inherit\">@SATDI_UMH<\/span><\/span><\/a><\/p>\n<div id=\"attachment_8\" style=\"width: 510px\" class=\"wp-caption alignnone\"><a href=\"https:\/\/apodocinv.umh.es\/files\/2010\/01\/campuselche.jpg\"><img aria-describedby=\"caption-attachment-8\" loading=\"lazy\" class=\"size-full wp-image-8\" src=\"https:\/\/apodocinv.umh.es\/files\/2010\/01\/campuselche.jpg\" alt=\"Pl\u00e0nol Campus d'Elx UMH\" width=\"500\" height=\"353\" srcset=\"https:\/\/satdi.umh.es\/files\/2010\/01\/campuselche.jpg 1754w, https:\/\/satdi.umh.es\/files\/2010\/01\/campuselche-300x212.jpg 300w, https:\/\/satdi.umh.es\/files\/2010\/01\/campuselche-1024x723.jpg 1024w\" sizes=\"(max-width: 500px) 100vw, 500px\" \/><\/a><p id=\"caption-attachment-8\" class=\"wp-caption-text\"><span dir=\"auto\" style=\"vertical-align: inherit\"><span dir=\"auto\" style=\"vertical-align: inherit\">Pl\u00e0nol Campus d&#8217;Elx UMH<\/span><\/span><\/p><\/div>\n<p><span style=\"color: #003366\"><strong><em><span dir=\"auto\" style=\"vertical-align: inherit\"><span dir=\"auto\" style=\"vertical-align: inherit\">Mitjans de transport<\/span><\/span><\/em><\/strong><\/span><br \/>\n<span dir=\"auto\" style=\"vertical-align: inherit\"><span dir=\"auto\" style=\"vertical-align: inherit\"> Hi ha l\u00ednies regulars d&#8217;autobusos i un tren de rodalies RENFE que connecta Alacant, Elx i Oriola.<\/span><\/span><\/p>\n<p><span dir=\"auto\" style=\"vertical-align: inherit\"><span dir=\"auto\" style=\"vertical-align: inherit\">Per a m\u00e9s informaci\u00f3:<\/span><\/span><\/p>\n<ul>\n<li><span dir=\"auto\" style=\"vertical-align: inherit\"><span dir=\"auto\" style=\"vertical-align: inherit\">Estaci\u00f3 d&#8217;autobusos d&#8217;Alacant: Moll de Pte., s\/n, 03003 Alacant &#8211; Tel\u00e8fon: +34 965 13 07 00<\/span><\/span><\/li>\n<li><span dir=\"auto\" style=\"vertical-align: inherit\"><span dir=\"auto\" style=\"vertical-align: inherit\">Estaci\u00f3 d&#8217;autobusos d&#8217;Elx: av. del Ferrocarril, 4 &#8211; Tel\u00e8fon: +34 902422242<\/span><\/span><\/li>\n<li><span dir=\"auto\" style=\"vertical-align: inherit\"><span dir=\"auto\" style=\"vertical-align: inherit\">Estaci\u00f3 de RENFE-Alacant: Avda. Salamanca, s\/n &#8211; Tel\u00e8fon: +34 902240202<\/span><\/span><\/li>\n<li><span dir=\"auto\" style=\"vertical-align: inherit\"><span dir=\"auto\" style=\"vertical-align: inherit\">Estaci\u00f3 de RENFE-Elx: Av. del Ferrocarril, s\/n &#8211; Tel\u00e8fon: +34 965456254<\/span><\/span><\/li>\n<\/ul>\n<p><\/p>","protected":false},"excerpt":{"rendered":"<p>El Servei de Suport T\u00e8cnic a la Doc\u00e8ncia i a la Investigaci\u00f3 de la Universitat Miguel Hern\u00e1ndez d&#8217;Elx (SATDI) \u00e9s un servei multicampus i d\u00f3na suport als campus d&#8217;Elx, Sant Joan d&#8217;Alacant, Altea i Oriola.<br \/>\nSeu principal del SATDI a l&#8217;edifici Torrepinet (campus d&#8217;Elx)<br \/>\nAdreces postals, telef\u00f2niques i telem\u00e0tiques<br \/>\nSATDI<br \/>\nUniversitat Miguel Hern\u00e1ndez d&#8217;Elx<br \/>\nCampus d&#8217;Elx<br \/>\nAvda. de la [&#8230;]<\/p>\n","protected":false},"author":206,"featured_media":0,"parent":104,"menu_order":1,"comment_status":"closed","ping_status":"closed","template":"","meta":{"_links_to":"","_links_to_target":""},"_links":{"self":[{"href":"https:\/\/satdi.umh.es\/ca\/wp-json\/wp\/v2\/pages\/6971"}],"collection":[{"href":"https:\/\/satdi.umh.es\/ca\/wp-json\/wp\/v2\/pages"}],"about":[{"href":"https:\/\/satdi.umh.es\/ca\/wp-json\/wp\/v2\/types\/page"}],"author":[{"embeddable":true,"href":"https:\/\/satdi.umh.es\/ca\/wp-json\/wp\/v2\/users\/206"}],"replies":[{"embeddable":true,"href":"https:\/\/satdi.umh.es\/ca\/wp-json\/wp\/v2\/comments?post=6971"}],"version-history":[{"count":0,"href":"https:\/\/satdi.umh.es\/ca\/wp-json\/wp\/v2\/pages\/6971\/revisions"}],"up":[{"embeddable":true,"href":"https:\/\/satdi.umh.es\/ca\/wp-json\/wp\/v2\/pages\/104"}],"wp:attachment":[{"href":"https:\/\/satdi.umh.es\/ca\/wp-json\/wp\/v2\/media?parent=6971"}],"curies":[{"name":"wp","href":"https:\/\/api.w.org\/{rel}","templated":true}]}}