{"id":7530,"date":"2024-04-22T09:41:12","date_gmt":"2024-04-22T07:41:12","guid":{"rendered":"https:\/\/satdi.umh.es\/?page_id=7530"},"modified":"2026-02-09T19:12:00","modified_gmt":"2026-02-09T18:12:00","slug":"satdi-ic-cromatografo-de-gases-con-detector-fid-shimadzu-gc-2030","status":"publish","type":"page","link":"https:\/\/satdi.umh.es\/ca\/servicios-prestados\/instrumentacioncientifica\/servicios_ofertados\/servicios_ofertados-satdi-ic-cromatografia\/satdi-ic-cromatografo-de-gases-con-detector-fid-shimadzu-gc-2030\/","title":{"rendered":"SATDI-IC: Cromat\u00f2graf de gasos amb detector FID (Shimadzu GC-2030)"},"content":{"rendered":"<p><strong><span dir=\"auto\" style=\"vertical-align: inherit\"><span dir=\"auto\" style=\"vertical-align: inherit\">Aplicacions<\/span><\/span><\/strong><br \/>\n<span dir=\"auto\" style=\"vertical-align: inherit\"><span dir=\"auto\" style=\"vertical-align: inherit\"> El Cromat\u00f2graf de gasos acoblat a espectr\u00f2metre de masses triple quadrupol GCMS-8040 (Shimadzu) serveix per a la determinaci\u00f3 qualitativa i quantitativa mitjan\u00e7ant GC-MS\/MS de compostos vol\u00e0tils o semi-vol\u00e0tils (temperatura m\u00e0xima de 300 \u00baC), en mostres s\u00f2lides. <\/span><\/span><br \/>\n<span dir=\"auto\" style=\"vertical-align: inherit\"><span dir=\"auto\" style=\"vertical-align: inherit\">En cas de determinacions quantitatives, l&#8217;usuari haur\u00e0 de proporcionar els patrons de refer\u00e8ncia.<\/span><\/span><\/p>\n<p><strong><span dir=\"auto\" style=\"vertical-align: inherit\"><span dir=\"auto\" style=\"vertical-align: inherit\">Localitzaci\u00f3<\/span><\/span><\/strong><br \/>\n<span dir=\"auto\" style=\"vertical-align: inherit\"><span dir=\"auto\" style=\"vertical-align: inherit\"> Campus d&#8217;Oriola<\/span><\/span><\/p>\n<p><strong><span dir=\"auto\" style=\"vertical-align: inherit\"><span dir=\"auto\" style=\"vertical-align: inherit\">Observacions<\/span><\/span><\/strong><br \/>\n<span dir=\"auto\" style=\"vertical-align: inherit\"><span dir=\"auto\" style=\"vertical-align: inherit\"> La reserva de l&#8217;equip es far\u00e0 amb contacte previ amb els responsables de l&#8217;equip. <\/span><\/span><br \/>\n<span dir=\"auto\" style=\"vertical-align: inherit\"><span dir=\"auto\" style=\"vertical-align: inherit\">En el cas de mostres s\u00f2lides, la preparaci\u00f3 de les mostres es cobrar\u00e0 a part. Aquesta tarifa inclou suport d&#8217;un t\u00e8cnic de l&#8217;equip. <\/span><\/span><br \/>\n<span dir=\"auto\" style=\"vertical-align: inherit\"><span dir=\"auto\" style=\"vertical-align: inherit\">La posada a punt d&#8217;un m\u00e8tode i l&#8217;an\u00e0lisi de dades es cobrar\u00e0 a part.<\/span><\/span><\/p>","protected":false},"excerpt":{"rendered":"<p>Aplicacions<br \/>\n El Cromat\u00f2graf de gasos acoblat a espectr\u00f2metre de masses triple quadrupol GCMS-8040 (Shimadzu) serveix per a la determinaci\u00f3 qualitativa i quantitativa mitjan\u00e7ant GC-MS\/MS de compostos vol\u00e0tils o semi-vol\u00e0tils (temperatura m\u00e0xima de 300 \u00baC), en mostres s\u00f2lides.<br \/>\nEn cas de determinacions quantitatives, l&#8217;usuari haur\u00e0 de proporcionar els patrons de refer\u00e8ncia.<br \/>\nLocalitzaci\u00f3<br \/>\n Campus d&#8217;Oriola<br \/>\nObservacions<br \/>\n La reserva de [&#8230;]<\/p>\n","protected":false},"author":1595,"featured_media":0,"parent":6105,"menu_order":0,"comment_status":"closed","ping_status":"closed","template":"","meta":{"_links_to":"","_links_to_target":""},"_links":{"self":[{"href":"https:\/\/satdi.umh.es\/ca\/wp-json\/wp\/v2\/pages\/7530"}],"collection":[{"href":"https:\/\/satdi.umh.es\/ca\/wp-json\/wp\/v2\/pages"}],"about":[{"href":"https:\/\/satdi.umh.es\/ca\/wp-json\/wp\/v2\/types\/page"}],"author":[{"embeddable":true,"href":"https:\/\/satdi.umh.es\/ca\/wp-json\/wp\/v2\/users\/1595"}],"replies":[{"embeddable":true,"href":"https:\/\/satdi.umh.es\/ca\/wp-json\/wp\/v2\/comments?post=7530"}],"version-history":[{"count":0,"href":"https:\/\/satdi.umh.es\/ca\/wp-json\/wp\/v2\/pages\/7530\/revisions"}],"up":[{"embeddable":true,"href":"https:\/\/satdi.umh.es\/ca\/wp-json\/wp\/v2\/pages\/6105"}],"wp:attachment":[{"href":"https:\/\/satdi.umh.es\/ca\/wp-json\/wp\/v2\/media?parent=7530"}],"curies":[{"name":"wp","href":"https:\/\/api.w.org\/{rel}","templated":true}]}}