{"id":7533,"date":"2024-04-22T09:46:58","date_gmt":"2024-04-22T07:46:58","guid":{"rendered":"https:\/\/satdi.umh.es\/?page_id=7533"},"modified":"2026-02-09T19:13:39","modified_gmt":"2026-02-09T18:13:39","slug":"satdi-ic-microextraccion-en-fase-solida-spme-por-espacio-de-cabeza-hs","status":"publish","type":"page","link":"https:\/\/satdi.umh.es\/ca\/servicios-prestados\/instrumentacioncientifica\/servicios_ofertados\/servicios_ofertados-satdi-ic-cromatografia\/satdi-ic-microextraccion-en-fase-solida-spme-por-espacio-de-cabeza-hs\/","title":{"rendered":"SATDI-IC-Microextracci\u00f3 en fase s\u00f2lida (SPME) per espai de cap (HS)"},"content":{"rendered":"<p><strong><span dir=\"auto\" style=\"vertical-align: inherit\"><span dir=\"auto\" style=\"vertical-align: inherit\">Aplicacions<\/span><\/span><\/strong><br \/>\n<span dir=\"auto\" style=\"vertical-align: inherit\"><span dir=\"auto\" style=\"vertical-align: inherit\"> Extracci\u00f3 dels compostos de car\u00e0cter vol\u00e0til o semi-vol\u00e0til d&#8217;una mostra. Els compostos s\u00f3n recollits de l&#8217;espai capdavanter d&#8217;un vial i adsorbits en una fibra de material selectiu. Es disposa de diversos tipus de fibres, segons el tipus de compostos a determinar (amb car\u00e0cter general o espec\u00edfic).<\/span><\/span><\/p>\n<p><strong><span dir=\"auto\" style=\"vertical-align: inherit\"><span dir=\"auto\" style=\"vertical-align: inherit\">Localitzaci\u00f3<\/span><\/span><\/strong><br \/>\n<span dir=\"auto\" style=\"vertical-align: inherit\"><span dir=\"auto\" style=\"vertical-align: inherit\"> Campus d&#8217;Oriola<\/span><\/span><\/p>\n<p><strong><span dir=\"auto\" style=\"vertical-align: inherit\"><span dir=\"auto\" style=\"vertical-align: inherit\">Observacions<\/span><\/span><\/strong><br \/>\n<span dir=\"auto\" style=\"vertical-align: inherit\"><span dir=\"auto\" style=\"vertical-align: inherit\"> La reserva de l&#8217;equip es far\u00e0 previ contacte amb els responsables de l&#8217;equip <\/span><\/span><br \/>\n<span dir=\"auto\" style=\"vertical-align: inherit\"><span dir=\"auto\" style=\"vertical-align: inherit\">En el cas de mostres s\u00f2lides, la preparaci\u00f3 de les mostres es cobrar\u00e0 a part. Aquesta tarifa inclou el suport d&#8217;un t\u00e8cnic de l&#8217;equip <\/span><\/span><br \/>\n<span dir=\"auto\" style=\"vertical-align: inherit\"><span dir=\"auto\" style=\"vertical-align: inherit\">La posada a punt d&#8217;un m\u00e8tode i l&#8217;an\u00e0lisi de dades es cobrar\u00e0 a part.<\/span><\/span><\/p>","protected":false},"excerpt":{"rendered":"<p>Aplicacions<br \/>\n Extracci\u00f3 dels compostos de car\u00e0cter vol\u00e0til o semi-vol\u00e0til d&#8217;una mostra. Els compostos s\u00f3n recollits de l&#8217;espai capdavanter d&#8217;un vial i adsorbits en una fibra de material selectiu. Es disposa de diversos tipus de fibres, segons el tipus de compostos a determinar (amb car\u00e0cter general o espec\u00edfic).<br \/>\nLocalitzaci\u00f3<br \/>\n Campus d&#8217;Oriola<br \/>\nObservacions<br \/>\n La reserva de l&#8217;equip es far\u00e0 [&#8230;]<\/p>\n","protected":false},"author":1595,"featured_media":0,"parent":6105,"menu_order":0,"comment_status":"closed","ping_status":"closed","template":"","meta":{"_links_to":"","_links_to_target":""},"_links":{"self":[{"href":"https:\/\/satdi.umh.es\/ca\/wp-json\/wp\/v2\/pages\/7533"}],"collection":[{"href":"https:\/\/satdi.umh.es\/ca\/wp-json\/wp\/v2\/pages"}],"about":[{"href":"https:\/\/satdi.umh.es\/ca\/wp-json\/wp\/v2\/types\/page"}],"author":[{"embeddable":true,"href":"https:\/\/satdi.umh.es\/ca\/wp-json\/wp\/v2\/users\/1595"}],"replies":[{"embeddable":true,"href":"https:\/\/satdi.umh.es\/ca\/wp-json\/wp\/v2\/comments?post=7533"}],"version-history":[{"count":0,"href":"https:\/\/satdi.umh.es\/ca\/wp-json\/wp\/v2\/pages\/7533\/revisions"}],"up":[{"embeddable":true,"href":"https:\/\/satdi.umh.es\/ca\/wp-json\/wp\/v2\/pages\/6105"}],"wp:attachment":[{"href":"https:\/\/satdi.umh.es\/ca\/wp-json\/wp\/v2\/media?parent=7533"}],"curies":[{"name":"wp","href":"https:\/\/api.w.org\/{rel}","templated":true}]}}