{"id":7536,"date":"2024-04-22T09:54:33","date_gmt":"2024-04-22T07:54:33","guid":{"rendered":"https:\/\/satdi.umh.es\/?page_id=7536"},"modified":"2026-02-09T19:12:43","modified_gmt":"2026-02-09T18:12:43","slug":"satdi-ic-cromatografo-de-gases-con-detector-fid-shimadzu-gc-2030-con-puerto-de-olfatometria","status":"publish","type":"page","link":"https:\/\/satdi.umh.es\/ca\/servicios-prestados\/instrumentacioncientifica\/servicios_ofertados\/servicios_ofertados-satdi-ic-cromatografia\/satdi-ic-cromatografo-de-gases-con-detector-fid-shimadzu-gc-2030-con-puerto-de-olfatometria\/","title":{"rendered":"SATDI-IC-Cromat\u00f2graf de gasos amb detector FID Shimadzu GC-2030 amb port d&#8217;olfatometria"},"content":{"rendered":"<p><strong><span dir=\"auto\" style=\"vertical-align: inherit\"><span dir=\"auto\" style=\"vertical-align: inherit\">Aplicacions<\/span><\/span><\/strong><br \/>\n<span dir=\"auto\" style=\"vertical-align: inherit\"><span dir=\"auto\" style=\"vertical-align: inherit\"> Investigaci\u00f3 en aromes. L&#8217;\u00fas d&#8217;aquest equip requereix personal entrenat en la detecci\u00f3 i descripci\u00f3 de subst\u00e0ncies arom\u00e0tiques. El personal entrenat ser\u00e0 aportat per lusuari.<\/span><\/span><\/p>\n<p><strong><span dir=\"auto\" style=\"vertical-align: inherit\"><span dir=\"auto\" style=\"vertical-align: inherit\">Localitzaci\u00f3<\/span><\/span><\/strong><br \/>\n<span dir=\"auto\" style=\"vertical-align: inherit\"><span dir=\"auto\" style=\"vertical-align: inherit\"> Campus d&#8217;Oriola<\/span><\/span><\/p>\n<p><strong><span dir=\"auto\" style=\"vertical-align: inherit\"><span dir=\"auto\" style=\"vertical-align: inherit\">Observacions<\/span><\/span><\/strong><br \/>\n<span dir=\"auto\" style=\"vertical-align: inherit\"><span dir=\"auto\" style=\"vertical-align: inherit\"> La reserva de l&#8217;equip es far\u00e0 amb contacte previ amb els responsables de l&#8217;equip. <\/span><\/span><br \/>\n<span dir=\"auto\" style=\"vertical-align: inherit\"><span dir=\"auto\" style=\"vertical-align: inherit\">En el cas de mostres s\u00f2lides, la preparaci\u00f3 de les mostres es cobrar\u00e0 a part. Aquesta tarifa inclou la instal\u00b7laci\u00f3 de columna de l&#8217;usuari i l&#8217;explicaci\u00f3 del programari.<\/span><\/span><\/p>","protected":false},"excerpt":{"rendered":"<p>Aplicacions<br \/>\n Investigaci\u00f3 en aromes. L&#8217;\u00fas d&#8217;aquest equip requereix personal entrenat en la detecci\u00f3 i descripci\u00f3 de subst\u00e0ncies arom\u00e0tiques. El personal entrenat ser\u00e0 aportat per lusuari.<br \/>\nLocalitzaci\u00f3<br \/>\n Campus d&#8217;Oriola<br \/>\nObservacions<br \/>\n La reserva de l&#8217;equip es far\u00e0 amb contacte previ amb els responsables de l&#8217;equip.<br \/>\nEn el cas de mostres s\u00f2lides, la preparaci\u00f3 de les mostres es cobrar\u00e0 a [&#8230;]<\/p>\n","protected":false},"author":1595,"featured_media":0,"parent":6105,"menu_order":0,"comment_status":"closed","ping_status":"closed","template":"","meta":{"_links_to":"","_links_to_target":""},"_links":{"self":[{"href":"https:\/\/satdi.umh.es\/ca\/wp-json\/wp\/v2\/pages\/7536"}],"collection":[{"href":"https:\/\/satdi.umh.es\/ca\/wp-json\/wp\/v2\/pages"}],"about":[{"href":"https:\/\/satdi.umh.es\/ca\/wp-json\/wp\/v2\/types\/page"}],"author":[{"embeddable":true,"href":"https:\/\/satdi.umh.es\/ca\/wp-json\/wp\/v2\/users\/1595"}],"replies":[{"embeddable":true,"href":"https:\/\/satdi.umh.es\/ca\/wp-json\/wp\/v2\/comments?post=7536"}],"version-history":[{"count":0,"href":"https:\/\/satdi.umh.es\/ca\/wp-json\/wp\/v2\/pages\/7536\/revisions"}],"up":[{"embeddable":true,"href":"https:\/\/satdi.umh.es\/ca\/wp-json\/wp\/v2\/pages\/6105"}],"wp:attachment":[{"href":"https:\/\/satdi.umh.es\/ca\/wp-json\/wp\/v2\/media?parent=7536"}],"curies":[{"name":"wp","href":"https:\/\/api.w.org\/{rel}","templated":true}]}}