{"id":7537,"date":"2024-04-22T11:41:41","date_gmt":"2024-04-22T09:41:41","guid":{"rendered":"https:\/\/satdi.umh.es\/?page_id=7537"},"modified":"2026-02-09T19:14:09","modified_gmt":"2026-02-09T18:14:09","slug":"satdi-ic-cromatografo-acoplado-a-espectrometro-de-masas-triple-cuadrupolo-shimadzu-tq8040nx","status":"publish","type":"page","link":"https:\/\/satdi.umh.es\/ca\/servicios-prestados\/instrumentacioncientifica\/servicios_ofertados\/servicios_ofertados-satdi-ic-cromatografia\/satdi-ic-cromatografo-acoplado-a-espectrometro-de-masas-triple-cuadrupolo-shimadzu-tq8040nx\/","title":{"rendered":"SATDI-IC-Cromat\u00f2graf acoblat a espectr\u00f2metre de masses triple quadrupol (Shimadzu -TQ8040NX)"},"content":{"rendered":"<p><strong><span dir=\"auto\" style=\"vertical-align: inherit\"><span dir=\"auto\" style=\"vertical-align: inherit\">Aplicacions<\/span><\/span><\/strong><br \/>\n<span dir=\"auto\" style=\"vertical-align: inherit\"><span dir=\"auto\" style=\"vertical-align: inherit\"> Estudi de compostos arom\u00e0tics i aromes. Determinacions quantitatives i qualitatives d&#8217;aromes. <\/span><\/span><br \/>\n<span dir=\"auto\" style=\"vertical-align: inherit\"><span dir=\"auto\" style=\"vertical-align: inherit\">En cas de determinacions quantitatives, l&#8217;usuari haur\u00e0 de proporcionar els patrons de refer\u00e8ncia.<\/span><\/span><\/p>\n<p><strong><span dir=\"auto\" style=\"vertical-align: inherit\"><span dir=\"auto\" style=\"vertical-align: inherit\">Localitzaci\u00f3<\/span><\/span><\/strong><br \/>\n<span dir=\"auto\" style=\"vertical-align: inherit\"><span dir=\"auto\" style=\"vertical-align: inherit\"> Campus d&#8217;Oriola<\/span><\/span><\/p>\n<p><strong><span dir=\"auto\" style=\"vertical-align: inherit\"><span dir=\"auto\" style=\"vertical-align: inherit\">Observacions<\/span><\/span><\/strong><br \/>\n<span dir=\"auto\" style=\"vertical-align: inherit\"><span dir=\"auto\" style=\"vertical-align: inherit\"> La reserva de l&#8217;equip es far\u00e0 amb contacte previ amb els responsables de l&#8217;equip. <\/span><\/span><br \/>\n<span dir=\"auto\" style=\"vertical-align: inherit\"><span dir=\"auto\" style=\"vertical-align: inherit\">Aquesta tarifa inclou suport d&#8217;un t\u00e8cnic de l&#8217;equip. <\/span><\/span><br \/>\n<span dir=\"auto\" style=\"vertical-align: inherit\"><span dir=\"auto\" style=\"vertical-align: inherit\">La posada a punt d&#8217;un m\u00e8tode i l&#8217;an\u00e0lisi de dades es cobrar\u00e0 a part.<\/span><\/span><\/p>","protected":false},"excerpt":{"rendered":"<p>Aplicacions<br \/>\n Estudi de compostos arom\u00e0tics i aromes. Determinacions quantitatives i qualitatives d&#8217;aromes.<br \/>\nEn cas de determinacions quantitatives, l&#8217;usuari haur\u00e0 de proporcionar els patrons de refer\u00e8ncia.<br \/>\nLocalitzaci\u00f3<br \/>\n Campus d&#8217;Oriola<br \/>\nObservacions<br \/>\n La reserva de l&#8217;equip es far\u00e0 amb contacte previ amb els responsables de l&#8217;equip.<br \/>\nAquesta tarifa inclou suport d&#8217;un t\u00e8cnic de l&#8217;equip.<br \/>\nLa posada a punt d&#8217;un m\u00e8tode [&#8230;]<\/p>\n","protected":false},"author":1595,"featured_media":0,"parent":6105,"menu_order":0,"comment_status":"closed","ping_status":"closed","template":"","meta":{"_links_to":"","_links_to_target":""},"_links":{"self":[{"href":"https:\/\/satdi.umh.es\/ca\/wp-json\/wp\/v2\/pages\/7537"}],"collection":[{"href":"https:\/\/satdi.umh.es\/ca\/wp-json\/wp\/v2\/pages"}],"about":[{"href":"https:\/\/satdi.umh.es\/ca\/wp-json\/wp\/v2\/types\/page"}],"author":[{"embeddable":true,"href":"https:\/\/satdi.umh.es\/ca\/wp-json\/wp\/v2\/users\/1595"}],"replies":[{"embeddable":true,"href":"https:\/\/satdi.umh.es\/ca\/wp-json\/wp\/v2\/comments?post=7537"}],"version-history":[{"count":0,"href":"https:\/\/satdi.umh.es\/ca\/wp-json\/wp\/v2\/pages\/7537\/revisions"}],"up":[{"embeddable":true,"href":"https:\/\/satdi.umh.es\/ca\/wp-json\/wp\/v2\/pages\/6105"}],"wp:attachment":[{"href":"https:\/\/satdi.umh.es\/ca\/wp-json\/wp\/v2\/media?parent=7537"}],"curies":[{"name":"wp","href":"https:\/\/api.w.org\/{rel}","templated":true}]}}