{"id":7540,"date":"2024-04-22T14:26:33","date_gmt":"2024-04-22T12:26:33","guid":{"rendered":"https:\/\/satdi.umh.es\/?page_id=7540"},"modified":"2026-02-09T19:14:41","modified_gmt":"2026-02-09T18:14:41","slug":"satdi-ic-cromatografo-liquido-acoplado-a-espectrometro-de-masas-triple-cuadrupolo-lcms-8050-shimadzu","status":"publish","type":"page","link":"https:\/\/satdi.umh.es\/ca\/servicios-prestados\/instrumentacioncientifica\/servicios_ofertados\/servicios_ofertados-satdi-ic-cromatografia\/satdi-ic-cromatografo-liquido-acoplado-a-espectrometro-de-masas-triple-cuadrupolo-lcms-8050-shimadzu\/","title":{"rendered":"SATDI-IC-Cromat\u00f2graf liquid acoblat a espectr\u00f2metre de masses triple quadrupol LCMS-8050 (Shimadzu)"},"content":{"rendered":"<p><strong><span dir=\"auto\" style=\"vertical-align: inherit\"><span dir=\"auto\" style=\"vertical-align: inherit\">Aplicacions<\/span><\/span><\/strong><br \/>\n<span dir=\"auto\" style=\"vertical-align: inherit\"><span dir=\"auto\" style=\"vertical-align: inherit\"> Determinaci\u00f3 qualitativa i quantitativa mitjan\u00e7ant LC-MS\/MS per a determinats tipus de mol\u00e8cules: antocians. <\/span><\/span><br \/>\n<span dir=\"auto\" style=\"vertical-align: inherit\"><span dir=\"auto\" style=\"vertical-align: inherit\">S&#8217;haur\u00e0 de seguir la metodologia indicada pels responsables de l&#8217;equip. <\/span><\/span><br \/>\n<span dir=\"auto\" style=\"vertical-align: inherit\"><span dir=\"auto\" style=\"vertical-align: inherit\">Consulteu per a altres mol\u00e8cules, actualment s&#8217;estan posant altres m\u00e8todes a punt.<\/span><\/span><\/p>\n<p><strong><span dir=\"auto\" style=\"vertical-align: inherit\"><span dir=\"auto\" style=\"vertical-align: inherit\">Localitzaci\u00f3<\/span><\/span><\/strong><br \/>\n<span dir=\"auto\" style=\"vertical-align: inherit\"><span dir=\"auto\" style=\"vertical-align: inherit\"> Campus d&#8217;Oriola<\/span><\/span><\/p>\n<p><strong><span dir=\"auto\" style=\"vertical-align: inherit\"><span dir=\"auto\" style=\"vertical-align: inherit\">Observacions<\/span><\/span><\/strong><br \/>\n<span dir=\"auto\" style=\"vertical-align: inherit\"><span dir=\"auto\" style=\"vertical-align: inherit\"> La reserva de l&#8217;equip es far\u00e0 amb contacte previ amb els responsables de l&#8217;equip i es fixar\u00e0 d&#8217;acord amb la demanda existent. <\/span><\/span><br \/>\n<span dir=\"auto\" style=\"vertical-align: inherit\"><span dir=\"auto\" style=\"vertical-align: inherit\">Aquesta tarifa inclou suport d&#8217;un t\u00e8cnic de l&#8217;equip. <\/span><\/span><br \/>\n<span dir=\"auto\" style=\"vertical-align: inherit\"><span dir=\"auto\" style=\"vertical-align: inherit\">La posada a punt d&#8217;un m\u00e8tode i l&#8217;an\u00e0lisi de dades es cobrar\u00e0 a part.<\/span><\/span><\/p>","protected":false},"excerpt":{"rendered":"<p>Aplicacions<br \/>\n Determinaci\u00f3 qualitativa i quantitativa mitjan\u00e7ant LC-MS\/MS per a determinats tipus de mol\u00e8cules: antocians.<br \/>\nS&#8217;haur\u00e0 de seguir la metodologia indicada pels responsables de l&#8217;equip.<br \/>\nConsulteu per a altres mol\u00e8cules, actualment s&#8217;estan posant altres m\u00e8todes a punt.<br \/>\nLocalitzaci\u00f3<br \/>\n Campus d&#8217;Oriola<br \/>\nObservacions<br \/>\n La reserva de l&#8217;equip es far\u00e0 amb contacte previ amb els responsables de l&#8217;equip i es fixar\u00e0 [&#8230;]<\/p>\n","protected":false},"author":1595,"featured_media":0,"parent":6105,"menu_order":0,"comment_status":"closed","ping_status":"closed","template":"","meta":{"_links_to":"","_links_to_target":""},"_links":{"self":[{"href":"https:\/\/satdi.umh.es\/ca\/wp-json\/wp\/v2\/pages\/7540"}],"collection":[{"href":"https:\/\/satdi.umh.es\/ca\/wp-json\/wp\/v2\/pages"}],"about":[{"href":"https:\/\/satdi.umh.es\/ca\/wp-json\/wp\/v2\/types\/page"}],"author":[{"embeddable":true,"href":"https:\/\/satdi.umh.es\/ca\/wp-json\/wp\/v2\/users\/1595"}],"replies":[{"embeddable":true,"href":"https:\/\/satdi.umh.es\/ca\/wp-json\/wp\/v2\/comments?post=7540"}],"version-history":[{"count":0,"href":"https:\/\/satdi.umh.es\/ca\/wp-json\/wp\/v2\/pages\/7540\/revisions"}],"up":[{"embeddable":true,"href":"https:\/\/satdi.umh.es\/ca\/wp-json\/wp\/v2\/pages\/6105"}],"wp:attachment":[{"href":"https:\/\/satdi.umh.es\/ca\/wp-json\/wp\/v2\/media?parent=7540"}],"curies":[{"name":"wp","href":"https:\/\/api.w.org\/{rel}","templated":true}]}}