{"id":7620,"date":"2025-07-01T00:05:21","date_gmt":"2025-06-30T22:05:21","guid":{"rendered":"https:\/\/satdi.umh.es\/?page_id=7620"},"modified":"2026-02-03T20:30:54","modified_gmt":"2026-02-03T19:30:54","slug":"gases-info","status":"publish","type":"page","link":"https:\/\/satdi.umh.es\/ca\/servicios-prestados\/compras\/gases\/gases-info\/","title":{"rendered":"Informaci\u00f3 general"},"content":{"rendered":"<p><\/p>\n<ul>\n<li><span style=\"font-weight: 400\"><span dir=\"auto\" style=\"vertical-align: inherit\"><span dir=\"auto\" style=\"vertical-align: inherit\">El contracte entra en vigor el <\/span><\/span><\/span><strong><span dir=\"auto\" style=\"vertical-align: inherit\"><span dir=\"auto\" style=\"vertical-align: inherit\">01 juliol 2025.<\/span><\/span><\/strong><\/li>\n<li><span dir=\"auto\" style=\"vertical-align: inherit\"><span dir=\"auto\" style=\"vertical-align: inherit\">T\u00e9 una vig\u00e8ncia d&#8217;1 any prorrogable per 3 anys m\u00e9s, per la qual cosa la seva data prevista de finalitzaci\u00f3 \u00e9s el <\/span><\/span><strong><span dir=\"auto\" style=\"vertical-align: inherit\"><span dir=\"auto\" style=\"vertical-align: inherit\">30 juny de 2029<\/span><\/span><\/strong><span dir=\"auto\" style=\"vertical-align: inherit\"><span dir=\"auto\" style=\"vertical-align: inherit\"> .<\/span><\/span><\/li>\n<li><span style=\"font-weight: 400\"><span dir=\"auto\" style=\"vertical-align: inherit\"><span dir=\"auto\" style=\"vertical-align: inherit\">L&#8217;\u00fanic prove\u00efdor homologat \u00e9s <\/span><\/span><strong><span dir=\"auto\" style=\"vertical-align: inherit\"><span dir=\"auto\" style=\"vertical-align: inherit\">ES CARBURS MET\u00c0L\u00b7LICS, SA<\/span><\/span><\/strong><br \/>\n<\/span><\/li>\n<li><span style=\"font-weight: 400\"><span dir=\"auto\" style=\"vertical-align: inherit\"><span dir=\"auto\" style=\"vertical-align: inherit\">Durant la durada de l&#8217;acord marc, les compres de productes que hi pertanyen es fan obligat\u00f2riament a trav\u00e9s de l&#8217; <\/span><\/span><\/span><a href=\"https:\/\/universite.umh.es\/pedidos\/catalogo?contrato=9\" target=\"_blank\" rel=\"noopener\"><strong><span dir=\"auto\" style=\"vertical-align: inherit\"><span dir=\"auto\" style=\"vertical-align: inherit\">aplicaci\u00f3 de comandes<\/span><\/span><\/strong><\/a><span style=\"font-weight: 400\"><span dir=\"auto\" style=\"vertical-align: inherit\"><span dir=\"auto\" style=\"vertical-align: inherit\"> que est\u00e0 disponible a l&#8217;acc\u00e9s identificat de la UMH.<\/span><\/span><\/span><\/li>\n<li><span style=\"font-weight: 400\"><span dir=\"auto\" style=\"vertical-align: inherit\"><span dir=\"auto\" style=\"vertical-align: inherit\">Totes les comandes s&#8217;han de fer a l&#8217;empresa homologada, i no a altres empreses del sector.<\/span><\/span><\/span><\/li>\n<li><span style=\"font-weight: 400\"><span dir=\"auto\" style=\"vertical-align: inherit\"><span dir=\"auto\" style=\"vertical-align: inherit\">El prove\u00efdor homologat \u00e9s diferent del de l&#8217;anterior contracte, per la qual cosa <\/span><\/span><span style=\"text-decoration: underline\"><span dir=\"auto\" style=\"vertical-align: inherit\"><span dir=\"auto\" style=\"vertical-align: inherit\">caldr\u00e0 renovar els contractes de lloguer per adquirir les ampolles que substitueixin les buides<\/span><\/span><\/span><span dir=\"auto\" style=\"vertical-align: inherit\"><span dir=\"auto\" style=\"vertical-align: inherit\"> .<\/span><\/span><\/span><\/li>\n<li>\n<h6><b><span dir=\"auto\" style=\"vertical-align: inherit\"><span dir=\"auto\" style=\"vertical-align: inherit\">Ampolles d&#8217;altres empreses i contractes<\/span><\/span><\/b><\/h6>\n<ul>\n<li><span style=\"font-weight: 400\"><strong><span dir=\"auto\" style=\"vertical-align: inherit\"><span dir=\"auto\" style=\"vertical-align: inherit\">EST\u00c0 PERMESA<\/span><\/span><\/strong><span dir=\"auto\" style=\"vertical-align: inherit\"><span dir=\"auto\" style=\"vertical-align: inherit\"> la renovaci\u00f3 del lloguer d&#8217;ampolles contractats amb l&#8217;empresa del contracte anterior (2024_024-SUM) mentre aquestes estiguin en \u00fas. <\/span><\/span><strong><span dir=\"auto\" style=\"vertical-align: inherit\"><span dir=\"auto\" style=\"vertical-align: inherit\">PER\u00d2:<\/span><\/span><\/strong><\/span>\n<ul>\n<li><span style=\"text-decoration: underline\"><span dir=\"auto\" style=\"vertical-align: inherit\"><span dir=\"auto\" style=\"vertical-align: inherit\">No es poden adquirir ampolles plenes<\/span><\/span><\/span><span dir=\"auto\" style=\"vertical-align: inherit\"><span dir=\"auto\" style=\"vertical-align: inherit\"> de l&#8217;anterior licitador (Air Liquide Espa\u00f1a SA).<\/span><\/span><\/li>\n<li><span style=\"text-decoration: underline\"><span dir=\"auto\" style=\"vertical-align: inherit\"><span dir=\"auto\" style=\"vertical-align: inherit\">\u00danicament es pot renovar el lloguer de les ampolles fins al seu buidatge i devoluci\u00f3 a l&#8217;anterior licitador<\/span><\/span><\/span><span dir=\"auto\" style=\"vertical-align: inherit\"><span dir=\"auto\" style=\"vertical-align: inherit\"> .<\/span><\/span><\/li>\n<\/ul>\n<\/li>\n<li><b><span dir=\"auto\" style=\"vertical-align: inherit\"><span dir=\"auto\" style=\"vertical-align: inherit\">IMPORTANT: <\/span><\/span><\/b><span style=\"font-weight: 400\"><span dir=\"auto\" style=\"vertical-align: inherit\"><span dir=\"auto\" style=\"vertical-align: inherit\">Un cop acabada l&#8217;ampolla de l&#8217;anterior empresa adjudicat\u00e0ria s&#8217;haur\u00e0 de sol\u00b7licitar la baixa del contracte i retirar-la.<\/span><\/span><\/span><\/li>\n<\/ul>\n<\/li>\n<\/ul>\n<p>&nbsp;<\/p>\n<h5><b><span dir=\"auto\" style=\"vertical-align: inherit\"><span dir=\"auto\" style=\"vertical-align: inherit\">Contacte SATDI per resoldre dubtes<\/span><\/span><\/b><\/h5>\n<ul>\n<li><b><span dir=\"auto\" style=\"vertical-align: inherit\"><span dir=\"auto\" style=\"vertical-align: inherit\">e-mail \u00fanic de contacte<\/span><\/span><\/b><\/li>\n<\/ul>\n<ul>\n<li style=\"list-style-type: none\">\n<ul>\n<li style=\"list-style-type: none\">\n<ul>\n<li style=\"font-weight: 400\"><a href=\"mailto:satdi_acuerdosmarco@umh.es\"><span style=\"font-weight: 400\"><span dir=\"auto\" style=\"vertical-align: inherit\"><span dir=\"auto\" style=\"vertical-align: inherit\">satdi_acuerdosmarco@umh.es<\/span><\/span><\/span><\/a><\/li>\n<\/ul>\n<\/li>\n<\/ul>\n<\/li>\n<\/ul>\n<ul>\n<li><b><span dir=\"auto\" style=\"vertical-align: inherit\"><span dir=\"auto\" style=\"vertical-align: inherit\">Per tel\u00e8fon a:<\/span><\/span><\/b><\/li>\n<\/ul>\n<ul>\n<li style=\"list-style-type: none\">\n<ul>\n<li style=\"font-weight: 400\"><span style=\"font-weight: 400\"><span dir=\"auto\" style=\"vertical-align: inherit\"><span dir=\"auto\" style=\"vertical-align: inherit\">Ricardo Granja Camarasa, ext: 51383<\/span><\/span><\/span><\/li>\n<li style=\"font-weight: 400\"><span style=\"font-weight: 400\"><span dir=\"auto\" style=\"vertical-align: inherit\"><span dir=\"auto\" style=\"vertical-align: inherit\">Luis Navarro Mart\u00ednez, ext: 8649<\/span><\/span><\/span><\/li>\n<\/ul>\n<\/li>\n<\/ul>\n<p><\/p>","protected":false},"excerpt":{"rendered":"<p>El contracte entra en vigor el 01 juliol 2025.<br \/>\nT\u00e9 una vig\u00e8ncia d&#8217;1 any prorrogable per 3 anys m\u00e9s, per la qual cosa la seva data prevista de finalitzaci\u00f3 \u00e9s el 30 juny de 2029 .<br \/>\nL&#8217;\u00fanic prove\u00efdor homologat \u00e9s ES CARBURS MET\u00c0L\u00b7LICS, SA<\/p>\n<p>Durant la durada de l&#8217;acord marc, les compres de productes que hi pertanyen es [&#8230;]<\/p>\n","protected":false},"author":1228,"featured_media":0,"parent":2703,"menu_order":1,"comment_status":"closed","ping_status":"closed","template":"","meta":{"_links_to":"","_links_to_target":""},"_links":{"self":[{"href":"https:\/\/satdi.umh.es\/ca\/wp-json\/wp\/v2\/pages\/7620"}],"collection":[{"href":"https:\/\/satdi.umh.es\/ca\/wp-json\/wp\/v2\/pages"}],"about":[{"href":"https:\/\/satdi.umh.es\/ca\/wp-json\/wp\/v2\/types\/page"}],"author":[{"embeddable":true,"href":"https:\/\/satdi.umh.es\/ca\/wp-json\/wp\/v2\/users\/1228"}],"replies":[{"embeddable":true,"href":"https:\/\/satdi.umh.es\/ca\/wp-json\/wp\/v2\/comments?post=7620"}],"version-history":[{"count":0,"href":"https:\/\/satdi.umh.es\/ca\/wp-json\/wp\/v2\/pages\/7620\/revisions"}],"up":[{"embeddable":true,"href":"https:\/\/satdi.umh.es\/ca\/wp-json\/wp\/v2\/pages\/2703"}],"wp:attachment":[{"href":"https:\/\/satdi.umh.es\/ca\/wp-json\/wp\/v2\/media?parent=7620"}],"curies":[{"name":"wp","href":"https:\/\/api.w.org\/{rel}","templated":true}]}}