{"id":7626,"date":"2025-07-01T00:05:18","date_gmt":"2025-06-30T22:05:18","guid":{"rendered":"https:\/\/satdi.umh.es\/?page_id=7626"},"modified":"2026-02-03T20:38:43","modified_gmt":"2026-02-03T19:38:43","slug":"gases-proveedor-productos","status":"publish","type":"page","link":"https:\/\/satdi.umh.es\/ca\/servicios-prestados\/compras\/gases\/gases-proveedor-productos\/","title":{"rendered":"Prove\u00efdor i productes homologats"},"content":{"rendered":"<p><\/p>\n<h5><b><span dir=\"auto\" style=\"vertical-align: inherit\"><span dir=\"auto\" style=\"vertical-align: inherit\">Prove\u00efdor<\/span><\/span><\/b><\/h5>\n<p><span style=\"font-weight: 400\"><strong><span dir=\"auto\" style=\"vertical-align: inherit\"><span dir=\"auto\" style=\"vertical-align: inherit\">Ra\u00f3 social<\/span><\/span><\/strong><span dir=\"auto\" style=\"vertical-align: inherit\"><span dir=\"auto\" style=\"vertical-align: inherit\"> : ES CARBUROS MET\u00c0L\u00b7LICS, SA <\/span><\/span><\/span><\/p>\n<p><span dir=\"auto\" style=\"vertical-align: inherit\"><span style=\"font-weight: 400\"><strong><span dir=\"auto\" style=\"vertical-align: inherit\">CIF<\/span><\/strong><\/span><span style=\"font-weight: 400\"><span dir=\"auto\" style=\"vertical-align: inherit\"> : A28016814 <\/span><\/span><\/span><\/p>\n<p><span dir=\"auto\" style=\"vertical-align: inherit\"><strong><span dir=\"auto\" style=\"vertical-align: inherit\">Persona de contacte <\/span><\/strong><span style=\"font-weight: 400\"><span dir=\"auto\" style=\"vertical-align: inherit\">: Javier Puerto Ort\u00edz <\/span><\/span><\/span><\/p>\n<p><span dir=\"auto\" style=\"vertical-align: inherit\"><strong><span dir=\"auto\" style=\"vertical-align: inherit\">e-mail <\/span><\/strong><span style=\"font-weight: 400\"><span dir=\"auto\" style=\"vertical-align: inherit\">: <\/span><\/span><span style=\"font-weight: 400\"><a href=\"mailto:PUERTOJ@carburos.com\"><span dir=\"auto\" style=\"vertical-align: inherit\">PUERTOJ@carburos.com <\/span><\/a><\/span><\/span><\/p>\n<p><span dir=\"auto\" style=\"vertical-align: inherit\"><span style=\"font-weight: 400\"><strong><span dir=\"auto\" style=\"vertical-align: inherit\">Tlf<\/span><\/strong><\/span><span style=\"font-weight: 400\"><span dir=\"auto\" style=\"vertical-align: inherit\"> : 637 360 106 <\/span><\/span><a href=\"https:\/\/shop.airproducts.com\/emea\/es\" target=\"_blank\" rel=\"noopener\"><span dir=\"auto\" style=\"vertical-align: inherit\">https:\/\/shop.airproducts.com\/emea\/es<\/span><\/a><\/span><span style=\"font-weight: 400\"><br \/>\n<\/span><\/p>\n<h5><b><span dir=\"auto\" style=\"vertical-align: inherit\"><span dir=\"auto\" style=\"vertical-align: inherit\">Productes homologats<\/span><\/span><\/b><\/h5>\n<ul>\n<li><span dir=\"auto\" style=\"vertical-align: inherit\"><span dir=\"auto\" style=\"vertical-align: inherit\">Llistat dels productes homologats i les seves fitxes t\u00e8cniques es poden consultar <\/span><\/span><a href=\"https:\/\/docs.google.com\/spreadsheets\/d\/1dpu6NSzecyNQR_AALaQyRYvE37iRNLQOhpVStqz0ghs\" target=\"_blank\" rel=\"noopener\"><span dir=\"auto\" style=\"vertical-align: inherit\"><span dir=\"auto\" style=\"vertical-align: inherit\">en aquest enlla\u00e7<\/span><\/span><\/a><span dir=\"auto\" style=\"vertical-align: inherit\"><span dir=\"auto\" style=\"vertical-align: inherit\"> .<\/span><\/span><\/li>\n<li><span style=\"font-weight: 400\"><span dir=\"auto\" style=\"vertical-align: inherit\"><span dir=\"auto\" style=\"vertical-align: inherit\">Per a m\u00e9s informaci\u00f3 sobre els productes podeu consultar aquest enlla\u00e7 a la <\/span><\/span><\/span><a href=\"https:\/\/shop.airproducts.com\/emea\/es\/es-ES\/\" target=\"_blank\" rel=\"noopener\"><span style=\"font-weight: 400\"><span dir=\"auto\" style=\"vertical-align: inherit\"><span dir=\"auto\" style=\"vertical-align: inherit\">web del prove\u00efdor<\/span><\/span><\/span><\/a><span dir=\"auto\" style=\"vertical-align: inherit\"><span dir=\"auto\" style=\"vertical-align: inherit\"> on es pot buscar el gas desitjat i veure les vostres dades t\u00e8cniques i fitxa de seguretat.<\/span><\/span><\/li>\n<\/ul>\n<h5><b><span dir=\"auto\" style=\"vertical-align: inherit\"><span dir=\"auto\" style=\"vertical-align: inherit\">Barreges de gasos especials<\/span><\/span><\/b><\/h5>\n<ul>\n<li><span dir=\"auto\" style=\"vertical-align: inherit\"><span dir=\"auto\" style=\"vertical-align: inherit\">Hi ha la possibilitat de sol\u00b7licitar mescles de gasos diferents de les ja presents al cat\u00e0leg de l&#8217;aplicaci\u00f3.<\/span><\/span><\/li>\n<li><span dir=\"auto\" style=\"vertical-align: inherit\"><span dir=\"auto\" style=\"vertical-align: inherit\">Estan contemplades les barreges de 3, 4 o 5 gasos SENSE HEL\u00b7LI.<\/span><\/span><\/li>\n<li><span dir=\"auto\" style=\"vertical-align: inherit\"><span dir=\"auto\" style=\"vertical-align: inherit\">Qualsevol d&#8217;aquestes barreges t\u00e9 un preu estipulat en 30,00\u20ac per metre c\u00fabic.<\/span><\/span><\/li>\n<li><span dir=\"auto\" style=\"vertical-align: inherit\"><span dir=\"auto\" style=\"vertical-align: inherit\">El preu final del producte dependr\u00e0 de la mida de l&#8217;ampolla.<\/span><\/span><\/li>\n<li><span dir=\"auto\" style=\"vertical-align: inherit\"><span dir=\"auto\" style=\"vertical-align: inherit\">En aquest cas cal contactar amb <\/span><\/span><a href=\"mailto:satdi_acuerdosmarco@umh.es\"><span dir=\"auto\" style=\"vertical-align: inherit\"><span dir=\"auto\" style=\"vertical-align: inherit\">satdi_acuerdosmarco@umh.es<\/span><\/span><\/a><span dir=\"auto\" style=\"vertical-align: inherit\"><span dir=\"auto\" style=\"vertical-align: inherit\"> per a la correcta sol\u00b7licitud de la mescla al prove\u00efdor.<\/span><\/span>\n<ul>\n<li><span dir=\"auto\" style=\"vertical-align: inherit\"><span dir=\"auto\" style=\"vertical-align: inherit\">Un cop realitzada la sol\u00b7licitud i resposta pel prove\u00efdor, el nou producte s&#8217;afegir\u00e0 al cat\u00e0leg per adquirir-lo per l&#8217;aplicaci\u00f3 de comandes.<\/span><\/span><\/li>\n<li><span dir=\"auto\" style=\"vertical-align: inherit\"><span dir=\"auto\" style=\"vertical-align: inherit\">El sol\u00b7licitant ser\u00e0 informat tant de la refer\u00e8ncia del producte com de la capacitat de l&#8217;ampolla i el preu.<\/span><\/span><\/li>\n<\/ul>\n<\/li>\n<\/ul>\n<h5><b><span dir=\"auto\" style=\"vertical-align: inherit\"><span dir=\"auto\" style=\"vertical-align: inherit\">Altres gasos no inclosos en aquest Acord Marc<\/span><\/span><\/b><\/h5>\n<ul>\n<li><span dir=\"auto\" style=\"vertical-align: inherit\"><span dir=\"auto\" style=\"vertical-align: inherit\">At\u00e8s que el present acord marc ha estat adjudicat a prove\u00efdor \u00fanic, i per garantir l&#8217;obtenci\u00f3 de la millor oferta possible, qualsevol gas t\u00e8cnic no incl\u00f2s al cat\u00e0leg, aix\u00ed com qualsevol barreja no contemplada al punt anterior, s&#8217;adquiriran fora de l&#8217;acord marc mitjan\u00e7ant contracte menor.<\/span><\/span><\/li>\n<li><span dir=\"auto\" style=\"vertical-align: inherit\"><span dir=\"auto\" style=\"vertical-align: inherit\">Per a m\u00e9s informaci\u00f3 sobre la tramitaci\u00f3 de la compra caldr\u00e0 contactar amb el <\/span><\/span><a href=\"https:\/\/seguimientocontratacion.umh.es\/\" target=\"_blank\" rel=\"noopener\"><span dir=\"auto\" style=\"vertical-align: inherit\"><span dir=\"auto\" style=\"vertical-align: inherit\">Servei de Planificaci\u00f3 i Racionalitzaci\u00f3 de la Contractaci\u00f3<\/span><\/span><\/a><span dir=\"auto\" style=\"vertical-align: inherit\"><span dir=\"auto\" style=\"vertical-align: inherit\"> .<\/span><\/span><\/li>\n<\/ul>\n<p><\/p>","protected":false},"excerpt":{"rendered":"<p>Prove\u00efdor<br \/>\nRa\u00f3 social : ES CARBUROS MET\u00c0L\u00b7LICS, SA<br \/>\nCIF : A28016814<br \/>\nPersona de contacte : Javier Puerto Ort\u00edz<br \/>\ne-mail : PUERTOJ@carburos.com<br \/>\nTlf : 637 360 106 https:\/\/shop.airproducts.com\/emea\/es<\/p>\n<p>Productes homologats<\/p>\n<p>Llistat dels productes homologats i les seves fitxes t\u00e8cniques es poden consultar en aquest enlla\u00e7 .<br \/>\nPer a m\u00e9s informaci\u00f3 sobre els productes podeu consultar aquest enlla\u00e7 a la web [&#8230;]<\/p>\n","protected":false},"author":1228,"featured_media":0,"parent":2703,"menu_order":3,"comment_status":"closed","ping_status":"closed","template":"","meta":{"_links_to":"","_links_to_target":""},"_links":{"self":[{"href":"https:\/\/satdi.umh.es\/ca\/wp-json\/wp\/v2\/pages\/7626"}],"collection":[{"href":"https:\/\/satdi.umh.es\/ca\/wp-json\/wp\/v2\/pages"}],"about":[{"href":"https:\/\/satdi.umh.es\/ca\/wp-json\/wp\/v2\/types\/page"}],"author":[{"embeddable":true,"href":"https:\/\/satdi.umh.es\/ca\/wp-json\/wp\/v2\/users\/1228"}],"replies":[{"embeddable":true,"href":"https:\/\/satdi.umh.es\/ca\/wp-json\/wp\/v2\/comments?post=7626"}],"version-history":[{"count":0,"href":"https:\/\/satdi.umh.es\/ca\/wp-json\/wp\/v2\/pages\/7626\/revisions"}],"up":[{"embeddable":true,"href":"https:\/\/satdi.umh.es\/ca\/wp-json\/wp\/v2\/pages\/2703"}],"wp:attachment":[{"href":"https:\/\/satdi.umh.es\/ca\/wp-json\/wp\/v2\/media?parent=7626"}],"curies":[{"name":"wp","href":"https:\/\/api.w.org\/{rel}","templated":true}]}}