{"id":7644,"date":"2025-07-01T00:05:47","date_gmt":"2025-06-30T22:05:47","guid":{"rendered":"https:\/\/satdi.umh.es\/?page_id=7644"},"modified":"2026-03-06T11:44:35","modified_gmt":"2026-03-06T10:44:35","slug":"gases-instrucciones","status":"publish","type":"page","link":"https:\/\/satdi.umh.es\/ca\/servicios-prestados\/compras\/gases\/gases-instrucciones\/","title":{"rendered":"Instruccions de compra"},"content":{"rendered":"<p><\/p>\n<h5><b><span dir=\"auto\" style=\"vertical-align: inherit\"><span dir=\"auto\" style=\"vertical-align: inherit\">Usuari en Carburs Met\u00e0l\u00b7lics<\/span><\/span><\/b><\/h5>\n<ul>\n<li style=\"font-weight: 400\"><span style=\"font-weight: 400\"><span dir=\"auto\" style=\"vertical-align: inherit\"><span dir=\"auto\" style=\"vertical-align: inherit\">A causa de les caracter\u00edstiques dels productes, <\/span><\/span><\/span><span style=\"font-weight: 400\"><span dir=\"auto\" style=\"vertical-align: inherit\"><span dir=\"auto\" style=\"vertical-align: inherit\">\u00e9s <\/span><\/span><strong><span dir=\"auto\" style=\"vertical-align: inherit\"><span dir=\"auto\" style=\"vertical-align: inherit\">imprescindible estar registrat com a usuari a l&#8217;empresa prove\u00efdora<\/span><\/span><\/strong><\/span><span style=\"font-weight: 400\"><span dir=\"auto\" style=\"vertical-align: inherit\"><span dir=\"auto\" style=\"vertical-align: inherit\"> .<\/span><\/span><\/span><\/li>\n<li style=\"font-weight: 400\"><span style=\"font-weight: 400\"><span dir=\"auto\" style=\"vertical-align: inherit\"><span dir=\"auto\" style=\"vertical-align: inherit\">Abans de fer una comanda, cal <\/span><\/span><a href=\"https:\/\/satdi.umh.es\/ca\/servicios-prestados\/compras\/gases\/gases-proveedor-productos\/\"><span dir=\"auto\" style=\"vertical-align: inherit\"><span dir=\"auto\" style=\"vertical-align: inherit\">contactar amb l&#8217;empresa<\/span><\/span><\/a><span dir=\"auto\" style=\"vertical-align: inherit\"><span dir=\"auto\" style=\"vertical-align: inherit\"> per obtenir aquest n\u00famero d&#8217;usuari.<\/span><\/span><\/span><\/li>\n<li style=\"font-weight: 400\"><span style=\"font-weight: 400\"><span dir=\"auto\" style=\"vertical-align: inherit\"><span dir=\"auto\" style=\"vertical-align: inherit\">Indiqueu el n\u00famero d&#8217;usuari a les dades de facturaci\u00f3, a l&#8217;apartat \u201c <\/span><\/span><\/span><span style=\"font-weight: 400\"><span dir=\"auto\" style=\"vertical-align: inherit\"><span dir=\"auto\" style=\"vertical-align: inherit\">A l&#8217;atenci\u00f3 de <\/span><\/span><\/span><span style=\"font-weight: 400\"><span dir=\"auto\" style=\"vertical-align: inherit\"><span dir=\"auto\" style=\"vertical-align: inherit\">\u201d. Exemple:<\/span><\/span><\/span><\/li>\n<\/ul>\n<p style=\"text-align: center\"><a href=\"https:\/\/satdi.umh.es\/files\/2024\/06\/ejemploDatosFacturacionAirLiquide.jpg\"><img loading=\"lazy\" class=\"aligncenter wp-image-8018 size-full\" src=\"https:\/\/satdi.umh.es\/files\/2024\/06\/ejemploDatosFacturacionAirLiquide.jpg\" alt=\"\" width=\"541\" height=\"158\" srcset=\"https:\/\/satdi.umh.es\/files\/2024\/06\/ejemploDatosFacturacionAirLiquide.jpg 541w, https:\/\/satdi.umh.es\/files\/2024\/06\/ejemploDatosFacturacionAirLiquide-300x88.jpg 300w\" sizes=\"(max-width: 541px) 100vw, 541px\" \/><\/a><\/p>\n<h5><b><span dir=\"auto\" style=\"vertical-align: inherit\"><span dir=\"auto\" style=\"vertical-align: inherit\">Preus<\/span><\/span><\/b><\/h5>\n<ul>\n<li style=\"font-weight: 400\"><span style=\"font-weight: 400\"><strong><span dir=\"auto\" style=\"vertical-align: inherit\"><span dir=\"auto\" style=\"vertical-align: inherit\">Els preus indicats al&#8217; APP inclouen totes les despeses associades<\/span><\/span><\/strong><span dir=\"auto\" style=\"vertical-align: inherit\"><span dir=\"auto\" style=\"vertical-align: inherit\"> . Com a impostos o taxes i grav\u00e0mens, transport, distribuci\u00f3 i qualsevol altra despesa que pogu\u00e9s generar.<\/span><\/span><\/span><\/li>\n<li style=\"font-weight: 400\"><span style=\"font-weight: 400\"><span dir=\"auto\" style=\"vertical-align: inherit\"><span dir=\"auto\" style=\"vertical-align: inherit\">Els preus indicats no es poden modificar, ni a l&#8217;al\u00e7a <\/span><\/span><\/span><span style=\"font-weight: 400\"><span dir=\"auto\" style=\"vertical-align: inherit\"><span dir=\"auto\" style=\"vertical-align: inherit\">ni a la baixa <\/span><\/span><\/span><span style=\"font-weight: 400\"><span dir=\"auto\" style=\"vertical-align: inherit\"><span dir=\"auto\" style=\"vertical-align: inherit\">.<\/span><\/span><\/span><\/li>\n<\/ul>\n<h5><b><span dir=\"auto\" style=\"vertical-align: inherit\"><span dir=\"auto\" style=\"vertical-align: inherit\">Comandes<\/span><\/span><\/b><\/h5>\n<ul>\n<li style=\"font-weight: 400\"><span style=\"font-weight: 400\"><span dir=\"auto\" style=\"vertical-align: inherit\"><span dir=\"auto\" style=\"vertical-align: inherit\">Es realitzaran <\/span><\/span><strong><span dir=\"auto\" style=\"vertical-align: inherit\"><span dir=\"auto\" style=\"vertical-align: inherit\">\u00fanicament comandes directes<\/span><\/span><\/strong><span dir=\"auto\" style=\"vertical-align: inherit\"><span dir=\"auto\" style=\"vertical-align: inherit\"> , no es poden fer sol\u00b7licituds d&#8217;oferta.<\/span><\/span><\/span><\/li>\n<li style=\"font-weight: 400\"><span style=\"font-weight: 400\"><span dir=\"auto\" style=\"vertical-align: inherit\"><span dir=\"auto\" style=\"vertical-align: inherit\">Els preus dels productes han estat licitats a preu fix durant tota la durada del contracte.<\/span><\/span><\/span><\/li>\n<li style=\"font-weight: 400\"><span style=\"font-weight: 400\"><span dir=\"auto\" style=\"vertical-align: inherit\"><span dir=\"auto\" style=\"vertical-align: inherit\">Els terminis de lliurament s\u00f3n diferents segons el producte.<\/span><\/span><\/span>\n<ul>\n<li style=\"font-weight: 400\"><a href=\"https:\/\/satdi.umh.es\/ca\/servicios-prestados\/compras\/gases\/gases-proveedor-productos\/\"><span style=\"font-weight: 400\"><span dir=\"auto\" style=\"vertical-align: inherit\"><span dir=\"auto\" style=\"vertical-align: inherit\">Consultar llistat de productes i condicions<\/span><\/span><\/span><\/a><\/li>\n<\/ul>\n<\/li>\n<\/ul>\n<h5><b><span dir=\"auto\" style=\"vertical-align: inherit\"><span dir=\"auto\" style=\"vertical-align: inherit\">L\u00edquids criog\u00e8nics<\/span><\/span><\/b><\/h5>\n<ul>\n<li style=\"font-weight: 400\"><span style=\"font-weight: 400\"><span dir=\"auto\" style=\"vertical-align: inherit\"><span dir=\"auto\" style=\"vertical-align: inherit\">Els l\u00edquids criog\u00e8nics, heli l\u00edquid i nitrogen l\u00edquid, <\/span><\/span><strong><span dir=\"auto\" style=\"vertical-align: inherit\"><span dir=\"auto\" style=\"vertical-align: inherit\">se sol\u00b7liciten a granel<\/span><\/span><\/strong><span dir=\"auto\" style=\"vertical-align: inherit\"><span dir=\"auto\" style=\"vertical-align: inherit\"> (per litres).<\/span><\/span><\/span><\/li>\n<li style=\"font-weight: 400\"><span style=\"font-weight: 400\"><span dir=\"auto\" style=\"vertical-align: inherit\"><span dir=\"auto\" style=\"vertical-align: inherit\">Per realitzar la comanda, es far\u00e0 una previsi\u00f3 dels litres depenent del volum nominal del\/s Dewar a emplenar.<\/span><\/span><\/span><\/li>\n<li style=\"font-weight: 400\"><span style=\"font-weight: 400\"><span dir=\"auto\" style=\"vertical-align: inherit\"><span dir=\"auto\" style=\"vertical-align: inherit\">Es facturar\u00e0 el volum nominal dels Dewar que s&#8217;emplenen, indicats a l&#8217;albar\u00e0 de lliurament, despr\u00e9s de la rec\u00e0rrega.<\/span><\/span><\/span><\/li>\n<li style=\"font-weight: 400\"><span style=\"font-weight: 400\"><span dir=\"auto\" style=\"vertical-align: inherit\"><span dir=\"auto\" style=\"vertical-align: inherit\">En cas de discrep\u00e0ncia entre la comanda i el volum recarregat, caldr\u00e0 remetre l&#8217;albar\u00e0 escanejat a <\/span><\/span><\/span><a href=\"mailto:satdi_acuerdosmarco@umh.es\"><span style=\"font-weight: 400\"><span dir=\"auto\" style=\"vertical-align: inherit\"><span dir=\"auto\" style=\"vertical-align: inherit\">satdi_acuerdosmarco@umh.es<\/span><\/span><\/span><\/a><span style=\"font-weight: 400\"><span dir=\"auto\" style=\"vertical-align: inherit\"><span dir=\"auto\" style=\"vertical-align: inherit\"> , aix\u00ed com tenir-ho en compte a l&#8217;hora de la tramitaci\u00f3 de la factura.<\/span><\/span><\/span><\/li>\n<\/ul>\n<h5><b><span dir=\"auto\" style=\"vertical-align: inherit\"><span dir=\"auto\" style=\"vertical-align: inherit\">Gel sec<\/span><\/span><\/b><\/h5>\n<ul>\n<li style=\"font-weight: 400\"><span style=\"font-weight: 400\"><span dir=\"auto\" style=\"vertical-align: inherit\"><span dir=\"auto\" style=\"vertical-align: inherit\">Es presenta un format caixes de 10kg, no es poden adquirir fraccions.<\/span><\/span><\/span><\/li>\n<li><span dir=\"auto\" style=\"vertical-align: inherit\"><span dir=\"auto\" style=\"vertical-align: inherit\">El preu que apareix al cat\u00e0leg electr\u00f2nic (APP) \u00e9s el corresponent a aquest format.<\/span><\/span><\/li>\n<\/ul>\n<h5><b><span dir=\"auto\" style=\"vertical-align: inherit\"><span dir=\"auto\" style=\"vertical-align: inherit\">Gasos envasats<\/span><\/span><\/b><\/h5>\n<ul>\n<li style=\"font-weight: 400\"><span style=\"font-weight: 400\"><span dir=\"auto\" style=\"vertical-align: inherit\"><span dir=\"auto\" style=\"vertical-align: inherit\">Per a cada gas liquat s&#8217;estableixen diferents nivells de puresa, formats de les ampolles que en contenen o altres caracter\u00edstiques particulars<\/span><\/span><\/span>\n<ul>\n<li style=\"font-weight: 400\"><span style=\"font-weight: 400\"><span dir=\"auto\" style=\"vertical-align: inherit\"><span dir=\"auto\" style=\"vertical-align: inherit\">ex: Hi ha l&#8217;opci\u00f3 d&#8217;ampolles de CO <\/span><\/span><\/span><span style=\"font-weight: 400\"><span dir=\"auto\" style=\"vertical-align: inherit\"><span dir=\"auto\" style=\"vertical-align: inherit\">2 <\/span><\/span><\/span><span style=\"font-weight: 400\"><span dir=\"auto\" style=\"vertical-align: inherit\"><span dir=\"auto\" style=\"vertical-align: inherit\">liquat amb sonda.<\/span><\/span><\/span><\/li>\n<\/ul>\n<\/li>\n<\/ul>\n<h5><b><span dir=\"auto\" style=\"vertical-align: inherit\"><span dir=\"auto\" style=\"vertical-align: inherit\">Lloguer d&#8217;ampolles<\/span><\/span><\/b><\/h5>\n<ul>\n<li style=\"font-weight: 400\"><span style=\"font-weight: 400\"><span dir=\"auto\" style=\"vertical-align: inherit\"><span dir=\"auto\" style=\"vertical-align: inherit\">El cost d&#8217;arrendament anual d&#8217;ampolles de gasos ser\u00e0 independent de la seva mida.<\/span><\/span><\/span><\/li>\n<li style=\"font-weight: 400\"><span style=\"font-weight: 400\"><span dir=\"auto\" style=\"vertical-align: inherit\"><span dir=\"auto\" style=\"vertical-align: inherit\">Tant la sol\u00b7licitud de nous contractes, com la de renovaci\u00f3 dels mateixos, se sol\u00b7licitar\u00e0 a <\/span><\/span><span style=\"color: #000000\"><span dir=\"auto\" style=\"vertical-align: inherit\"><span dir=\"auto\" style=\"vertical-align: inherit\">trav\u00e9s de l&#8217;aplicaci\u00f3 de comandes.<\/span><\/span><\/span><\/span><\/li>\n<\/ul>\n<p>&nbsp;<\/p>\n<h5><b><span dir=\"auto\" style=\"vertical-align: inherit\"><span dir=\"auto\" style=\"vertical-align: inherit\">Una altra informaci\u00f3 rellevant sobre el funcionament de l&#8217;APP<\/span><\/span><\/b><\/h5>\n<ul>\n<li><a href=\"https:\/\/drive.google.com\/file\/d\/14m3dRFmwdBZXJ1fB09k4I_HradiEXmXJ\/view?usp=sharing\" target=\"_blank\" rel=\"noopener\"><span dir=\"auto\" style=\"vertical-align: inherit\"><span dir=\"auto\" style=\"vertical-align: inherit\">Correcta emplenament de les dades d&#8217;enviament i facturaci\u00f3 en fer una comanda<\/span><\/span><\/a><\/li>\n<li style=\"text-align: justify\"><span dir=\"auto\" style=\"vertical-align: inherit\"><span dir=\"auto\" style=\"vertical-align: inherit\">Videotutorial: <\/span><\/span><a href=\"https:\/\/www.youtube.com\/watch?v=MdersdWaJBU\" target=\"_blank\" rel=\"noopener\"><span dir=\"auto\" style=\"vertical-align: inherit\"><span dir=\"auto\" style=\"vertical-align: inherit\">Delegaci\u00f3 de compra i autoritzaci\u00f3 per fer comandes<\/span><\/span><\/a>\n<ul>\n<li><span dir=\"auto\" style=\"vertical-align: inherit\"><span dir=\"auto\" style=\"vertical-align: inherit\">Sistema perqu\u00e8 qualsevol IP o personal UMH amb partides pressupost\u00e0ries a c\u00e0rrec seu pugui delegar la realitzaci\u00f3 de compres al seu nom.<\/span><\/span><\/li>\n<\/ul>\n<\/li>\n<\/ul>\n<p style=\"text-align: justify\"><span dir=\"auto\" style=\"vertical-align: inherit\"><span dir=\"auto\" style=\"vertical-align: inherit\"><iframe  style=\"display: block; margin: 0px auto;\"  id=\"_ytid_37593\"  width=\"480\" height=\"270\"  data-origwidth=\"480\" data-origheight=\"270\"  data-relstop=\"1\" src=\"https:\/\/www.youtube.com\/embed\/MdersdWaJBU?enablejsapi=1&autoplay=0&cc_load_policy=1&iv_load_policy=1&loop=0&modestbranding=0&fs=1&playsinline=1&controls=1&color=red&cc_lang_pref=&rel=0&autohide=2&theme=dark&\" class=\"__youtube_prefs__  no-lazyload\" title=\"YouTube player\"  allow=\"accelerometer; autoplay; clipboard-write; encrypted-media; gyroscope; picture-in-picture\" allowfullscreen data-no-lazy=\"1\" data-skipgform_ajax_framebjll=\"\"><\/iframe><\/span><\/span><\/p>\n<ul>\n<li style=\"text-align: justify\"><span dir=\"auto\" style=\"vertical-align: inherit\"><span dir=\"auto\" style=\"vertical-align: inherit\">Videotutorial: <\/span><\/span><a href=\"https:\/\/www.youtube.com\/watch?v=kJXdu10ej4w\" target=\"_blank\" rel=\"noopener\"><span dir=\"auto\" style=\"vertical-align: inherit\"><span dir=\"auto\" style=\"vertical-align: inherit\">Exemple de compra directa<\/span><\/span><\/a>\n<ul>\n<li style=\"text-align: justify\"><span dir=\"auto\" style=\"vertical-align: inherit\"><span dir=\"auto\" style=\"vertical-align: inherit\">Funcionament general per fer compres mitjan\u00e7ant l&#8217;APP.<\/span><\/span><\/li>\n<li style=\"text-align: justify\"><span dir=\"auto\" style=\"vertical-align: inherit\"><span dir=\"auto\" style=\"vertical-align: inherit\">Aquest pot variar depenent dels requisits propis de cada contracte.<\/span><\/span><\/li>\n<\/ul>\n<\/li>\n<\/ul>\n<p style=\"text-align: justify\"><span dir=\"auto\" style=\"vertical-align: inherit\"><span dir=\"auto\" style=\"vertical-align: inherit\"><iframe  style=\"display: block; margin: 0px auto;\"  id=\"_ytid_53481\"  width=\"480\" height=\"270\"  data-origwidth=\"480\" data-origheight=\"270\"  data-relstop=\"1\" src=\"https:\/\/www.youtube.com\/embed\/kJXdu10ej4w?enablejsapi=1&autoplay=0&cc_load_policy=1&iv_load_policy=1&loop=0&modestbranding=0&fs=1&playsinline=1&controls=1&color=red&cc_lang_pref=&rel=0&autohide=2&theme=dark&\" class=\"__youtube_prefs__  no-lazyload\" title=\"YouTube player\"  allow=\"accelerometer; autoplay; clipboard-write; encrypted-media; gyroscope; picture-in-picture\" allowfullscreen data-no-lazy=\"1\" data-skipgform_ajax_framebjll=\"\"><\/iframe><\/span><\/span><\/p>\n<p><\/p>","protected":false},"excerpt":{"rendered":"<p>Usuari en Carburs Met\u00e0l\u00b7lics<\/p>\n<p>A causa de les caracter\u00edstiques dels productes, \u00e9s imprescindible estar registrat com a usuari a l&#8217;empresa prove\u00efdora .<br \/>\nAbans de fer una comanda, cal contactar amb l&#8217;empresa per obtenir aquest n\u00famero d&#8217;usuari.<br \/>\nIndiqueu el n\u00famero d&#8217;usuari a les dades de facturaci\u00f3, a l&#8217;apartat \u201c A l&#8217;atenci\u00f3 de \u201d. Exemple:<\/p>\n<p>Preus<\/p>\n<p>Els preus indicats al&#8217; APP inclouen [&#8230;]<\/p>\n","protected":false},"author":1228,"featured_media":0,"parent":2703,"menu_order":2,"comment_status":"closed","ping_status":"closed","template":"","meta":{"_links_to":"","_links_to_target":""},"_links":{"self":[{"href":"https:\/\/satdi.umh.es\/ca\/wp-json\/wp\/v2\/pages\/7644"}],"collection":[{"href":"https:\/\/satdi.umh.es\/ca\/wp-json\/wp\/v2\/pages"}],"about":[{"href":"https:\/\/satdi.umh.es\/ca\/wp-json\/wp\/v2\/types\/page"}],"author":[{"embeddable":true,"href":"https:\/\/satdi.umh.es\/ca\/wp-json\/wp\/v2\/users\/1228"}],"replies":[{"embeddable":true,"href":"https:\/\/satdi.umh.es\/ca\/wp-json\/wp\/v2\/comments?post=7644"}],"version-history":[{"count":0,"href":"https:\/\/satdi.umh.es\/ca\/wp-json\/wp\/v2\/pages\/7644\/revisions"}],"up":[{"embeddable":true,"href":"https:\/\/satdi.umh.es\/ca\/wp-json\/wp\/v2\/pages\/2703"}],"wp:attachment":[{"href":"https:\/\/satdi.umh.es\/ca\/wp-json\/wp\/v2\/media?parent=7644"}],"curies":[{"name":"wp","href":"https:\/\/api.w.org\/{rel}","templated":true}]}}