{"id":7691,"date":"2024-06-10T11:49:42","date_gmt":"2024-06-10T09:49:42","guid":{"rendered":"https:\/\/satdi.umh.es\/?page_id=7691"},"modified":"2026-02-04T19:36:46","modified_gmt":"2026-02-04T18:36:46","slug":"formacion-presencial","status":"publish","type":"page","link":"https:\/\/satdi.umh.es\/ca\/utilidades\/formacion-presencial\/","title":{"rendered":"Formaci\u00f3 presencial"},"content":{"rendered":"<p><span dir=\"auto\" style=\"vertical-align: inherit\"><span dir=\"auto\" style=\"vertical-align: inherit\">Formaci\u00f3 presencial oferida per al Servei de Personal T\u00e8cnic, de Gesti\u00f3 i d&#8217;Administraci\u00f3 i Serveis (PTGAS) de la Universitat Miguel Hern\u00e1ndez d&#8217;Elx.<\/span><\/span><\/p>\n<ul>\n<li><strong><span dir=\"auto\" style=\"vertical-align: inherit\"><span dir=\"auto\" style=\"vertical-align: inherit\">CURS &#8220;MICROBIOLOGIA: T\u00c8CNIQUES B\u00c0SIQUES AL LABORATORI DE PARASITOLOGIA&#8221; (Juny 2024)<\/span><\/span><\/strong>\n<ul>\n<li><a href=\"https:\/\/satdi.umh.es\/ca\/2024\/06\/10\/curso-microbiologia-tecnicas-basicas-en-el-laboratorio-de-parasitologia\/\"><span dir=\"auto\" style=\"vertical-align: inherit\"><span dir=\"auto\" style=\"vertical-align: inherit\">Nota informativa del bloc\u00a0<\/span><\/span><\/a><\/li>\n<li><a href=\"https:\/\/satdi.umh.es\/files\/2024\/06\/Microbiologia_tecnicas-basicas-en-el-laboratorio-de-Parasitologia_FORMACION-PAS-2024.pdf\"><span dir=\"auto\" style=\"vertical-align: inherit\"><span dir=\"auto\" style=\"vertical-align: inherit\">Fitxa del curs (.pdf)<\/span><\/span><\/a><span dir=\"auto\" style=\"vertical-align: inherit\"><span dir=\"auto\" style=\"vertical-align: inherit\"> 190kb<\/span><\/span><\/li>\n<\/ul>\n<\/li>\n<\/ul>\n<ul>\n<li><strong><span dir=\"auto\" style=\"vertical-align: inherit\"><span dir=\"auto\" style=\"vertical-align: inherit\">CURS B\u00c0SIC DE BIOSEGURETAT A LABORATORIS (Juny 2025)<\/span><\/span><\/strong>\n<ul>\n<li><a href=\"https:\/\/satdi.umh.es\/ca\/2025\/06\/03\/curso-basico-de-bioseguridad-en-laboratorios-organizado-por-idibe-y-satdi\/\"><span dir=\"auto\" style=\"vertical-align: inherit\"><span dir=\"auto\" style=\"vertical-align: inherit\">Nota informativa del bloc\u00a0<\/span><\/span><\/a><\/li>\n<li><a href=\"https:\/\/mail-attachment.googleusercontent.com\/attachment\/u\/0\/?ui=2&amp;ik=05e46c01da&amp;attid=0.1&amp;permmsgid=msg-f:1832714845770659990&amp;th=196f1c712cbeb896&amp;view=att&amp;disp=inline&amp;realattid=f_maxmnbr90&amp;zw&amp;saddbat=ANGjdJ8y2jSe5mCjJq-NkBOpA9wFMeriVBrtyvfOGFl7QGP5dXDSQtS_piknk_R9siszxA0n3PJxq1KZjwSJ1Qjq9gz7VXIRqVqBcqVx_xz2Apgy_rW-pQLpDns0Zgw2Q98s6LyefVkCGbDbtmOXGI6dqAcEnOH9u-2WGdRaDOHn8nuE9wpGGxZ8LJWjhO9YkcQRwGIGSPDNodjBXMvKy4ZrhF0ZCqoLT2X5Zt2G3ymFCxnc97b97WvLYKaDPvuC8q93DtnAun0-YlXpwXtAk4CbP-LYHA_zLi6A05_5lakmwdPkiOGX0jMP2Ku_0HTRECVZuSx9oXGJHDW-uHkqQ9rod1FR8-ytUsJ6ZxyitdHLFBBKJGIFRT_fRknHRpE9j0phkrdI4qviExLbQKlW5bh2Ro9CdNYHAX3rCSHlLSz6KBi9GsvW9aMDgYwJCKHgu0s5B-CZwJg10-x28t4a9H75T9AGAeSef4yM8VG5jCAJtOEemRPwVr8eeNF445PlcXVeOln4TeDeg8JfK5_c2sVqSfwBMIwf3KSUj24WYJCTs_0-9KJdZ0b-EiNwQMHGIqv1d_Us3hDTp8jfKzlEYlMga0VsgvQh4iYiMI9f3ZTDGlQa_5-cdU4yH72nYHe1y3QJTaWb6tYLVNIy7Y07OO06afIgGTS5PXeDUD8Rday5TMBKR1a_FYtAeIK-8FDpZ--ILrb0qREOZQxDE-naU45NEEXfMnUm-YEXVUJCPoBzxQ7xFbOt34oJJtm442icTqVnri2WF2Kb1aDIBRMQemGWZxs6qbqmNK2eg9yFH1JMVtTKOVSJTKOtN05l7aHu33Iap_M_PeOYkAwCaUdEuOL383of9bfP1XaovGrrVjyJGtG7NVpPHbjZIuMqt1Gy0SQZTL5MjcjZoWvT8sWzHY-8kfWw35tOyCWU0OjCnQkLYTWtfdyMTeT3O3sXkEn19pZVKv_XuWlFr_-HRQkGt2uUUKd6fY_NvwdgtWaQbU4sn-1jbtUTr-HKX-wUrhYsbJzqq4o0VlIG_HiGPUwM\"><span dir=\"auto\" style=\"vertical-align: inherit\"><span dir=\"auto\" style=\"vertical-align: inherit\">Cartell del curs (.pdf)<\/span><\/span><\/a><span dir=\"auto\" style=\"vertical-align: inherit\"><span dir=\"auto\" style=\"vertical-align: inherit\"> 91kb<\/span><\/span><\/li>\n<\/ul>\n<\/li>\n<\/ul>\n<ul>\n<li><strong><span dir=\"auto\" style=\"vertical-align: inherit\"><span dir=\"auto\" style=\"vertical-align: inherit\">CURS &#8220;COMPRES A TRAV\u00c9S DE L&#8217;APLICACI\u00d3 DE COMANDES DE LA UMH&#8221; (Setembre 2025)<\/span><\/span><\/strong>\n<ul>\n<li><a href=\"https:\/\/universite.umh.es\/ediciones_fpo\/16327\/caca\/2025\"><span dir=\"auto\" style=\"vertical-align: inherit\"><span dir=\"auto\" style=\"vertical-align: inherit\">Fitxa del curs (Sant Joan)<\/span><\/span><\/a><\/li>\n<li><a href=\"https:\/\/universite.umh.es\/ediciones_fpo\/16725\/caca\/2025\"><span dir=\"auto\" style=\"vertical-align: inherit\"><span dir=\"auto\" style=\"vertical-align: inherit\">Fitxa del curs (Elx)<\/span><\/span><\/a><\/li>\n<\/ul>\n<\/li>\n<\/ul>\n<ul>\n<li><strong><span dir=\"auto\" style=\"vertical-align: inherit\"><span dir=\"auto\" style=\"vertical-align: inherit\">TALLER DE MANTENIMENT PREVENTIU D&#8217;EQUIPS DE LABORATORI (Gener i febrer 2026)<\/span><\/span><\/strong>\n<ul>\n<li><a href=\"https:\/\/satdi.umh.es\/files\/2025\/10\/Taller-de-mantenimiento-preventivo-de-equipos-de-laboratorio.pdf\" target=\"_blank\" rel=\"noopener\"><span dir=\"auto\" style=\"vertical-align: inherit\"><span dir=\"auto\" style=\"vertical-align: inherit\">Fitxa del curs (.pdf)<\/span><\/span><\/a><span dir=\"auto\" style=\"vertical-align: inherit\"><span dir=\"auto\" style=\"vertical-align: inherit\"> \u00a0213kb<\/span><\/span><\/li>\n<\/ul>\n<\/li>\n<\/ul>\n<ul>\n<li><strong><span dir=\"auto\" style=\"vertical-align: inherit\"><span dir=\"auto\" style=\"vertical-align: inherit\">CURS &#8220;ORGANISME MODIFICATS GEN\u00c8TICAMENT (OMGs)&#8221; (Juny 2026)<\/span><\/span><\/strong>\n<ul>\n<li><a href=\"https:\/\/satdi.umh.es\/files\/2026\/01\/Ficha-curso-OMGs-PTGAS-2026.pdf\" target=\"_blank\" rel=\"noopener\"><span dir=\"auto\" style=\"vertical-align: inherit\"><span dir=\"auto\" style=\"vertical-align: inherit\">Fitxa del curs (.pdf)<\/span><\/span><\/a><span dir=\"auto\" style=\"vertical-align: inherit\"><span dir=\"auto\" style=\"vertical-align: inherit\"> 257kb<\/span><\/span><\/li>\n<\/ul>\n<\/li>\n<\/ul>\n<ul>\n<li><strong><span dir=\"auto\" style=\"vertical-align: inherit\"><span dir=\"auto\" style=\"vertical-align: inherit\">TALLER DE MICROSC\u00d2PIA (Setembre 2026)<\/span><\/span><\/strong>\n<ul>\n<li><a href=\"https:\/\/satdi.umh.es\/files\/2026\/01\/FICHA-TALLER-MICROSCOPIA-2026.pdf\" target=\"_blank\" rel=\"noopener\"><span dir=\"auto\" style=\"vertical-align: inherit\"><span dir=\"auto\" style=\"vertical-align: inherit\">Fitxa del curs (.pdf)<\/span><\/span><\/a><span dir=\"auto\" style=\"vertical-align: inherit\"><span dir=\"auto\" style=\"vertical-align: inherit\"> 262kb<\/span><\/span><\/li>\n<\/ul>\n<\/li>\n<\/ul>\n<ul>\n<li><strong><span dir=\"auto\" style=\"vertical-align: inherit\"><span dir=\"auto\" style=\"vertical-align: inherit\">\u00a0CURS &#8220;CENTRIFUGACI\u00d3&#8221; (Setembre 2026)<\/span><\/span><\/strong>\n<ul>\n<li><a href=\"https:\/\/satdi.umh.es\/files\/2026\/01\/FICHA-2026-CENTRIFUGACION.pdf\" target=\"_blank\" rel=\"noopener\"><span dir=\"auto\" style=\"vertical-align: inherit\"><span dir=\"auto\" style=\"vertical-align: inherit\">Fitxa del curs (.pdf)<\/span><\/span><\/a><span dir=\"auto\" style=\"vertical-align: inherit\"><span dir=\"auto\" style=\"vertical-align: inherit\"> 188kb<\/span><\/span><\/li>\n<\/ul>\n<\/li>\n<\/ul>\n<p><\/p>","protected":false},"excerpt":{"rendered":"<p>Formaci\u00f3 presencial oferida per al Servei de Personal T\u00e8cnic, de Gesti\u00f3 i d&#8217;Administraci\u00f3 i Serveis (PTGAS) de la Universitat Miguel Hern\u00e1ndez d&#8217;Elx.<\/p>\n<p>CURS &#8220;MICROBIOLOGIA: T\u00c8CNIQUES B\u00c0SIQUES AL LABORATORI DE PARASITOLOGIA&#8221; (Juny 2024)<\/p>\n<p>Nota informativa del bloc\u00a0<br \/>\nFitxa del curs (.pdf) 190kb<\/p>\n<p>CURS B\u00c0SIC DE BIOSEGURETAT A LABORATORIS (Juny 2025)<\/p>\n<p>Nota informativa del bloc\u00a0<br \/>\nCartell del curs (.pdf) 91kb<\/p>\n<p>CURS &#8220;COMPRES A TRAV\u00c9S [&#8230;]<\/p>\n","protected":false},"author":3770,"featured_media":0,"parent":2702,"menu_order":6,"comment_status":"closed","ping_status":"closed","template":"","meta":{"_links_to":"","_links_to_target":""},"_links":{"self":[{"href":"https:\/\/satdi.umh.es\/ca\/wp-json\/wp\/v2\/pages\/7691"}],"collection":[{"href":"https:\/\/satdi.umh.es\/ca\/wp-json\/wp\/v2\/pages"}],"about":[{"href":"https:\/\/satdi.umh.es\/ca\/wp-json\/wp\/v2\/types\/page"}],"author":[{"embeddable":true,"href":"https:\/\/satdi.umh.es\/ca\/wp-json\/wp\/v2\/users\/3770"}],"replies":[{"embeddable":true,"href":"https:\/\/satdi.umh.es\/ca\/wp-json\/wp\/v2\/comments?post=7691"}],"version-history":[{"count":0,"href":"https:\/\/satdi.umh.es\/ca\/wp-json\/wp\/v2\/pages\/7691\/revisions"}],"up":[{"embeddable":true,"href":"https:\/\/satdi.umh.es\/ca\/wp-json\/wp\/v2\/pages\/2702"}],"wp:attachment":[{"href":"https:\/\/satdi.umh.es\/ca\/wp-json\/wp\/v2\/media?parent=7691"}],"curies":[{"name":"wp","href":"https:\/\/api.w.org\/{rel}","templated":true}]}}