{"id":8040,"date":"2024-07-08T12:09:18","date_gmt":"2024-07-08T10:09:18","guid":{"rendered":"https:\/\/satdi.umh.es\/?page_id=8040"},"modified":"2026-02-24T10:02:12","modified_gmt":"2026-02-24T09:02:12","slug":"instrucciones-adhesion-empresas","status":"publish","type":"page","link":"https:\/\/satdi.umh.es\/ca\/servicios-prestados\/compras\/reactivos-material-fungible-y-pequeno-equipamiento\/informacion-general\/instrucciones-adhesion-empresas\/","title":{"rendered":"Instruccions per a empreses que vulguin adherir-se a l&#8217;SDA"},"content":{"rendered":"<p><\/p>\n<p style=\"font-weight: 400\"><span dir=\"auto\" style=\"vertical-align: inherit\"><span dir=\"auto\" style=\"vertical-align: inherit\">En cas de tenir coneixement d&#8217;alguna empresa que mostri inter\u00e8s a sol\u00b7licitar adhesi\u00f3 a aquest sistema de subministrament de productes de laboratori i taller, s&#8217;ha de procedir de la manera seg\u00fcent:<\/span><\/span><\/p>\n<ul>\n<li style=\"font-weight: 400\"><span dir=\"auto\" style=\"vertical-align: inherit\"><span dir=\"auto\" style=\"vertical-align: inherit\">Dirigir-los al servei tramitador: <\/span><\/span><a href=\"https:\/\/seguimientocontratacion.umh.es\/ca\/\" target=\"_blank\" rel=\"noopener\"><span dir=\"auto\" style=\"vertical-align: inherit\"><span dir=\"auto\" style=\"vertical-align: inherit\">Servei de Planificaci\u00f3 i Racionalitzaci\u00f3 de la Contractaci\u00f3 (SPRC)<\/span><\/span><\/a><span dir=\"auto\" style=\"vertical-align: inherit\"><span dir=\"auto\" style=\"vertical-align: inherit\"> , perqu\u00e8 els informin.<\/span><\/span><\/li>\n<li style=\"font-weight: 400\"><span dir=\"auto\" style=\"vertical-align: inherit\"><span dir=\"auto\" style=\"vertical-align: inherit\">Facilitar-los l&#8217;enlla\u00e7 a l&#8217;expedient publicat en aquest <\/span><\/span><a href=\"https:\/\/contrataciondelestado.es\/wps\/poc?uri=deeplink%3Adetalle_licitacion&amp;idEvl=duBeFTxlZ99xseVhcqrkhw%3D%3D\" target=\"_blank\" rel=\"noopener\"><span dir=\"auto\" style=\"vertical-align: inherit\"><span dir=\"auto\" style=\"vertical-align: inherit\">enlla\u00e7 de la Plataforma de Contractaci\u00f3 del Sector P\u00fablic<\/span><\/span><\/a><span dir=\"auto\" style=\"vertical-align: inherit\"><span dir=\"auto\" style=\"vertical-align: inherit\"> .<\/span><\/span><\/li>\n<li style=\"font-weight: 400\"><span dir=\"auto\" style=\"vertical-align: inherit\"><span dir=\"auto\" style=\"vertical-align: inherit\">Remetre&#8217;ls <\/span><\/span><a href=\"https:\/\/contrataciondelestado.es\/wps\/wcm\/connect\/1761f5b1-6afd-469e-aecc-6848d06e644c\/DOC20240610150928instrucciones+nuevas+incorporaciones.pdf?MOD=AJPERES\" target=\"_blank\" rel=\"noopener\"><span dir=\"auto\" style=\"vertical-align: inherit\"><span dir=\"auto\" style=\"vertical-align: inherit\">aquest enlla\u00e7 al document amb les instruccions per sol\u00b7licitar l&#8217;adhesi\u00f3 (.pdf) <\/span><\/span><\/a> <strong><span dir=\"auto\" style=\"vertical-align: inherit\"><span dir=\"auto\" style=\"vertical-align: inherit\">1,4Mb<\/span><\/span><\/strong><span dir=\"auto\" style=\"vertical-align: inherit\"><span dir=\"auto\" style=\"vertical-align: inherit\"> ; publicat a la Plataforma de contractaci\u00f3 del Sector P\u00fablic.<\/span><\/span><\/li>\n<li><span dir=\"auto\" style=\"vertical-align: inherit\"><span dir=\"auto\" style=\"vertical-align: inherit\">En cas de qualsevol dubte sobre aix\u00f2, s&#8217;han de posar en contracte amb l&#8217;SPRC a trav\u00e9s dels mitjans seg\u00fcents:<\/span><\/span>\n<ul>\n<li><span dir=\"auto\" style=\"vertical-align: inherit\"><span dir=\"auto\" style=\"vertical-align: inherit\">Correu electr\u00f2nic: <\/span><\/span><a href=\"mailto:spscontratacion@umh.es\"><span dir=\"auto\" style=\"vertical-align: inherit\"><span dir=\"auto\" style=\"vertical-align: inherit\">spscontratacion@umh.es<\/span><\/span><\/a><\/li>\n<li><span dir=\"auto\" style=\"vertical-align: inherit\"><span dir=\"auto\" style=\"vertical-align: inherit\">Tel\u00e8fons: 96 522 2580 i 96 665 8883<\/span><\/span><\/li>\n<\/ul>\n<\/li>\n<\/ul>\n<p dir=\"ltr\"><a href=\"https:\/\/docs.google.com\/document\/d\/1XzvowMu5Y5rrjW2Hsr8TUwBdQ6PiNesVnCeLNwd7v_8\/edit\" target=\"_blank\" rel=\"noopener\"><span dir=\"auto\" style=\"vertical-align: inherit\"><span dir=\"auto\" style=\"vertical-align: inherit\">En aquest enlla\u00e7 (.docx) <\/span><\/span><\/a> <strong><span dir=\"auto\" style=\"vertical-align: inherit\"><span dir=\"auto\" style=\"vertical-align: inherit\">8Kb<\/span><\/span><\/strong><span dir=\"auto\" style=\"vertical-align: inherit\"><span dir=\"auto\" style=\"vertical-align: inherit\"> \u00a0teniu un model de correu email perqu\u00e8 pugueu ajustar-lo a les vostres necessitats.<\/span><\/span><\/p>\n<p><\/p>","protected":false},"excerpt":{"rendered":"<p>En cas de tenir coneixement d&#8217;alguna empresa que mostri inter\u00e8s a sol\u00b7licitar adhesi\u00f3 a aquest sistema de subministrament de productes de laboratori i taller, s&#8217;ha de procedir de la manera seg\u00fcent:<\/p>\n<p>Dirigir-los al servei tramitador: Servei de Planificaci\u00f3 i Racionalitzaci\u00f3 de la Contractaci\u00f3 (SPRC) , perqu\u00e8 els informin.<br \/>\nFacilitar-los l&#8217;enlla\u00e7 a l&#8217;expedient publicat en aquest enlla\u00e7 de [&#8230;]<\/p>\n","protected":false},"author":1228,"featured_media":0,"parent":3605,"menu_order":1,"comment_status":"closed","ping_status":"closed","template":"","meta":{"_links_to":"","_links_to_target":""},"_links":{"self":[{"href":"https:\/\/satdi.umh.es\/ca\/wp-json\/wp\/v2\/pages\/8040"}],"collection":[{"href":"https:\/\/satdi.umh.es\/ca\/wp-json\/wp\/v2\/pages"}],"about":[{"href":"https:\/\/satdi.umh.es\/ca\/wp-json\/wp\/v2\/types\/page"}],"author":[{"embeddable":true,"href":"https:\/\/satdi.umh.es\/ca\/wp-json\/wp\/v2\/users\/1228"}],"replies":[{"embeddable":true,"href":"https:\/\/satdi.umh.es\/ca\/wp-json\/wp\/v2\/comments?post=8040"}],"version-history":[{"count":0,"href":"https:\/\/satdi.umh.es\/ca\/wp-json\/wp\/v2\/pages\/8040\/revisions"}],"up":[{"embeddable":true,"href":"https:\/\/satdi.umh.es\/ca\/wp-json\/wp\/v2\/pages\/3605"}],"wp:attachment":[{"href":"https:\/\/satdi.umh.es\/ca\/wp-json\/wp\/v2\/media?parent=8040"}],"curies":[{"name":"wp","href":"https:\/\/api.w.org\/{rel}","templated":true}]}}