{"id":8190,"date":"2024-07-30T14:42:28","date_gmt":"2024-07-30T12:42:28","guid":{"rendered":"https:\/\/satdi.umh.es\/?page_id=8190"},"modified":"2026-02-19T20:35:04","modified_gmt":"2026-02-19T19:35:04","slug":"informacion-ambiental","status":"publish","type":"page","link":"https:\/\/satdi.umh.es\/ca\/informacion-ambiental\/","title":{"rendered":"Informaci\u00f3 ambiental"},"content":{"rendered":"<p><a href=\"https:\/\/satdi.umh.es\/files\/2024\/07\/Logo-Informacion-Medioambiental-UMH-copia.jpg\"><br \/>\n<img loading=\"lazy\" class=\"aligncenter wp-image-8175\" src=\"https:\/\/satdi.umh.es\/files\/2024\/07\/Logo-Informacion-Medioambiental-UMH-copia.jpg\" alt=\"\" width=\"298\" height=\"255\" srcset=\"https:\/\/satdi.umh.es\/files\/2024\/07\/Logo-Informacion-Medioambiental-UMH-copia.jpg 800w, https:\/\/satdi.umh.es\/files\/2024\/07\/Logo-Informacion-Medioambiental-UMH-copia-300x257.jpg 300w, https:\/\/satdi.umh.es\/files\/2024\/07\/Logo-Informacion-Medioambiental-UMH-copia-768x657.jpg 768w\" sizes=\"(max-width: 298px) 100vw, 298px\" \/><\/a><\/p>\n<p><span dir=\"auto\" style=\"vertical-align: inherit\"><span dir=\"auto\" style=\"vertical-align: inherit\">El <\/span><\/span><strong><span dir=\"auto\" style=\"vertical-align: inherit\"><span dir=\"auto\" style=\"vertical-align: inherit\">Servei de Suport T\u00e8cnic a la Doc\u00e8ncia i Investigaci\u00f3 (SATDI)<\/span><\/span><\/strong><span dir=\"auto\" style=\"vertical-align: inherit\"><span dir=\"auto\" style=\"vertical-align: inherit\"> es compromet fermament amb el futur sostenible i la preservaci\u00f3 del medi ambient, alineant-se amb les pol\u00edtiques mediambientals establertes per la UMH. Entenem que, com a part integral d&#8217;una instituci\u00f3 educativa, el nostre paper no rau nom\u00e9s en el suport a la doc\u00e8ncia i la recerca, sin\u00f3 tamb\u00e9 en la promoci\u00f3 d&#8217;un entorn responsable i sostenible que contribueixi a la formaci\u00f3 d&#8217;una comunitat universit\u00e0ria conscient dels desafiaments mediambientals actuals. Per aix\u00f2, el SATDI s&#8217;esfor\u00e7a per implementar pr\u00e0ctiques que redueixin l&#8217;impacte ambiental i fomentin una cultura de sostenibilitat en tots els \u00e0mbits d&#8217;actuaci\u00f3.<\/span><\/span><\/p>\n<p><span dir=\"auto\" style=\"vertical-align: inherit\"><span dir=\"auto\" style=\"vertical-align: inherit\">El nostre comprom\u00eds es reflecteix en l&#8217;adopci\u00f3 dels <\/span><\/span><a href=\"https:\/\/www.umhsostenible.com\/objetivos-ambientales\/\" target=\"_blank\" rel=\"noopener\"><strong><span dir=\"auto\" style=\"vertical-align: inherit\"><span dir=\"auto\" style=\"vertical-align: inherit\">objectius ambientals marcats per la UMH<\/span><\/span><\/strong><\/a><span dir=\"auto\" style=\"vertical-align: inherit\"><span dir=\"auto\" style=\"vertical-align: inherit\"> , que inclouen la reducci\u00f3 de la petjada de carboni, el consum responsable de recursos i la gesti\u00f3 eficient dels residus generats per les nostres activitats. Al SATDI, treballem activament per optimitzar l&#8217;\u00fas d&#8217;energia i aigua a les nostres instal\u00b7lacions, promovent l&#8217;\u00fas de tecnologies netes i pr\u00e0ctiques sostenibles que minimitzin el consum energ\u00e8tic. Aix\u00ed mateix, fomentem la reducci\u00f3, la reutilitzaci\u00f3 i el reciclatge de materials i residus, seguint un enfocament integral que abasta des de l&#8217;adquisici\u00f3 responsable de subministraments fins a la gesti\u00f3 de les deixalles generades per les nostres operacions di\u00e0ries.<\/span><\/span><\/p>\n<p><span dir=\"auto\" style=\"vertical-align: inherit\"><span dir=\"auto\" style=\"vertical-align: inherit\">Per assolir aquests objectius, el SATDI ha implementat una s\u00e8rie d&#8217;iniciatives que inclouen la formaci\u00f3 i la sensibilitzaci\u00f3 del personal i de tota la comunitat universit\u00e0ria sobre la import\u00e0ncia d&#8217;adoptar h\u00e0bits sostenibles. A trav\u00e9s de tallers, activitats, jornades i campanyes de conscienciaci\u00f3, busquem empoderar tots els membres de la UMH perqu\u00e8 adoptin pr\u00e0ctiques responsables al seu dia a dia. A m\u00e9s, col\u00b7laborem estretament amb altres serveis i departaments de la universitat com l&#8217; <\/span><\/span><strong><a href=\"https:\/\/oficinaambiental.umh.es\/\" target=\"_blank\" rel=\"noopener\"><span dir=\"auto\" style=\"vertical-align: inherit\"><span dir=\"auto\" style=\"vertical-align: inherit\">Oficina Ambiental UMH<\/span><\/span><\/a> <\/strong><span dir=\"auto\" style=\"vertical-align: inherit\"><span dir=\"auto\" style=\"vertical-align: inherit\"> per garantir que les nostres pol\u00edtiques ambientals siguin coherents i efectives, promovent un enfocament interdisciplinari i col\u00b7laboratiu cap a la sostenibilitat.<\/span><\/span><\/p>\n<p><span dir=\"auto\" style=\"vertical-align: inherit\"><span dir=\"auto\" style=\"vertical-align: inherit\">En definitiva, al SATDI creiem fermament que, a trav\u00e9s de l&#8217;esfor\u00e7 conjunt i l&#8217;adopci\u00f3 de pr\u00e0ctiques responsables, podem contribuir significativament al benestar del planeta i de les futures generacions. <\/span><\/span><strong><span dir=\"auto\" style=\"vertical-align: inherit\"><span dir=\"auto\" style=\"vertical-align: inherit\">El nostre objectiu \u00e9s continuar avan\u00e7ant en la implementaci\u00f3 de pol\u00edtiques sostenibles, amb la mirada sempre posada en el progr\u00e9s i el desenvolupament sostenible<\/span><\/span><\/strong><span dir=\"auto\" style=\"vertical-align: inherit\"><span dir=\"auto\" style=\"vertical-align: inherit\"> de la nostra comunitat universit\u00e0ria i de la societat en conjunt.<\/span><\/span><\/p>\n<p>&nbsp;<\/p>","protected":false},"excerpt":{"rendered":"<p>El Servei de Suport T\u00e8cnic a la Doc\u00e8ncia i Investigaci\u00f3 (SATDI) es compromet fermament amb el futur sostenible i la preservaci\u00f3 del medi ambient, alineant-se amb les pol\u00edtiques mediambientals establertes per la UMH. Entenem que, com a part integral d&#8217;una instituci\u00f3 educativa, el nostre paper no rau nom\u00e9s en el suport a la doc\u00e8ncia i [&#8230;]<\/p>\n","protected":false},"author":3770,"featured_media":0,"parent":0,"menu_order":3,"comment_status":"closed","ping_status":"closed","template":"","meta":{"_links_to":"","_links_to_target":""},"_links":{"self":[{"href":"https:\/\/satdi.umh.es\/ca\/wp-json\/wp\/v2\/pages\/8190"}],"collection":[{"href":"https:\/\/satdi.umh.es\/ca\/wp-json\/wp\/v2\/pages"}],"about":[{"href":"https:\/\/satdi.umh.es\/ca\/wp-json\/wp\/v2\/types\/page"}],"author":[{"embeddable":true,"href":"https:\/\/satdi.umh.es\/ca\/wp-json\/wp\/v2\/users\/3770"}],"replies":[{"embeddable":true,"href":"https:\/\/satdi.umh.es\/ca\/wp-json\/wp\/v2\/comments?post=8190"}],"version-history":[{"count":0,"href":"https:\/\/satdi.umh.es\/ca\/wp-json\/wp\/v2\/pages\/8190\/revisions"}],"wp:attachment":[{"href":"https:\/\/satdi.umh.es\/ca\/wp-json\/wp\/v2\/media?parent=8190"}],"curies":[{"name":"wp","href":"https:\/\/api.w.org\/{rel}","templated":true}]}}